{"id":471,"date":"2017-02-17T10:28:33","date_gmt":"2017-02-17T09:28:33","guid":{"rendered":"http:\/\/agora.xtec.cat\/insmontsia\/?page_id=471"},"modified":"2026-04-29T19:05:12","modified_gmt":"2026-04-29T17:05:12","slug":"preinscripcio-i-matricula","status":"publish","type":"page","link":"https:\/\/agora.xtec.cat\/insmontsia\/secretaria\/preinscripcio-i-matricula\/","title":{"rendered":"Preinscripci\u00f3 i matr\u00edcula"},"content":{"rendered":"<div style=\"width: 100%;\">\n<div style=\"position: relative; padding-bottom: 56.25%; padding-top: 0; height: 0;\"><iframe loading=\"lazy\" style=\"position: absolute; top: 0; left: 0; width: 100%; height: 100%;\" title=\"Preinscripci\u00f3 i matr\u00edcula 2026-2027\" src=\"https:\/\/view.genially.com\/67ee438229c9cf7f495fa0d1\" width=\"1200\" height=\"675\" frameborder=\"0\" scrolling=\"yes\" allowfullscreen=\"allowfullscreen\"><span style=\"display: inline-block; width: 0px; overflow: hidden; line-height: 0;\" data-mce-type=\"bookmark\" class=\"mce_SELRES_start\">\ufeff<\/span><span style=\"display: inline-block; width: 0px; overflow: hidden; line-height: 0;\" data-mce-type=\"bookmark\" class=\"mce_SELRES_start\">\ufeff<\/span><\/iframe><\/div>\n<\/div>\n<p>&nbsp;<\/p>\n<p>&nbsp;<\/p>\n<ul>\n<li><a href=\"https:\/\/preinscripcio.gencat.cat\/ca\/inici\" target=\"_blank\" rel=\"noopener\">https:\/\/preinscripcio.gencat.cat\/ca\/inici\u00a0<\/a><\/li>\n<li><a href=\"https:\/\/agora.xtec.cat\/insmontsia\/secretaria\/preinscripcio-i-matricula\/preinscripcio-cicles-formatius-de-grau-mitja\/\" target=\"_blank\" rel=\"noopener\">Preinscripci\u00f3 i matr\u00edcula als Cicles Formatius de Grau Mitj\u00e0<\/a><\/li>\n<li><a href=\"https:\/\/agora.xtec.cat\/insmontsia\/secretaria\/preinscripcio-i-matricula\/preinscripcio-programes-de-formacio-i-insercio\/\" target=\"_blank\" rel=\"noopener\">Preinscripci\u00f3 i matr\u00edcula als Programes de Formaci\u00f3 i Inserci\u00f3<\/a><\/li>\n<li><a href=\"https:\/\/agora.xtec.cat\/insmontsia\/secretaria\/preinscripcio-i-matricula\/preinscripcio-itineraris-formatius-especifics\/\" target=\"_blank\" rel=\"noopener\">Preinscripci\u00f3 i matr\u00edcula als Itineraris Formatius Espec\u00edfics<\/a><\/li>\n<li><a href=\"https:\/\/agora.xtec.cat\/insmontsia\/secretaria\/preinscripcio-i-matricula\/preinscripcio-cicles-formatius-de-grau-superior\/\" target=\"_blank\" rel=\"noopener\">Preinscripci\u00f3 i matr\u00edcula als Cicles formatius de Grau Superior<\/a><\/li>\n<li><a href=\"https:\/\/agora.xtec.cat\/insmontsia\/secretaria\/preinscripcio-i-matricula\/preinscripcio-cursos-despecialitzacio\/\" target=\"_blank\" rel=\"noopener\">Preinscripci\u00f3 i matr\u00edcula als Cursos d&#8217;Especialitzaci\u00f3<\/a><\/li>\n<li><a href=\"https:\/\/agora.xtec.cat\/insmontsia\/secretaria\/preinscripcio-i-matricula\/documentacio-que-cal-aportar-al-moment-de-matricular-se\/\" target=\"_blank\" rel=\"noopener\">Documentaci\u00f3 que cal aportar al moment de matricular-se<\/a><\/li>\n<\/ul>\n<p>&nbsp;<\/p>\n<div class=\"ast-oembed-container \" style=\"height: 100%;\"><iframe loading=\"lazy\" title=\"preinscripci\u00f3 curs 21-22\" width=\"500\" height=\"281\" src=\"https:\/\/www.youtube.com\/embed\/1DYvpdAoFd0?feature=oembed\" frameborder=\"0\" allow=\"accelerometer; autoplay; clipboard-write; encrypted-media; gyroscope; picture-in-picture; web-share\" referrerpolicy=\"strict-origin-when-cross-origin\" allowfullscreen><\/iframe><\/div>\n","protected":false},"excerpt":{"rendered":"<p>\ufeff\ufeff &nbsp; &nbsp; https:\/\/preinscripcio.gencat.cat\/ca\/inici\u00a0 Preinscripci\u00f3 i matr\u00edcula als Cicles Formatius de Grau Mitj\u00e0 Preinscripci\u00f3 i matr\u00edcula als Programes de Formaci\u00f3 i Inserci\u00f3 Preinscripci\u00f3 i matr\u00edcula als Itineraris Formatius Espec\u00edfics Preinscripci\u00f3 i matr\u00edcula als Cicles formatius de Grau Superior Preinscripci\u00f3 i matr\u00edcula als Cursos d&#8217;Especialitzaci\u00f3 Documentaci\u00f3 que cal aportar al moment de matricular-se &nbsp;<\/p>\n","protected":false},"author":1,"featured_media":0,"parent":81,"menu_order":0,"comment_status":"closed","ping_status":"closed","template":"","meta":{"_bbp_topic_count":0,"_bbp_reply_count":0,"_bbp_total_topic_count":0,"_bbp_total_reply_count":0,"_bbp_voice_count":0,"_bbp_anonymous_reply_count":0,"_bbp_topic_count_hidden":0,"_bbp_reply_count_hidden":0,"_bbp_forum_subforum_count":0,"site-sidebar-layout":"default","site-content-layout":"","ast-site-content-layout":"default","site-content-style":"default","site-sidebar-style":"default","ast-global-header-display":"","ast-banner-title-visibility":"","ast-main-header-display":"","ast-hfb-above-header-display":"","ast-hfb-below-header-display":"","ast-hfb-mobile-header-display":"","site-post-title":"","ast-breadcrumbs-content":"","ast-featured-img":"","footer-sml-layout":"","theme-transparent-header-meta":"default","adv-header-id-meta":"","stick-header-meta":"","header-above-stick-meta":"","header-main-stick-meta":"","header-below-stick-meta":"","astra-migrate-meta-layouts":"set","ast-page-background-enabled":"default","ast-page-background-meta":{"desktop":{"background-color":"var(--ast-global-color-4)","background-image":"","background-repeat":"repeat","background-position":"center center","background-size":"auto","background-attachment":"scroll","background-type":"","background-media":"","overlay-type":"","overlay-color":"","overlay-opacity":"","overlay-gradient":""},"tablet":{"background-color":"","background-image":"","background-repeat":"repeat","background-position":"center center","background-size":"auto","background-attachment":"scroll","background-type":"","background-media":"","overlay-type":"","overlay-color":"","overlay-opacity":"","overlay-gradient":""},"mobile":{"background-color":"","background-image":"","background-repeat":"repeat","background-position":"center center","background-size":"auto","background-attachment":"scroll","background-type":"","background-media":"","overlay-type":"","overlay-color":"","overlay-opacity":"","overlay-gradient":""}},"ast-content-background-meta":{"desktop":{"background-color":"var(--ast-global-color-5)","background-image":"","background-repeat":"repeat","background-position":"center center","background-size":"auto","background-attachment":"scroll","background-type":"","background-media":"","overlay-type":"","overlay-color":"","overlay-opacity":"","overlay-gradient":""},"tablet":{"background-color":"var(--ast-global-color-5)","background-image":"","background-repeat":"repeat","background-position":"center center","background-size":"auto","background-attachment":"scroll","background-type":"","background-media":"","overlay-type":"","overlay-color":"","overlay-opacity":"","overlay-gradient":""},"mobile":{"background-color":"var(--ast-global-color-5)","background-image":"","background-repeat":"repeat","background-position":"center center","background-size":"auto","background-attachment":"scroll","background-type":"","background-media":"","overlay-type":"","overlay-color":"","overlay-opacity":"","overlay-gradient":""}},"footnotes":""},"class_list":["post-471","page","type-page","status-publish","hentry"],"post_mailing_queue_ids":[],"_links":{"self":[{"href":"https:\/\/agora.xtec.cat\/insmontsia\/wp-json\/wp\/v2\/pages\/471","targetHints":{"allow":["GET"]}}],"collection":[{"href":"https:\/\/agora.xtec.cat\/insmontsia\/wp-json\/wp\/v2\/pages"}],"about":[{"href":"https:\/\/agora.xtec.cat\/insmontsia\/wp-json\/wp\/v2\/types\/page"}],"author":[{"embeddable":true,"href":"https:\/\/agora.xtec.cat\/insmontsia\/wp-json\/wp\/v2\/users\/1"}],"replies":[{"embeddable":true,"href":"https:\/\/agora.xtec.cat\/insmontsia\/wp-json\/wp\/v2\/comments?post=471"}],"version-history":[{"count":6,"href":"https:\/\/agora.xtec.cat\/insmontsia\/wp-json\/wp\/v2\/pages\/471\/revisions"}],"predecessor-version":[{"id":17802,"href":"https:\/\/agora.xtec.cat\/insmontsia\/wp-json\/wp\/v2\/pages\/471\/revisions\/17802"}],"up":[{"embeddable":true,"href":"https:\/\/agora.xtec.cat\/insmontsia\/wp-json\/wp\/v2\/pages\/81"}],"wp:attachment":[{"href":"https:\/\/agora.xtec.cat\/insmontsia\/wp-json\/wp\/v2\/media?parent=471"}],"curies":[{"name":"wp","href":"https:\/\/api.w.org\/{rel}","templated":true}]}}