{"id":464,"date":"2017-02-17T09:35:28","date_gmt":"2017-02-17T08:35:28","guid":{"rendered":"http:\/\/agora.xtec.cat\/insmontsia\/?page_id=464"},"modified":"2017-06-12T09:44:59","modified_gmt":"2017-06-12T07:44:59","slug":"cfgs","status":"publish","type":"page","link":"https:\/\/agora.xtec.cat\/insmontsia\/estudis\/cfgs\/","title":{"rendered":"CFGS"},"content":{"rendered":"<p>Els cicles de grau superior que es poden cursar a l\u2019Institut Montsi\u00e0 s\u00f3n:<\/p>\n<ul>\n<li><a href=\"http:\/\/agora.xtec.cat\/insmontsia\/cfgs\/administracio-i-finances\/\">CFGS Administraci\u00f3 i Finances<\/a><\/li>\n<li><a href=\"http:\/\/agora.xtec.cat\/insmontsia\/cfgs\/guia-informacio-i-assistencia-turistiques\/\">CFGS Guia Informaci\u00f3 i Assist\u00e8ncia Tur\u00edstiques<\/a><\/li>\n<li><a href=\"http:\/\/agora.xtec.cat\/insmontsia\/estudis\/cfgs\/gestio-dallotjaments-turistics\/\">CFGS Gesti\u00f3 d&#8217;allotjaments tur\u00edstics<\/a><\/li>\n<li><a href=\"http:\/\/agora.xtec.cat\/insmontsia\/cfgs\/gestio-de-vendes-i-espais-comercials\/\">CFGS Gesti\u00f3 de vendes i Espais comercials<\/a><\/li>\n<li><a href=\"http:\/\/agora.xtec.cat\/insmontsia\/cfgs\/administracio-de-sistemes-informatics-en-xarxa\/\">CFGS Administraci\u00f3 de Sistemes Inform\u00e0tics en Xarxa<\/a><\/li>\n<li><a href=\"http:\/\/agora.xtec.cat\/insmontsia\/cfgs\/desenvolupament-daplicacions-web\/\">CFGS Desenvolupament d\u2019Aplicacions Web<\/a><\/li>\n<li><a href=\"http:\/\/agora.xtec.cat\/insmontsia\/cfgs\/mecatronica-industrial\/\">CFGS Mecatr\u00f2nica Industrial<\/a><\/li>\n<li><a href=\"http:\/\/agora.xtec.cat\/insmontsia\/cfgs\/educacio-infantil\/\">CFGS Educaci\u00f3 Infantil<\/a><\/li>\n<li><a href=\"http:\/\/agora.xtec.cat\/insmontsia\/cfgs\/automocio\/\">CFGS Automoci\u00f3<\/a><\/li>\n<\/ul>\n","protected":false},"excerpt":{"rendered":"<p>Els cicles de grau superior que es poden cursar a l\u2019Institut Montsi\u00e0 s\u00f3n: CFGS Administraci\u00f3 i Finances CFGS Guia Informaci\u00f3 i Assist\u00e8ncia Tur\u00edstiques CFGS Gesti\u00f3 d&#8217;allotjaments tur\u00edstics CFGS Gesti\u00f3 de vendes i Espais comercials CFGS Administraci\u00f3 de Sistemes Inform\u00e0tics en Xarxa CFGS Desenvolupament d\u2019Aplicacions Web CFGS Mecatr\u00f2nica Industrial CFGS Educaci\u00f3 Infantil CFGS Automoci\u00f3<\/p>\n","protected":false},"author":1,"featured_media":0,"parent":195,"menu_order":0,"comment_status":"closed","ping_status":"closed","template":"","meta":{"_bbp_topic_count":0,"_bbp_reply_count":0,"_bbp_total_topic_count":0,"_bbp_total_reply_count":0,"_bbp_voice_count":0,"_bbp_anonymous_reply_count":0,"_bbp_topic_count_hidden":0,"_bbp_reply_count_hidden":0,"_bbp_forum_subforum_count":0,"site-sidebar-layout":"default","site-content-layout":"","ast-site-content-layout":"","site-content-style":"default","site-sidebar-style":"default","ast-global-header-display":"","ast-banner-title-visibility":"","ast-main-header-display":"","ast-hfb-above-header-display":"","ast-hfb-below-header-display":"","ast-hfb-mobile-header-display":"","site-post-title":"","ast-breadcrumbs-content":"","ast-featured-img":"","footer-sml-layout":"","theme-transparent-header-meta":"","adv-header-id-meta":"","stick-header-meta":"","header-above-stick-meta":"","header-main-stick-meta":"","header-below-stick-meta":"","astra-migrate-meta-layouts":"default","ast-page-background-enabled":"default","ast-page-background-meta":{"desktop":{"background-color":"var(--ast-global-color-4)","background-image":"","background-repeat":"repeat","background-position":"center center","background-size":"auto","background-attachment":"scroll","background-type":"","background-media":"","overlay-type":"","overlay-color":"","overlay-opacity":"","overlay-gradient":""},"tablet":{"background-color":"","background-image":"","background-repeat":"repeat","background-position":"center center","background-size":"auto","background-attachment":"scroll","background-type":"","background-media":"","overlay-type":"","overlay-color":"","overlay-opacity":"","overlay-gradient":""},"mobile":{"background-color":"","background-image":"","background-repeat":"repeat","background-position":"center center","background-size":"auto","background-attachment":"scroll","background-type":"","background-media":"","overlay-type":"","overlay-color":"","overlay-opacity":"","overlay-gradient":""}},"ast-content-background-meta":{"desktop":{"background-color":"var(--ast-global-color-5)","background-image":"","background-repeat":"repeat","background-position":"center center","background-size":"auto","background-attachment":"scroll","background-type":"","background-media":"","overlay-type":"","overlay-color":"","overlay-opacity":"","overlay-gradient":""},"tablet":{"background-color":"var(--ast-global-color-5)","background-image":"","background-repeat":"repeat","background-position":"center center","background-size":"auto","background-attachment":"scroll","background-type":"","background-media":"","overlay-type":"","overlay-color":"","overlay-opacity":"","overlay-gradient":""},"mobile":{"background-color":"var(--ast-global-color-5)","background-image":"","background-repeat":"repeat","background-position":"center center","background-size":"auto","background-attachment":"scroll","background-type":"","background-media":"","overlay-type":"","overlay-color":"","overlay-opacity":"","overlay-gradient":""}},"footnotes":""},"class_list":["post-464","page","type-page","status-publish","hentry"],"post_mailing_queue_ids":[],"_links":{"self":[{"href":"https:\/\/agora.xtec.cat\/insmontsia\/wp-json\/wp\/v2\/pages\/464","targetHints":{"allow":["GET"]}}],"collection":[{"href":"https:\/\/agora.xtec.cat\/insmontsia\/wp-json\/wp\/v2\/pages"}],"about":[{"href":"https:\/\/agora.xtec.cat\/insmontsia\/wp-json\/wp\/v2\/types\/page"}],"author":[{"embeddable":true,"href":"https:\/\/agora.xtec.cat\/insmontsia\/wp-json\/wp\/v2\/users\/1"}],"replies":[{"embeddable":true,"href":"https:\/\/agora.xtec.cat\/insmontsia\/wp-json\/wp\/v2\/comments?post=464"}],"version-history":[{"count":3,"href":"https:\/\/agora.xtec.cat\/insmontsia\/wp-json\/wp\/v2\/pages\/464\/revisions"}],"predecessor-version":[{"id":920,"href":"https:\/\/agora.xtec.cat\/insmontsia\/wp-json\/wp\/v2\/pages\/464\/revisions\/920"}],"up":[{"embeddable":true,"href":"https:\/\/agora.xtec.cat\/insmontsia\/wp-json\/wp\/v2\/pages\/195"}],"wp:attachment":[{"href":"https:\/\/agora.xtec.cat\/insmontsia\/wp-json\/wp\/v2\/media?parent=464"}],"curies":[{"name":"wp","href":"https:\/\/api.w.org\/{rel}","templated":true}]}}