{"id":27,"date":"2014-09-17T16:24:03","date_gmt":"2014-09-17T16:24:03","guid":{"rendered":"http:\/\/agora.xtec.cat\/insmontsia\/?page_id=27"},"modified":"2019-11-11T16:54:33","modified_gmt":"2019-11-11T15:54:33","slug":"historia","status":"publish","type":"page","link":"https:\/\/agora.xtec.cat\/insmontsia\/linstitut\/historia\/","title":{"rendered":"Hist\u00f2ria"},"content":{"rendered":"<p style=\"text-align: justify;\">L\u2019Institut Montsi\u00e0 \u00e9s un centre p\u00fablic d\u2019Ensenyaments Professionals depenent del Departament d\u2019Ensenyament on des del curs 2012-2013 s\u2019imparteixen \u00fanicament ensenyaments oficials de Formaci\u00f3 Professional Espec\u00edfica de GM, GS, PQPI (PTT i FIAP) i IFE.<\/p>\n<p style=\"text-align: justify;\">Com a centre col\u00b7laborador de l\u2019\u00c0rea de Pol\u00edtiques Actives de l\u2019Ajuntament d\u2019Amposta impartim tamb\u00e9 formaci\u00f3 no reglada: cursos ocupacionals.<\/p>\n<p style=\"text-align: justify;\">L\u2019Institut obt\u00e9 la CERTIFICACI\u00d3 ISO 9001 al juny de 2004 (empresa ECA) i el reconeixement de l\u2019Excel\u00b7l\u00e8ncia per l\u2019entitat certificadora e2Cat en el curs 2012-2013 (avaluats al juliol de 2012). Tenim la certificaci\u00f3 acreditativa d\u2019Escola Verda des de juny de 2006, disposem de servei d\u2019Assessorament i Reconeixement d\u2019aprenentatges i el curs 13\/14 vam comen\u00e7ar a impartir cicles amb ensenyament DUAL.<\/p>\n<p style=\"text-align: justify;\">L\u2019Institut Montsi\u00e0 com a organitzaci\u00f3 qualificada d\u2019excel\u00b7l\u00e8ncia es reconeix no nom\u00e9s pels seus resultats d\u2019ensenyament, sin\u00f3 tamb\u00e9 per la satisfacci\u00f3 dels seus client i del seu personal, pel fet de gaudir d\u2019una bona imatge i pel de tenir un impacte positiu en la comunitat en la qual desenvolupa les seves activitats.<\/p>\n<p>&nbsp;<\/p>\n","protected":false},"excerpt":{"rendered":"<p>L\u2019Institut Montsi\u00e0 \u00e9s un centre p\u00fablic d\u2019Ensenyaments Professionals depenent del Departament d\u2019Ensenyament on des del curs 2012-2013 s\u2019imparteixen \u00fanicament ensenyaments oficials de Formaci\u00f3 Professional Espec\u00edfica de GM, GS, PQPI (PTT i FIAP) i IFE.<br \/>\nCom a centre col\u00b7laborador de l\u2019\u00c0rea de Pol\u00edtiques Actives de l\u2019Ajuntament d\u2019Amposta&hellip;  <a href=\"https:\/\/agora.xtec.cat\/insmontsia\/linstitut\/historia\/\" title=\"Read Hist\u00f2ria\">Llegeix m\u00e9s\u00bb<\/a><\/p>\n","protected":false},"author":1,"featured_media":0,"parent":19,"menu_order":20,"comment_status":"closed","ping_status":"closed","template":"page-templates\/side-menu.php","meta":{"_bbp_topic_count":0,"_bbp_reply_count":0,"_bbp_total_topic_count":0,"_bbp_total_reply_count":0,"_bbp_voice_count":0,"_bbp_anonymous_reply_count":0,"_bbp_topic_count_hidden":0,"_bbp_reply_count_hidden":0,"_bbp_forum_subforum_count":0,"footnotes":""},"class_list":["post-27","page","type-page","status-publish","hentry"],"post_mailing_queue_ids":[],"_links":{"self":[{"href":"https:\/\/agora.xtec.cat\/insmontsia\/wp-json\/wp\/v2\/pages\/27","targetHints":{"allow":["GET"]}}],"collection":[{"href":"https:\/\/agora.xtec.cat\/insmontsia\/wp-json\/wp\/v2\/pages"}],"about":[{"href":"https:\/\/agora.xtec.cat\/insmontsia\/wp-json\/wp\/v2\/types\/page"}],"author":[{"embeddable":true,"href":"https:\/\/agora.xtec.cat\/insmontsia\/wp-json\/wp\/v2\/users\/1"}],"replies":[{"embeddable":true,"href":"https:\/\/agora.xtec.cat\/insmontsia\/wp-json\/wp\/v2\/comments?post=27"}],"version-history":[{"count":3,"href":"https:\/\/agora.xtec.cat\/insmontsia\/wp-json\/wp\/v2\/pages\/27\/revisions"}],"predecessor-version":[{"id":3559,"href":"https:\/\/agora.xtec.cat\/insmontsia\/wp-json\/wp\/v2\/pages\/27\/revisions\/3559"}],"up":[{"embeddable":true,"href":"https:\/\/agora.xtec.cat\/insmontsia\/wp-json\/wp\/v2\/pages\/19"}],"wp:attachment":[{"href":"https:\/\/agora.xtec.cat\/insmontsia\/wp-json\/wp\/v2\/media?parent=27"}],"curies":[{"name":"wp","href":"https:\/\/api.w.org\/{rel}","templated":true}]}}