{"id":195,"date":"2014-09-22T10:39:39","date_gmt":"2014-09-22T10:39:39","guid":{"rendered":"http:\/\/agora.xtec.cat\/insmontsia\/?page_id=195"},"modified":"2025-12-29T13:13:04","modified_gmt":"2025-12-29T12:13:04","slug":"estudis","status":"publish","type":"page","link":"https:\/\/agora.xtec.cat\/insmontsia\/estudis\/","title":{"rendered":"Estudis"},"content":{"rendered":"<p>&nbsp;<\/p>\n<p>A l&#8217;<a href=\"https:\/\/agora.xtec.cat\/insmontsia\/\"><strong>Institut Montsi\u00e0<\/strong><\/a> trobareu una \u00e0mplia oferta d&#8217;estudis postobligatoris, cicles de grau mitj\u00e0 i superior, programes de formaci\u00f3 i inserci\u00f3 i itineraris formatius espec\u00edfics, que us mostrem organitzats per fam\u00edlies professionals per a que pugueu planificar el vostre itinerari acad\u00e8mic.<\/p>\n<p>&nbsp;<\/p>\n<ul>\n<li>\n<h5><a href=\"https:\/\/agora.xtec.cat\/insmontsia\/categoria\/depts\/adm\/\">Fam\u00edlia Administraci\u00f3 i gesti\u00f3:<\/a><\/h5>\n<ul>\n<li><a href=\"https:\/\/agora.xtec.cat\/insmontsia\/categoria\/estudis\/cicles-formatius\/cfgm\/ga\/\">Gesti\u00f3 administrativa<\/a><\/li>\n<li><a href=\"https:\/\/agora.xtec.cat\/insmontsia\/categoria\/estudis\/cicles-formatius\/cfgm\/gaaj\/\">Gesti\u00f3 administrativa (\u00e0mbit jur\u00eddic)<\/a><\/li>\n<li><a href=\"https:\/\/agora.xtec.cat\/insmontsia\/categoria\/estudis\/cicles-formatius\/cfgs\/af\/\">Administraci\u00f3 i finances<\/a><\/li>\n<\/ul>\n<\/li>\n<\/ul>\n<p>&nbsp;<\/p>\n<ul>\n<li>\n<h5><a href=\"https:\/\/agora.xtec.cat\/insmontsia\/categoria\/depts\/com-depts\/\">Fam\u00edlia Comer\u00e7 i m\u00e0rqueting:<\/a><\/h5>\n<ul>\n<li><a href=\"https:\/\/agora.xtec.cat\/insmontsia\/categoria\/estudis\/cicles-formatius\/cfgm\/ac\/\">Activitats comercials<\/a><\/li>\n<li><a href=\"https:\/\/agora.xtec.cat\/insmontsia\/categoria\/estudis\/cicles-formatius\/cfgs\/com\/\">CFGS M\u00c0RQUETING i VENDES (CFGS Gesti\u00f3 de vendes i espais comercials)<\/a><\/li>\n<\/ul>\n<\/li>\n<\/ul>\n<p>&nbsp;<\/p>\n<ul>\n<li>\n<h5><a href=\"https:\/\/agora.xtec.cat\/insmontsia\/categoria\/depts\/elec\/\">Fam\u00edlia Electricitat i electr\u00f2nica:<\/a><\/h5>\n<ul>\n<li><a href=\"https:\/\/agora.xtec.cat\/insmontsia\/categoria\/estudis\/cicles-formatius\/cfgm\/iea\/\">Instal\u00b7lacions el\u00e8ctriques i autom\u00e0tiques<\/a><\/li>\n<li><a href=\"https:\/\/agora.xtec.cat\/insmontsia\/wp-content\/uploads\/usu12\/2024\/05\/ESPECIALITZACIO-ROBOTICA_compressed.pdf\">Curs d&#8217;especiallitzaci\u00f3: Rob\u00f2tica col\u00b7laborativa<\/a><\/li>\n<li><a href=\"https:\/\/agora.xtec.cat\/insmontsia\/wp-content\/uploads\/usu12\/2024\/04\/TECNIC-SUPERIOR-EN-SISTEMES-ELECTROTECNICS-I-AUTOMATITZATS_compressed.pdf\">Sistemes Electrot\u00e8cnics i Automatitzats<\/a><\/li>\n<\/ul>\n<\/li>\n<\/ul>\n<p>&nbsp;<\/p>\n<ul>\n<li>\n<h5><a href=\"https:\/\/agora.xtec.cat\/insmontsia\/categoria\/depts\/tur\/\">Fam\u00edlia Hoteleria i turisme:<\/a><\/h5>\n<ul>\n<li><a href=\"https:\/\/agora.xtec.cat\/insmontsia\/categoria\/estudis\/cicles-formatius\/cfgs\/giat\/\">Guia, informaci\u00f3 i assist\u00e8ncies tur\u00edstiques<\/a><\/li>\n<li><a href=\"https:\/\/agora.xtec.cat\/insmontsia\/categoria\/estudis\/cicles-formatius\/cfgs\/gat\/\">Gesti\u00f3 d&#8217;allotjaments tur\u00edstics<\/a><\/li>\n<\/ul>\n<\/li>\n<\/ul>\n<p>&nbsp;<\/p>\n<ul>\n<li>\n<h5><a href=\"https:\/\/agora.xtec.cat\/insmontsia\/categoria\/depts\/imatgeiso\/\">Fam\u00edlia Imatge i so:<\/a><\/h5>\n<ul>\n<li><a href=\"https:\/\/agora.xtec.cat\/insmontsia\/categoria\/estudis\/cicles-formatius\/cfgs\/anim3d\/\">Animacions 3D, jocs i entorns interactius<\/a><\/li>\n<\/ul>\n<\/li>\n<\/ul>\n<p>&nbsp;<\/p>\n<ul>\n<li>\n<h5><a href=\"https:\/\/agora.xtec.cat\/insmontsia\/categoria\/depts\/indaliment\/\">Fam\u00edlia Ind\u00fastries aliment\u00e0ries:<\/a><\/h5>\n<ul>\n<li><a href=\"https:\/\/agora.xtec.cat\/insmontsia\/categoria\/estudis\/cicles-formatius\/cfgs\/cfgsalimentacio\/\">Processos i qualitat en la ind\u00fastria aliment\u00e0ria<\/a><\/li>\n<li><a href=\"https:\/\/agora.xtec.cat\/insmontsia\/wp-content\/uploads\/usu12\/2024\/04\/TECNIC-EN-ELABORACIO-DE-PRODUCTES-ALIMENTARIS_compressed.pdf\">Elaboraci\u00f3 de productes alimentaris<\/a><\/li>\n<\/ul>\n<\/li>\n<\/ul>\n<p>&nbsp;<\/p>\n<ul>\n<li>\n<h5><a href=\"https:\/\/agora.xtec.cat\/insmontsia\/categoria\/depts\/inf\/\">Fam\u00edlia Inform\u00e0tica i comunicacions:<\/a><\/h5>\n<ul>\n<li><a href=\"https:\/\/agora.xtec.cat\/insmontsia\/categoria\/estudis\/cicles-formatius\/cfgm\/smx\/\">Sistemes microinform\u00e0tics i xarxes<\/a><\/li>\n<li><a href=\"https:\/\/agora.xtec.cat\/insmontsia\/categoria\/cicles-formatius\/cfgs\/asix\/\">Administraci\u00f3 de sistemes inform\u00e0tics en xarxa<\/a><\/li>\n<li><a href=\"https:\/\/agora.xtec.cat\/insmontsia\/categoria\/cicles-formatius\/cfgs\/daw\/\">Desenvolupament d\u2019aplicacions web<\/a><\/li>\n<li><a href=\"https:\/\/agora.xtec.cat\/insmontsia\/categoria\/cicles-formatius\/cfgs\/ciber\/\">Curs d&#8217;especiallitzaci\u00f3: Ciberseguretat en entorns de les tecnologies de la informaci\u00f3<\/a><\/li>\n<\/ul>\n<\/li>\n<\/ul>\n<p>&nbsp;<\/p>\n<ul>\n<li>\n<h5><a href=\"https:\/\/agora.xtec.cat\/insmontsia\/categoria\/depts\/mant\/\">Fam\u00edlia Instal\u00b7laci\u00f3 i manteniment:<\/a><\/h5>\n<ul>\n<li><a href=\"https:\/\/agora.xtec.cat\/insmontsia\/categoria\/estudis\/cicles-formatius\/cfgm\/me\/\">Manteniment electromec\u00e0nic<\/a><\/li>\n<li><a href=\"https:\/\/agora.xtec.cat\/insmontsia\/categoria\/estudis\/cicles-formatius\/cfgs\/mi\/\">Mecatr\u00f2nica industrial<\/a><\/li>\n<\/ul>\n<\/li>\n<\/ul>\n<p>&nbsp;<\/p>\n<ul>\n<li>\n<h5><a href=\"https:\/\/agora.xtec.cat\/insmontsia\/categoria\/depts\/serv\/\">Fam\u00edlia Serveis socioculturals i a la comunitat:<\/a><\/h5>\n<ul>\n<li><a href=\"https:\/\/agora.xtec.cat\/insmontsia\/categoria\/estudis\/cicles-formatius\/cfgm\/apesid\/\">Atenci\u00f3 a persones en situaci\u00f3 de depend\u00e8ncia<\/a><\/li>\n<li><a href=\"https:\/\/agora.xtec.cat\/insmontsia\/categoria\/estudis\/cicles-formatius\/cfgs\/edin\/\">Educaci\u00f3 infantil<\/a><\/li>\n<\/ul>\n<\/li>\n<\/ul>\n<p>&nbsp;<\/p>\n<ul>\n<li>\n<h5><a href=\"https:\/\/agora.xtec.cat\/insmontsia\/categoria\/depts\/auto-depts\/\">Fam\u00edlia Transport i manteniment de vehicles:<\/a><\/h5>\n<ul>\n<li><a href=\"https:\/\/agora.xtec.cat\/insmontsia\/categoria\/estudis\/cicles-formatius\/cfgm\/car\/\">Carrosseria<\/a><\/li>\n<li><a href=\"https:\/\/agora.xtec.cat\/insmontsia\/categoria\/estudis\/cicles-formatius\/cfgm\/eva\/\">Electromec\u00e0nica de vehicles autom\u00f2bils<\/a><\/li>\n<li><a href=\"https:\/\/agora.xtec.cat\/insmontsia\/categoria\/estudis\/cicles-formatius\/cfgs\/auto\/\">Automoci\u00f3<\/a><\/li>\n<li><a href=\"https:\/\/agora.xtec.cat\/insmontsia\/wp-content\/uploads\/usu12\/2024\/04\/CURS-ESPECIALITZACIO-EN-MANTENIMENT-DE-VEHICLES-HIBRIDS-I-ELECTRICS_compressed.pdf\">Curs d&#8217;especiallitzaci\u00f3: Manteniment de vehicles h\u00edbrids i el\u00e8ctrics<\/a><\/li>\n<\/ul>\n<\/li>\n<\/ul>\n<p>&nbsp;<\/p>\n<ul>\n<li>\n<h5><a href=\"https:\/\/agora.xtec.cat\/insmontsia\/categoria\/depts\/pqfi\/\">Programes de formaci\u00f3 i inserci\u00f3:<\/a><\/h5>\n<ul>\n<li><a href=\"https:\/\/agora.xtec.cat\/insmontsia\/categoria\/estudis\/fiap\/\">PFI-FIAP \u2013 Auxiliar de muntatges d\u2019instal\u00b7lacions el\u00e8ctriques, d\u2019aigua i gas<\/a><\/li>\n<li><a href=\"https:\/\/agora.xtec.cat\/insmontsia\/categoria\/estudis\/pfi-informatica\/\">PFI-PIP <\/a><a href=\"https:\/\/agora.xtec.cat\/insmontsia\/categoria\/estudis\/fiap\/\">\u2013<\/a><a href=\"https:\/\/agora.xtec.cat\/insmontsia\/categoria\/estudis\/pfi-informatica\/\"> Auxiliar de muntatge i manteniment d&#8217;equips inform\u00e0tics<\/a><\/li>\n<li><a href=\"https:\/\/agora.xtec.cat\/insmontsia\/categoria\/estudis\/ptt-fabricacio\/\">PFI-PTT \u2013 Auxiliar de fabricaci\u00f3 mec\u00e0nica i instal\u00b7lacions electrot\u00e8cniques<\/a><\/li>\n<li><a href=\"https:\/\/agora.xtec.cat\/insmontsia\/categoria\/estudis\/ptt-vendes\/\">PFI-PTT \u2013 Auxiliar de vendes, oficina i atenci\u00f3 al p\u00fablic<\/a><\/li>\n<\/ul>\n<\/li>\n<\/ul>\n<p>&nbsp;<\/p>\n<ul>\n<li>\n<h5><a href=\"https:\/\/agora.xtec.cat\/insmontsia\/categoria\/depts\/ife\/\">Itineraris formatiu espec\u00edfics:<\/a><\/h5>\n<ul>\n<li><a href=\"https:\/\/agora.xtec.cat\/insmontsia\/categoria\/depts\/ife\/\" target=\"_blank\" rel=\"noopener noreferrer\">Auxiliar en vendes i atenci\u00f3 al p\u00fablic<\/a><\/li>\n<\/ul>\n<\/li>\n<\/ul>\n","protected":false},"excerpt":{"rendered":"<p>&nbsp; A l&#8217;Institut Montsi\u00e0 trobareu una \u00e0mplia oferta d&#8217;estudis postobligatoris, cicles de grau mitj\u00e0 i superior, programes de formaci\u00f3 i inserci\u00f3 i itineraris formatius espec\u00edfics, que us mostrem organitzats per fam\u00edlies professionals per a que pugueu planificar el vostre itinerari acad\u00e8mic. &nbsp; Fam\u00edlia Administraci\u00f3 i gesti\u00f3: Gesti\u00f3 administrativa Gesti\u00f3 administrativa (\u00e0mbit jur\u00eddic) Administraci\u00f3 i finances [&hellip;]<\/p>\n","protected":false},"author":1,"featured_media":0,"parent":0,"menu_order":0,"comment_status":"closed","ping_status":"closed","template":"","meta":{"_bbp_topic_count":0,"_bbp_reply_count":0,"_bbp_total_topic_count":0,"_bbp_total_reply_count":0,"_bbp_voice_count":0,"_bbp_anonymous_reply_count":0,"_bbp_topic_count_hidden":0,"_bbp_reply_count_hidden":0,"_bbp_forum_subforum_count":0,"site-sidebar-layout":"default","site-content-layout":"","ast-site-content-layout":"","site-content-style":"default","site-sidebar-style":"default","ast-global-header-display":"","ast-banner-title-visibility":"","ast-main-header-display":"","ast-hfb-above-header-display":"","ast-hfb-below-header-display":"","ast-hfb-mobile-header-display":"","site-post-title":"","ast-breadcrumbs-content":"","ast-featured-img":"","footer-sml-layout":"","theme-transparent-header-meta":"","adv-header-id-meta":"","stick-header-meta":"","header-above-stick-meta":"","header-main-stick-meta":"","header-below-stick-meta":"","astra-migrate-meta-layouts":"default","ast-page-background-enabled":"default","ast-page-background-meta":{"desktop":{"background-color":"var(--ast-global-color-4)","background-image":"","background-repeat":"repeat","background-position":"center center","background-size":"auto","background-attachment":"scroll","background-type":"","background-media":"","overlay-type":"","overlay-color":"","overlay-opacity":"","overlay-gradient":""},"tablet":{"background-color":"","background-image":"","background-repeat":"repeat","background-position":"center center","background-size":"auto","background-attachment":"scroll","background-type":"","background-media":"","overlay-type":"","overlay-color":"","overlay-opacity":"","overlay-gradient":""},"mobile":{"background-color":"","background-image":"","background-repeat":"repeat","background-position":"center center","background-size":"auto","background-attachment":"scroll","background-type":"","background-media":"","overlay-type":"","overlay-color":"","overlay-opacity":"","overlay-gradient":""}},"ast-content-background-meta":{"desktop":{"background-color":"var(--ast-global-color-5)","background-image":"","background-repeat":"repeat","background-position":"center center","background-size":"auto","background-attachment":"scroll","background-type":"","background-media":"","overlay-type":"","overlay-color":"","overlay-opacity":"","overlay-gradient":""},"tablet":{"background-color":"var(--ast-global-color-5)","background-image":"","background-repeat":"repeat","background-position":"center center","background-size":"auto","background-attachment":"scroll","background-type":"","background-media":"","overlay-type":"","overlay-color":"","overlay-opacity":"","overlay-gradient":""},"mobile":{"background-color":"var(--ast-global-color-5)","background-image":"","background-repeat":"repeat","background-position":"center center","background-size":"auto","background-attachment":"scroll","background-type":"","background-media":"","overlay-type":"","overlay-color":"","overlay-opacity":"","overlay-gradient":""}},"footnotes":""},"class_list":["post-195","page","type-page","status-publish","hentry"],"post_mailing_queue_ids":[],"_links":{"self":[{"href":"https:\/\/agora.xtec.cat\/insmontsia\/wp-json\/wp\/v2\/pages\/195","targetHints":{"allow":["GET"]}}],"collection":[{"href":"https:\/\/agora.xtec.cat\/insmontsia\/wp-json\/wp\/v2\/pages"}],"about":[{"href":"https:\/\/agora.xtec.cat\/insmontsia\/wp-json\/wp\/v2\/types\/page"}],"author":[{"embeddable":true,"href":"https:\/\/agora.xtec.cat\/insmontsia\/wp-json\/wp\/v2\/users\/1"}],"replies":[{"embeddable":true,"href":"https:\/\/agora.xtec.cat\/insmontsia\/wp-json\/wp\/v2\/comments?post=195"}],"version-history":[{"count":8,"href":"https:\/\/agora.xtec.cat\/insmontsia\/wp-json\/wp\/v2\/pages\/195\/revisions"}],"predecessor-version":[{"id":16706,"href":"https:\/\/agora.xtec.cat\/insmontsia\/wp-json\/wp\/v2\/pages\/195\/revisions\/16706"}],"wp:attachment":[{"href":"https:\/\/agora.xtec.cat\/insmontsia\/wp-json\/wp\/v2\/media?parent=195"}],"curies":[{"name":"wp","href":"https:\/\/api.w.org\/{rel}","templated":true}]}}