{"id":15865,"date":"2025-09-19T13:09:06","date_gmt":"2025-09-19T11:09:06","guid":{"rendered":"https:\/\/agora.xtec.cat\/insmontsia\/?page_id=15865"},"modified":"2025-12-18T13:31:00","modified_gmt":"2025-12-18T12:31:00","slug":"catalegs-de-projectes-bones-practiques-i-experiencies","status":"publish","type":"page","link":"https:\/\/agora.xtec.cat\/insmontsia\/catalegs-de-projectes-bones-practiques-i-experiencies\/","title":{"rendered":"Cat\u00e0legs de projectes, bones pr\u00e0ctiques i experi\u00e8ncies"},"content":{"rendered":"<table style=\"border-collapse: collapse; width: 100%;\">\n<tbody>\n<tr>\n<td style=\"width: 29.7688%; text-align: center;\"><a href=\"https:\/\/agora.xtec.cat\/insmontsia\/wp-content\/uploads\/usu12\/2025\/12\/Cataleg-projectes-bones-practiques-i-experiencies-2024-25_compressed.pdf\" target=\"_blank\" rel=\"noopener\">Cat\u00e0leg 2024-2025<\/a><\/td>\n<td style=\"width: 70.2312%; text-align: center;\"><a href=\"https:\/\/agora.xtec.cat\/insmontsia\/wp-content\/uploads\/usu12\/2025\/12\/Cataleg-projectes-bones-practiques-i-experiencies-2024-25_compressed.pdf\" target=\"_blank\" rel=\"noopener\"><img loading=\"lazy\" decoding=\"async\" class=\"alignnone size-large wp-image-16683\" src=\"https:\/\/agora.xtec.cat\/insmontsia\/wp-content\/uploads\/usu12\/2025\/12\/Cataleg-projectes-bones-practiques-i-experiencies-2024-25-1024x576.jpg\" alt=\"\" width=\"1024\" height=\"576\" srcset=\"https:\/\/agora.xtec.cat\/insmontsia\/wp-content\/uploads\/usu12\/2025\/12\/Cataleg-projectes-bones-practiques-i-experiencies-2024-25-1024x576.jpg 1024w, https:\/\/agora.xtec.cat\/insmontsia\/wp-content\/uploads\/usu12\/2025\/12\/Cataleg-projectes-bones-practiques-i-experiencies-2024-25-300x169.jpg 300w, https:\/\/agora.xtec.cat\/insmontsia\/wp-content\/uploads\/usu12\/2025\/12\/Cataleg-projectes-bones-practiques-i-experiencies-2024-25-768x432.jpg 768w, https:\/\/agora.xtec.cat\/insmontsia\/wp-content\/uploads\/usu12\/2025\/12\/Cataleg-projectes-bones-practiques-i-experiencies-2024-25-1536x864.jpg 1536w, https:\/\/agora.xtec.cat\/insmontsia\/wp-content\/uploads\/usu12\/2025\/12\/Cataleg-projectes-bones-practiques-i-experiencies-2024-25-2048x1152.jpg 2048w\" sizes=\"auto, (max-width: 1024px) 100vw, 1024px\" \/><\/a><\/td>\n<\/tr>\n<tr>\n<td style=\"width: 29.7688%; text-align: center;\"><a href=\"https:\/\/agora.xtec.cat\/insmontsia\/wp-content\/uploads\/usu12\/2023\/09\/Cata%CC%80leg-projectes-bones-pra%CC%80ctiques-i-experie%CC%80ncies_compressed.pdf\" target=\"_blank\" rel=\"noopener\">Cat\u00e0leg 2022-2023<\/a><\/td>\n<td style=\"width: 70.2312%; text-align: center;\"><a href=\"https:\/\/agora.xtec.cat\/insmontsia\/wp-content\/uploads\/usu12\/2025\/09\/23-24_Cataleg-projectes-bones-practiques-i-experiencies-metodologiques_compressed.pdf\" target=\"_blank\" rel=\"noopener\">Cat\u00e0leg 2023-2024<\/a><\/td>\n<\/tr>\n<tr>\n<td style=\"width: 29.7688%;\"><a href=\"https:\/\/agora.xtec.cat\/insmontsia\/wp-content\/uploads\/usu12\/2023\/09\/Cata%CC%80leg-projectes-bones-pra%CC%80ctiques-i-experie%CC%80ncies_compressed.pdf\" target=\"_blank\" rel=\"noopener\"><img loading=\"lazy\" decoding=\"async\" class=\"aligncenter size-full wp-image-15866\" src=\"https:\/\/agora.xtec.cat\/insmontsia\/wp-content\/uploads\/usu12\/2025\/09\/22-23_Cataleg-projectes-bones-practiques-i-experiencies-metodologiques_pages-to-jpg-0001.jpg\" alt=\"\" width=\"1240\" height=\"1755\" srcset=\"https:\/\/agora.xtec.cat\/insmontsia\/wp-content\/uploads\/usu12\/2025\/09\/22-23_Cataleg-projectes-bones-practiques-i-experiencies-metodologiques_pages-to-jpg-0001.jpg 1240w, https:\/\/agora.xtec.cat\/insmontsia\/wp-content\/uploads\/usu12\/2025\/09\/22-23_Cataleg-projectes-bones-practiques-i-experiencies-metodologiques_pages-to-jpg-0001-212x300.jpg 212w, https:\/\/agora.xtec.cat\/insmontsia\/wp-content\/uploads\/usu12\/2025\/09\/22-23_Cataleg-projectes-bones-practiques-i-experiencies-metodologiques_pages-to-jpg-0001-724x1024.jpg 724w, https:\/\/agora.xtec.cat\/insmontsia\/wp-content\/uploads\/usu12\/2025\/09\/22-23_Cataleg-projectes-bones-practiques-i-experiencies-metodologiques_pages-to-jpg-0001-768x1087.jpg 768w, https:\/\/agora.xtec.cat\/insmontsia\/wp-content\/uploads\/usu12\/2025\/09\/22-23_Cataleg-projectes-bones-practiques-i-experiencies-metodologiques_pages-to-jpg-0001-1085x1536.jpg 1085w\" sizes=\"auto, (max-width: 1240px) 100vw, 1240px\" \/><\/a><\/td>\n<td style=\"width: 70.2312%;\"><a href=\"https:\/\/agora.xtec.cat\/insmontsia\/wp-content\/uploads\/usu12\/2025\/09\/23-24_Cataleg-projectes-bones-practiques-i-experiencies-metodologiques_compressed.pdf\" target=\"_blank\" rel=\"noopener\"><img loading=\"lazy\" decoding=\"async\" class=\"aligncenter size-full wp-image-15867\" src=\"https:\/\/agora.xtec.cat\/insmontsia\/wp-content\/uploads\/usu12\/2025\/09\/23-24_Cataleg-projectes-bones-practiques-i-experiencies-metodologiques_page-0001-scaled.jpg\" alt=\"\" width=\"2560\" height=\"1440\" srcset=\"https:\/\/agora.xtec.cat\/insmontsia\/wp-content\/uploads\/usu12\/2025\/09\/23-24_Cataleg-projectes-bones-practiques-i-experiencies-metodologiques_page-0001-scaled.jpg 2560w, https:\/\/agora.xtec.cat\/insmontsia\/wp-content\/uploads\/usu12\/2025\/09\/23-24_Cataleg-projectes-bones-practiques-i-experiencies-metodologiques_page-0001-300x169.jpg 300w, https:\/\/agora.xtec.cat\/insmontsia\/wp-content\/uploads\/usu12\/2025\/09\/23-24_Cataleg-projectes-bones-practiques-i-experiencies-metodologiques_page-0001-1024x576.jpg 1024w, https:\/\/agora.xtec.cat\/insmontsia\/wp-content\/uploads\/usu12\/2025\/09\/23-24_Cataleg-projectes-bones-practiques-i-experiencies-metodologiques_page-0001-768x432.jpg 768w, https:\/\/agora.xtec.cat\/insmontsia\/wp-content\/uploads\/usu12\/2025\/09\/23-24_Cataleg-projectes-bones-practiques-i-experiencies-metodologiques_page-0001-1536x864.jpg 1536w, https:\/\/agora.xtec.cat\/insmontsia\/wp-content\/uploads\/usu12\/2025\/09\/23-24_Cataleg-projectes-bones-practiques-i-experiencies-metodologiques_page-0001-2048x1152.jpg 2048w\" sizes=\"auto, (max-width: 2560px) 100vw, 2560px\" \/><\/a><\/td>\n<\/tr>\n<\/tbody>\n<\/table>\n","protected":false},"excerpt":{"rendered":"<p><a href=\"https:\/\/agora.xtec.cat\/insmontsia\/wp-content\/uploads\/usu12\/2025\/12\/Cataleg-projectes-bones-practiques-i-experiencies-2024-25_compressed.pdf\" target=\"_blank\" rel=\"noopener\">Cat\u00e0leg 2024-2025<\/a><br \/>\n<a href=\"https:\/\/agora.xtec.cat\/insmontsia\/wp-content\/uploads\/usu12\/2025\/12\/Cataleg-projectes-bones-practiques-i-experiencies-2024-25_compressed.pdf\" target=\"_blank\" rel=\"noopener\"><\/a><\/p>\n<p><a href=\"https:\/\/agora.xtec.cat\/insmontsia\/wp-content\/uploads\/usu12\/2023\/09\/Cata%CC%80leg-projectes-bones-pra%CC%80ctiques-i-experie%CC%80ncies_compressed.pdf\" target=\"_blank\" rel=\"noopener\">Cat\u00e0leg 2022-2023<\/a><br \/>\n<a href=\"https:\/\/agora.xtec.cat\/insmontsia\/wp-content\/uploads\/usu12\/2025\/09\/23-24_Cataleg-projectes-bones-practiques-i-experiencies-metodologiques_compressed.pdf\" target=\"_blank\" rel=\"noopener\">Cat\u00e0leg 2023-2024<\/a><\/p>\n<p><a href=\"https:\/\/agora.xtec.cat\/insmontsia\/wp-content\/uploads\/usu12\/2023\/09\/Cata%CC%80leg-projectes-bones-pra%CC%80ctiques-i-experie%CC%80ncies_compressed.pdf\" target=\"_blank\" rel=\"noopener\"><\/a><br \/>\n<a href=\"https:\/\/agora.xtec.cat\/insmontsia\/wp-content\/uploads\/usu12\/2025\/09\/23-24_Cataleg-projectes-bones-practiques-i-experiencies-metodologiques_compressed.pdf\" target=\"_blank\" rel=\"noopener\"><\/a><\/p>\n","protected":false},"author":30,"featured_media":0,"parent":0,"menu_order":0,"comment_status":"closed","ping_status":"closed","template":"","meta":{"_bbp_topic_count":0,"_bbp_reply_count":0,"_bbp_total_topic_count":0,"_bbp_total_reply_count":0,"_bbp_voice_count":0,"_bbp_anonymous_reply_count":0,"_bbp_topic_count_hidden":0,"_bbp_reply_count_hidden":0,"_bbp_forum_subforum_count":0,"footnotes":""},"class_list":["post-15865","page","type-page","status-publish","hentry"],"post_mailing_queue_ids":[],"_links":{"self":[{"href":"https:\/\/agora.xtec.cat\/insmontsia\/wp-json\/wp\/v2\/pages\/15865","targetHints":{"allow":["GET"]}}],"collection":[{"href":"https:\/\/agora.xtec.cat\/insmontsia\/wp-json\/wp\/v2\/pages"}],"about":[{"href":"https:\/\/agora.xtec.cat\/insmontsia\/wp-json\/wp\/v2\/types\/page"}],"author":[{"embeddable":true,"href":"https:\/\/agora.xtec.cat\/insmontsia\/wp-json\/wp\/v2\/users\/30"}],"replies":[{"embeddable":true,"href":"https:\/\/agora.xtec.cat\/insmontsia\/wp-json\/wp\/v2\/comments?post=15865"}],"version-history":[{"count":6,"href":"https:\/\/agora.xtec.cat\/insmontsia\/wp-json\/wp\/v2\/pages\/15865\/revisions"}],"predecessor-version":[{"id":16685,"href":"https:\/\/agora.xtec.cat\/insmontsia\/wp-json\/wp\/v2\/pages\/15865\/revisions\/16685"}],"wp:attachment":[{"href":"https:\/\/agora.xtec.cat\/insmontsia\/wp-json\/wp\/v2\/media?parent=15865"}],"curies":[{"name":"wp","href":"https:\/\/api.w.org\/{rel}","templated":true}]}}