{"id":12991,"date":"2024-03-06T13:41:35","date_gmt":"2024-03-06T12:41:35","guid":{"rendered":"https:\/\/agora.xtec.cat\/insmontsia\/?page_id=12991"},"modified":"2026-04-09T08:56:24","modified_gmt":"2026-04-09T06:56:24","slug":"triptics-qr-industries-alimentaries","status":"publish","type":"page","link":"https:\/\/agora.xtec.cat\/insmontsia\/triptics-qr-industries-alimentaries\/","title":{"rendered":"QR Tr\u00edptic &#8211; Processos i Qualitat en Ind\u00fastries Aliment\u00e0ries"},"content":{"rendered":"<p><a href=\"https:\/\/agora.xtec.cat\/insmontsia\/wp-content\/uploads\/usu12\/2024\/03\/TECNIC-SUPERIOR-INDUSTRIES-ALIMENTARIES_page-0001.jpg\"><img loading=\"lazy\" decoding=\"async\" class=\"aligncenter size-full wp-image-13098\" src=\"https:\/\/agora.xtec.cat\/insmontsia\/wp-content\/uploads\/usu12\/2024\/03\/TECNIC-SUPERIOR-INDUSTRIES-ALIMENTARIES_page-0001.jpg\" alt=\"\" width=\"1754\" height=\"1241\" srcset=\"https:\/\/agora.xtec.cat\/insmontsia\/wp-content\/uploads\/usu12\/2024\/03\/TECNIC-SUPERIOR-INDUSTRIES-ALIMENTARIES_page-0001.jpg 1754w, https:\/\/agora.xtec.cat\/insmontsia\/wp-content\/uploads\/usu12\/2024\/03\/TECNIC-SUPERIOR-INDUSTRIES-ALIMENTARIES_page-0001-300x212.jpg 300w, https:\/\/agora.xtec.cat\/insmontsia\/wp-content\/uploads\/usu12\/2024\/03\/TECNIC-SUPERIOR-INDUSTRIES-ALIMENTARIES_page-0001-1024x725.jpg 1024w, https:\/\/agora.xtec.cat\/insmontsia\/wp-content\/uploads\/usu12\/2024\/03\/TECNIC-SUPERIOR-INDUSTRIES-ALIMENTARIES_page-0001-768x543.jpg 768w, https:\/\/agora.xtec.cat\/insmontsia\/wp-content\/uploads\/usu12\/2024\/03\/TECNIC-SUPERIOR-INDUSTRIES-ALIMENTARIES_page-0001-1536x1087.jpg 1536w\" sizes=\"auto, (max-width: 1754px) 100vw, 1754px\" \/><\/a> <a href=\"https:\/\/agora.xtec.cat\/insmontsia\/wp-content\/uploads\/usu12\/2024\/03\/TECNIC-SUPERIOR-INDUSTRIES-ALIMENTARIES_page-0002.jpg\"><img loading=\"lazy\" decoding=\"async\" class=\"aligncenter size-full wp-image-13099\" src=\"https:\/\/agora.xtec.cat\/insmontsia\/wp-content\/uploads\/usu12\/2024\/03\/TECNIC-SUPERIOR-INDUSTRIES-ALIMENTARIES_page-0002.jpg\" alt=\"\" width=\"1754\" height=\"1241\" srcset=\"https:\/\/agora.xtec.cat\/insmontsia\/wp-content\/uploads\/usu12\/2024\/03\/TECNIC-SUPERIOR-INDUSTRIES-ALIMENTARIES_page-0002.jpg 1754w, https:\/\/agora.xtec.cat\/insmontsia\/wp-content\/uploads\/usu12\/2024\/03\/TECNIC-SUPERIOR-INDUSTRIES-ALIMENTARIES_page-0002-300x212.jpg 300w, https:\/\/agora.xtec.cat\/insmontsia\/wp-content\/uploads\/usu12\/2024\/03\/TECNIC-SUPERIOR-INDUSTRIES-ALIMENTARIES_page-0002-1024x725.jpg 1024w, https:\/\/agora.xtec.cat\/insmontsia\/wp-content\/uploads\/usu12\/2024\/03\/TECNIC-SUPERIOR-INDUSTRIES-ALIMENTARIES_page-0002-768x543.jpg 768w, https:\/\/agora.xtec.cat\/insmontsia\/wp-content\/uploads\/usu12\/2024\/03\/TECNIC-SUPERIOR-INDUSTRIES-ALIMENTARIES_page-0002-1536x1087.jpg 1536w\" sizes=\"auto, (max-width: 1754px) 100vw, 1754px\" \/><\/a><\/p>\n","protected":false},"excerpt":{"rendered":"<p><a href=\"https:\/\/agora.xtec.cat\/insmontsia\/wp-content\/uploads\/usu12\/2024\/03\/TECNIC-SUPERIOR-INDUSTRIES-ALIMENTARIES_page-0001.jpg\"><\/a> <a href=\"https:\/\/agora.xtec.cat\/insmontsia\/wp-content\/uploads\/usu12\/2024\/03\/TECNIC-SUPERIOR-INDUSTRIES-ALIMENTARIES_page-0002.jpg\"><\/a><\/p>\n","protected":false},"author":30,"featured_media":0,"parent":0,"menu_order":0,"comment_status":"closed","ping_status":"closed","template":"","meta":{"_bbp_topic_count":0,"_bbp_reply_count":0,"_bbp_total_topic_count":0,"_bbp_total_reply_count":0,"_bbp_voice_count":0,"_bbp_anonymous_reply_count":0,"_bbp_topic_count_hidden":0,"_bbp_reply_count_hidden":0,"_bbp_forum_subforum_count":0,"footnotes":""},"class_list":["post-12991","page","type-page","status-publish","hentry"],"post_mailing_queue_ids":[],"_links":{"self":[{"href":"https:\/\/agora.xtec.cat\/insmontsia\/wp-json\/wp\/v2\/pages\/12991","targetHints":{"allow":["GET"]}}],"collection":[{"href":"https:\/\/agora.xtec.cat\/insmontsia\/wp-json\/wp\/v2\/pages"}],"about":[{"href":"https:\/\/agora.xtec.cat\/insmontsia\/wp-json\/wp\/v2\/types\/page"}],"author":[{"embeddable":true,"href":"https:\/\/agora.xtec.cat\/insmontsia\/wp-json\/wp\/v2\/users\/30"}],"replies":[{"embeddable":true,"href":"https:\/\/agora.xtec.cat\/insmontsia\/wp-json\/wp\/v2\/comments?post=12991"}],"version-history":[{"count":3,"href":"https:\/\/agora.xtec.cat\/insmontsia\/wp-json\/wp\/v2\/pages\/12991\/revisions"}],"predecessor-version":[{"id":17566,"href":"https:\/\/agora.xtec.cat\/insmontsia\/wp-json\/wp\/v2\/pages\/12991\/revisions\/17566"}],"wp:attachment":[{"href":"https:\/\/agora.xtec.cat\/insmontsia\/wp-json\/wp\/v2\/media?parent=12991"}],"curies":[{"name":"wp","href":"https:\/\/api.w.org\/{rel}","templated":true}]}}