{"id":11530,"date":"2023-06-28T13:35:24","date_gmt":"2023-06-28T11:35:24","guid":{"rendered":"https:\/\/agora.xtec.cat\/insmontsia\/?page_id=11530"},"modified":"2025-07-10T11:52:41","modified_gmt":"2025-07-10T09:52:41","slug":"documentacio-que-cal-aportar-al-moment-de-matricular-se","status":"publish","type":"page","link":"https:\/\/agora.xtec.cat\/insmontsia\/secretaria\/preinscripcio-i-matricula\/documentacio-que-cal-aportar-al-moment-de-matricular-se\/","title":{"rendered":"Documentaci\u00f3 que cal aportar al moment de matricular-se"},"content":{"rendered":"<p>Al moment de formalitzar la matr\u00edcula a l&#8217;Institut Montsi\u00e0 cal aportar la seg\u00fcent documentaci\u00f3 emplenada:<\/p>\n<p><span style=\"text-decoration: underline; color: #0000ff;\"><strong>EN TOTS ELS CASOS<\/strong><\/span><\/p>\n<ul>\n<li><a href=\"https:\/\/agora.xtec.cat\/insmontsia\/wp-content\/uploads\/usu12\/2025\/07\/F-101-A-Full-Matricula-Cicles-V13-dades-PFI.docx.pdf\" target=\"_blank\" rel=\"noopener\">Sol\u00b7licitud de matr\u00edcula<\/a> (emplenada)<\/li>\n<li>DNI\/NIE\/Passaport de la persona que es matricula (original i fotoc\u00f2pia)<\/li>\n<li>T\u00edtol acad\u00e8mic o resguard del tr\u00e0mit del t\u00edtol o certificat de notes amb la mitjana que t&#8217;ha donat acc\u00e9s (original i fotoc\u00f2pia).<br \/>\n<strong>ATENCI\u00d3: no \u00e9s v\u00e0lid l&#8217;informe de qualificacions; no \u00e9s necessari en Programes de Formaci\u00f3 i Inserci\u00f3<\/strong><\/li>\n<li>Targeta sanit\u00e0ria de la persona que es matricula (original i fotoc\u00f2pia)<\/li>\n<li><a href=\"https:\/\/agora.xtec.cat\/insmontsia\/wp-content\/uploads\/usu12\/2025\/04\/F-101-B-Full-dAutoritzacio-de-Drets-dImatge-V11.pdf\" target=\"_blank\" rel=\"noopener\">Full d&#8217;autoritzaci\u00f3 de drets d&#8217;imatge<\/a> (emplenat)<\/li>\n<\/ul>\n<p><span style=\"text-decoration: underline;\"><strong>EN CAS DE <span style=\"color: #0000ff; text-decoration: underline;\">MENORS D&#8217;EDAT<\/span> AFEGIR AQUESTS DOCUMENTS<\/strong><\/span><\/p>\n<ul>\n<li>DNI\/NIE\/Passaport dels pares o tutors de la persona que es matricula (original i fotoc\u00f2pia)<\/li>\n<li>Llibre de fam\u00edlia o partida de naixement (original i fotoc\u00f2pia)<\/li>\n<li><a href=\"https:\/\/agora.xtec.cat\/insmontsia\/wp-content\/uploads\/usu12\/2025\/06\/F-183-Autoritzacio-de-Sortida-del-centre-v4.pdf\" target=\"_blank\" rel=\"noopener\">Autoritzaci\u00f3 de sortides del centre pels pares, mares o tutors<\/a> (emplenat)<\/li>\n<\/ul>\n<p>Els menors d&#8217;edat hauran de venir acompanyats del pare, mare o tutor\/a.<\/p>\n<p><span style=\"text-decoration: underline;\"><strong>EN CAS DE <span style=\"color: #0000ff; text-decoration: underline;\">MAJORS D&#8217;EDAT<\/span> AFEGIR AQUESTS DOCUMENTS<\/strong><\/span><\/p>\n<ul>\n<li><a href=\"https:\/\/agora.xtec.cat\/insmontsia\/wp-content\/uploads\/usu12\/2025\/06\/F-25-Autoritzacio-majors-edat-informar-v4.pdf\" target=\"_blank\" rel=\"noopener\">Autoritzaci\u00f3 d&#8217;informar als pares i mares per part del centre<\/a> (emplenat)<\/li>\n<li><a href=\"https:\/\/agora.xtec.cat\/insmontsia\/wp-content\/uploads\/usu12\/2025\/05\/F-101-C-Asseguranca-Escolar-Majors-28-Anys-i-No-Residents-V12.pdf\" target=\"_blank\" rel=\"noopener\">Informaci\u00f3 sobre l&#8217;asseguran\u00e7a escolar per a majors de 28 anys<\/a> (emplenat)<\/li>\n<\/ul>\n<p><span style=\"text-decoration: underline;\"><strong>EN CAS DE MATRICULAR-SE A <span style=\"color: #0000ff; text-decoration: underline;\">CICLE FORMATIU DE GRAU SUPERIOR<\/span><\/strong><\/span><\/p>\n<ul>\n<li>Si \u00e9s el cas, document justificatiu vigent conforme es gaudeix de bonificacions o exempcions de les taxes de matr\u00edcula (original i fotoc\u00f2pia)<\/li>\n<\/ul>\n<p><span style=\"text-decoration: underline;\"><strong>EN CAS DE MATRICULAR-SE A <span style=\"color: #0000ff; text-decoration: underline;\">PROGRAMES DE FORMACI\u00d3 I INSERCI\u00d3<\/span> (PFI)<\/strong><\/span><\/p>\n<ul>\n<li>Certificat de l\u00b4ultim curs realitzat, tant si es va aprovar com si no, on consti estudis realitzats, curs acad\u00e8mic i centre (original i fotoc\u00f2pia)<\/li>\n<li>Certificat de l&#8217;\u00faltim curs aprovat on consti estudis realitzats, curs acad\u00e8mic i centre (original i fotoc\u00f2pia)<\/li>\n<\/ul>\n<p><span style=\"text-decoration: underline;\"><strong>EN CAS DE NO PODER LLIURAR LA DOCUMENTACI\u00d3 PERSONALMENT<\/strong><\/span><\/p>\n<ul>\n<li><a href=\"https:\/\/agora.xtec.cat\/insmontsia\/wp-content\/uploads\/usu12\/2025\/04\/F-167-PGQ13-Autoritzacio-lliurament-documentacio-V1.pdf\" target=\"_blank\" rel=\"noopener\">Autoritzaci\u00f3 a persona adulta<\/a> (emplenada)<\/li>\n<\/ul>\n<p><a href=\"https:\/\/agora.xtec.cat\/insmontsia\/wp-content\/uploads\/usu12\/2025\/07\/Infografia-documentacio-matricula.jpg\"><img loading=\"lazy\" decoding=\"async\" class=\"aligncenter size-full wp-image-15778\" src=\"https:\/\/agora.xtec.cat\/insmontsia\/wp-content\/uploads\/usu12\/2025\/07\/Infografia-documentacio-matricula.jpg\" alt=\"\" width=\"800\" height=\"2000\" srcset=\"https:\/\/agora.xtec.cat\/insmontsia\/wp-content\/uploads\/usu12\/2025\/07\/Infografia-documentacio-matricula.jpg 800w, https:\/\/agora.xtec.cat\/insmontsia\/wp-content\/uploads\/usu12\/2025\/07\/Infografia-documentacio-matricula-120x300.jpg 120w, https:\/\/agora.xtec.cat\/insmontsia\/wp-content\/uploads\/usu12\/2025\/07\/Infografia-documentacio-matricula-410x1024.jpg 410w, https:\/\/agora.xtec.cat\/insmontsia\/wp-content\/uploads\/usu12\/2025\/07\/Infografia-documentacio-matricula-768x1920.jpg 768w, https:\/\/agora.xtec.cat\/insmontsia\/wp-content\/uploads\/usu12\/2025\/07\/Infografia-documentacio-matricula-614x1536.jpg 614w\" sizes=\"auto, (max-width: 800px) 100vw, 800px\" \/><\/a><\/p>\n","protected":false},"excerpt":{"rendered":"<p>Al moment de formalitzar la matr\u00edcula a l&#8217;Institut Montsi\u00e0 cal aportar la seg\u00fcent documentaci\u00f3 emplenada: EN TOTS ELS CASOS Sol\u00b7licitud de matr\u00edcula (emplenada) DNI\/NIE\/Passaport de la persona que es matricula (original i fotoc\u00f2pia) T\u00edtol acad\u00e8mic o resguard del tr\u00e0mit del t\u00edtol o certificat de notes amb la mitjana que t&#8217;ha donat acc\u00e9s (original i fotoc\u00f2pia). [&hellip;]<\/p>\n","protected":false},"author":30,"featured_media":0,"parent":471,"menu_order":5,"comment_status":"closed","ping_status":"closed","template":"","meta":{"_bbp_topic_count":0,"_bbp_reply_count":0,"_bbp_total_topic_count":0,"_bbp_total_reply_count":0,"_bbp_voice_count":0,"_bbp_anonymous_reply_count":0,"_bbp_topic_count_hidden":0,"_bbp_reply_count_hidden":0,"_bbp_forum_subforum_count":0,"site-sidebar-layout":"default","site-content-layout":"","ast-site-content-layout":"","site-content-style":"default","site-sidebar-style":"default","ast-global-header-display":"","ast-banner-title-visibility":"","ast-main-header-display":"","ast-hfb-above-header-display":"","ast-hfb-below-header-display":"","ast-hfb-mobile-header-display":"","site-post-title":"","ast-breadcrumbs-content":"","ast-featured-img":"","footer-sml-layout":"","theme-transparent-header-meta":"","adv-header-id-meta":"","stick-header-meta":"","header-above-stick-meta":"","header-main-stick-meta":"","header-below-stick-meta":"","astra-migrate-meta-layouts":"default","ast-page-background-enabled":"default","ast-page-background-meta":{"desktop":{"background-color":"var(--ast-global-color-4)","background-image":"","background-repeat":"repeat","background-position":"center center","background-size":"auto","background-attachment":"scroll","background-type":"","background-media":"","overlay-type":"","overlay-color":"","overlay-opacity":"","overlay-gradient":""},"tablet":{"background-color":"","background-image":"","background-repeat":"repeat","background-position":"center center","background-size":"auto","background-attachment":"scroll","background-type":"","background-media":"","overlay-type":"","overlay-color":"","overlay-opacity":"","overlay-gradient":""},"mobile":{"background-color":"","background-image":"","background-repeat":"repeat","background-position":"center center","background-size":"auto","background-attachment":"scroll","background-type":"","background-media":"","overlay-type":"","overlay-color":"","overlay-opacity":"","overlay-gradient":""}},"ast-content-background-meta":{"desktop":{"background-color":"var(--ast-global-color-5)","background-image":"","background-repeat":"repeat","background-position":"center center","background-size":"auto","background-attachment":"scroll","background-type":"","background-media":"","overlay-type":"","overlay-color":"","overlay-opacity":"","overlay-gradient":""},"tablet":{"background-color":"var(--ast-global-color-5)","background-image":"","background-repeat":"repeat","background-position":"center center","background-size":"auto","background-attachment":"scroll","background-type":"","background-media":"","overlay-type":"","overlay-color":"","overlay-opacity":"","overlay-gradient":""},"mobile":{"background-color":"var(--ast-global-color-5)","background-image":"","background-repeat":"repeat","background-position":"center center","background-size":"auto","background-attachment":"scroll","background-type":"","background-media":"","overlay-type":"","overlay-color":"","overlay-opacity":"","overlay-gradient":""}},"footnotes":""},"class_list":["post-11530","page","type-page","status-publish","hentry"],"post_mailing_queue_ids":[],"_links":{"self":[{"href":"https:\/\/agora.xtec.cat\/insmontsia\/wp-json\/wp\/v2\/pages\/11530","targetHints":{"allow":["GET"]}}],"collection":[{"href":"https:\/\/agora.xtec.cat\/insmontsia\/wp-json\/wp\/v2\/pages"}],"about":[{"href":"https:\/\/agora.xtec.cat\/insmontsia\/wp-json\/wp\/v2\/types\/page"}],"author":[{"embeddable":true,"href":"https:\/\/agora.xtec.cat\/insmontsia\/wp-json\/wp\/v2\/users\/30"}],"replies":[{"embeddable":true,"href":"https:\/\/agora.xtec.cat\/insmontsia\/wp-json\/wp\/v2\/comments?post=11530"}],"version-history":[{"count":7,"href":"https:\/\/agora.xtec.cat\/insmontsia\/wp-json\/wp\/v2\/pages\/11530\/revisions"}],"predecessor-version":[{"id":15780,"href":"https:\/\/agora.xtec.cat\/insmontsia\/wp-json\/wp\/v2\/pages\/11530\/revisions\/15780"}],"up":[{"embeddable":true,"href":"https:\/\/agora.xtec.cat\/insmontsia\/wp-json\/wp\/v2\/pages\/471"}],"wp:attachment":[{"href":"https:\/\/agora.xtec.cat\/insmontsia\/wp-json\/wp\/v2\/media?parent=11530"}],"curies":[{"name":"wp","href":"https:\/\/api.w.org\/{rel}","templated":true}]}}