{"id":11361,"date":"2023-05-24T20:08:00","date_gmt":"2023-05-24T18:08:00","guid":{"rendered":"https:\/\/agora.xtec.cat\/insmontsia\/?page_id=11361"},"modified":"2026-03-02T09:32:17","modified_gmt":"2026-03-02T08:32:17","slug":"transparencia","status":"publish","type":"page","link":"https:\/\/agora.xtec.cat\/insmontsia\/linstitut\/transparencia\/","title":{"rendered":"Transpar\u00e8ncia"},"content":{"rendered":"<p>En aquesta secci\u00f3 trobareu les dades relacionades amb la transpar\u00e8ncia i acc\u00e9s a informaci\u00f3 p\u00fablica que no apareixen en altres apartats d&#8217;aquesta web. [<strong>en construcci\u00f3<\/strong>]<\/p>\n<ul style=\"list-style-type: circle;\">\n<li><a href=\"https:\/\/agora.xtec.cat\/insmontsia\/wp-content\/uploads\/usu12\/2023\/05\/CARTA-COMPROMIS-EDUCATIU.pdf\" target=\"_blank\" rel=\"noopener\">Carta de comprom\u00eds educatiu<\/a><\/li>\n<li>Acords del Consell Escolar\n<ul style=\"list-style-type: circle;\">\n<li><a href=\"https:\/\/agora.xtec.cat\/insmontsia\/wp-content\/uploads\/usu12\/2023\/05\/2022_12_15_Acords-Consell-Escolar.pdf\" target=\"_blank\" rel=\"noopener\">15 de desembre de 2022<\/a><\/li>\n<li><a href=\"https:\/\/agora.xtec.cat\/insmontsia\/wp-content\/uploads\/usu12\/2023\/05\/2023_02_09_Acords-Consell-Escolar.pdf\" target=\"_blank\" rel=\"noopener\">9 de febrer de 2023<\/a><\/li>\n<li><a href=\"https:\/\/agora.xtec.cat\/insmontsia\/wp-content\/uploads\/usu12\/2023\/05\/2023_04_27_Acords-Consell-Escolar.pdf\" target=\"_blank\" rel=\"noopener\">27 d&#8217;abril de 2023<\/a><\/li>\n<li><a href=\"https:\/\/agora.xtec.cat\/insmontsia\/wp-content\/uploads\/usu12\/2024\/06\/2023_07_19_Acords-Consell-Escolar.pdf\" target=\"_blank\" rel=\"noopener\">19 de juliol de 2023<\/a><\/li>\n<li><a href=\"https:\/\/agora.xtec.cat\/insmontsia\/wp-content\/uploads\/usu12\/2024\/06\/2023_10_26_Acords-Consell-Escolar.pdf\" target=\"_blank\" rel=\"noopener\">26 d&#8217;octubre de 2023<\/a><\/li>\n<li><a href=\"https:\/\/agora.xtec.cat\/insmontsia\/wp-content\/uploads\/usu12\/2024\/06\/2023_12_14_Acords-Consell-Escolar.pdf\" target=\"_blank\" rel=\"noopener\">14 de desembre de 2023<\/a><\/li>\n<li><a href=\"https:\/\/agora.xtec.cat\/insmontsia\/wp-content\/uploads\/usu12\/2024\/06\/2024_01_30_Acords-Consell-Escolar.pdf\" target=\"_blank\" rel=\"noopener\">30 de gener de 2024<\/a><\/li>\n<li><a href=\"https:\/\/agora.xtec.cat\/insmontsia\/wp-content\/uploads\/usu12\/2025\/03\/2024_07_18_Acords-Consell-Escolar.pdf\" target=\"_blank\" rel=\"noopener\">18 de juliol de 2024<\/a><\/li>\n<li><a href=\"https:\/\/agora.xtec.cat\/insmontsia\/wp-content\/uploads\/usu12\/2025\/03\/2024_10_17_Acords-Consell-Escolar.pdf\" target=\"_blank\" rel=\"noopener\">17 d&#8217;octubre de 2024<\/a><\/li>\n<li><a href=\"https:\/\/agora.xtec.cat\/insmontsia\/wp-content\/uploads\/usu12\/2025\/03\/2025_02_13_Acords-Consell-Escolar.pdf\" target=\"_blank\" rel=\"noopener\">13 de febrer de 2025<\/a><\/li>\n<li><a href=\"https:\/\/agora.xtec.cat\/insmontsia\/wp-content\/uploads\/usu12\/2025\/07\/2025_07_09_Acords-Consell-Escolar.pdf\" target=\"_blank\" rel=\"noopener\">9 de juliol de 2025<\/a><\/li>\n<\/ul>\n<\/li>\n<li><a href=\"https:\/\/agora.xtec.cat\/insmontsia\/wp-content\/uploads\/usu12\/2026\/03\/PRESSUPOST-2026-Pressupost-Exercici-2026-publi.pdf\" target=\"_blank\" rel=\"noopener\">Pressupost<\/a><\/li>\n<li><a href=\"https:\/\/agora.xtec.cat\/insmontsia\/wp-content\/uploads\/usu12\/2025\/03\/mapa_conceptual_insmontsia_24-25_v6-5.pdf\" target=\"_blank\" rel=\"noopener\">Estructura organitzativa<\/a><\/li>\n<li>Relaci\u00f3 de convenis signats pel director [<strong>en construcci\u00f3<\/strong>]\n<ul style=\"list-style-type: circle;\">\n<li>Convenis FCT<\/li>\n<li><a href=\"https:\/\/agora.xtec.cat\/fpdual\/centres-educatius\/consulta-convenis\/\" target=\"_blank\" rel=\"noopener\">Convenis FP Dual<\/a> (seleccionar el centre Institut Montsi\u00e0)<\/li>\n<li>Altres<\/li>\n<\/ul>\n<\/li>\n<li>Membres de l&#8217;equip directiu\n<ul style=\"list-style-type: circle;\">\n<li><a href=\"https:\/\/agora.xtec.cat\/insmontsia\/wp-content\/uploads\/usu12\/2023\/05\/Fitxa_PTP_Carles.pdf\" target=\"_blank\" rel=\"noopener\">Director<\/a><\/li>\n<li><a href=\"https:\/\/agora.xtec.cat\/insmontsia\/wp-content\/uploads\/usu12\/2023\/06\/Fitxa_PTP-Josep-Ramon-Fibla.pdf\" target=\"_blank\" rel=\"noopener\">Cap d&#8217;Estudis Acad\u00e8mic<\/a><\/li>\n<li><a href=\"https:\/\/agora.xtec.cat\/insmontsia\/wp-content\/uploads\/usu12\/2024\/02\/Fitxa_PTP_JaumeMiralles.pdf\" target=\"_blank\" rel=\"noopener\">Cap d&#8217;Estudis d&#8217;Innovaci\u00f3<\/a><\/li>\n<li><a href=\"https:\/\/agora.xtec.cat\/insmontsia\/wp-content\/uploads\/usu12\/2023\/05\/Fitxa_PTP_Juventina-Figueras.pdf\" target=\"_blank\" rel=\"noopener\">Coordinadora Pedag\u00f2gica<\/a><\/li>\n<li><a href=\"https:\/\/agora.xtec.cat\/insmontsia\/wp-content\/uploads\/usu12\/2023\/05\/Fitxa_PTP_Alicia-Vericat.pdf\" target=\"_blank\" rel=\"noopener\">Administradora<\/a><\/li>\n<li><a href=\"https:\/\/agora.xtec.cat\/insmontsia\/wp-content\/uploads\/usu12\/2025\/03\/Fitxa_PTP-Lluis-Lluis-2025-signat.pdf\" target=\"_blank\" rel=\"noopener\">Secretari<\/a><\/li>\n<\/ul>\n<\/li>\n<\/ul>\n","protected":false},"excerpt":{"rendered":"<p>En aquesta secci\u00f3 trobareu les dades relacionades amb la transpar\u00e8ncia i acc\u00e9s a informaci\u00f3 p\u00fablica que no apareixen en altres apartats d&#8217;aquesta web. [en construcci\u00f3]<\/p>\n<ul style=\"list-style-type: circle;\">\n<li><a href=\"https:\/\/agora.xtec.cat\/insmontsia\/wp-content\/uploads\/usu12\/2023\/05\/CARTA-COMPROMIS-EDUCATIU.pdf\" target=\"_blank\" rel=\"noopener\">Carta de comprom\u00eds educatiu<\/a><\/li>\n<li>Acords del Consell Escolar\n<ul style=\"list-style-type: circle;\">\n<li><a href=\"https:\/\/agora.xtec.cat\/insmontsia\/wp-content\/uploads\/usu12\/2023\/05\/2022_12_15_Acords-Consell-Escolar.pdf\" target=\"_blank\" rel=\"noopener\">15 de desembre de 2022<\/a><\/li>\n<li><a&hellip;  <a href=\"https:\/\/agora.xtec.cat\/insmontsia\/linstitut\/transparencia\/\" title=\"Read Transpar\u00e8ncia\">Llegeix m\u00e9s\u00bb<\/a><br \/>\n","protected":false},"author":30,"featured_media":0,"parent":19,"menu_order":110,"comment_status":"closed","ping_status":"closed","template":"","meta":{"_bbp_topic_count":0,"_bbp_reply_count":0,"_bbp_total_topic_count":0,"_bbp_total_reply_count":0,"_bbp_voice_count":0,"_bbp_anonymous_reply_count":0,"_bbp_topic_count_hidden":0,"_bbp_reply_count_hidden":0,"_bbp_forum_subforum_count":0,"footnotes":""},"class_list":["post-11361","page","type-page","status-publish","hentry"],"post_mailing_queue_ids":[],"_links":{"self":[{"href":"https:\/\/agora.xtec.cat\/insmontsia\/wp-json\/wp\/v2\/pages\/11361","targetHints":{"allow":["GET"]}}],"collection":[{"href":"https:\/\/agora.xtec.cat\/insmontsia\/wp-json\/wp\/v2\/pages"}],"about":[{"href":"https:\/\/agora.xtec.cat\/insmontsia\/wp-json\/wp\/v2\/types\/page"}],"author":[{"embeddable":true,"href":"https:\/\/agora.xtec.cat\/insmontsia\/wp-json\/wp\/v2\/users\/30"}],"replies":[{"embeddable":true,"href":"https:\/\/agora.xtec.cat\/insmontsia\/wp-json\/wp\/v2\/comments?post=11361"}],"version-history":[{"count":6,"href":"https:\/\/agora.xtec.cat\/insmontsia\/wp-json\/wp\/v2\/pages\/11361\/revisions"}],"predecessor-version":[{"id":17065,"href":"https:\/\/agora.xtec.cat\/insmontsia\/wp-json\/wp\/v2\/pages\/11361\/revisions\/17065"}],"up":[{"embeddable":true,"href":"https:\/\/agora.xtec.cat\/insmontsia\/wp-json\/wp\/v2\/pages\/19"}],"wp:attachment":[{"href":"https:\/\/agora.xtec.cat\/insmontsia\/wp-json\/wp\/v2\/media?parent=11361"}],"curies":[{"name":"wp","href":"https:\/\/api.w.org\/{rel}","templated":true}]}}