{"id":10956,"date":"2023-03-30T12:35:38","date_gmt":"2023-03-30T10:35:38","guid":{"rendered":"https:\/\/agora.xtec.cat\/insmontsia\/?page_id=10956"},"modified":"2026-04-15T19:03:58","modified_gmt":"2026-04-15T17:03:58","slug":"preinscripcio-cursos-despecialitzacio","status":"publish","type":"page","link":"https:\/\/agora.xtec.cat\/insmontsia\/secretaria\/preinscripcio-i-matricula\/preinscripcio-cursos-despecialitzacio\/","title":{"rendered":"Preinscripci\u00f3 Cursos d&#8217;Especialitzaci\u00f3 per al curs 2026-27"},"content":{"rendered":"<h2>INFORMACI\u00d3 GENERAL<\/h2>\n<p>Tota la informaci\u00f3 detallada la trobar\u00e0s en el seg\u00fcent enlla\u00e7:<\/p>\n<p><a href=\"https:\/\/preinscripcio.gencat.cat\/ca\/estudis\/cursos-especialitzacio-fp\/inici\/\" target=\"_blank\" rel=\"noopener\">https:\/\/preinscripcio.gencat.cat\/ca\/estudis\/cursos-especialitzacio-fp\/inici\/<\/a><\/p>\n<h2>Calendari de preinscripci\u00f3 i matr\u00edcula<\/h2>\n<table style=\"border-collapse: collapse; width: 100%;\">\n<tbody>\n<tr>\n<td style=\"width: 33.3333%; background-color: #fcf36d;\">Difusi\u00f3 de l&#8217;oferta<\/p>\n<ul>\n<li>Manteniment de vehicles h\u00edbrids i el\u00e8ctrics<\/li>\n<li>Ciberseguretat en entorns de les tecnologies de la informaci\u00f3<\/li>\n<li>Rob\u00f2tica col\u00b7laborativa<\/li>\n<\/ul>\n<\/td>\n<td style=\"width: 33.3333%; background-color: #fcf36d;\">11 de juny de 2026<\/td>\n<td style=\"width: 33.3333%; background-color: #fcf36d;\"><\/td>\n<\/tr>\n<tr>\n<td style=\"width: 33.3333%; background-color: #00ff33;\">Presentaci\u00f3 de sol\u00b7licituds<\/td>\n<td style=\"width: 33.3333%; background-color: #00ff33;\">del 25 de juny al 3 de juliol de 2026<\/td>\n<td style=\"width: 33.3333%; background-color: #00ff33;\"><a href=\"https:\/\/agora.xtec.cat\/insmontsia\/wp-content\/uploads\/usu12\/2023\/04\/1328101911_Symbol-Check-e1681472830948.png\"><img loading=\"lazy\" decoding=\"async\" class=\"size-full wp-image-11037 alignleft\" src=\"https:\/\/agora.xtec.cat\/insmontsia\/wp-content\/uploads\/usu12\/2023\/04\/1328101911_Symbol-Check-e1681472830948.png\" alt=\"\" width=\"30\" height=\"30\" \/><\/a>Es fa presencialment al centre.<\/td>\n<\/tr>\n<tr>\n<td style=\"width: 33.3333%; background-color: #fcf36d;\">Sorteig desempat baremacions<\/td>\n<td style=\"width: 33.3333%; background-color: #fcf36d;\">6 de juliol de 2026 a les 11:30 hores<\/td>\n<td style=\"width: 33.3333%; background-color: #fcf36d;\"><\/td>\n<\/tr>\n<tr>\n<td style=\"width: 33.3333%; background-color: #ff9d00;\">Publicaci\u00f3 del llistat amb les puntuacions provisionals<\/p>\n<ul>\n<li>Llistat Mant. vehicles h\u00edbrids i el\u00e8ctrics\u00a0<img loading=\"lazy\" decoding=\"async\" class=\"alignnone wp-image-11187 size-full\" src=\"https:\/\/agora.xtec.cat\/insmontsia\/wp-content\/uploads\/usu12\/2023\/04\/WikiProject_Council_project_list_icon-e1682682233544.png\" alt=\"\" width=\"20\" height=\"18\" \/>\u00a0<img loading=\"lazy\" decoding=\"async\" class=\"alignnone wp-image-11038 size-full\" src=\"https:\/\/agora.xtec.cat\/insmontsia\/wp-content\/uploads\/usu12\/2023\/04\/Messagebox_info.svg_-1-e1681473246293.png\" alt=\"\" width=\"15\" height=\"15\" \/><\/li>\n<li>Llistat Ciberseguretat\u00a0<img loading=\"lazy\" decoding=\"async\" class=\"alignnone wp-image-11187 size-full\" src=\"https:\/\/agora.xtec.cat\/insmontsia\/wp-content\/uploads\/usu12\/2023\/04\/WikiProject_Council_project_list_icon-e1682682233544.png\" alt=\"\" width=\"20\" height=\"18\" \/>\u00a0<img loading=\"lazy\" decoding=\"async\" class=\"alignnone wp-image-11038 size-full\" src=\"https:\/\/agora.xtec.cat\/insmontsia\/wp-content\/uploads\/usu12\/2023\/04\/Messagebox_info.svg_-1-e1681473246293.png\" alt=\"\" width=\"15\" height=\"15\" \/><\/li>\n<li>Llistat Rob\u00f2tica\u00a0<img loading=\"lazy\" decoding=\"async\" class=\"alignnone wp-image-11187 size-full\" src=\"https:\/\/agora.xtec.cat\/insmontsia\/wp-content\/uploads\/usu12\/2023\/04\/WikiProject_Council_project_list_icon-e1682682233544.png\" alt=\"\" width=\"20\" height=\"18\" \/>\u00a0<img loading=\"lazy\" decoding=\"async\" class=\"alignnone wp-image-11038 size-full\" src=\"https:\/\/agora.xtec.cat\/insmontsia\/wp-content\/uploads\/usu12\/2023\/04\/Messagebox_info.svg_-1-e1681473246293.png\" alt=\"\" width=\"15\" height=\"15\" \/><\/li>\n<\/ul>\n<\/td>\n<td style=\"width: 33.3333%; background-color: #ff9d00;\">6 de juliol de 2026<\/td>\n<td style=\"width: 33.3333%; background-color: #ff9d00;\"><a href=\"https:\/\/agora.xtec.cat\/insmontsia\/wp-content\/uploads\/usu12\/2023\/04\/120px-Dialog-warning-yellow.svg_-e1681472182827.png\"><img loading=\"lazy\" decoding=\"async\" class=\"size-full wp-image-11036 alignleft\" src=\"https:\/\/agora.xtec.cat\/insmontsia\/wp-content\/uploads\/usu12\/2023\/04\/120px-Dialog-warning-yellow.svg_-e1681472182827.png\" alt=\"\" width=\"30\" height=\"29\" \/><\/a>\u00c9s molt important consultar aquesta llista per tal d&#8217;assegurar-se que s&#8217;ha tramitat correctament la sol\u00b7licitud i no hi ha cap errada en el barem.<\/td>\n<\/tr>\n<tr>\n<td style=\"width: 33.3333%; background-color: #fcf36d;\">Per\u00edode de reclamacions<\/td>\n<td style=\"width: 33.3333%; background-color: #fcf36d;\">Del 7 de juliol al 13 de juliol, ambd\u00f3s inclosos<\/td>\n<td style=\"width: 33.3333%; background-color: #fcf36d;\">\u00c9s molt important fer les reclamacions dins aquest per\u00edode.<\/td>\n<\/tr>\n<tr>\n<td style=\"width: 33.3333%; background-color: #fcf36d;\">Publicaci\u00f3 del llistat d&#8217;admesos amb la baremaci\u00f3 definitiva<\/p>\n<ul>\n<li>Llistat Mant. vehicles h\u00edbrids i el\u00e8ctrics <img loading=\"lazy\" decoding=\"async\" class=\"alignnone wp-image-11187 size-full\" src=\"https:\/\/agora.xtec.cat\/insmontsia\/wp-content\/uploads\/usu12\/2023\/04\/WikiProject_Council_project_list_icon-e1682682233544.png\" alt=\"\" width=\"20\" height=\"18\" \/>\u00a0<img loading=\"lazy\" decoding=\"async\" class=\"alignnone wp-image-11038 size-full\" src=\"https:\/\/agora.xtec.cat\/insmontsia\/wp-content\/uploads\/usu12\/2023\/04\/Messagebox_info.svg_-1-e1681473246293.png\" alt=\"\" width=\"15\" height=\"15\" \/><\/li>\n<li>Llistat Ciberseguretat <img loading=\"lazy\" decoding=\"async\" class=\"alignnone wp-image-11187 size-full\" src=\"https:\/\/agora.xtec.cat\/insmontsia\/wp-content\/uploads\/usu12\/2023\/04\/WikiProject_Council_project_list_icon-e1682682233544.png\" alt=\"\" width=\"20\" height=\"18\" \/>\u00a0<img loading=\"lazy\" decoding=\"async\" class=\"alignnone wp-image-11038 size-full\" src=\"https:\/\/agora.xtec.cat\/insmontsia\/wp-content\/uploads\/usu12\/2023\/04\/Messagebox_info.svg_-1-e1681473246293.png\" alt=\"\" width=\"15\" height=\"15\" \/><\/li>\n<li>Llistat Rob\u00f2tica <img loading=\"lazy\" decoding=\"async\" class=\"alignnone wp-image-11187 size-full\" src=\"https:\/\/agora.xtec.cat\/insmontsia\/wp-content\/uploads\/usu12\/2023\/04\/WikiProject_Council_project_list_icon-e1682682233544.png\" alt=\"\" width=\"20\" height=\"18\" \/>\u00a0<img loading=\"lazy\" decoding=\"async\" class=\"alignnone wp-image-11038 size-full\" src=\"https:\/\/agora.xtec.cat\/insmontsia\/wp-content\/uploads\/usu12\/2023\/04\/Messagebox_info.svg_-1-e1681473246293.png\" alt=\"\" width=\"15\" height=\"15\" \/><\/li>\n<\/ul>\n<\/td>\n<td style=\"width: 33.3333%; background-color: #fcf36d;\">14 de juliol de 2026<\/td>\n<td style=\"width: 33.3333%; background-color: #fcf36d;\"><\/td>\n<\/tr>\n<tr>\n<td style=\"width: 33.3333%; background-color: #00ff33;\">Per\u00edode de formalitzaci\u00f3 de la matr\u00edcula<\/td>\n<td style=\"width: 33.3333%; background-color: #00ff33;\">Del 15 al 21 de juliol de 2026, ambd\u00f3s inclosos<\/td>\n<td style=\"width: 33.3333%; background-color: #00ff33;\"><a href=\"https:\/\/agora.xtec.cat\/insmontsia\/wp-content\/uploads\/usu12\/2023\/04\/1328101911_Symbol-Check-e1681472830948.png\"><img loading=\"lazy\" decoding=\"async\" class=\"alignnone size-full wp-image-11037\" src=\"https:\/\/agora.xtec.cat\/insmontsia\/wp-content\/uploads\/usu12\/2023\/04\/1328101911_Symbol-Check-e1681472830948.png\" alt=\"\" width=\"30\" height=\"30\" \/><\/a> <a href=\"https:\/\/agora.xtec.cat\/insmontsia\/secretaria\/preinscripcio-i-matricula\/documentacio-que-cal-aportar-al-moment-de-matricular-se\/\" target=\"_blank\" rel=\"noopener\">Veure documentaci\u00f3 que cal aportar<\/a><\/td>\n<\/tr>\n<\/tbody>\n<\/table>\n<p>Els cursos d&#8217;especialitzaci\u00f3 de formaci\u00f3 professional permeten aprofundir coneixements despr\u00e9s d&#8217;haver cursat un cicle formatiu de grau mitj\u00e0 o superior, segons els requisits de cada curs.<\/p>\n","protected":false},"excerpt":{"rendered":"<p>INFORMACI\u00d3 GENERAL Tota la informaci\u00f3 detallada la trobar\u00e0s en el seg\u00fcent enlla\u00e7: https:\/\/preinscripcio.gencat.cat\/ca\/estudis\/cursos-especialitzacio-fp\/inici\/ Calendari de preinscripci\u00f3 i matr\u00edcula Difusi\u00f3 de l&#8217;oferta Manteniment de vehicles h\u00edbrids i el\u00e8ctrics Ciberseguretat en entorns de les tecnologies de la informaci\u00f3 Rob\u00f2tica col\u00b7laborativa 11 de juny de 2026 Presentaci\u00f3 de sol\u00b7licituds del 25 de juny al 3 de juliol de [&hellip;]<\/p>\n","protected":false},"author":30,"featured_media":0,"parent":471,"menu_order":4,"comment_status":"closed","ping_status":"closed","template":"","meta":{"_bbp_topic_count":0,"_bbp_reply_count":0,"_bbp_total_topic_count":0,"_bbp_total_reply_count":0,"_bbp_voice_count":0,"_bbp_anonymous_reply_count":0,"_bbp_topic_count_hidden":0,"_bbp_reply_count_hidden":0,"_bbp_forum_subforum_count":0,"site-sidebar-layout":"default","site-content-layout":"","ast-site-content-layout":"","site-content-style":"default","site-sidebar-style":"default","ast-global-header-display":"","ast-banner-title-visibility":"","ast-main-header-display":"","ast-hfb-above-header-display":"","ast-hfb-below-header-display":"","ast-hfb-mobile-header-display":"","site-post-title":"","ast-breadcrumbs-content":"","ast-featured-img":"","footer-sml-layout":"","theme-transparent-header-meta":"","adv-header-id-meta":"","stick-header-meta":"","header-above-stick-meta":"","header-main-stick-meta":"","header-below-stick-meta":"","astra-migrate-meta-layouts":"default","ast-page-background-enabled":"default","ast-page-background-meta":{"desktop":{"background-color":"var(--ast-global-color-4)","background-image":"","background-repeat":"repeat","background-position":"center center","background-size":"auto","background-attachment":"scroll","background-type":"","background-media":"","overlay-type":"","overlay-color":"","overlay-opacity":"","overlay-gradient":""},"tablet":{"background-color":"","background-image":"","background-repeat":"repeat","background-position":"center center","background-size":"auto","background-attachment":"scroll","background-type":"","background-media":"","overlay-type":"","overlay-color":"","overlay-opacity":"","overlay-gradient":""},"mobile":{"background-color":"","background-image":"","background-repeat":"repeat","background-position":"center center","background-size":"auto","background-attachment":"scroll","background-type":"","background-media":"","overlay-type":"","overlay-color":"","overlay-opacity":"","overlay-gradient":""}},"ast-content-background-meta":{"desktop":{"background-color":"var(--ast-global-color-5)","background-image":"","background-repeat":"repeat","background-position":"center center","background-size":"auto","background-attachment":"scroll","background-type":"","background-media":"","overlay-type":"","overlay-color":"","overlay-opacity":"","overlay-gradient":""},"tablet":{"background-color":"var(--ast-global-color-5)","background-image":"","background-repeat":"repeat","background-position":"center center","background-size":"auto","background-attachment":"scroll","background-type":"","background-media":"","overlay-type":"","overlay-color":"","overlay-opacity":"","overlay-gradient":""},"mobile":{"background-color":"var(--ast-global-color-5)","background-image":"","background-repeat":"repeat","background-position":"center center","background-size":"auto","background-attachment":"scroll","background-type":"","background-media":"","overlay-type":"","overlay-color":"","overlay-opacity":"","overlay-gradient":""}},"footnotes":""},"class_list":["post-10956","page","type-page","status-publish","hentry"],"post_mailing_queue_ids":[],"_links":{"self":[{"href":"https:\/\/agora.xtec.cat\/insmontsia\/wp-json\/wp\/v2\/pages\/10956","targetHints":{"allow":["GET"]}}],"collection":[{"href":"https:\/\/agora.xtec.cat\/insmontsia\/wp-json\/wp\/v2\/pages"}],"about":[{"href":"https:\/\/agora.xtec.cat\/insmontsia\/wp-json\/wp\/v2\/types\/page"}],"author":[{"embeddable":true,"href":"https:\/\/agora.xtec.cat\/insmontsia\/wp-json\/wp\/v2\/users\/30"}],"replies":[{"embeddable":true,"href":"https:\/\/agora.xtec.cat\/insmontsia\/wp-json\/wp\/v2\/comments?post=10956"}],"version-history":[{"count":7,"href":"https:\/\/agora.xtec.cat\/insmontsia\/wp-json\/wp\/v2\/pages\/10956\/revisions"}],"predecessor-version":[{"id":17604,"href":"https:\/\/agora.xtec.cat\/insmontsia\/wp-json\/wp\/v2\/pages\/10956\/revisions\/17604"}],"up":[{"embeddable":true,"href":"https:\/\/agora.xtec.cat\/insmontsia\/wp-json\/wp\/v2\/pages\/471"}],"wp:attachment":[{"href":"https:\/\/agora.xtec.cat\/insmontsia\/wp-json\/wp\/v2\/media?parent=10956"}],"curies":[{"name":"wp","href":"https:\/\/api.w.org\/{rel}","templated":true}]}}