{"id":10781,"date":"2023-03-17T20:45:36","date_gmt":"2023-03-17T19:45:36","guid":{"rendered":"https:\/\/agora.xtec.cat\/insmontsia\/?page_id=10781"},"modified":"2026-04-15T14:15:10","modified_gmt":"2026-04-15T12:15:10","slug":"preinscripcio-itineraris-formatius-especifics","status":"publish","type":"page","link":"https:\/\/agora.xtec.cat\/insmontsia\/secretaria\/preinscripcio-i-matricula\/preinscripcio-itineraris-formatius-especifics\/","title":{"rendered":"Preinscripci\u00f3 Itineraris Formatius Espec\u00edfics per al curs 2026-27"},"content":{"rendered":"<h2>INFORMACI\u00d3 GENERAL<\/h2>\n<p>Tota la informaci\u00f3 detallada la trobar\u00e0s en el seg\u00fcent enlla\u00e7:<\/p>\n<p><a href=\"https:\/\/preinscripcio.gencat.cat\/ca\/estudis\/ife\/inici\/\" target=\"_blank\" rel=\"noopener\">https:\/\/preinscripcio.gencat.cat\/ca\/estudis\/ife\/inici\/<\/a><\/p>\n<h2>Calendari de Preinscripci\u00f3 i Matr\u00edcula<\/h2>\n<table style=\"border-collapse: collapse; width: 100%;\">\n<tbody>\n<tr>\n<td style=\"width: 33.3333%; background-color: #fcf36d;\">Difusi\u00f3 de l&#8217;oferta (document) <img loading=\"lazy\" decoding=\"async\" class=\"alignnone wp-image-11187 size-full\" src=\"https:\/\/agora.xtec.cat\/insmontsia\/wp-content\/uploads\/usu12\/2023\/04\/WikiProject_Council_project_list_icon-e1682682233544.png\" alt=\"\" width=\"20\" height=\"18\" \/> <img loading=\"lazy\" decoding=\"async\" class=\"alignnone wp-image-11038 size-full\" src=\"https:\/\/agora.xtec.cat\/insmontsia\/wp-content\/uploads\/usu12\/2023\/04\/Messagebox_info.svg_-1-e1681473246293.png\" alt=\"\" width=\"15\" height=\"15\" \/><\/td>\n<td style=\"width: 33.3333%; background-color: #fcf36d;\">8 de maig de 2026<\/td>\n<td style=\"width: 33.3333%; background-color: #fcf36d;\"><\/td>\n<\/tr>\n<tr>\n<td style=\"width: 33.3333%; background-color: #00ff33;\">Presentaci\u00f3 de sol\u00b7licituds<\/td>\n<td style=\"width: 33.3333%; background-color: #00ff33;\">del 11 al 22 de maig de 2026<\/td>\n<td style=\"width: 33.3333%; background-color: #00ff33;\"><a href=\"https:\/\/agora.xtec.cat\/insmontsia\/wp-content\/uploads\/usu12\/2023\/04\/1328101911_Symbol-Check-e1681472830948.png\"><img loading=\"lazy\" decoding=\"async\" class=\"size-full wp-image-11037 alignleft\" src=\"https:\/\/agora.xtec.cat\/insmontsia\/wp-content\/uploads\/usu12\/2023\/04\/1328101911_Symbol-Check-e1681472830948.png\" alt=\"\" width=\"30\" height=\"30\" \/><\/a>Es fa presencialment al centre.<\/td>\n<\/tr>\n<tr>\n<td style=\"width: 33.3333%; background-color: #ff9d00;\">Publicaci\u00f3 del llistat amb les puntuacions provisionals (Llista) <img loading=\"lazy\" decoding=\"async\" class=\"alignnone wp-image-11187 size-full\" src=\"https:\/\/agora.xtec.cat\/insmontsia\/wp-content\/uploads\/usu12\/2023\/04\/WikiProject_Council_project_list_icon-e1682682233544.png\" alt=\"\" width=\"20\" height=\"18\" \/> <img loading=\"lazy\" decoding=\"async\" class=\"alignnone wp-image-11038 size-full\" src=\"https:\/\/agora.xtec.cat\/insmontsia\/wp-content\/uploads\/usu12\/2023\/04\/Messagebox_info.svg_-1-e1681473246293.png\" alt=\"\" width=\"15\" height=\"15\" \/><\/td>\n<td style=\"width: 33.3333%; background-color: #ff9d00;\">29 de maig de 2026<\/td>\n<td style=\"width: 33.3333%; background-color: #ff9d00;\"><a href=\"https:\/\/agora.xtec.cat\/insmontsia\/wp-content\/uploads\/usu12\/2023\/04\/120px-Dialog-warning-yellow.svg_-e1681472182827.png\"><img loading=\"lazy\" decoding=\"async\" class=\"size-full wp-image-11036 alignleft\" src=\"https:\/\/agora.xtec.cat\/insmontsia\/wp-content\/uploads\/usu12\/2023\/04\/120px-Dialog-warning-yellow.svg_-e1681472182827.png\" alt=\"\" width=\"30\" height=\"29\" \/><\/a>\u00c9s molt important consultar aquesta llista per tal d&#8217;assegurar-se que s&#8217;ha tramitat correctament la sol\u00b7licitud i no hi ha cap errada en la puntuaci\u00f3.<\/td>\n<\/tr>\n<tr>\n<td style=\"width: 33.3333%; background-color: #fcf36d;\">Sorteig a efectes de desempat<\/td>\n<td style=\"width: 33.3333%; background-color: #fcf36d;\">2 de juny de 2026<\/td>\n<td style=\"width: 33.3333%; background-color: #fcf36d;\">En el mateix centre.<\/td>\n<\/tr>\n<tr>\n<td style=\"width: 33.3333%; background-color: #fcf36d;\">Per\u00edode de reclamacions<\/td>\n<td style=\"width: 33.3333%; background-color: #fcf36d;\">3 al 10 de juny de 2026, ambd\u00f3s inclosos<\/td>\n<td style=\"width: 33.3333%; background-color: #fcf36d;\">\u00c9s molt important fer les reclamacions dins aquest per\u00edode.<\/td>\n<\/tr>\n<tr>\n<td style=\"width: 33.3333%; background-color: #fcf36d;\">Publicaci\u00f3 del llistat d&#8217;admesos (Llista) <img loading=\"lazy\" decoding=\"async\" class=\"alignnone wp-image-11187 size-full\" src=\"https:\/\/agora.xtec.cat\/insmontsia\/wp-content\/uploads\/usu12\/2023\/04\/WikiProject_Council_project_list_icon-e1682682233544.png\" alt=\"\" width=\"20\" height=\"18\" \/> <img loading=\"lazy\" decoding=\"async\" class=\"alignnone wp-image-11038 size-full\" src=\"https:\/\/agora.xtec.cat\/insmontsia\/wp-content\/uploads\/usu12\/2023\/04\/Messagebox_info.svg_-1-e1681473246293.png\" alt=\"\" width=\"15\" height=\"15\" \/><\/td>\n<td style=\"width: 33.3333%; background-color: #fcf36d;\">16 de juny de 2026<\/td>\n<td style=\"width: 33.3333%; background-color: #fcf36d;\"><\/td>\n<\/tr>\n<tr>\n<td style=\"width: 33.3333%; background-color: #00ff33;\">Per\u00edode de formalitzaci\u00f3 de la matr\u00edcula per a l&#8217;alumnat preinscrit amb pla\u00e7a assignada<\/td>\n<td style=\"width: 33.3333%; background-color: #00ff33;\">19 al 26 de juny de 2026, ambd\u00f3s inclosos<\/td>\n<td style=\"width: 33.3333%; background-color: #00ff33;\"><a href=\"https:\/\/agora.xtec.cat\/insmontsia\/wp-content\/uploads\/usu12\/2023\/04\/1328101911_Symbol-Check-e1681472830948.png\"><img loading=\"lazy\" decoding=\"async\" class=\"alignnone size-full wp-image-11037\" src=\"https:\/\/agora.xtec.cat\/insmontsia\/wp-content\/uploads\/usu12\/2023\/04\/1328101911_Symbol-Check-e1681472830948.png\" alt=\"\" width=\"30\" height=\"30\" \/><\/a> <a href=\"https:\/\/agora.xtec.cat\/insmontsia\/secretaria\/preinscripcio-i-matricula\/documentacio-que-cal-aportar-al-moment-de-matricular-se\/\" target=\"_blank\" rel=\"noopener\">Veure documentaci\u00f3 que cal aportar<\/a><\/td>\n<\/tr>\n<\/tbody>\n<\/table>\n<p>Els itineraris formatius espec\u00edfics (IFE) s\u00f3n ensenyaments professionals que s&#8217;adrecen a alumnes amb necessitats educatives especials associades a una discapacitat intel\u00b7lectual lleu o moderada, amb l&#8217;objectiu d&#8217;oferir atenci\u00f3 educativa, a l&#8217;etapa postobligat\u00f2ria, segons les necessitats individuals i les capacitats i habilitats pr\u00f2pies.<\/p>\n<p>La finalitat d&#8217;aquests ensenyaments \u00e9s que els i les alumnes incrementin l&#8217;autonomia personal i assoleixin les compet\u00e8ncies professionals que els facilitin la transici\u00f3 a la vida adulta i la inclusi\u00f3 social i laboral.<\/p>\n<p>Cal tenir com a m\u00ednim 16 anys d\u2019edat i com a m\u00e0xim 20, l\u2019any natural d\u2019inici de l\u2019itinerari.<\/p>\n<p>Excepcionalment, tamb\u00e9 s\u2019hi poden acollir joves que tenen l\u2019edat i les necessitats abans indicades i que hagin obtingut el t\u00edtol de graduat en educaci\u00f3 secund\u00e0ria obligat\u00f2ria per\u00f2 no puguin accedir als ensenyaments de formaci\u00f3 professional ordinaris.<\/p>\n","protected":false},"excerpt":{"rendered":"<p>INFORMACI\u00d3 GENERAL<br \/>\nTota la informaci\u00f3 detallada la trobar\u00e0s en el seg\u00fcent enlla\u00e7:<br \/>\n<a href=\"https:\/\/preinscripcio.gencat.cat\/ca\/estudis\/ife\/inici\/\" target=\"_blank\" rel=\"noopener\">https:\/\/preinscripcio.gencat.cat\/ca\/estudis\/ife\/inici\/<\/a><br \/>\nCalendari de Preinscripci\u00f3 i Matr\u00edcula<\/p>\n<p>Difusi\u00f3 de l&#8217;oferta (document)<br \/>\n8 de maig de 2026<\/p>\n<p>Presentaci\u00f3 de sol\u00b7licituds<br \/>\ndel 11 al 22 de maig de 2026<br \/>\n<a href=\"https:\/\/agora.xtec.cat\/insmontsia\/wp-content\/uploads\/usu12\/2023\/04\/1328101911_Symbol-Check-e1681472830948.png\"><\/a>Es fa presencialment al centre.<\/p>\n<p>Publicaci\u00f3 del llistat amb les&hellip;  <a href=\"https:\/\/agora.xtec.cat\/insmontsia\/secretaria\/preinscripcio-i-matricula\/preinscripcio-itineraris-formatius-especifics\/\" title=\"Read Preinscripci\u00f3 Itineraris Formatius Espec\u00edfics per al curs 2026-27\">Llegeix m\u00e9s\u00bb<\/a><\/p>\n","protected":false},"author":30,"featured_media":0,"parent":471,"menu_order":2,"comment_status":"closed","ping_status":"closed","template":"","meta":{"_bbp_topic_count":0,"_bbp_reply_count":0,"_bbp_total_topic_count":0,"_bbp_total_reply_count":0,"_bbp_voice_count":0,"_bbp_anonymous_reply_count":0,"_bbp_topic_count_hidden":0,"_bbp_reply_count_hidden":0,"_bbp_forum_subforum_count":0,"footnotes":""},"class_list":["post-10781","page","type-page","status-publish","hentry"],"post_mailing_queue_ids":[],"_links":{"self":[{"href":"https:\/\/agora.xtec.cat\/insmontsia\/wp-json\/wp\/v2\/pages\/10781","targetHints":{"allow":["GET"]}}],"collection":[{"href":"https:\/\/agora.xtec.cat\/insmontsia\/wp-json\/wp\/v2\/pages"}],"about":[{"href":"https:\/\/agora.xtec.cat\/insmontsia\/wp-json\/wp\/v2\/types\/page"}],"author":[{"embeddable":true,"href":"https:\/\/agora.xtec.cat\/insmontsia\/wp-json\/wp\/v2\/users\/30"}],"replies":[{"embeddable":true,"href":"https:\/\/agora.xtec.cat\/insmontsia\/wp-json\/wp\/v2\/comments?post=10781"}],"version-history":[{"count":6,"href":"https:\/\/agora.xtec.cat\/insmontsia\/wp-json\/wp\/v2\/pages\/10781\/revisions"}],"predecessor-version":[{"id":17593,"href":"https:\/\/agora.xtec.cat\/insmontsia\/wp-json\/wp\/v2\/pages\/10781\/revisions\/17593"}],"up":[{"embeddable":true,"href":"https:\/\/agora.xtec.cat\/insmontsia\/wp-json\/wp\/v2\/pages\/471"}],"wp:attachment":[{"href":"https:\/\/agora.xtec.cat\/insmontsia\/wp-json\/wp\/v2\/media?parent=10781"}],"curies":[{"name":"wp","href":"https:\/\/api.w.org\/{rel}","templated":true}]}}