{"id":10771,"date":"2023-03-17T20:43:58","date_gmt":"2023-03-17T19:43:58","guid":{"rendered":"https:\/\/agora.xtec.cat\/insmontsia\/?page_id=10771"},"modified":"2026-04-15T19:12:51","modified_gmt":"2026-04-15T17:12:51","slug":"preinscripcio-programes-de-formacio-i-insercio","status":"publish","type":"page","link":"https:\/\/agora.xtec.cat\/insmontsia\/secretaria\/preinscripcio-i-matricula\/preinscripcio-programes-de-formacio-i-insercio\/","title":{"rendered":"Preinscripci\u00f3 Programes de Formaci\u00f3 i Inserci\u00f3 per al curs 2026-27"},"content":{"rendered":"<h2>INFORMACI\u00d3 GENERAL<\/h2>\n<p>Tota la informaci\u00f3 detallada la trobar\u00e0s en el seg\u00fcent enlla\u00e7:<\/p>\n<p><a href=\"https:\/\/preinscripcio.gencat.cat\/ca\/estudis\/pfi\/inici\/\" target=\"_blank\" rel=\"noopener\">https:\/\/preinscripcio.gencat.cat\/ca\/estudis\/pfiinici\/<\/a><\/p>\n<h2>Calendari de preinscripci\u00f3 i matr\u00edcula<\/h2>\n<table style=\"border-collapse: collapse; width: 100%;\">\n<tbody>\n<tr>\n<td style=\"width: 33.3333%; background-color: #fcf36d;\">Difusi\u00f3 de l&#8217;oferta (document) <img loading=\"lazy\" decoding=\"async\" class=\"alignnone wp-image-11187 size-full\" src=\"https:\/\/agora.xtec.cat\/insmontsia\/wp-content\/uploads\/usu12\/2023\/04\/WikiProject_Council_project_list_icon-e1682682233544.png\" alt=\"\" width=\"20\" height=\"18\" \/> <img loading=\"lazy\" decoding=\"async\" class=\"alignnone wp-image-11038 size-full\" src=\"https:\/\/agora.xtec.cat\/insmontsia\/wp-content\/uploads\/usu12\/2023\/04\/Messagebox_info.svg_-1-e1681473246293.png\" alt=\"\" width=\"15\" height=\"15\" \/><\/td>\n<td style=\"width: 33.3333%; background-color: #fcf36d;\">30 d&#8217;abril de 2026<\/td>\n<td style=\"width: 33.3333%; background-color: #fcf36d;\"><\/td>\n<\/tr>\n<tr>\n<td style=\"width: 33.3333%; background-color: #00ff33;\">Presentaci\u00f3 de sol\u00b7licituds<\/td>\n<td style=\"width: 33.3333%; background-color: #00ff33;\">del 4 al 13 de maig de 2026, ambd\u00f3s inclosos<\/td>\n<td style=\"width: 33.3333%; background-color: #00ff33;\"><a href=\"https:\/\/agora.xtec.cat\/insmontsia\/wp-content\/uploads\/usu12\/2023\/04\/1328101911_Symbol-Check-e1681472830948.png\"><img loading=\"lazy\" decoding=\"async\" class=\"size-full wp-image-11037 alignleft\" src=\"https:\/\/agora.xtec.cat\/insmontsia\/wp-content\/uploads\/usu12\/2023\/04\/1328101911_Symbol-Check-e1681472830948.png\" alt=\"\" width=\"30\" height=\"30\" \/><\/a>La presentaci\u00f3 \u00e9s telem\u00e0tica i la trobar\u00e0s en el seg\u00fcent enlla\u00e7: <a href=\"https:\/\/educacio.gencat.cat\/ca\/tramits\/tramits-temes\/preinscripcio-pfi\" target=\"_blank\" rel=\"noopener\">https:\/\/educacio.gencat.cat\/ca\/tramits\/tramits-temes\/preinscripcio-pfi<\/a><\/td>\n<\/tr>\n<tr>\n<td style=\"width: 33.3333%; background-color: #fcf36d;\">Entrevistes d&#8217;orientaci\u00f3 i valoraci\u00f3<\/td>\n<td style=\"width: 33.3333%; background-color: #fcf36d;\">del 4 al 26 de maig de 2026 a les 14:00 hores, segons convocat\u00f2ria individual feta pel centre<\/td>\n<td style=\"width: 33.3333%; background-color: #fcf36d;\"><\/td>\n<\/tr>\n<tr>\n<td style=\"width: 33.3333%; background-color: #ff9d00;\">Publicaci\u00f3 del llistat amb la puntuaci\u00f3 provisional (Llista) <img loading=\"lazy\" decoding=\"async\" class=\"alignnone wp-image-11187 size-full\" src=\"https:\/\/agora.xtec.cat\/insmontsia\/wp-content\/uploads\/usu12\/2023\/04\/WikiProject_Council_project_list_icon-e1682682233544.png\" alt=\"\" width=\"20\" height=\"18\" \/> <img loading=\"lazy\" decoding=\"async\" class=\"alignnone wp-image-11038 size-full\" src=\"https:\/\/agora.xtec.cat\/insmontsia\/wp-content\/uploads\/usu12\/2023\/04\/Messagebox_info.svg_-1-e1681473246293.png\" alt=\"\" width=\"15\" height=\"15\" \/><\/td>\n<td style=\"width: 33.3333%; background-color: #ff9d00;\">28 de maig de 2026<\/td>\n<td style=\"width: 33.3333%; background-color: #ff9d00;\"><a href=\"https:\/\/agora.xtec.cat\/insmontsia\/wp-content\/uploads\/usu12\/2023\/04\/120px-Dialog-warning-yellow.svg_-e1681472182827.png\"><img loading=\"lazy\" decoding=\"async\" class=\"size-full wp-image-11036 alignleft\" src=\"https:\/\/agora.xtec.cat\/insmontsia\/wp-content\/uploads\/usu12\/2023\/04\/120px-Dialog-warning-yellow.svg_-e1681472182827.png\" alt=\"\" width=\"30\" height=\"29\" \/><\/a>\u00c9s molt important consultar aquesta llista per tal d&#8217;assegurar-se que s&#8217;ha tramitat correctament la sol\u00b7licitud i no hi ha cap errada en el barem.<\/td>\n<\/tr>\n<tr>\n<td style=\"width: 33.3333%; background-color: #fcf36d;\">Per\u00edode de reclamacions<\/td>\n<td style=\"width: 33.3333%; background-color: #fcf36d;\">del 28 de maig al 3 de juny de 2026, utilitzant l&#8217;eina electr\u00f2nica per adjuntar reclamacions<\/td>\n<td style=\"width: 33.3333%; background-color: #fcf36d;\">\u00c9s molt important fer les reclamacions dins aquest per\u00edode.<\/td>\n<\/tr>\n<tr>\n<td style=\"width: 33.3333%; background-color: #fcf36d;\">Sorteig per resoldre sol\u00b7licituds empatades en punts<\/td>\n<td style=\"width: 33.3333%; background-color: #fcf36d;\">8 de juny de 2026 a les 11:00 hores<\/td>\n<td style=\"width: 33.3333%; background-color: #fcf36d;\">Als serveis centrals del Departament d&#8217;Educaci\u00f3 i Formaci\u00f3 Professional.<\/td>\n<\/tr>\n<tr>\n<td style=\"width: 33.3333%; background-color: #fcf36d;\">Publicaci\u00f3 del llistat amb les puntuacions definitives (Llista) <img loading=\"lazy\" decoding=\"async\" class=\"alignnone wp-image-11187 size-full\" src=\"https:\/\/agora.xtec.cat\/insmontsia\/wp-content\/uploads\/usu12\/2023\/04\/WikiProject_Council_project_list_icon-e1682682233544.png\" alt=\"\" width=\"20\" height=\"18\" \/> <a><img loading=\"lazy\" decoding=\"async\" class=\"alignnone wp-image-11038 size-full\" src=\"https:\/\/agora.xtec.cat\/insmontsia\/wp-content\/uploads\/usu12\/2023\/04\/Messagebox_info.svg_-1-e1681473246293.png\" alt=\"\" width=\"15\" height=\"15\" \/><\/a><\/td>\n<td style=\"width: 33.3333%; background-color: #fcf36d;\">8 de juny de 2026<\/td>\n<td style=\"width: 33.3333%; background-color: #fcf36d;\"><\/td>\n<\/tr>\n<tr>\n<td style=\"width: 33.3333%; background-color: #fcf36d;\">Publicaci\u00f3 del llistat ordenada d&#8217;admesos per a l&#8217;assignaci\u00f3 de places (Llista) <img loading=\"lazy\" decoding=\"async\" class=\"alignnone wp-image-11187 size-full\" src=\"https:\/\/agora.xtec.cat\/insmontsia\/wp-content\/uploads\/usu12\/2023\/04\/WikiProject_Council_project_list_icon-e1682682233544.png\" alt=\"\" width=\"20\" height=\"18\" \/> <a><img loading=\"lazy\" decoding=\"async\" class=\"alignnone wp-image-11038 size-full\" src=\"https:\/\/agora.xtec.cat\/insmontsia\/wp-content\/uploads\/usu12\/2023\/04\/Messagebox_info.svg_-1-e1681473246293.png\" alt=\"\" width=\"15\" height=\"15\" \/><\/a><\/td>\n<td style=\"width: 33.3333%; background-color: #fcf36d;\">11 de juny de 2026<\/td>\n<td style=\"width: 33.3333%; background-color: #fcf36d;\"><\/td>\n<\/tr>\n<tr>\n<td style=\"width: 33.3333%; background-color: #fcf36d;\">Ampliaci\u00f3 de peticions de preinscripci\u00f3<\/td>\n<td style=\"width: 33.3333%; background-color: #fcf36d;\">del 25 al 29 de juny de 2026, ambd\u00f3s inclosos<\/td>\n<td style=\"width: 33.3333%; background-color: #fcf36d;\">Per a alumnes sense pla\u00e7a assignada a cap centre<\/td>\n<\/tr>\n<tr>\n<td style=\"width: 33.3333%; background-color: #fcf36d;\">Publicaci\u00f3 de l&#8217;oferta final de places (Llista) <img loading=\"lazy\" decoding=\"async\" class=\"alignnone wp-image-11187 size-full\" src=\"https:\/\/agora.xtec.cat\/insmontsia\/wp-content\/uploads\/usu12\/2023\/04\/WikiProject_Council_project_list_icon-e1682682233544.png\" alt=\"\" width=\"20\" height=\"18\" \/> <a><img loading=\"lazy\" decoding=\"async\" class=\"alignnone wp-image-11038 size-full\" src=\"https:\/\/agora.xtec.cat\/insmontsia\/wp-content\/uploads\/usu12\/2023\/04\/Messagebox_info.svg_-1-e1681473246293.png\" alt=\"\" width=\"15\" height=\"15\" \/><\/a><\/td>\n<td style=\"width: 33.3333%; background-color: #fcf36d;\">3 de juliol de 2026<\/td>\n<td style=\"width: 33.3333%; background-color: #fcf36d;\"><\/td>\n<\/tr>\n<tr>\n<td style=\"width: 33.3333%; background-color: #fcf36d;\">Publicaci\u00f3 del llistat de places, admesos i llista d&#8217;espera<\/p>\n<p>Centres assignats als preinscrits (Llista) <img loading=\"lazy\" decoding=\"async\" class=\"alignnone wp-image-11187 size-full\" src=\"https:\/\/agora.xtec.cat\/insmontsia\/wp-content\/uploads\/usu12\/2023\/04\/WikiProject_Council_project_list_icon-e1682682233544.png\" alt=\"\" width=\"20\" height=\"18\" \/> <a><img loading=\"lazy\" decoding=\"async\" class=\"alignnone wp-image-11038 size-full\" src=\"https:\/\/agora.xtec.cat\/insmontsia\/wp-content\/uploads\/usu12\/2023\/04\/Messagebox_info.svg_-1-e1681473246293.png\" alt=\"\" width=\"15\" height=\"15\" \/><\/a><\/p>\n<p>Alumnat assignat al centre (Llista) <img loading=\"lazy\" decoding=\"async\" class=\"alignnone wp-image-11187 size-full\" src=\"https:\/\/agora.xtec.cat\/insmontsia\/wp-content\/uploads\/usu12\/2023\/04\/WikiProject_Council_project_list_icon-e1682682233544.png\" alt=\"\" width=\"20\" height=\"18\" \/> <a><img loading=\"lazy\" decoding=\"async\" class=\"alignnone wp-image-11038 size-full\" src=\"https:\/\/agora.xtec.cat\/insmontsia\/wp-content\/uploads\/usu12\/2023\/04\/Messagebox_info.svg_-1-e1681473246293.png\" alt=\"\" width=\"15\" height=\"15\" \/><\/a><\/p>\n<p>Alumnat en llista d&#8217;espera (Llista) <img loading=\"lazy\" decoding=\"async\" class=\"alignnone wp-image-11187 size-full\" src=\"https:\/\/agora.xtec.cat\/insmontsia\/wp-content\/uploads\/usu12\/2023\/04\/WikiProject_Council_project_list_icon-e1682682233544.png\" alt=\"\" width=\"20\" height=\"18\" \/> <a><img loading=\"lazy\" decoding=\"async\" class=\"alignnone wp-image-11038 size-full\" src=\"https:\/\/agora.xtec.cat\/insmontsia\/wp-content\/uploads\/usu12\/2023\/04\/Messagebox_info.svg_-1-e1681473246293.png\" alt=\"\" width=\"15\" height=\"15\" \/><\/a><\/td>\n<td style=\"width: 33.3333%; background-color: #fcf36d;\">3 de juliol de 2026<\/td>\n<td style=\"width: 33.3333%; background-color: #fcf36d;\"><\/td>\n<\/tr>\n<tr>\n<td style=\"width: 33.3333%; background-color: #fcf36d;\">Per\u00edode per a interposar reclamacions a les llistes d&#8217;alumnes amb pla\u00e7a assignada davant la comissi\u00f3 de garanties d&#8217;admissi\u00f3<\/td>\n<td style=\"width: 33.3333%; background-color: #fcf36d;\">del 6 al 8 de juliol de 2026<\/td>\n<td style=\"width: 33.3333%; background-color: #fcf36d;\"><\/td>\n<\/tr>\n<tr>\n<td style=\"width: 33.3333%; background-color: #fcf36d;\">Per\u00edode per interposar recurs d&#8217;al\u00e7ada a les llistes d&#8217;alumnes amb pla\u00e7a assignada<\/td>\n<td style=\"width: 33.3333%; background-color: #fcf36d;\">1 mes davant els serveis territorials d&#8217;educaci\u00f3 corresponents<\/td>\n<td style=\"width: 33.3333%; background-color: #fcf36d;\"><\/td>\n<\/tr>\n<tr>\n<td style=\"width: 33.3333%; background-color: #00ff33;\">Per\u00edode de formalitzaci\u00f3 de la matr\u00edcula<\/td>\n<td style=\"width: 33.3333%; background-color: #00ff33;\">del 6 al 10 de juliol de 2026, ambd\u00f3s inclosos<\/td>\n<td style=\"width: 33.3333%; background-color: #00ff33;\"><a href=\"https:\/\/agora.xtec.cat\/insmontsia\/wp-content\/uploads\/usu12\/2023\/04\/1328101911_Symbol-Check-e1681472830948.png\"><img loading=\"lazy\" decoding=\"async\" class=\"alignnone size-full wp-image-11037\" src=\"https:\/\/agora.xtec.cat\/insmontsia\/wp-content\/uploads\/usu12\/2023\/04\/1328101911_Symbol-Check-e1681472830948.png\" alt=\"\" width=\"30\" height=\"30\" \/><\/a> \u00a0\u00a0 <a href=\"https:\/\/agora.xtec.cat\/insmontsia\/secretaria\/preinscripcio-i-matricula\/documentacio-que-cal-aportar-al-moment-de-matricular-se\/\" target=\"_blank\" rel=\"noopener\">Veure documentaci\u00f3 que cal aportar<\/a><\/td>\n<\/tr>\n<\/tbody>\n<\/table>\n<p>Aquests Programes de Formaci\u00f3 i Inserci\u00f3 (PFI) s\u00f3n el primer nivell de qualificaci\u00f3 dins dels estudis de formaci\u00f3 professional i s&#8217;adscriuen a diferents fam\u00edlies professionals. Permeten l&#8217;assoliment de compet\u00e8ncies professionals i l&#8217;adquisici\u00f3 de compet\u00e8ncies instrumentals b\u00e0siques.<\/p>\n<p>S&#8217;adrecen a joves d&#8217;entre 16 i 21 anys que no han finalitzat l&#8217;educaci\u00f3 secund\u00e0ria obligat\u00f2ria. S\u00f3n estudis voluntaris i la seva durada \u00e9s d&#8217;un curs acad\u00e8mic.<\/p>\n<p>L&#8217;alumnat rep un acompanyament i una tutoritzaci\u00f3 essencial per a l&#8217;assoliment dels objectius del programa. Els aprenentatges s\u00f3n vivencials i vinculats amb l&#8217;entorn proper, i inclouen pr\u00e0ctiques en empresa; s&#8217;apr\u00e8n fent, utilitzant metodologies actives i globals.<\/p>\n<p>Amb aquests estudis es facilita la continu\u00eftat formativa dins de la formaci\u00f3 professional i l&#8217;aprenentatge de les compet\u00e8ncies transversals i professionals necess\u00e0ries per al m\u00f3n del treball.<\/p>\n","protected":false},"excerpt":{"rendered":"<p>INFORMACI\u00d3 GENERAL<br \/>\nTota la informaci\u00f3 detallada la trobar\u00e0s en el seg\u00fcent enlla\u00e7:<br \/>\n<a href=\"https:\/\/preinscripcio.gencat.cat\/ca\/estudis\/pfi\/inici\/\" target=\"_blank\" rel=\"noopener\">https:\/\/preinscripcio.gencat.cat\/ca\/estudis\/pfiinici\/<\/a><br \/>\nCalendari de preinscripci\u00f3 i matr\u00edcula<\/p>\n<p>Difusi\u00f3 de l&#8217;oferta (document)<br \/>\n30 d&#8217;abril de 2026<\/p>\n<p>Presentaci\u00f3 de sol\u00b7licituds<br \/>\ndel 4 al 13 de maig de 2026, ambd\u00f3s inclosos<br \/>\n<a href=\"https:\/\/agora.xtec.cat\/insmontsia\/wp-content\/uploads\/usu12\/2023\/04\/1328101911_Symbol-Check-e1681472830948.png\"><\/a>La presentaci\u00f3 \u00e9s telem\u00e0tica i la trobar\u00e0s en&hellip;  <a href=\"https:\/\/agora.xtec.cat\/insmontsia\/secretaria\/preinscripcio-i-matricula\/preinscripcio-programes-de-formacio-i-insercio\/\" title=\"Read Preinscripci\u00f3 Programes de Formaci\u00f3 i Inserci\u00f3 per al curs 2026-27\">Llegeix m\u00e9s\u00bb<\/a><\/p>\n","protected":false},"author":30,"featured_media":0,"parent":471,"menu_order":1,"comment_status":"closed","ping_status":"closed","template":"","meta":{"_bbp_topic_count":0,"_bbp_reply_count":0,"_bbp_total_topic_count":0,"_bbp_total_reply_count":0,"_bbp_voice_count":0,"_bbp_anonymous_reply_count":0,"_bbp_topic_count_hidden":0,"_bbp_reply_count_hidden":0,"_bbp_forum_subforum_count":0,"footnotes":""},"class_list":["post-10771","page","type-page","status-publish","hentry"],"post_mailing_queue_ids":[],"_links":{"self":[{"href":"https:\/\/agora.xtec.cat\/insmontsia\/wp-json\/wp\/v2\/pages\/10771","targetHints":{"allow":["GET"]}}],"collection":[{"href":"https:\/\/agora.xtec.cat\/insmontsia\/wp-json\/wp\/v2\/pages"}],"about":[{"href":"https:\/\/agora.xtec.cat\/insmontsia\/wp-json\/wp\/v2\/types\/page"}],"author":[{"embeddable":true,"href":"https:\/\/agora.xtec.cat\/insmontsia\/wp-json\/wp\/v2\/users\/30"}],"replies":[{"embeddable":true,"href":"https:\/\/agora.xtec.cat\/insmontsia\/wp-json\/wp\/v2\/comments?post=10771"}],"version-history":[{"count":7,"href":"https:\/\/agora.xtec.cat\/insmontsia\/wp-json\/wp\/v2\/pages\/10771\/revisions"}],"predecessor-version":[{"id":17606,"href":"https:\/\/agora.xtec.cat\/insmontsia\/wp-json\/wp\/v2\/pages\/10771\/revisions\/17606"}],"up":[{"embeddable":true,"href":"https:\/\/agora.xtec.cat\/insmontsia\/wp-json\/wp\/v2\/pages\/471"}],"wp:attachment":[{"href":"https:\/\/agora.xtec.cat\/insmontsia\/wp-json\/wp\/v2\/media?parent=10771"}],"curies":[{"name":"wp","href":"https:\/\/api.w.org\/{rel}","templated":true}]}}