{"id":1074,"date":"2017-06-23T10:46:07","date_gmt":"2017-06-23T08:46:07","guid":{"rendered":"http:\/\/agora.xtec.cat\/insmontsia\/?page_id=1074"},"modified":"2025-09-26T13:48:45","modified_gmt":"2025-09-26T11:48:45","slug":"informacio-reconeixement","status":"publish","type":"page","link":"https:\/\/agora.xtec.cat\/insmontsia\/informacio-reconeixement\/","title":{"rendered":"Informaci\u00f3 Reconeixement"},"content":{"rendered":"<h5><a href=\"https:\/\/agora.xtec.cat\/insmontsia\/wp-content\/uploads\/usu12\/2020\/02\/logo_reconeixement.png\"><img loading=\"lazy\" decoding=\"async\" class=\"alignnone size-full wp-image-4493\" src=\"https:\/\/agora.xtec.cat\/insmontsia\/wp-content\/uploads\/usu12\/2020\/02\/logo_reconeixement.png\" alt=\"\" width=\"80\" height=\"80\" \/><\/a><\/h5>\n<p>&nbsp;<\/p>\n<div>\n<h3>Per\u00edode d&#8217;inscripcions Assessorament i Reconeixement: <strong>obert fins al 6 de d&#8217;octubre de 2025<\/strong><\/h3>\n<h3><\/h3>\n<h3>Reuni\u00f3 obligat\u00f2ria referent al proc\u00e9s d&#8217;assessorament i reconeixement prevista per al dimecres\u00a0 dia <strong>7<\/strong><b><u> d&#8217;octubre de 2025 a les 19:30\u00a0<\/u><\/b><\/h3>\n<\/div>\n<h3><\/h3>\n<p>&nbsp;<\/p>\n<h3><a href=\"https:\/\/agora.xtec.cat\/insmontsia\/wp-content\/uploads\/usu12\/2025\/09\/Oferta-places-25-26.docx.pdf\" target=\"_blank\" rel=\"noopener\"><strong>Places de la convocat\u00f2ria<\/strong><\/a><\/h3>\n<p>&nbsp;<\/p>\n<h3><a href=\"https:\/\/forms.gle\/wXs9tssA1inii1aV7\" target=\"_blank\" rel=\"noopener\">Acc\u00e9s a <strong>Inscripci\u00f3 assessorament i reconeixement<\/strong><\/a><\/h3>\n<div class=\"b_text\">\n<p>&nbsp;<\/p>\n<\/div>\n<h5><b>Servei de Reconeixement Acad\u00e8mic de l&#8217;experi\u00e8ncia laboral<\/b><\/h5>\n<ul>\n<li>Servei que presta el centre educatiu de forma individual, a sol\u00b7licitud de la persona interessada.<\/li>\n<li>Es tracta d&#8217;un proc\u00e9s documental, d&#8217;entrevista, avaluaci\u00f3 i certificaci\u00f3 per tal de recon\u00e8ixer acad\u00e8micament els treballs i\/o feines que una persona ha realitzat durant la seva vida laboral.<\/li>\n<li>En el proc\u00e9s es verifiquen les feines realitzades i s\u2019equiparen amb els continguts dels cicles formatius de formaci\u00f3 professional.<\/li>\n<li>La persona pr\u00e8viament ha d\u2019haver realitzat el proc\u00e9s d\u2019assessorament en la formaci\u00f3 professionals del sistema educatiu.<\/li>\n<li>S&#8217;adre\u00e7a a les persones que han complert\u00a0<strong>18 anys<\/strong>\u00a0i poden acreditar una experi\u00e8ncia laboral o en activitats socials d&#8217;almenys\u00a0\u00a0<strong>2 anys\u00a0<\/strong>en el sector relacionat amb el cicle formatiu del qual volen recon\u00e8ixer els aprenentatges.<\/li>\n<li>Per a participar-hi ha d&#8217;acreditar amb l&#8217;informe d&#8217;assessorament que han rebut aquest servei previ, tamb\u00e9 hi poden participar les persones que hagin fet la fase d&#8217;orientaci\u00f3 i assessorament o la fase d&#8217;assessorament en qualsevol convocat\u00f2ria del proc\u00e9s per a l&#8217;acreditaci\u00f3 de les compet\u00e8ncies professionals relatives a les unitats de compet\u00e8ncia establertes en els t\u00edtols de\u00a0 t\u00e8cnic i t\u00e8cnic superior de CF de FP del sistema educatiu; sempre que es tracti del mateix t\u00edtol o un t\u00edtol que es consideri af\u00ed, a tal afecte presentaran el certificat d&#8217;orientaci\u00f3 sobre l&#8217;acreditaci\u00f3 de compet\u00e8ncies lliurat pel centre.<\/li>\n<li>El servei conclou amb un certificat oficial expedit pel centre on hi constaran els cr\u00e8dits o unitats formatives\u00a0 reconegudes.<\/li>\n<li>El certificat\u00a0 quan completin un cr\u00e8dit, una unitat formativa o un m\u00f2dul d&#8217;un cicle formatiu, comportar\u00e0 l&#8217;anotaci\u00f3 de\u00a0<b>\u201cConvalidat\u201d\u00a0<\/b>en l&#8217;expedient acad\u00e8mic quan la persona es matriculi en el cicle formatiu corresponent amb els requisits d&#8217;acc\u00e9s.<\/li>\n<\/ul>\n<h5><b>Quin cost t\u00e9 el servei?<\/b><\/h5>\n<p><strong>Preu del Servei: 18\u20ac\u00a0<\/strong>per Unitat Formativa o 40\u20ac per cr\u00e8dit que es vol recon\u00e8ixer (centres p\u00fablics del Departament d&#8217;Ensenyament)<\/p>\n<h5><strong>Bonificacions i exempcions del preu p\u00fablic.<\/strong><\/h5>\n<p>Seran aplicables, amb la justificaci\u00f3 documental pr\u00e8via, les exempcions i bonificacions seg\u00fcents:<\/p>\n<p><strong>Bonificaci\u00f3<\/strong><br \/>\na) Les persones membres de fam\u00edlies nombroses classificades en la de categoria general i les persones membres de fam\u00edlies monoparentals, tenen una bonificaci\u00f3 del 50% dels imports dels preus p\u00fablics, sense que ambdues bonificacions siguin acumulables.<\/p>\n<p><strong>Exempci\u00f3<\/strong><br \/>\na) Les persones membres de fam\u00edlies nombroses de categoria especial.<br \/>\nb) Les persones que posseeixin la declaraci\u00f3 legal de minusv\u00e0lua en un grau igual o superior al 33%.<br \/>\nc) Les persones subjectes a mesures privatives de llibertat.<br \/>\nd) Les v\u00edctimes d&#8217;actes terroristes, els seus c\u00f2njuges i els seus fills.<\/p>\n<h5><b>Criteris d&#8217;admissi\u00f3:<\/b><\/h5>\n<p>L&#8217;ordre d&#8217;admissi\u00f3, en els centres p\u00fablics s&#8217;aplicaran, successivament , els seg\u00fcents criteris:<\/p>\n<p>a) Haver fet la fase d&#8217;orientaci\u00f3 i assessorament o la fase d&#8217;orientaci\u00f3, en qualsevol convocat\u00f2ria del proc\u00e9s per a l&#8217;acreditaci\u00f3 de les compet\u00e8ncies professionals; en cas d&#8217;empat es prioritzar\u00e0 la major edat.<\/p>\n<p>b)\u00a0El major temps de desenvolupament d&#8217;experi\u00e8ncia laboral o en activitats socials relacionades amb el cicle formatiu.<\/p>\n<h5><b>Reclamaci\u00f3 i recurs:<\/b><\/h5>\n<p>Contra els resultats finals del reconeixement acad\u00e8mic dels aprenentatges les persones interessades poden reclamar davant del centre en el termini de 5 dies des de l&#8217;endem\u00e0 de la publicaci\u00f3 dels resultats.<\/p>\n<p>Contra la desestimaci\u00f3 de la reclamaci\u00f3 presentada davant del centre, que no exhaureix la via administrativa, les persones interessades poden interposar recurs d&#8217;al\u00e7ada davant la Direcci\u00f3 General competent en mat\u00e8ria de formaci\u00f3 professional inicial en el termini d&#8217;un mes a comptar de l&#8217;endem\u00e0 de la seva notificaci\u00f3.<\/p>\n<h5><\/h5>\n<table style=\"border: none; background: transparent;\" width=\"100%\" align=\"center\">\n<tbody>\n<tr style=\"border: none; background: transparent;\" align=\"center\">\n<td style=\"border: none; background: transparent;\" width=\"50%\"><a href=\"https:\/\/docs.google.com\/forms\/d\/e\/1FAIpQLSeL_17a1rrhR6bgpi1t0LpS4De1HFWd3Kos5Uyr2fos9NEkZw\/viewform?usp=pp_url\"><br \/>\n<\/a><img decoding=\"async\" class=\" wp-image-5057 aligncenter\" src=\"https:\/\/agora.xtec.cat\/insmontsia\/wp-content\/uploads\/usu12\/2020\/02\/logo_assessorament_reconeixement.png\" alt=\"\" width=\"30%\" \/><\/td>\n<\/tr>\n<\/tbody>\n<\/table>\n","protected":false},"excerpt":{"rendered":"<p><a href=\"https:\/\/agora.xtec.cat\/insmontsia\/wp-content\/uploads\/usu12\/2020\/02\/logo_reconeixement.png\"><\/a><br \/>\n&nbsp;<\/p>\n<p>Per\u00edode d&#8217;inscripcions Assessorament i Reconeixement: obert fins al 6 de d&#8217;octubre de 2025<\/p>\n<p>Reuni\u00f3 obligat\u00f2ria referent al proc\u00e9s d&#8217;assessorament i reconeixement prevista per al dimecres\u00a0 dia 7 d&#8217;octubre de 2025 a les 19:30\u00a0<\/p>\n<p>&nbsp;<br \/>\n<a href=\"https:\/\/agora.xtec.cat\/insmontsia\/wp-content\/uploads\/usu12\/2025\/09\/Oferta-places-25-26.docx.pdf\" target=\"_blank\" rel=\"noopener\">Places de la convocat\u00f2ria<\/a><br \/>\n&nbsp;<br \/>\n<a href=\"https:\/\/forms.gle\/wXs9tssA1inii1aV7\" target=\"_blank\" rel=\"noopener\">Acc\u00e9s a Inscripci\u00f3 assessorament&hellip;  <a href=\"https:\/\/agora.xtec.cat\/insmontsia\/informacio-reconeixement\/\" title=\"Read Informaci\u00f3 Reconeixement\">Llegeix m\u00e9s\u00bb<\/a><\/p>\n","protected":false},"author":1,"featured_media":0,"parent":0,"menu_order":0,"comment_status":"closed","ping_status":"closed","template":"","meta":{"_bbp_topic_count":0,"_bbp_reply_count":0,"_bbp_total_topic_count":0,"_bbp_total_reply_count":0,"_bbp_voice_count":0,"_bbp_anonymous_reply_count":0,"_bbp_topic_count_hidden":0,"_bbp_reply_count_hidden":0,"_bbp_forum_subforum_count":0,"footnotes":""},"class_list":["post-1074","page","type-page","status-publish","hentry"],"post_mailing_queue_ids":[],"_links":{"self":[{"href":"https:\/\/agora.xtec.cat\/insmontsia\/wp-json\/wp\/v2\/pages\/1074","targetHints":{"allow":["GET"]}}],"collection":[{"href":"https:\/\/agora.xtec.cat\/insmontsia\/wp-json\/wp\/v2\/pages"}],"about":[{"href":"https:\/\/agora.xtec.cat\/insmontsia\/wp-json\/wp\/v2\/types\/page"}],"author":[{"embeddable":true,"href":"https:\/\/agora.xtec.cat\/insmontsia\/wp-json\/wp\/v2\/users\/1"}],"replies":[{"embeddable":true,"href":"https:\/\/agora.xtec.cat\/insmontsia\/wp-json\/wp\/v2\/comments?post=1074"}],"version-history":[{"count":7,"href":"https:\/\/agora.xtec.cat\/insmontsia\/wp-json\/wp\/v2\/pages\/1074\/revisions"}],"predecessor-version":[{"id":15966,"href":"https:\/\/agora.xtec.cat\/insmontsia\/wp-json\/wp\/v2\/pages\/1074\/revisions\/15966"}],"wp:attachment":[{"href":"https:\/\/agora.xtec.cat\/insmontsia\/wp-json\/wp\/v2\/media?parent=1074"}],"curies":[{"name":"wp","href":"https:\/\/api.w.org\/{rel}","templated":true}]}}