{"id":1052,"date":"2017-06-23T09:13:54","date_gmt":"2017-06-23T07:13:54","guid":{"rendered":"http:\/\/agora.xtec.cat\/insmontsia\/?page_id=1052"},"modified":"2025-09-26T13:49:06","modified_gmt":"2025-09-26T11:49:06","slug":"informacio-assessorament","status":"publish","type":"page","link":"https:\/\/agora.xtec.cat\/insmontsia\/informacio-assessorament\/","title":{"rendered":"Informaci\u00f3 Assessorament"},"content":{"rendered":"<div class=\"b_text\">\n<h5><\/h5>\n<h5><a href=\"https:\/\/agora.xtec.cat\/insmontsia\/wp-content\/uploads\/usu12\/2020\/02\/logo_assessorament.png\"><img loading=\"lazy\" decoding=\"async\" class=\"alignnone size-full wp-image-4490\" src=\"https:\/\/agora.xtec.cat\/insmontsia\/wp-content\/uploads\/usu12\/2020\/02\/logo_assessorament.png\" alt=\"\" width=\"80\" height=\"80\" \/><\/a><\/h5>\n<\/div>\n<p>&nbsp;<\/p>\n<div>\n<p>&nbsp;<\/p>\n<h3>Per\u00edode d&#8217;inscripcions Assessorament i Reconeixement: <strong>obert fins al 6 de d&#8217;octubre de 2025<\/strong><\/h3>\n<h3><\/h3>\n<h3>Reuni\u00f3 obligat\u00f2ria referent al proc\u00e9s d&#8217;assessorament i reconeixement prevista per al dimecres\u00a0 dia <strong>7<\/strong><b><u> d&#8217;octubre de 2025 a les 19:30\u00a0<\/u><\/b><\/h3>\n<\/div>\n<h3><\/h3>\n<p>&nbsp;<\/p>\n<h3><a href=\"https:\/\/agora.xtec.cat\/insmontsia\/wp-content\/uploads\/usu12\/2025\/09\/Oferta-places-25-26.docx.pdf\" target=\"_blank\" rel=\"noopener\"><strong>Places de la convocat\u00f2ria<\/strong><\/a><\/h3>\n<p>&nbsp;<\/p>\n<div class=\"b_text\">\n<h5><a href=\"https:\/\/forms.gle\/wXs9tssA1inii1aV7\" target=\"_blank\" rel=\"noopener\">Acc\u00e9s a <strong>Inscripci\u00f3 assessorament i reconeixement<\/strong><\/a><\/h5>\n<p>&nbsp;<\/p>\n<h5><strong>Servei d\u2019Assessorament<\/strong><\/h5>\n<h5><\/h5>\n<ul>\n<li>Servei que presta el centre educatiu de forma individual, a sol\u2022licitud de la persona interessada.<\/li>\n<li>S\u2019adre\u00e7a a les persones adultes interessades en obtenir una diagnosi de les seves possibilitats formatives i de promoci\u00f3 professional i con\u00e8ixer l\u2019itinerari formatiu m\u00e9s adequat per aconseguir l\u2019objectiu de qualificaci\u00f3 proposat.<\/li>\n<li>\u00c9s un servei personalitzat que ajuda a\u00a0 les persones a definir i assolir el seu objectiu\u00a0 professional mitjan\u00e7ant la identificaci\u00f3 de la formaci\u00f3 amb reconeixement acad\u00e8mic, l\u2019an\u00e0lisi de les possibilitats de recon\u00e8ixer acad\u00e8micament la seva experi\u00e8ncia laboral i la determinaci\u00f3 d\u2019un pla de treball\u00a0 per a aconseguir-ho.<\/li>\n<\/ul>\n<h5><strong>Qu\u00e8 m\u2019ofereix:<\/strong><\/h5>\n<ul>\n<li>Disposar de forma individual d\u2019un assessor especialista en una fam\u00edlia professional que m\u2019ajudar\u00e0 a identificar les meves capacitats, interessos i el meu objectiu professional al llarg de diferents sessions de treball.<\/li>\n<li>Entendre les possibilitats que m\u2019ofereix el sistema de Formaci\u00f3 Professional i com puc beneficiar-me\u2019n.<\/li>\n<li>Saber si la meva experi\u00e8ncia laboral es pot recon\u00e8ixer acad\u00e8micament\u00a0 per continguts d\u2019un cicle formatiu, i qu\u00e8 he de fer per aconseguir-ho.<\/li>\n<li>Con\u00e8ixer si els cursos de formaci\u00f3 que he realitzat tenen reconeixement acad\u00e8mic i en quina mesura em poden ajudar a assolir un t\u00edtol de Formaci\u00f3 Professional.<\/li>\n<li>Assessorament per decidir l\u2019estrat\u00e8gia de formaci\u00f3 que millor s\u2019adapti als meus interessos, traject\u00f2ria professional i al temps de qu\u00e8 disposo.<\/li>\n<li>Disposar d\u2019un informe d\u2019assessorament amb un pla de treball personalitzat amb les indicacions sobre les actuacions que he de fer, i informacions pr\u00e0ctiques per assolir un t\u00edtol de Formaci\u00f3 Professional.<\/li>\n<li>L\u2019informe d\u2019assessorament obtingut \u00e9s un requisit per \u00a0presentar-se al servei de reconeixement de l\u2019experi\u00e8ncia laboral.<\/li>\n<\/ul>\n<h5><strong>Quin cost t\u00e9 el servei?<\/strong><\/h5>\n<ul>\n<li><strong>Preu del Servei:\u00a0\u00a0 <\/strong>t\u00e9 un cost determinat pel preu p\u00fablic de 60,00 \u20ac<\/li>\n<\/ul>\n<h5><strong>Bonificacions i exempcions del preu p\u00fablic.<\/strong><\/h5>\n<p>Seran aplicables, amb la justificaci\u00f3 documental pr\u00e8via, les exempcions i bonificacions seg\u00fcents:<\/p>\n<p><strong>Bonificaci\u00f3<\/strong><br \/>\na)\u00a0\u00a0\u00a0 Les persones membres de fam\u00edlies nombroses classificades en la de categoria general i les persones membres de fam\u00edlies monoparentals, tenen una bonificaci\u00f3 del 50% dels imports dels preus p\u00fablics, sense que ambdues bonificacions siguin acumulables.<\/p>\n<p><strong>Exempci\u00f3<\/strong><br \/>\na)\u00a0Les persones membres de fam\u00edlies nombroses de categoria especial.<br \/>\nb)\u00a0Les persones que posseeixin la declaraci\u00f3 legal de minusv\u00e0lua en un grau igual o superior al 33%.<br \/>\nc)\u00a0Les persones subjectes a mesures privatives de llibertat.<br \/>\nd) Les v\u00edctimes d\u2019actes terroristes, els seus c\u00f2njuges i els seus fills.<\/p>\n<h5><strong>Criteris d\u2019admissi\u00f3:<\/strong><\/h5>\n<p>Si el nombre de sol\u00b7licituds \u00e9s superior al nombre de places, s\u2019aplicaran successivament\u00a0 els seg\u00fcents criteris:<\/p>\n<p>a)\u00a0Haver fet la fase d\u2019orientaci\u00f3 i assessorament o la fase d\u2019orientaci\u00f3, en qualsevol convocat\u00f2ria del proc\u00e9s per a l\u2019acreditaci\u00f3 de les compet\u00e8ncies professionals; en cas d\u2019empat es prioritzar\u00e0 la major edat.<\/p>\n<p>b)\u00a0El major temps de desenvolupament d\u2019experi\u00e8ncia laboral o en activitats socials relacionades amb el cicle formatiu.<\/p>\n<p>c)\u00a0Un cop aplicats els criteris precedents, si resten persones sense pla\u00e7a, se les podr\u00e0 re assignar a altres centres\u00a0 p\u00fablics o b\u00e9 tindran acc\u00e9s preferent per ser admeses en el mateix centre i cicle formatiu, en el curs acad\u00e8mic seg\u00fcent.<\/p>\n<h5><strong>Reclamaci\u00f3 i recurs:<\/strong><\/h5>\n<p>Contra els resultats finals\u00a0 les persones interessades poden reclamar davant del centre en el termini de 5 dies des de l\u2019endem\u00e0 de la publicaci\u00f3 dels resultats.<\/p>\n<p>Contra la desestimaci\u00f3 de la reclamaci\u00f3 presentada davant del centre, que no exhaureix la via administrativa, les persones interessades poden interposar recurs d\u2019al\u00e7ada davant la Direcci\u00f3 General competent en mat\u00e8ria de formaci\u00f3 professional inicial en el termini d\u2019un mes a comptar de l\u2019endem\u00e0 de la seva notificaci\u00f3.<\/p>\n<\/div>\n<h5><\/h5>\n<table style=\"border: none; background: transparent;\" width=\"100%\" align=\"center\">\n<tbody>\n<tr style=\"border: none; background: transparent;\" align=\"center\">\n<td style=\"border: none; background: transparent;\" width=\"50%\"><img decoding=\"async\" class=\" wp-image-5057 aligncenter\" src=\"https:\/\/agora.xtec.cat\/insmontsia\/wp-content\/uploads\/usu12\/2020\/02\/logo_assessorament_reconeixement.png\" alt=\"\" width=\"30%\" \/><\/td>\n<\/tr>\n<\/tbody>\n<\/table>\n","protected":false},"excerpt":{"rendered":"<p><a href=\"https:\/\/agora.xtec.cat\/insmontsia\/wp-content\/uploads\/usu12\/2020\/02\/logo_assessorament.png\"><\/a><\/p>\n<p>&nbsp;<\/p>\n<p>&nbsp;<br \/>\nPer\u00edode d&#8217;inscripcions Assessorament i Reconeixement: obert fins al 6 de d&#8217;octubre de 2025<\/p>\n<p>Reuni\u00f3 obligat\u00f2ria referent al proc\u00e9s d&#8217;assessorament i reconeixement prevista per al dimecres\u00a0 dia 7 d&#8217;octubre de 2025 a les 19:30\u00a0<\/p>\n<p>&nbsp;<br \/>\n<a href=\"https:\/\/agora.xtec.cat\/insmontsia\/wp-content\/uploads\/usu12\/2025\/09\/Oferta-places-25-26.docx.pdf\" target=\"_blank\" rel=\"noopener\">Places de la convocat\u00f2ria<\/a><br \/>\n&nbsp;<\/p>\n<p><a href=\"https:\/\/forms.gle\/wXs9tssA1inii1aV7\" target=\"_blank\" rel=\"noopener\">Acc\u00e9s a Inscripci\u00f3 assessorament&hellip;  <a href=\"https:\/\/agora.xtec.cat\/insmontsia\/informacio-assessorament\/\" title=\"Read Informaci\u00f3 Assessorament\">Llegeix m\u00e9s\u00bb<\/a><\/p>\n","protected":false},"author":1,"featured_media":0,"parent":0,"menu_order":0,"comment_status":"closed","ping_status":"closed","template":"","meta":{"_bbp_topic_count":0,"_bbp_reply_count":0,"_bbp_total_topic_count":0,"_bbp_total_reply_count":0,"_bbp_voice_count":0,"_bbp_anonymous_reply_count":0,"_bbp_topic_count_hidden":0,"_bbp_reply_count_hidden":0,"_bbp_forum_subforum_count":0,"footnotes":""},"class_list":["post-1052","page","type-page","status-publish","hentry"],"post_mailing_queue_ids":[],"_links":{"self":[{"href":"https:\/\/agora.xtec.cat\/insmontsia\/wp-json\/wp\/v2\/pages\/1052","targetHints":{"allow":["GET"]}}],"collection":[{"href":"https:\/\/agora.xtec.cat\/insmontsia\/wp-json\/wp\/v2\/pages"}],"about":[{"href":"https:\/\/agora.xtec.cat\/insmontsia\/wp-json\/wp\/v2\/types\/page"}],"author":[{"embeddable":true,"href":"https:\/\/agora.xtec.cat\/insmontsia\/wp-json\/wp\/v2\/users\/1"}],"replies":[{"embeddable":true,"href":"https:\/\/agora.xtec.cat\/insmontsia\/wp-json\/wp\/v2\/comments?post=1052"}],"version-history":[{"count":7,"href":"https:\/\/agora.xtec.cat\/insmontsia\/wp-json\/wp\/v2\/pages\/1052\/revisions"}],"predecessor-version":[{"id":15967,"href":"https:\/\/agora.xtec.cat\/insmontsia\/wp-json\/wp\/v2\/pages\/1052\/revisions\/15967"}],"wp:attachment":[{"href":"https:\/\/agora.xtec.cat\/insmontsia\/wp-json\/wp\/v2\/media?parent=1052"}],"curies":[{"name":"wp","href":"https:\/\/api.w.org\/{rel}","templated":true}]}}