{"id":1046,"date":"2017-06-16T11:11:08","date_gmt":"2017-06-16T09:11:08","guid":{"rendered":"http:\/\/agora.xtec.cat\/insmontsia\/?page_id=1046"},"modified":"2017-06-16T11:11:54","modified_gmt":"2017-06-16T09:11:54","slug":"inscripcio-telematica","status":"publish","type":"page","link":"https:\/\/agora.xtec.cat\/insmontsia\/alumnat\/inscripcio-telematica\/","title":{"rendered":"Inscripci\u00f3 telem\u00e0tica"},"content":{"rendered":"<p align=\"justify\"><span style=\"font-family: 'Liberation Sans', sans-serif;\"><span style=\"font-size: small;\"><b>PROCEDIMENT D&#8217;INSCRIPCI\u00d3 TELEM\u00c0TICA DE L&#8217;ALUMNAT DE L&#8217;INSTITUT MONTSI\u00c0.<\/b><\/span><\/span><\/p>\n<p align=\"justify\"><span style=\"font-family: 'Liberation Sans', sans-serif;\"><span style=\"font-size: small;\">Una vegada formalitzada la matr\u00edcula, tot l&#8217;alumnat que es matriculi del<b> primer curs <\/b>d&#8217;algun dels cicles oferits a l&#8217;Institut Montsi\u00e0 haur\u00e0 de realitzar obligat\u00f2riament una inscripci\u00f3 telem\u00e0tica. Si l\u2019alumne\/alumna ja ha realitzat aquest procediment o ja t\u00e9 usuari de l\u2019institut no cal que ho faci, simplement haur\u00e0 de comunicar al\/la tutor\/tutora aquesta situaci\u00f3.<\/span><\/span><\/p>\n<p align=\"justify\"><span style=\"font-family: 'Liberation Sans', sans-serif;\"><span style=\"font-size: small;\">D&#8217;aquesta forma es podr\u00e0 treballar amb les eines inform\u00e0tiques que posar\u00e0 al seu abast l&#8217;institut i que seran necess\u00e0ries durant la seva formaci\u00f3. L&#8217;alumna de segon curs no cal que realitzi aquest procediment.<\/span><\/span><\/p>\n<p align=\"justify\"><span style=\"font-family: 'Liberation Sans', sans-serif;\"><span style=\"font-size: small;\">Per portar a terme aquesta inscripci\u00f3 s&#8217;haur\u00e0 d&#8217;accedir, despr\u00e9s d&#8217;haver formalitzat la matr\u00edcula, a la seg\u00fcent adre\u00e7a web:<\/span><\/span><\/p>\n<p align=\"center\"><span style=\"font-family: 'Liberation Sans', sans-serif;\"><span style=\"font-size: medium;\"><b><a href=\"http:\/\/inscripcio.iesmontsia.org\/\">http:\/\/inscripcio.iesmontsia.org\/<\/a><\/b><\/span><\/span><\/p>\n<p align=\"justify\"><span style=\"font-family: 'Liberation Sans', sans-serif;\"><span style=\"font-size: small;\">El proc\u00e9s d&#8217;inscripci\u00f3 es desglossa en dues parts o fases:<\/span><\/span><\/p>\n<p align=\"justify\"><span style=\"font-family: 'Liberation Sans', sans-serif;\"><span style=\"font-size: small;\"><b>1. Emplenat del formulari web<\/b><\/span><\/span><\/p>\n<p align=\"justify\"><span style=\"font-family: 'Liberation Sans', sans-serif;\"><span style=\"font-size: small;\">En aquesta p\u00e0gina web s&#8217;hauran d&#8217;introduir les seg\u00fcents dades personals i formatives demanades: el nom complet, els cognoms (en cas de tenir un cognom tan sols s&#8217;ha d&#8217;emplenar el camp corresponent al primer cognom), el sexe, el DNI o NIE, l&#8217;adre\u00e7a de correu electr\u00f2nic (<i>email<\/i>), els estudis que es cursaran, la contrasenya (aquesta s&#8217;haur\u00e0 d&#8217;introduir dues vegades i hauran de coincidir) i finalment realitzar el test <i>captcha<\/i>.<\/span><\/span><\/p>\n<p align=\"justify\"><span style=\"font-family: 'Liberation Sans', sans-serif;\"><span style=\"font-size: small;\">Aspectes a tenir presents a l&#8217;hora d&#8217;emplenar el formulari d&#8217;inscripci\u00f3:<\/span><\/span><\/p>\n<ul>\n<li>\n<p align=\"justify\"><span style=\"font-family: 'Liberation Sans', sans-serif;\"><span style=\"font-size: small;\">El DNI o NIE ha de contenir la lletra o lletres en <\/span><\/span><span style=\"font-family: 'Liberation Sans', sans-serif;\"><span style=\"font-size: small;\"><b>maj\u00fascula<\/b><\/span><\/span><span style=\"font-family: 'Liberation Sans', sans-serif;\"><span style=\"font-size: small;\"> que figuren al document.<\/span><\/span><\/p>\n<\/li>\n<li>\n<p align=\"justify\"><span style=\"font-family: 'Liberation Sans', sans-serif;\"><span style=\"font-size: small;\">La contrasenya s&#8217;ha d&#8217;introduir dos cops i ha de coincidir. Una vegada introdu\u00efda la contrasenya, no es podr\u00e0 ni recuperar i canviar telem\u00e0ticament, aix\u00ed que \u00e9s <b>important que la recordeu<\/b>.<\/span><\/span><\/p>\n<\/li>\n<li>\n<p align=\"justify\"><span style=\"font-family: 'Liberation Sans', sans-serif;\"><span style=\"font-size: small;\">S&#8217;haur\u00e0 de <\/span><\/span><span style=\"font-family: 'Liberation Sans', sans-serif;\"><span style=\"font-size: small;\">realitzar<\/span><\/span><span style=\"font-family: 'Liberation Sans', sans-serif;\"><span style=\"font-size: small;\"> un test <\/span><\/span><span style=\"font-family: 'Liberation Sans', sans-serif;\"><span style=\"font-size: small;\"><i>captcha<\/i><\/span><\/span><span style=\"font-family: 'Liberation Sans', sans-serif;\"><span style=\"font-size: small;\">. Aquest test \u00e9s per evitar problemes de seguretat i atacs externs i consisteix en marcar unes imatges que es correspondran a una pregunta realitzada al propi test.<\/span><\/span><\/p>\n<\/li>\n<\/ul>\n<p align=\"justify\">\n<p align=\"justify\"><span style=\"font-family: 'Liberation Sans', sans-serif;\"><span style=\"font-size: small;\"><b>2. Validaci\u00f3 i verificaci\u00f3 del compte d&#8217;usuari<\/b><\/span><\/span><\/p>\n<p align=\"justify\"><span style=\"font-family: 'Liberation Sans', sans-serif;\"><span style=\"font-size: small;\">Una vegada emplenat el formulari, rebreu un missatge al vostre compte de correu electr\u00f2nic des de l&#8217;Institut Montsi\u00e0. La finalitat d&#8217;aquest \u00e9s la confirmaci\u00f3 i verificaci\u00f3 per part de l&#8217;alumnat de la inscripci\u00f3 realitzada. Si no es realitza la validaci\u00f3, el proc\u00e9s d&#8217;inscripci\u00f3 no ser\u00e0 complet, aix\u00ed que \u00e9s important validar el compte d&#8217;usuari clicant a l&#8217;adre\u00e7a que apareixer\u00e0 al cos del correu electr\u00f2nic (o copiant i enganxant l&#8217;adre\u00e7a web al navegador web). El propi missatge incorpora les instruccions i recordatoris b\u00e0sics a tenir presents.<\/span><\/span><\/p>\n<p align=\"justify\"><span style=\"font-family: 'Liberation Sans', sans-serif;\"><span style=\"font-size: small;\">Realitzat aquest pas el proc\u00e9s d&#8217;inscripci\u00f3 haur\u00e0 finalitzat i ja es disposar\u00e0 d&#8217;un compte d&#8217;usuari a l&#8217;Institut Montsi\u00e0. A l&#8217;inici del nou curs rebreu les indicacions i instruccions per poder fer servir aquest compte.<\/span><\/span><\/p>\n<p align=\"justify\">\n","protected":false},"excerpt":{"rendered":"<p>PROCEDIMENT D&#8217;INSCRIPCI\u00d3 TELEM\u00c0TICA DE L&#8217;ALUMNAT DE L&#8217;INSTITUT MONTSI\u00c0.<br \/>\nUna vegada formalitzada la matr\u00edcula, tot l&#8217;alumnat que es matriculi del primer curs d&#8217;algun dels cicles oferits a l&#8217;Institut Montsi\u00e0 haur\u00e0 de realitzar obligat\u00f2riament una inscripci\u00f3 telem\u00e0tica. Si l\u2019alumne\/alumna ja ha realitzat aquest procediment o ja t\u00e9 usuari&hellip;  <a href=\"https:\/\/agora.xtec.cat\/insmontsia\/alumnat\/inscripcio-telematica\/\" title=\"Read Inscripci\u00f3 telem\u00e0tica\">Llegeix m\u00e9s\u00bb<\/a><\/p>\n","protected":false},"author":1,"featured_media":0,"parent":1017,"menu_order":0,"comment_status":"closed","ping_status":"closed","template":"","meta":{"_bbp_topic_count":0,"_bbp_reply_count":0,"_bbp_total_topic_count":0,"_bbp_total_reply_count":0,"_bbp_voice_count":0,"_bbp_anonymous_reply_count":0,"_bbp_topic_count_hidden":0,"_bbp_reply_count_hidden":0,"_bbp_forum_subforum_count":0,"footnotes":""},"class_list":["post-1046","page","type-page","status-publish","hentry"],"post_mailing_queue_ids":[],"_links":{"self":[{"href":"https:\/\/agora.xtec.cat\/insmontsia\/wp-json\/wp\/v2\/pages\/1046","targetHints":{"allow":["GET"]}}],"collection":[{"href":"https:\/\/agora.xtec.cat\/insmontsia\/wp-json\/wp\/v2\/pages"}],"about":[{"href":"https:\/\/agora.xtec.cat\/insmontsia\/wp-json\/wp\/v2\/types\/page"}],"author":[{"embeddable":true,"href":"https:\/\/agora.xtec.cat\/insmontsia\/wp-json\/wp\/v2\/users\/1"}],"replies":[{"embeddable":true,"href":"https:\/\/agora.xtec.cat\/insmontsia\/wp-json\/wp\/v2\/comments?post=1046"}],"version-history":[{"count":2,"href":"https:\/\/agora.xtec.cat\/insmontsia\/wp-json\/wp\/v2\/pages\/1046\/revisions"}],"predecessor-version":[{"id":1048,"href":"https:\/\/agora.xtec.cat\/insmontsia\/wp-json\/wp\/v2\/pages\/1046\/revisions\/1048"}],"up":[{"embeddable":true,"href":"https:\/\/agora.xtec.cat\/insmontsia\/wp-json\/wp\/v2\/pages\/1017"}],"wp:attachment":[{"href":"https:\/\/agora.xtec.cat\/insmontsia\/wp-json\/wp\/v2\/media?parent=1046"}],"curies":[{"name":"wp","href":"https:\/\/api.w.org\/{rel}","templated":true}]}}