{"id":1019,"date":"2017-06-14T10:18:05","date_gmt":"2017-06-14T08:18:05","guid":{"rendered":"http:\/\/agora.xtec.cat\/insmontsia\/?page_id=1019"},"modified":"2017-06-14T11:24:14","modified_gmt":"2017-06-14T09:24:14","slug":"caducitat-del-compte-dusuari","status":"publish","type":"page","link":"https:\/\/agora.xtec.cat\/insmontsia\/alumnat\/caducitat-del-compte-dusuari\/","title":{"rendered":"Caducitat del compte d&#8217;usuari"},"content":{"rendered":"<p><strong>Caducitat del compte d&#8217;usuari per accedir als serveis inform\u00e0tics de l&#8217;Institut Montsi\u00e0<\/strong><\/p>\n<p>Una vegada finalitzats els estudis a l&#8217;Institut Montsi\u00e0 el compte d&#8217;usuari lligat a l&#8217;alumnat ser\u00e0 eliminat. Aquest compte d&#8217;usuari \u00e9s el que es fa servir per accedir al correu electr\u00f2nic, Moodle i altres serveis del centre (<em><strong>iesmontsia.org<\/strong><\/em>).<\/p>\n<p>Per tant, cal tenir present que totes les dades i informaci\u00f3 del perfil que estiguin lligats a aquest compte <span style=\"color: #ff0000;\"><strong><span style=\"font-size: 125%;\">seran eliminats a finals del mes de juliol<\/span><\/strong><\/span> de cada curs escolar. Tan sols afectar\u00e0 al l&#8217;alumnat que finalitzi un cicle o hagi formalitzat la baixa del centre.<\/p>\n<p>&nbsp;<\/p>\n","protected":false},"excerpt":{"rendered":"<p>Caducitat del compte d&#8217;usuari per accedir als serveis inform\u00e0tics de l&#8217;Institut Montsi\u00e0<br \/>\nUna vegada finalitzats els estudis a l&#8217;Institut Montsi\u00e0 el compte d&#8217;usuari lligat a l&#8217;alumnat ser\u00e0 eliminat. Aquest compte d&#8217;usuari \u00e9s el que es fa servir per accedir al correu electr\u00f2nic, Moodle i altres serveis&hellip;  <a href=\"https:\/\/agora.xtec.cat\/insmontsia\/alumnat\/caducitat-del-compte-dusuari\/\" title=\"Read Caducitat del compte d&#8217;usuari\">Llegeix m\u00e9s\u00bb<\/a><\/p>\n","protected":false},"author":1,"featured_media":0,"parent":1017,"menu_order":0,"comment_status":"closed","ping_status":"closed","template":"","meta":{"_bbp_topic_count":0,"_bbp_reply_count":0,"_bbp_total_topic_count":0,"_bbp_total_reply_count":0,"_bbp_voice_count":0,"_bbp_anonymous_reply_count":0,"_bbp_topic_count_hidden":0,"_bbp_reply_count_hidden":0,"_bbp_forum_subforum_count":0,"footnotes":""},"class_list":["post-1019","page","type-page","status-publish","hentry"],"post_mailing_queue_ids":[],"_links":{"self":[{"href":"https:\/\/agora.xtec.cat\/insmontsia\/wp-json\/wp\/v2\/pages\/1019","targetHints":{"allow":["GET"]}}],"collection":[{"href":"https:\/\/agora.xtec.cat\/insmontsia\/wp-json\/wp\/v2\/pages"}],"about":[{"href":"https:\/\/agora.xtec.cat\/insmontsia\/wp-json\/wp\/v2\/types\/page"}],"author":[{"embeddable":true,"href":"https:\/\/agora.xtec.cat\/insmontsia\/wp-json\/wp\/v2\/users\/1"}],"replies":[{"embeddable":true,"href":"https:\/\/agora.xtec.cat\/insmontsia\/wp-json\/wp\/v2\/comments?post=1019"}],"version-history":[{"count":4,"href":"https:\/\/agora.xtec.cat\/insmontsia\/wp-json\/wp\/v2\/pages\/1019\/revisions"}],"predecessor-version":[{"id":1034,"href":"https:\/\/agora.xtec.cat\/insmontsia\/wp-json\/wp\/v2\/pages\/1019\/revisions\/1034"}],"up":[{"embeddable":true,"href":"https:\/\/agora.xtec.cat\/insmontsia\/wp-json\/wp\/v2\/pages\/1017"}],"wp:attachment":[{"href":"https:\/\/agora.xtec.cat\/insmontsia\/wp-json\/wp\/v2\/media?parent=1019"}],"curies":[{"name":"wp","href":"https:\/\/api.w.org\/{rel}","templated":true}]}}