{"id":5865,"date":"2019-09-11T14:24:14","date_gmt":"2019-09-11T12:24:14","guid":{"rendered":"http:\/\/agora.xtec.cat\/insmontserratcolomer\/?page_id=5865"},"modified":"2019-09-11T14:31:42","modified_gmt":"2019-09-11T12:31:42","slug":"projecte-linguistic-de-centre-plc","status":"publish","type":"page","link":"https:\/\/agora.xtec.cat\/insmontserratcolomer\/documents-de-centre\/projecte-educatiu\/projecte-linguistic-de-centre-plc\/","title":{"rendered":"Projecte Ling\u00fc\u00edstic de Centre (PLC)"},"content":{"rendered":"<p>Per accedir al Projecte ling\u00fc\u00edstic de centre cliqueu al seg\u00fcent enlla\u00e7:<\/p>\n<p><a href=\"https:\/\/drive.google.com\/file\/d\/1YH3P3F4kwxtDTBKv3pf5SOVj9LZ6MtyC\/view?usp=sharing\">Document PLC<\/a><\/p>\n","protected":false},"excerpt":{"rendered":"<p>Per accedir al Projecte ling\u00fc\u00edstic de centre cliqueu al seg\u00fcent enlla\u00e7:<br \/>\n<a href=\"https:\/\/drive.google.com\/file\/d\/1YH3P3F4kwxtDTBKv3pf5SOVj9LZ6MtyC\/view?usp=sharing\">Document PLC<\/a><\/p>\n","protected":false},"author":386,"featured_media":0,"parent":57,"menu_order":1,"comment_status":"closed","ping_status":"closed","template":"page-templates\/side-menu.php","meta":{"_bbp_topic_count":0,"_bbp_reply_count":0,"_bbp_total_topic_count":0,"_bbp_total_reply_count":0,"_bbp_voice_count":0,"_bbp_anonymous_reply_count":0,"_bbp_topic_count_hidden":0,"_bbp_reply_count_hidden":0,"_bbp_forum_subforum_count":0,"footnotes":""},"class_list":["post-5865","page","type-page","status-publish","hentry"],"post_mailing_queue_ids":[],"_links":{"self":[{"href":"https:\/\/agora.xtec.cat\/insmontserratcolomer\/wp-json\/wp\/v2\/pages\/5865","targetHints":{"allow":["GET"]}}],"collection":[{"href":"https:\/\/agora.xtec.cat\/insmontserratcolomer\/wp-json\/wp\/v2\/pages"}],"about":[{"href":"https:\/\/agora.xtec.cat\/insmontserratcolomer\/wp-json\/wp\/v2\/types\/page"}],"author":[{"embeddable":true,"href":"https:\/\/agora.xtec.cat\/insmontserratcolomer\/wp-json\/wp\/v2\/users\/386"}],"replies":[{"embeddable":true,"href":"https:\/\/agora.xtec.cat\/insmontserratcolomer\/wp-json\/wp\/v2\/comments?post=5865"}],"version-history":[{"count":1,"href":"https:\/\/agora.xtec.cat\/insmontserratcolomer\/wp-json\/wp\/v2\/pages\/5865\/revisions"}],"predecessor-version":[{"id":5866,"href":"https:\/\/agora.xtec.cat\/insmontserratcolomer\/wp-json\/wp\/v2\/pages\/5865\/revisions\/5866"}],"up":[{"embeddable":true,"href":"https:\/\/agora.xtec.cat\/insmontserratcolomer\/wp-json\/wp\/v2\/pages\/57"}],"wp:attachment":[{"href":"https:\/\/agora.xtec.cat\/insmontserratcolomer\/wp-json\/wp\/v2\/media?parent=5865"}],"curies":[{"name":"wp","href":"https:\/\/api.w.org\/{rel}","templated":true}]}}