{"id":49,"date":"2014-09-17T16:55:55","date_gmt":"2014-09-17T16:55:55","guid":{"rendered":"http:\/\/agora.xtec.cat\/insmontserratcolomer\/?page_id=49"},"modified":"2026-01-30T14:48:22","modified_gmt":"2026-01-30T13:48:22","slug":"normes-dorganitzacio-i-funcionament","status":"publish","type":"page","link":"https:\/\/agora.xtec.cat\/insmontserratcolomer\/documents-de-centre\/normes-dorganitzacio-i-funcionament\/","title":{"rendered":"Normes d&#8217;organitzaci\u00f3 i funcionament"},"content":{"rendered":"<p><span style=\"font-weight: 400;\">Les presents <a href=\"https:\/\/drive.google.com\/file\/d\/1Tm9LCDXaOqoJrAivHyty3fqHVAM9p2B-\/view?usp=drive_link\">Normes d\u2019Organitzaci\u00f3 i Funcionament del Centre (NOFC)<\/a> de l&#8217;Institut Montserrat Colomer constitueixen l\u2019instrument vertebrador que regula la vida acad\u00e8mica, administrativa i convivencial de la nostra comunitat educativa. Aquest document s\u2019emmarca dins del Projecte Educatiu de Centre (PEC) i t\u00e9 com a finalitat \u00faltima garantir un entorn de treball, aprenentatge i conviv\u00e8ncia que faciliti l&#8217;\u00e8xit educatiu de tot l&#8217;alumnat.<\/span><\/p>\n<p><span style=\"font-weight: 400;\">L&#8217;elaboraci\u00f3 i l&#8217;aplicaci\u00f3 d&#8217;aquestes normes es fonamenten en el marc normatiu vigent a Catalunya, posant un \u00e8mfasi especial en dos pilars fonamentals que defineixen la identitat i la gesti\u00f3 del nostre centre: l&#8217;autonomia de gesti\u00f3 i l&#8217;aposta ferma per un sistema educatiu inclusiu.<\/span><\/p>\n<p><a href=\"https:\/\/agora.xtec.cat\/insmontserratcolomer\/wp-content\/uploads\/usu109\/2026\/01\/Captura-de-pantalla-2023-02-22-085936.jpg\"><img loading=\"lazy\" decoding=\"async\" class=\"aligncenter size-full wp-image-8429\" src=\"https:\/\/agora.xtec.cat\/insmontserratcolomer\/wp-content\/uploads\/usu109\/2026\/01\/Captura-de-pantalla-2023-02-22-085936.jpg\" alt=\"\" width=\"888\" height=\"352\" srcset=\"https:\/\/agora.xtec.cat\/insmontserratcolomer\/wp-content\/uploads\/usu109\/2026\/01\/Captura-de-pantalla-2023-02-22-085936.jpg 888w, https:\/\/agora.xtec.cat\/insmontserratcolomer\/wp-content\/uploads\/usu109\/2026\/01\/Captura-de-pantalla-2023-02-22-085936-300x119.jpg 300w, https:\/\/agora.xtec.cat\/insmontserratcolomer\/wp-content\/uploads\/usu109\/2026\/01\/Captura-de-pantalla-2023-02-22-085936-768x304.jpg 768w, https:\/\/agora.xtec.cat\/insmontserratcolomer\/wp-content\/uploads\/usu109\/2026\/01\/Captura-de-pantalla-2023-02-22-085936-200x79.jpg 200w\" sizes=\"auto, (max-width: 888px) 100vw, 888px\" \/><\/a><\/p>\n<p>&nbsp;<\/p>\n<p>&nbsp;<\/p>\n<p>&nbsp;<\/p>\n<p>&nbsp;<\/p>\n<p>&nbsp;<\/p>\n<p>&nbsp;<\/p>\n","protected":false},"excerpt":{"rendered":"<p>Les presents <a href=\"https:\/\/drive.google.com\/file\/d\/1Tm9LCDXaOqoJrAivHyty3fqHVAM9p2B-\/view?usp=drive_link\">Normes d\u2019Organitzaci\u00f3 i Funcionament del Centre (NOFC)<\/a> de l&#8217;Institut Montserrat Colomer constitueixen l\u2019instrument vertebrador que regula la vida acad\u00e8mica, administrativa i convivencial de la nostra comunitat educativa. Aquest document s\u2019emmarca dins del Projecte Educatiu de Centre (PEC) i t\u00e9 com a finalitat&hellip;  <a href=\"https:\/\/agora.xtec.cat\/insmontserratcolomer\/documents-de-centre\/normes-dorganitzacio-i-funcionament\/\" title=\"Read Normes d&#8217;organitzaci\u00f3 i funcionament\">Llegeix m\u00e9s\u00bb<\/a><\/p>\n","protected":false},"author":1,"featured_media":0,"parent":5861,"menu_order":0,"comment_status":"closed","ping_status":"closed","template":"page-templates\/side-menu.php","meta":{"_bbp_topic_count":0,"_bbp_reply_count":0,"_bbp_total_topic_count":0,"_bbp_total_reply_count":0,"_bbp_voice_count":0,"_bbp_anonymous_reply_count":0,"_bbp_topic_count_hidden":0,"_bbp_reply_count_hidden":0,"_bbp_forum_subforum_count":0,"footnotes":""},"class_list":["post-49","page","type-page","status-publish","hentry"],"post_mailing_queue_ids":[],"_links":{"self":[{"href":"https:\/\/agora.xtec.cat\/insmontserratcolomer\/wp-json\/wp\/v2\/pages\/49","targetHints":{"allow":["GET"]}}],"collection":[{"href":"https:\/\/agora.xtec.cat\/insmontserratcolomer\/wp-json\/wp\/v2\/pages"}],"about":[{"href":"https:\/\/agora.xtec.cat\/insmontserratcolomer\/wp-json\/wp\/v2\/types\/page"}],"author":[{"embeddable":true,"href":"https:\/\/agora.xtec.cat\/insmontserratcolomer\/wp-json\/wp\/v2\/users\/1"}],"replies":[{"embeddable":true,"href":"https:\/\/agora.xtec.cat\/insmontserratcolomer\/wp-json\/wp\/v2\/comments?post=49"}],"version-history":[{"count":5,"href":"https:\/\/agora.xtec.cat\/insmontserratcolomer\/wp-json\/wp\/v2\/pages\/49\/revisions"}],"predecessor-version":[{"id":8430,"href":"https:\/\/agora.xtec.cat\/insmontserratcolomer\/wp-json\/wp\/v2\/pages\/49\/revisions\/8430"}],"up":[{"embeddable":true,"href":"https:\/\/agora.xtec.cat\/insmontserratcolomer\/wp-json\/wp\/v2\/pages\/5861"}],"wp:attachment":[{"href":"https:\/\/agora.xtec.cat\/insmontserratcolomer\/wp-json\/wp\/v2\/media?parent=49"}],"curies":[{"name":"wp","href":"https:\/\/api.w.org\/{rel}","templated":true}]}}