{"id":46,"date":"2014-09-17T16:53:45","date_gmt":"2014-09-17T16:53:45","guid":{"rendered":"http:\/\/agora.xtec.cat\/insmontserratcolomer\/?page_id=46"},"modified":"2025-10-27T16:36:27","modified_gmt":"2025-10-27T15:36:27","slug":"organigrama","status":"publish","type":"page","link":"https:\/\/agora.xtec.cat\/insmontserratcolomer\/linstitut\/organigrama\/","title":{"rendered":"Organigrama"},"content":{"rendered":"<p><b>Equip de Direcci\u00f3<\/b><\/p>\n<table style=\"width: 65.22%; height: 267px;\">\n<tbody>\n<tr>\n<td style=\"width: 25.802%;\"><span style=\"font-weight: 400;\">Directora<\/span><\/td>\n<td style=\"width: 16.4575%;\">Nat\u00e0lia Mayor<\/td>\n<td style=\"width: 16.7364%;\"><span style=\"font-weight: 400;\">direccio@institutmontserratcolomer.cat<\/span><\/td>\n<td style=\"width: 56.4652%;\"><span style=\"font-weight: 400;\">Professora F\u00edsica i Qu\u00edmica<br \/>\n<\/span><\/td>\n<\/tr>\n<tr>\n<td style=\"width: 25.802%;\"><span style=\"font-weight: 400;\">Coordinadora Pedag\u00f2gica<\/span><\/td>\n<td style=\"width: 16.4575%;\">Sonia Mart\u00edn<\/td>\n<td style=\"width: 16.7364%;\"><span style=\"font-weight: 400;\">ccurricular@institutmontserratcolomer.cat<\/span><\/td>\n<td style=\"width: 56.4652%;\"><span style=\"font-weight: 400;\">Professora Llengua Castellana i Literatura<br \/>\n<\/span><\/td>\n<\/tr>\n<tr>\n<td style=\"width: 25.802%;\"><span style=\"font-weight: 400;\">Secret\u00e0ria<\/span><\/td>\n<td style=\"width: 16.4575%;\"><span style=\"font-weight: 400;\">Montse Ambl\u00e0s<\/span><\/td>\n<td style=\"width: 16.7364%;\"><span style=\"font-weight: 400;\">secretaria@institutmontserratcolomer.cat<\/span><\/td>\n<td style=\"width: 56.4652%;\"><span style=\"font-weight: 400;\">Professora Matem\u00e0tiques<\/span><\/td>\n<\/tr>\n<tr>\n<td style=\"width: 25.802%;\"><span style=\"font-weight: 400;\">Cap d&#8217;Estudis<\/span><\/td>\n<td style=\"width: 16.4575%;\"><span style=\"font-weight: 400;\">Magda Gonz\u00e0lez<\/span><\/td>\n<td style=\"width: 16.7364%;\"><span style=\"font-weight: 400;\">capdestudis@institutmontserratcolomer.cat<\/span><\/td>\n<td style=\"width: 56.4652%;\"><span style=\"font-weight: 400;\">Professora Biologia i Geologia<br \/>\n<\/span><\/td>\n<\/tr>\n<\/tbody>\n<\/table>\n<p>&nbsp;<\/p>\n<p><b>Equip de Coordinadors\/es de Nivell<\/b><\/p>\n<table style=\"border-collapse: collapse; width: 100%; height: 243px;\">\n<tbody>\n<tr style=\"height: 56px;\">\n<td style=\"width: 33.3333%; height: 56px;\">Batxillerat<\/td>\n<td style=\"width: 26.7206%; height: 56px;\"><span style=\"font-weight: 400;\">Nadine Rubio<\/span><\/td>\n<td style=\"width: 33.3333%; height: 56px;\">\n<p style=\"padding-left: 40px; text-align: justify;\">coordbatx<span class=\"atwho-query\">@<\/span>institutmontserratcolomer.cat<\/p>\n<\/td>\n<\/tr>\n<tr style=\"height: 56px;\">\n<td style=\"width: 33.3333%; height: 56px;\">ESO 1<\/td>\n<td style=\"width: 26.7206%; height: 56px;\"><span style=\"font-weight: 400;\">Flora Lloret<\/span><\/td>\n<td style=\"width: 33.3333%; height: 56px;\">coord1eso@institutmontserratcolomer.cat<\/td>\n<\/tr>\n<tr style=\"height: 56px;\">\n<td style=\"width: 33.3333%; height: 56px;\">ESO 2<\/td>\n<td style=\"width: 26.7206%; height: 56px;\"><span style=\"font-weight: 400;\">Maria Camps<\/span><\/td>\n<td style=\"width: 33.3333%; height: 56px;\">coord2eso@institutmontserratcolomer.cat<\/td>\n<\/tr>\n<tr style=\"height: 56px;\">\n<td style=\"width: 33.3333%; height: 56px;\">ESO 3<\/td>\n<td style=\"width: 26.7206%; height: 56px;\"><span style=\"font-weight: 400;\">Javier Anta<\/span><\/td>\n<td style=\"width: 33.3333%; height: 56px;\">coord3eso@institutmontserratcolomer.cat<\/td>\n<\/tr>\n<tr style=\"height: 19px;\">\n<td style=\"width: 33.3333%; height: 19px;\">ESO 4<\/td>\n<td style=\"width: 26.7206%; height: 19px;\"><span style=\"font-weight: 400;\">Ana Calvo<\/span><\/td>\n<td style=\"width: 33.3333%; height: 19px;\">coord4eso@institutmontserratcolomer.cat<\/td>\n<\/tr>\n<\/tbody>\n<\/table>\n<p>&nbsp;<\/p>\n<p><b>Caps d\u2019\u00c0mbit<\/b><\/p>\n<table style=\"width: 95.879%; height: 224px;\">\n<tbody>\n<tr>\n<td style=\"width: 31.7862%;\"><span style=\"font-weight: 400;\">\u00c0mbit ling\u00fc\u00edstic (catal\u00e0, castell\u00e0, angl\u00e9s)<\/span><\/td>\n<td style=\"width: 16.737%;\"><span style=\"font-weight: 400;\">Aura Trujillo<\/span><\/td>\n<td style=\"width: 50.0703%;\"><span style=\"font-weight: 400;\">auratrujillo.prof@institutmontserratcolomer.cat<\/span><\/td>\n<\/tr>\n<tr>\n<td style=\"width: 31.7862%;\"><span style=\"font-weight: 400;\">\u00c0mbit SAE (social, art\u00edstic i expressi\u00f3)<\/span><\/td>\n<td style=\"width: 16.737%;\"><span style=\"font-weight: 400;\">Marta Nebot<\/span><\/td>\n<td style=\"width: 50.0703%;\"><span style=\"font-weight: 400;\">martanebot.prof@institutmontserratcolomer.cat<\/span><\/td>\n<\/tr>\n<tr>\n<td style=\"width: 31.7862%;\"><span style=\"font-weight: 400;\">\u00c0mbit TCM (tecnologia, ci\u00e8ncies i matem\u00e0tiques)<\/span><\/td>\n<td style=\"width: 16.737%;\"><span style=\"font-weight: 400;\">Laura Haba<\/span><\/td>\n<td style=\"width: 50.0703%;\"><span style=\"font-weight: 400;\">laurahaba.prof@institutmontserratcolomer.cat<\/span><\/td>\n<\/tr>\n<tr>\n<td style=\"width: 31.7862%;\"><span style=\"font-weight: 400;\">Orientaci\u00f3\u00a0<\/span><\/td>\n<td style=\"width: 16.737%;\"><span style=\"font-weight: 400;\">Montse Castellanos<\/span><\/td>\n<td style=\"width: 50.0703%;\"><span style=\"font-weight: 400;\">montsecastellanos.prof@institutmontserratcolomer.cat<\/span><\/td>\n<\/tr>\n<\/tbody>\n<\/table>\n<p><b style=\"font-family: inherit; font-size: 1em;\"><br \/>\nEquip de Coordinadors i Responsables<\/b><\/p>\n<table style=\"width: 38.0943%; height: 665px;\">\n<tbody>\n<tr style=\"height: 48px;\">\n<td style=\"width: 55.063%; height: 48px;\"><span style=\"font-weight: 400;\">LIC<\/span><\/td>\n<td style=\"width: 43.3463%; height: 48px;\">Montse Estruch<\/td>\n<td style=\"width: 52.5377%; height: 48px;\"><span style=\"font-weight: 400;\">montseestuch.prof@institutmontserratcolomer.cat<\/span><\/td>\n<\/tr>\n<tr style=\"height: 48px;\">\n<td style=\"width: 55.063%; height: 48px;\"><span style=\"font-weight: 400;\">Coord. Inform\u00e0tica.<\/span><\/td>\n<td style=\"width: 43.3463%; height: 48px;\"><span style=\"font-weight: 400;\">Albert Tutusau\u00a0<\/span><\/td>\n<td style=\"width: 52.5377%; height: 48px;\"><span style=\"font-weight: 400;\">coordtic@institutmontserratcolomer.cat<\/span><\/td>\n<\/tr>\n<tr style=\"height: 48px;\">\n<td style=\"width: 55.063%; height: 48px;\"><span style=\"font-weight: 400;\">Prev. Riscos Laborals<\/span><\/td>\n<td style=\"width: 43.3463%; height: 48px;\">\u00a0M\u00aa\u00c1ngeles Guti\u00e9rrez<\/td>\n<td style=\"width: 52.5377%; height: 48px;\">mgutierrez.prof@institutmontserratcolomer.cat<\/td>\n<\/tr>\n<tr style=\"height: 48px;\">\n<td style=\"width: 55.063%; height: 48px;\"><span style=\"font-weight: 400;\">Projecte Vincles (div. curricular)<\/span><\/td>\n<td style=\"width: 43.3463%; height: 48px;\">\u00a0Mari Sorribas<\/td>\n<td style=\"width: 52.5377%; height: 48px;\"><span style=\"font-weight: 400;\">coordvincles@institutmontserratcolomer.cat<\/span><\/td>\n<\/tr>\n<tr style=\"height: 48px;\">\n<td style=\"width: 55.063%; height: 48px;\"><span style=\"font-weight: 400;\">Activitats Complement\u00e0ries<\/span><\/td>\n<td style=\"width: 43.3463%; height: 48px;\">MCarmen Carbonell<\/td>\n<td style=\"width: 52.5377%; height: 48px;\"><span style=\"font-weight: 400;\">mcarmencarbonell.prof@institutmontserratcolomer.cat<\/span><\/td>\n<\/tr>\n<tr style=\"height: 48px;\">\n<td style=\"width: 55.063%; height: 48px;\"><span style=\"font-weight: 400;\">Coeducaci\u00f3 i Erasmus<\/span><\/td>\n<td style=\"width: 43.3463%; height: 48px;\">Marta Nebot<\/td>\n<td style=\"width: 52.5377%; height: 48px;\"><span style=\"font-weight: 400;\">martanebot.prof@institutmontserratcolomer.cat<\/span><\/td>\n<\/tr>\n<tr style=\"height: 48px;\">\n<td style=\"width: 55.063%; height: 48px;\"><span style=\"font-weight: 400;\">Servei Comunitari<\/span><\/td>\n<td style=\"width: 43.3463%; height: 48px;\">MCarmen L\u00e0zaro<\/td>\n<td style=\"width: 52.5377%; height: 48px;\"><span style=\"font-weight: 400;\">mcarmenlazaro.prof@institutmontserratcolomer.cat<\/span><\/td>\n<\/tr>\n<tr style=\"height: 32px;\">\n<td style=\"width: 55.063%; height: 32px;\"><span style=\"font-weight: 400;\">Coord. GEP<\/span><\/td>\n<td style=\"width: 43.3463%;\"><span style=\"font-weight: 400;\">Marcos Mat\u00edas<\/span><\/td>\n<td style=\"width: 52.5377%;\"><span style=\"font-weight: 400;\">marcosmatias.prof@institutmontserratcolomer.cat<\/span><\/td>\n<\/tr>\n<tr style=\"height: 48px;\">\n<td style=\"width: 55.063%; height: 48px;\"><span style=\"font-weight: 400;\">Coord. SIEI<\/span><\/td>\n<td style=\"width: 43.3463%; height: 48px;\">Loli Romero<\/td>\n<td style=\"width: 52.5377%; height: 48px;\"><span style=\"font-weight: 400;\">doloresromero.prof@institutmontserratcolomer.cat<\/span><\/td>\n<\/tr>\n<tr style=\"height: 96px;\">\n<td style=\"width: 55.063%; height: 96px;\">Coordinadora Xarxes Socials<\/td>\n<td style=\"width: 43.3463%; height: 96px;\">Magda Marb\u00e0<\/td>\n<td style=\"width: 52.5377%; height: 96px;\">magdamarba.prof@institutmontserratcolomer.cat<\/p>\n<p>comunicacio@institutmontserratcolomer.cat<\/td>\n<\/tr>\n<tr style=\"height: 48px;\">\n<td style=\"width: 55.063%; height: 48px;\"><span style=\"font-weight: 400;\">Coord. orles<\/span><\/td>\n<td style=\"width: 43.3463%; height: 48px;\">Marta Batall\u00e9<\/td>\n<td style=\"width: 52.5377%; height: 48px;\"><span style=\"font-weight: 400;\">martabatalle.prof@institutmontserratcolomer.cat<\/span><\/td>\n<\/tr>\n<tr style=\"height: 10px;\">\n<td style=\"width: 55.063%; height: 10px;\"><span style=\"font-weight: 400;\">Coord. Intercanvi<\/span><\/td>\n<td style=\"width: 43.3463%;\"><span style=\"font-weight: 400;\">Marcos Mat\u00edas<\/span><\/td>\n<td style=\"width: 52.5377%;\"><span style=\"font-weight: 400;\">marcosmatias.prof@institutmontserratcolomer.cat<\/span><\/td>\n<\/tr>\n<tr style=\"height: 48px;\">\n<td style=\"width: 55.063%; height: 48px;\"><span style=\"font-weight: 400;\">Coord. Sharing to learn<\/span><\/td>\n<td style=\"width: 43.3463%;\"><span style=\"font-weight: 400;\">F\u00e1tima Sara Chetouan\u00a0<\/span><\/td>\n<td style=\"width: 52.5377%;\"><span style=\"font-weight: 400;\">fatimachetouan.prof@institutmontserratcolomer.cat<\/span><\/td>\n<\/tr>\n<tr>\n<td style=\"width: 55.063%;\"><span style=\"font-weight: 400;\">Biblioteca<\/span><\/td>\n<td style=\"width: 43.3463%;\"><span style=\"font-weight: 400;\">N\u00faria Saura<\/span><\/td>\n<td style=\"width: 52.5377%;\"><span style=\"font-weight: 400;\">nuriasaura.prof@institutmontserratcolomer.cat<\/span><\/td>\n<\/tr>\n<\/tbody>\n<\/table>\n<p><b style=\"font-family: inherit; font-size: 1em;\">Tutors i tutores<\/b><\/p>\n<table style=\"border-collapse: collapse; width: 83.7837%;\">\n<tbody>\n<tr>\n<td style=\"width: 21.5031%;\">Tutoria 1r ESO A<\/td>\n<td style=\"width: 19.8387%;\">Laura Haba<\/td>\n<td style=\"width: 58.5484%;\"><span style=\"font-weight: 400;\">laurahaba.prof@institutmontserratcolomer.cat<\/span><\/td>\n<\/tr>\n<tr>\n<td style=\"width: 21.5031%;\">Tutoria 1r ESO B<\/td>\n<td style=\"width: 19.8387%;\">Aura Trujillo<\/td>\n<td style=\"width: 58.5484%;\"><span style=\"font-weight: 400;\">auratrujillo.prof@institutmontserratcolomer.cat<\/span><\/td>\n<\/tr>\n<tr>\n<td style=\"width: 21.5031%;\">Tutoria 1r ESO C<\/td>\n<td style=\"width: 19.8387%;\">Marta Batall\u00e9<\/td>\n<td style=\"width: 58.5484%;\"><span style=\"font-weight: 400;\">martabatalle.prof@institutmontserratcolomer.cat<\/span><\/td>\n<\/tr>\n<\/tbody>\n<\/table>\n<table style=\"border-collapse: collapse; width: 83.919%; height: 78px;\">\n<tbody>\n<tr style=\"height: 47px;\">\n<td style=\"width: 25.1476%; height: 29px;\">Tutoria 2n ESO A<\/td>\n<td style=\"width: 17.7134%; height: 29px;\"><span style=\"font-weight: 400;\">MCarmen P\u00e9rez<\/span><\/td>\n<td style=\"width: 57.1659%; height: 29px;\"><span style=\"font-weight: 400;\">mcarmenperez.prof@institutmontserratcolomer.cat<\/span><\/td>\n<\/tr>\n<tr style=\"height: 44px;\">\n<td style=\"width: 25.1476%; height: 39px;\">Tutoria 2n ESO B<\/td>\n<td style=\"width: 17.7134%; height: 39px;\">Ana Cintora<\/td>\n<td style=\"width: 57.1659%; height: 39px;\"><span style=\"font-weight: 400;\">anacintora.prof@institutmontserratcolomer.cat<\/span><\/td>\n<\/tr>\n<tr style=\"height: 47px;\">\n<td style=\"width: 25.1476%; height: 10px;\">Tutoria 2n ESO C<\/td>\n<td style=\"width: 17.7134%; height: 10px;\">Juli\u00e1n Arr\u00e9s<\/td>\n<td style=\"width: 57.1659%; height: 10px;\"><span style=\"font-weight: 400;\">julianarres.prof@institutmontserratcolomer.cat<\/span><\/td>\n<\/tr>\n<tr>\n<td style=\"width: 25.1476%;\">Tutoria 2n ESO D<\/td>\n<td style=\"width: 17.7134%;\">Gaspar Garcia<\/td>\n<td style=\"width: 57.1659%;\"><span style=\"font-weight: 400;\">gaspargarcia.prof@institutmontserratcolomer.cat<\/span><\/td>\n<\/tr>\n<\/tbody>\n<\/table>\n<table style=\"border-collapse: collapse; width: 84.0526%; height: 106px;\">\n<tbody>\n<tr style=\"height: 32px;\">\n<td style=\"width: 24.9931%; height: 32px;\">Tutoria 3r ESO A<\/td>\n<td style=\"width: 19.9357%; height: 32px;\">Joan Mateu<\/td>\n<td style=\"width: 62.0579%; height: 32px;\"><span style=\"font-weight: 400;\">joanmateu.prof@institutmontserratcolomer.cat<\/span><\/td>\n<\/tr>\n<tr style=\"height: 66px;\">\n<td style=\"width: 24.9931%; height: 20px;\">Tutoria 3r ESO B<\/td>\n<td style=\"width: 19.9357%; height: 20px;\">Magda Marb\u00e0<\/td>\n<td style=\"width: 62.0579%; height: 20px;\"><span style=\"font-weight: 400;\">magdamarba.prof@institutmontserratcolomer.cat<\/span><\/td>\n<\/tr>\n<tr style=\"height: 78px;\">\n<td style=\"width: 24.9931%; height: 44px;\">Tutoria 3r ESO C<\/td>\n<td style=\"width: 19.9357%; height: 44px;\">Marta Cervera<\/td>\n<td style=\"width: 62.0579%; height: 44px;\"><span style=\"font-weight: 400;\">martacervera.prof@institutmontserratcolomer.cat<\/span><\/td>\n<\/tr>\n<tr style=\"height: 78px;\">\n<td style=\"width: 24.9931%; height: 10px;\">Tutoria 3r ESO D<\/td>\n<td style=\"width: 19.9357%; height: 10px;\">Judit Paniagua<\/td>\n<td style=\"width: 62.0579%; height: 10px;\"><span style=\"font-weight: 400;\">juditpaniagua.prof@institutmontserratcolomer.cat<\/span><\/td>\n<\/tr>\n<\/tbody>\n<\/table>\n<table style=\"border-collapse: collapse; width: 84.0552%;\">\n<tbody>\n<tr>\n<td style=\"width: 22.4924%;\">Tutoria 4t ESO A<\/td>\n<td style=\"width: 23.3119%;\"><span style=\"font-weight: 400;\">Oriol Castellv\u00ed<\/span><\/td>\n<td style=\"width: 54.1801%;\"><span style=\"font-weight: 400;\">oriolcastellvi.prof@institutmontserratcolomer.cat<\/span><\/td>\n<\/tr>\n<tr>\n<td style=\"width: 22.4924%;\">Tutoria 4t ESO B<\/td>\n<td style=\"width: 23.3119%;\">Jordi Ferrer<\/td>\n<td style=\"width: 54.1801%;\">jordiferrer<span style=\"font-weight: 400;\">.prof@institutmontserratcolomer.cat<\/span><\/td>\n<\/tr>\n<tr>\n<td style=\"width: 22.4924%;\">Tutoria 4t ESO C<\/td>\n<td style=\"width: 23.3119%;\">Sandra L\u00f3pez<\/td>\n<td style=\"width: 54.1801%;\">sandralopez<span style=\"font-weight: 400;\">.prof@institutmontserratcolomer.cat<\/span><\/td>\n<\/tr>\n<tr>\n<td style=\"width: 22.4924%;\">Tutoria 4t ESO D<\/td>\n<td style=\"width: 23.3119%;\">Albert Tutusau<\/td>\n<td style=\"width: 54.1801%;\">alberttutusau<span style=\"font-weight: 400;\">.prof@institutmontserratcolomer.cat<\/span><\/td>\n<\/tr>\n<\/tbody>\n<\/table>\n<table style=\"border-collapse: collapse; width: 84.0542%; height: 53px;\">\n<tbody>\n<tr style=\"height: 76px;\">\n<td style=\"width: 27.4267%; height: 43px;\">Tutoria 1r Batx. A<\/td>\n<td style=\"width: 24.2765%; height: 43px;\"><span style=\"font-weight: 400;\">Miquel \u00c0ngel Fdz.<\/span><\/td>\n<td style=\"width: 52.8939%; height: 43px;\"><span style=\"font-weight: 400;\">miquelangelfernandez.prof@institutmontserratcolomer.cat<\/span><\/td>\n<\/tr>\n<tr style=\"height: 78px;\">\n<td style=\"width: 27.4267%; height: 10px;\">Tutoria 1r Batx. B<\/td>\n<td style=\"width: 24.2765%; height: 10px;\"><span style=\"font-weight: 400;\">Meritxell G\u00f3mez<\/span><\/td>\n<td style=\"width: 52.8939%; height: 10px;\"><span style=\"font-weight: 400;\">meritxellgomez.prof@institutmontserratcolomer.cat<\/span><\/td>\n<\/tr>\n<\/tbody>\n<\/table>\n<table style=\"border-collapse: collapse; width: 84.0542%;\">\n<tbody>\n<tr>\n<td style=\"width: 21.042%;\">Tutoria 2n Batx. A<\/td>\n<td style=\"width: 18.4887%;\"><span style=\"font-weight: 400;\">Nadine R\u00fabio<\/span><\/td>\n<td style=\"width: 60.2894%;\"><span style=\"font-weight: 400;\">nadinerubio.prof@institutmontserratcolomer.cat<\/span><\/td>\n<\/tr>\n<tr>\n<td style=\"width: 21.042%;\">Tutoria 2n Batx. B<\/td>\n<td style=\"width: 18.4887%;\"><span style=\"font-weight: 400;\">Ares Quer\u00f3<\/span><\/td>\n<td style=\"width: 60.2894%;\"><span style=\"font-weight: 400;\">aresquero<\/span><span style=\"font-weight: 400;\">.prof@institutmontserratcolomer.cat<\/span><\/td>\n<\/tr>\n<\/tbody>\n<\/table>\n<p><strong>Personal PAS<\/strong><\/p>\n<table style=\"border-collapse: collapse; width: 84.1892%; height: 86px;\">\n<tbody>\n<tr style=\"height: 32px;\">\n<td style=\"width: 22.5789%; height: 32px;\">Secretaria<\/td>\n<td style=\"width: 35.5804%; height: 32px;\">Maribel Mercader<\/td>\n<td style=\"width: 26.0298%; height: 32px;\">maribelmercader.pas@institutmontserratcolomer.cat<\/td>\n<\/tr>\n<tr style=\"height: 32px;\">\n<td style=\"width: 22.5789%; height: 32px;\">Secretaria<\/td>\n<td style=\"width: 35.5804%; height: 32px;\">Joana Torres<\/td>\n<td style=\"width: 26.0298%; height: 32px;\">joanatorres.pas@institutmontserratcolomer.cat<\/td>\n<\/tr>\n<tr style=\"height: 18px;\">\n<td style=\"width: 22.5789%; height: 12px;\">Personal subaltern<\/td>\n<td style=\"width: 35.5804%; height: 12px;\">MJos\u00e9 Hern\u00e1ndez<\/td>\n<td style=\"width: 26.0298%; height: 12px;\">mjosehernandez.admin@institutmontserratcolomer.cat<\/td>\n<\/tr>\n<tr style=\"height: 35px;\">\n<td style=\"width: 22.5789%; height: 10px;\">Personal subaltern<\/td>\n<td style=\"width: 35.5804%; height: 10px;\">\u00d2scar i MJos\u00e9<\/p>\n<p>&nbsp;<\/td>\n<td style=\"width: 26.0298%; height: 10px;\">consergeria@institutmontserratcolomer.cat<\/td>\n<\/tr>\n<\/tbody>\n<\/table>\n","protected":false},"excerpt":{"rendered":"<p>Equip de Direcci\u00f3<\/p>\n<p>Directora<br \/>\nNat\u00e0lia Mayor<br \/>\ndireccio@institutmontserratcolomer.cat<br \/>\nProfessora F\u00edsica i Qu\u00edmica<\/p>\n<p>Coordinadora Pedag\u00f2gica<br \/>\nSonia Mart\u00edn<br \/>\nccurricular@institutmontserratcolomer.cat<br \/>\nProfessora Llengua Castellana i Literatura<\/p>\n<p>Secret\u00e0ria<br \/>\nMontse Ambl\u00e0s<br \/>\nsecretaria@institutmontserratcolomer.cat<br \/>\nProfessora Matem\u00e0tiques<\/p>\n<p>Cap d&#8217;Estudis<br \/>\nMagda Gonz\u00e0lez<br \/>\ncapdestudis@institutmontserratcolomer.cat<br \/>\nProfessora Biologia i Geologia<\/p>\n<p>&nbsp;<br \/>\nEquip de Coordinadors\/es de Nivell<\/p>\n<p>Batxillerat<br \/>\nNadine Rubio<\/p>\n<p>coordbatx@institutmontserratcolomer.cat<\/p>\n<p>ESO 1<br \/>\nFlora Lloret<br \/>\ncoord1eso@institutmontserratcolomer.cat<\/p>\n<p>ESO 2<br \/>\nMaria Camps<br \/>\ncoord2eso@institutmontserratcolomer.cat<\/p>\n<p>ESO 3<br \/>\nJavier Anta<br \/>\ncoord3eso@institutmontserratcolomer.cat<\/p>\n<p>ESO 4<br \/>\nAna Calvo<br \/>\ncoord4eso@institutmontserratcolomer.cat<\/p>\n<p>&nbsp;<br \/>\nCaps d\u2019\u00c0mbit<\/p>\n<p>\u00c0mbit ling\u00fc\u00edstic (catal\u00e0, castell\u00e0, angl\u00e9s)<br \/>\nAura Trujillo<br \/>\nauratrujillo.prof@institutmontserratcolomer.cat<\/p>\n<p>\u00c0mbit SAE (social, art\u00edstic i expressi\u00f3)<br \/>\nMarta Nebot<br \/>\nmartanebot.prof@institutmontserratcolomer.cat<\/p>\n<p>\u00c0mbit&hellip;  <a href=\"https:\/\/agora.xtec.cat\/insmontserratcolomer\/linstitut\/organigrama\/\" title=\"Read Organigrama\">Llegeix m\u00e9s\u00bb<\/a><\/p>\n","protected":false},"author":1,"featured_media":0,"parent":19,"menu_order":5,"comment_status":"closed","ping_status":"closed","template":"page-templates\/side-menu.php","meta":{"_bbp_topic_count":0,"_bbp_reply_count":0,"_bbp_total_topic_count":0,"_bbp_total_reply_count":0,"_bbp_voice_count":0,"_bbp_anonymous_reply_count":0,"_bbp_topic_count_hidden":0,"_bbp_reply_count_hidden":0,"_bbp_forum_subforum_count":0,"footnotes":""},"class_list":["post-46","page","type-page","status-publish","hentry"],"post_mailing_queue_ids":[],"_links":{"self":[{"href":"https:\/\/agora.xtec.cat\/insmontserratcolomer\/wp-json\/wp\/v2\/pages\/46","targetHints":{"allow":["GET"]}}],"collection":[{"href":"https:\/\/agora.xtec.cat\/insmontserratcolomer\/wp-json\/wp\/v2\/pages"}],"about":[{"href":"https:\/\/agora.xtec.cat\/insmontserratcolomer\/wp-json\/wp\/v2\/types\/page"}],"author":[{"embeddable":true,"href":"https:\/\/agora.xtec.cat\/insmontserratcolomer\/wp-json\/wp\/v2\/users\/1"}],"replies":[{"embeddable":true,"href":"https:\/\/agora.xtec.cat\/insmontserratcolomer\/wp-json\/wp\/v2\/comments?post=46"}],"version-history":[{"count":7,"href":"https:\/\/agora.xtec.cat\/insmontserratcolomer\/wp-json\/wp\/v2\/pages\/46\/revisions"}],"predecessor-version":[{"id":8285,"href":"https:\/\/agora.xtec.cat\/insmontserratcolomer\/wp-json\/wp\/v2\/pages\/46\/revisions\/8285"}],"up":[{"embeddable":true,"href":"https:\/\/agora.xtec.cat\/insmontserratcolomer\/wp-json\/wp\/v2\/pages\/19"}],"wp:attachment":[{"href":"https:\/\/agora.xtec.cat\/insmontserratcolomer\/wp-json\/wp\/v2\/media?parent=46"}],"curies":[{"name":"wp","href":"https:\/\/api.w.org\/{rel}","templated":true}]}}