{"id":4415,"date":"2018-07-24T19:47:30","date_gmt":"2018-07-24T17:47:30","guid":{"rendered":"http:\/\/agora.xtec.cat\/insmontserratcolomer\/?page_id=4415"},"modified":"2019-09-11T14:22:40","modified_gmt":"2019-09-11T12:22:40","slug":"projectetac","status":"publish","type":"page","link":"https:\/\/agora.xtec.cat\/insmontserratcolomer\/documents-de-centre\/projecte-educatiu\/projectetac\/","title":{"rendered":"Projecte TAC"},"content":{"rendered":"<ol>\n<li><b>PLA \u00a0TAC &#8211; INTRODUCCI\u00d3 I CONTEXTUALITZACI\u00d3<\/b><\/li>\n<\/ol>\n<p><span style=\"font-weight: 400;\">El pla TAC que es presenta a continuaci\u00f3 est\u00e0 realitzat partint de la diagnosi realitzada a finals del curs 2017-18 i del treball realitzat al llarg d\u2019aquest curs i l\u2019anterior per la comissi\u00f3 TAC del centre. La diagnosi de les necessitats i propostes d\u2019actuaci\u00f3 del pla TAC, es poden consultar en el seg\u00fcent document: <\/span><\/p>\n<p><a href=\"https:\/\/docs.google.com\/document\/d\/15N444qbpJtN3wtLc85kwNiZY79vQZ3r8lhxcxxgWVUM\/edit?usp=sharing\"><span style=\"font-weight: 400;\">https:\/\/docs.google.com\/document\/d\/15N444qbpJtN3wtLc85kwNiZY79vQZ3r8lhxcxxgWVUM\/edit?usp=sharing<\/span><\/a><\/p>\n<p><span style=\"font-weight: 400;\">El professorat, sota el lideratge de l&#8217;equip directiu, \u00e9s proactiu en la integraci\u00f3 de les TAC a l&#8217;aula, sent l\u2018\u00fas de les tecnologies de l\u2019aprenentatge una l\u00ednia de centre, en aquest sentit cal remarcar que el nostre centre forma part del Projecte 1&#215;1 del departament d\u2019educaci\u00f3 des dels seus inicis. Conseq\u00fcentment el professorat \u00e9s conscient de la import\u00e0ncia d&#8217;utilitzar les TAC per a la millora dels resultats i l&#8217;\u00e8xit escolar i com l\u2019\u00fas de les TAC ens facilita la transformaci\u00f3 dels processos d&#8217;ensenyament\/aprenentatge, tot donant als alumnes un paper m\u00e9s actiu. <\/span><\/p>\n<p><span style=\"font-weight: 400;\">L&#8217;equip directiu \u00e9s conscient de la import\u00e0ncia de definir els objectius i els resultats acad\u00e8mics i organitzatius que es volen obtenir i acompanyar- los dels indicadors associats per a mesurar-los i vetllar per la seva concreci\u00f3. Amb aquest objectiu la direcci\u00f3 del centre, juntament amb la comissi\u00f3 TAC i la comissi\u00f3 pedag\u00f2gica, ha realitzat una planificaci\u00f3 global de l\u2019\u00fas de les TAC; a fi de coordinar-ne la integraci\u00f3, aix\u00ed com el seu estat de desenvolupament i prioritats, proporcionant una visi\u00f3 sostenible per fases i terminis i considerant els recursos disponibles.<\/span><\/p>\n<p><span style=\"font-weight: 400;\">La comissi\u00f3 TAC de centre, amb implicaci\u00f3 de l&#8217;equip directiu, vetlla pel desenvolupament del present pla TAC, aix\u00ed com del compliment de la planificaci\u00f3 establerta i de resoldre les necessitats i dificultats que esdevinguin per part de la comunitat educativa a tal efecte. En aquest sentit, cal remarcar que en la revisi\u00f3 del pla TAC del mes de maig del curs passat, es va detectar la necessitat d\u2019un pla de formaci\u00f3 TAC del professorat. En conseq\u00fc\u00e8ncia, enguany s\u2019ha incorporat al Pla de formaci\u00f3 del centre, una formaci\u00f3 a tot el claustre, a fi de capacitar el professorat del centre en la utilitzaci\u00f3 dels recursos TAC dels que disposa el centre: sistemes de projecci\u00f3 i audio, PDI, entorns virtuals d\u2019aprenentatge (Moodle i Gsuite), programari, etc.<\/span><\/p>\n<p><span style=\"font-weight: 400;\">Complement\u00e0riament a fi de portar un registre de les actuacions planificades i de les tasques previstes en el pla TAC del centre, s\u2019ha dissenyat un cronograma per a fer-ne el seguiment.<\/span><\/p>\n<p><span style=\"font-weight: 400;\">A m\u00e9s a m\u00e9s, cal destacar els m\u00faltiples projectes col.laboratius amb suport TIC amb d&#8217;altres centres del pa\u00eds o Europeus, en els que participa el centre. Com per exemple el projecte Erasmus+ (Programa integrat de la Uni\u00f3 Europea (UE) que engloba les iniciatives en educaci\u00f3, formaci\u00f3, joventut i esport); aix\u00ed com els intercanvis d\u2019estudiants amb Fran\u00e7a i Alemanya, la Xarxa de compet\u00e8ncies.<\/span><\/p>\n<p><b>2. CANALS DIGITALS DE COMUNICACI\u00d3 \u00a0<\/b><\/p>\n<p><span style=\"font-weight: 400;\">El centre t\u00e9 definits \u00a0els seg\u00fcents canals digitals de comunicaci\u00f3 i el paper que realitza cadascun, segons es detalla a continuaci\u00f3: <\/span><\/p>\n<p><b>Correu electr\u00f2nic<\/b><\/p>\n<p><span style=\"font-weight: 400;\">El claustre, alumnat i personal PAS del centre disposen de correus corporatius de centre.<\/span><\/p>\n<ul>\n<li style=\"font-weight: 400;\"><span style=\"font-weight: 400;\">Correu corporatiu de l\u2019alumnat: tots els alumnes del centre disposen del correu corporatiu personalitzat que els hi permet comunicar-se amb el seu equip docent i els companys de classe. X.alum@institutmontserratcolomer.cat<\/span><\/li>\n<li style=\"font-weight: 400;\"><span style=\"font-weight: 400;\">Correu corporatiu del tutor: el tutor del grup classe utilitza aquest correu per comunicar-se tant amb els alumnes del grup classe tutoritzat com amb les seves fam\u00edlies.<\/span><\/li>\n<li style=\"font-weight: 400;\"><span style=\"font-weight: 400;\">Correu del professorat: tot el professorat del centre <\/span><\/li>\n<li style=\"font-weight: 400;\"><span style=\"font-weight: 400;\">Correu de coordinadors: tant els coordinadors de nivell com els d\u2019inform\u00e0tica, riscos laborals disposen d\u2019un correu espec\u00edfic de c\u00e0rrec<\/span><\/li>\n<\/ul>\n<p><span style=\"font-weight: 400;\">Per mitj\u00e0 del correu corporatiu es realitzen les seg\u00fcents comunicacions:<\/span><\/p>\n<ul>\n<li style=\"font-weight: 400;\"><span style=\"font-weight: 400;\">Correus electr\u00f2nics per a les fam\u00edlies des del correu del centre a8061129@xtec.cat: \u00e9s el canal habitual de comunicaci\u00f3 amb les fam\u00edlies. Convocat\u00f2ries, festes, vagues, sortides, xerrades. Els responsables del correus variaran en funci\u00f3 de la tem\u00e0tica: Convocat\u00f2ries (coordinaci\u00f3 nivell), Festes, sortides i xerrades (coordinaci\u00f3 extraescolars), Vagues (direcci\u00f3).<\/span><\/li>\n<\/ul>\n<p><b>Web del centre <\/b><span style=\"font-weight: 400;\">Tots els articles publicats s\u2019elaboren amb les aportacions de tot el claustre.<\/span><\/p>\n<p><b>Twitter i Facebook<\/b><span style=\"font-weight: 400;\"> La responsable de les xarxes socials de l\u2019institut \u00e9s Gemma Ajenjo.<\/span><\/p>\n<ol start=\"3\">\n<li><b> USOS CURRICULARS<\/b><\/li>\n<\/ol>\n<p><span style=\"font-weight: 400;\">Els usos de les TAC a l&#8217;aula inclouen projectes, activitats col.laboratives, de simulaci\u00f3 o de producci\u00f3 de contingut per part de l&#8217;alumnat. \u00c9s per aix\u00f2 que l&#8217;\u00fas de les TAC \u00e9s divers i abasta des d&#8217;aplicacions instrumentals i<\/span> <span style=\"font-weight: 400;\">d&#8217;exercitaci\u00f3 (per exemple programes d&#8217;ofim\u00e0tica o activitats tipus JClic) fins a activitats de cerca, processament i presentaci\u00f3 de la informaci\u00f3 (per exemple webquestes). En aquest sentit cal destacar les mat\u00e8ries del programa MSchools que es cursen actualment al centre (Mobilitzem la inform\u00e0tica &#8211; App inventor, Scratch i inform\u00e0tica), on l&#8217;alumnat utilitza dispositius m\u00f2bils per fer activitats i generar continguts.<\/span><\/p>\n<p><span style=\"font-weight: 400;\">El centre, en el cas del Batxillerat, promou la possibilitat de cursar algunes mat\u00e8ries en la modalitat d&#8217;educaci\u00f3 no presencial a l&#8217;Institut Obert de Catalunya.<\/span><\/p>\n<p><b>3.1 EDUCAT 1&#215;1<\/b><\/p>\n<p><span style=\"font-weight: 400;\">Com s\u2019ha comentat anteriorment el centre est\u00e0 dotat del projecte Educat1x1, fet que implica disposar de sistemes de videoprojecci\u00f3, so, \u00a0pissarres digitals interactives i connexi\u00f3 a Internet a les aules. Complement\u00e0riament el professorat i l\u2019alumnat disposen d\u2019ordinadors port\u00e0tils d\u2019\u00fas propi. En conseq\u00fc\u00e8ncia el centre t\u00e9 definides les caracter\u00edstiques t\u00e8cniques i de programari de l&#8217;equipament personal del professorat i de l\u2019alumnat per tal que es pugui treure partit als recursos disponibles.<\/span><\/p>\n<p><b>3.2 COMPET\u00c8NCIA DIGITAL<\/b><\/p>\n<p><span style=\"font-weight: 400;\">Cal tenir present que segons la normativa actual el professorat ha de ser competent per planificar i acompanyar l&#8217;alumnat en l&#8217;assoliment de la compet\u00e8ncia digital com a compet\u00e8ncia transversal, fer- ne el seguiment i avaluar-lo. <\/span><\/p>\n<p><span style=\"font-weight: 400;\">Amb aquest objectiu, la comissi\u00f3 pedag\u00f2gica amb la col\u00b7laboraci\u00f3 de la comissi\u00f3 TAC, han vetllat perqu\u00e8 les programacions de totes les \u00e0rees curriculars incorporin els continguts digitals per al treball per part de l&#8217;alumnat. Aix\u00ed com que existeixi una programaci\u00f3 seq\u00fcenciada dels usos de les TAC interrelacionada amb el desenvolupament de les diferents compet\u00e8ncies i continguts curriculars. A m\u00e9s a m\u00e9s de la concreci\u00f3 i el desenvolupament de la compet\u00e8ncia digital de l&#8217;alumnat com a compet\u00e8ncia b\u00e0sica transversal de forma coherent i equilibrada a trav\u00e9s dels nivells i de les \u00e0rees i mat\u00e8ries.<\/span><\/p>\n<p><span style=\"font-weight: 400;\">Conseq\u00fcentment en la programaci\u00f3 did\u00e0ctica de cada mat\u00e8ria s&#8217;utilitzen els recursos digitals espec\u00edfics, de forma coordinada tant per nivells com per \u00e0mbits. Per tant tot el professorat es responsable d\u2019estimular l&#8217;alumnat per tal que assoleixi la compet\u00e8ncia digital. <\/span><\/p>\n<p><span style=\"font-weight: 400;\">Complement\u00e0riament la comissi\u00f3 pedag\u00f2gica del centre t\u00e9 formalitzats els procediments per garantir l&#8217;assoliment de la compet\u00e8ncia digital de tot l&#8217;alumnat com a compet\u00e8ncia transversal, fer- ne el seguiment i avaluar-la. Amb aquest objectiu, s\u2019ha redactat el seg\u00fcent document on s\u2019estipulen els continguts TAC a treballar per \u00e0mbits i nivells:<\/span><\/p>\n<p><a href=\"https:\/\/docs.google.com\/document\/d\/1wJqa2bHqPB27lp7q5jAVz7c5qksQQnx1cr483Bi0b44\/edit?usp=sharing\"><span style=\"font-weight: 400;\">https:\/\/docs.google.com\/document\/d\/1wJqa2bHqPB27lp7q5jAVz7c5qksQQnx1cr483Bi0b44\/edit?usp=sharing<\/span><\/a><\/p>\n<p><span style=\"font-weight: 400;\">A m\u00e9s a m\u00e9s cal tenir present que les TAC s&#8217;utilitzen per facilitar l&#8217;aprenentatge m\u00e9s enll\u00e0 de l&#8217;espai i l&#8217;horari de l&#8217;aula i fora de l&#8217;escola, mitjan\u00e7ant els entorns virtuals d\u2019aprenentatge dels que disposa el centre: Gsuite, Moodle, llibres digitals, &#8230; conseq\u00fcentment l&#8217;alumnat utilitza els recursos TAC del centre per fer activitats i treballar de forma col.laborativa dins i fora de l\u2019horari lectiu.<\/span><\/p>\n<p><b>3.2 ATENCI\u00d3 A LA DIVERSITAT<\/b><\/p>\n<p><span style=\"font-weight: 400;\">Com a l\u00ednia de centre ens hem proposat utilitzar tot el potencial de les TAC per personalitzar els aprenentatges i adaptar-los a les caracter\u00edstiques i necessitats de cada alumne\/a. Amb aquest objectiu la comissi\u00f3 TAC del centre vetlla perqu\u00e8 el professorat disposi d&#8217;habilitats i estrat\u00e8gies per garantir la inclusi\u00f3 digital de tot l&#8217;alumnat a partir de les seves capacitats individuals pel que fa a accessibilitat i tecnologies de suport necess\u00e0ries. <\/span><\/p>\n<p><span style=\"font-weight: 400;\">El centre t\u00e9 formalitzats els procediments pel que fa a la inclusi\u00f3<\/span> <span style=\"font-weight: 400;\">digital, i ajusta totes les actuacions i en fa el seguiment; en aquest sentit cal destacar el servei de pr\u00e9stec d\u2019ordinadors port\u00e0tils del que disposa el centre. A m\u00e9s el centre, mitjan\u00e7ant latutoria, t\u00e9 coneixement de l&#8217;equipament tecnol\u00f2gic de l&#8217;alumnat a la llar (connectivitat, ordinador i\/o d&#8217;altres dispositius equivalents).<\/span><\/p>\n<p><span style=\"font-weight: 400;\">El centre vetlla per disposar tots els ajuts t\u00e8cnics que li calen per a l&#8217;alumnat amb discapacitat que les utilitza amb normalitat en tots els escenaris. Cal remarcar l&#8217;assessorament rebut al centre per part del CREDA i de l\u2019ONCE en aquests camps.<\/span><\/p>\n","protected":false},"excerpt":{"rendered":"<ol>\n<li>PLA \u00a0TAC &#8211; INTRODUCCI\u00d3 I CONTEXTUALITZACI\u00d3<\/li>\n<\/ol>\n<p>El pla TAC que es presenta a continuaci\u00f3 est\u00e0 realitzat partint de la diagnosi realitzada a finals del curs 2017-18 i del treball realitzat al llarg d\u2019aquest curs i l\u2019anterior per la comissi\u00f3 TAC del centre. La diagnosi de les&hellip;  <a href=\"https:\/\/agora.xtec.cat\/insmontserratcolomer\/documents-de-centre\/projecte-educatiu\/projectetac\/\" title=\"Read Projecte TAC\">Llegeix m\u00e9s\u00bb<\/a><\/p>\n","protected":false},"author":97,"featured_media":0,"parent":57,"menu_order":2,"comment_status":"closed","ping_status":"closed","template":"page-templates\/side-menu.php","meta":{"_bbp_topic_count":0,"_bbp_reply_count":0,"_bbp_total_topic_count":0,"_bbp_total_reply_count":0,"_bbp_voice_count":0,"_bbp_anonymous_reply_count":0,"_bbp_topic_count_hidden":0,"_bbp_reply_count_hidden":0,"_bbp_forum_subforum_count":0,"footnotes":""},"class_list":["post-4415","page","type-page","status-publish","hentry"],"post_mailing_queue_ids":[],"_links":{"self":[{"href":"https:\/\/agora.xtec.cat\/insmontserratcolomer\/wp-json\/wp\/v2\/pages\/4415","targetHints":{"allow":["GET"]}}],"collection":[{"href":"https:\/\/agora.xtec.cat\/insmontserratcolomer\/wp-json\/wp\/v2\/pages"}],"about":[{"href":"https:\/\/agora.xtec.cat\/insmontserratcolomer\/wp-json\/wp\/v2\/types\/page"}],"author":[{"embeddable":true,"href":"https:\/\/agora.xtec.cat\/insmontserratcolomer\/wp-json\/wp\/v2\/users\/97"}],"replies":[{"embeddable":true,"href":"https:\/\/agora.xtec.cat\/insmontserratcolomer\/wp-json\/wp\/v2\/comments?post=4415"}],"version-history":[{"count":3,"href":"https:\/\/agora.xtec.cat\/insmontserratcolomer\/wp-json\/wp\/v2\/pages\/4415\/revisions"}],"predecessor-version":[{"id":4917,"href":"https:\/\/agora.xtec.cat\/insmontserratcolomer\/wp-json\/wp\/v2\/pages\/4415\/revisions\/4917"}],"up":[{"embeddable":true,"href":"https:\/\/agora.xtec.cat\/insmontserratcolomer\/wp-json\/wp\/v2\/pages\/57"}],"wp:attachment":[{"href":"https:\/\/agora.xtec.cat\/insmontserratcolomer\/wp-json\/wp\/v2\/media?parent=4415"}],"curies":[{"name":"wp","href":"https:\/\/api.w.org\/{rel}","templated":true}]}}