{"id":4412,"date":"2018-07-24T19:31:17","date_gmt":"2018-07-24T17:31:17","guid":{"rendered":"http:\/\/agora.xtec.cat\/insmontserratcolomer\/?page_id=4412"},"modified":"2023-01-25T13:59:06","modified_gmt":"2023-01-25T12:59:06","slug":"projectegep","status":"publish","type":"page","link":"https:\/\/agora.xtec.cat\/insmontserratcolomer\/documents-de-centre\/projecte-educatiu\/projectegep\/","title":{"rendered":"Programa GEP"},"content":{"rendered":"<p style=\"text-align: center;\"><strong>Programa GEP <em>Institut Montserrat Colomer<\/em> 2018-2023<\/strong><\/p>\n<p><a href=\"https:\/\/agora.xtec.cat\/insmontserratcolomer\/categoria\/projecte-gep\/\">Qu\u00e8 fem al GEP?<\/a><\/p>\n<p><span style=\"font-weight: 400;\">El projecte GEP \u00e9s un programa d\u2019innovaci\u00f3 pedag\u00f2gica que t\u00e9 com a finalitat millorar la compet\u00e8ncia ling\u00fc\u00edstica en llengua estrangera de l\u2019alumnat, afavorint el seu creixement acad\u00e8mic i posterior inserci\u00f3 laboral. La metodologia emprada contribueix al desenvolupament competencial de l\u2019alumnat, capacitant-lo per interactuar amb el m\u00f3n en diverses lleng\u00fces i de manera cr\u00edtica en un aprenentatge al llarg de la vida.<\/span><\/p>\n<p><span style=\"font-weight: 400;\">A m\u00e9s \u00e9s un programa que ens acompanyar\u00e0 en el desplegament i consolidaci\u00f3 d\u2019un projecte ling\u00fc\u00edstic pluriling\u00fce, proporcionant formaci\u00f3, recursos i seguiment en els propers tres anys.\u00a0<\/span><span style=\"font-weight: 400;\">\u00c9s una estrat\u00e8gia per aconseguir una educaci\u00f3 pluriling\u00fce i intercultural en el nostre centre.<\/span><\/p>\n<p><span style=\"font-weight: 400;\">El nostre centre t\u00e9 l&#8217;objectiu de potenciar l&#8217;aprenentatge de les lleng\u00fces estrangeres. Per aix\u00f2, es realitzen cada curs intercanvis ling\u00fc\u00edstics en llengua anglesa i francesa, s&#8217;acompanya als alumnes per a presentar-se als ex\u00e0mens oficials de Cambridge i DELF i s&#8217;imparteix la mat\u00e8ria comuna d&#8217;Educaci\u00f3 F\u00edsica a 1r i 2n d&#8217;ESO en llengua anglesa (AICLE). En aquest context, la incorporaci\u00f3 al programa GEP ens ha aportat un valor i suport afegit al treball que s\u2019est\u00e0 fent per aconseguir una educaci\u00f3 pluriling\u00fce.<\/span><\/p>\n<p><span style=\"font-weight: 400;\">D\u2019acord amb l\u2019Objectiu 1.3 del PdD, incrementar el nombre d\u2019alumnes que en finalitzar l\u2019ESO assoleixin el nivell B1 i en finalitzar el Batxillerat el nivell B2 en llengua anglesa, tenim establertes dues estrat\u00e8gies pel curs 2018-19.<\/span><\/p>\n<ul>\n<li><b> <\/b><span style=\"font-weight: 400;\">L\u2019augment d\u2019activitats d\u2019aprenentatge en lleng\u00fces estrangeres (angl\u00e8s i franc\u00e8s).<\/span><\/li>\n<li><span style=\"font-weight: 400;\">Sistematitzar des de totes les mat\u00e8ries el treball de la comprensi\u00f3 lectora i expressi\u00f3 escrita, especialment en llengua anglesa.<\/span><\/li>\n<\/ul>\n<p><a href=\"https:\/\/drive.google.com\/file\/d\/1zD043n94q3y3ow6PiQDBFG7tNitl1LHL\/view?usp=sharing\">V\u00cdDEO GEP<\/a><\/p>\n","protected":false},"excerpt":{"rendered":"<p>Programa GEP Institut Montserrat Colomer 2018-2023<br \/>\n<a href=\"https:\/\/agora.xtec.cat\/insmontserratcolomer\/categoria\/projecte-gep\/\">Qu\u00e8 fem al GEP?<\/a><br \/>\nEl projecte GEP \u00e9s un programa d\u2019innovaci\u00f3 pedag\u00f2gica que t\u00e9 com a finalitat millorar la compet\u00e8ncia ling\u00fc\u00edstica en llengua estrangera de l\u2019alumnat, afavorint el seu creixement acad\u00e8mic i posterior inserci\u00f3 laboral. La metodologia emprada contribueix al&hellip;  <a href=\"https:\/\/agora.xtec.cat\/insmontserratcolomer\/documents-de-centre\/projecte-educatiu\/projectegep\/\" title=\"Read Programa GEP\">Llegeix m\u00e9s\u00bb<\/a><\/p>\n","protected":false},"author":97,"featured_media":0,"parent":57,"menu_order":3,"comment_status":"closed","ping_status":"closed","template":"page-templates\/side-menu.php","meta":{"_bbp_topic_count":0,"_bbp_reply_count":0,"_bbp_total_topic_count":0,"_bbp_total_reply_count":0,"_bbp_voice_count":0,"_bbp_anonymous_reply_count":0,"_bbp_topic_count_hidden":0,"_bbp_reply_count_hidden":0,"_bbp_forum_subforum_count":0,"footnotes":""},"class_list":["post-4412","page","type-page","status-publish","hentry"],"post_mailing_queue_ids":[],"_links":{"self":[{"href":"https:\/\/agora.xtec.cat\/insmontserratcolomer\/wp-json\/wp\/v2\/pages\/4412","targetHints":{"allow":["GET"]}}],"collection":[{"href":"https:\/\/agora.xtec.cat\/insmontserratcolomer\/wp-json\/wp\/v2\/pages"}],"about":[{"href":"https:\/\/agora.xtec.cat\/insmontserratcolomer\/wp-json\/wp\/v2\/types\/page"}],"author":[{"embeddable":true,"href":"https:\/\/agora.xtec.cat\/insmontserratcolomer\/wp-json\/wp\/v2\/users\/97"}],"replies":[{"embeddable":true,"href":"https:\/\/agora.xtec.cat\/insmontserratcolomer\/wp-json\/wp\/v2\/comments?post=4412"}],"version-history":[{"count":1,"href":"https:\/\/agora.xtec.cat\/insmontserratcolomer\/wp-json\/wp\/v2\/pages\/4412\/revisions"}],"predecessor-version":[{"id":4911,"href":"https:\/\/agora.xtec.cat\/insmontserratcolomer\/wp-json\/wp\/v2\/pages\/4412\/revisions\/4911"}],"up":[{"embeddable":true,"href":"https:\/\/agora.xtec.cat\/insmontserratcolomer\/wp-json\/wp\/v2\/pages\/57"}],"wp:attachment":[{"href":"https:\/\/agora.xtec.cat\/insmontserratcolomer\/wp-json\/wp\/v2\/media?parent=4412"}],"curies":[{"name":"wp","href":"https:\/\/api.w.org\/{rel}","templated":true}]}}