{"id":3628,"date":"2017-10-31T14:36:07","date_gmt":"2017-10-31T13:36:07","guid":{"rendered":"http:\/\/agora.xtec.cat\/insmontserratcolomer\/?page_id=3628"},"modified":"2022-01-07T13:41:39","modified_gmt":"2022-01-07T12:41:39","slug":"consergeria","status":"publish","type":"page","link":"https:\/\/agora.xtec.cat\/insmontserratcolomer\/secretaria\/consergeria\/","title":{"rendered":"Consergeria"},"content":{"rendered":"<p><strong><a href=\"http:\/\/agora.xtec.cat\/insmontserratcolomer\/wp-content\/uploads\/usu109\/2017\/10\/conserjeria01.jpg\"><img loading=\"lazy\" decoding=\"async\" class=\"size-full wp-image-3629 alignright\" src=\"http:\/\/agora.xtec.cat\/insmontserratcolomer\/wp-content\/uploads\/usu109\/2017\/10\/conserjeria01.jpg\" alt=\"\" width=\"353\" height=\"336\" srcset=\"https:\/\/agora.xtec.cat\/insmontserratcolomer\/wp-content\/uploads\/usu109\/2017\/10\/conserjeria01.jpg 353w, https:\/\/agora.xtec.cat\/insmontserratcolomer\/wp-content\/uploads\/usu109\/2017\/10\/conserjeria01-300x286.jpg 300w\" sizes=\"auto, (max-width: 353px) 100vw, 353px\" \/><\/a>Horari d&#8217;atenci\u00f3:<\/strong><\/p>\n<p>Matins de Dilluns a Divendres: de 08.00h a 14.30h<\/p>\n<p>Tardes de Dimecres: de 15.30h a 17.00h<\/p>\n<p><strong>Funcions:<\/strong><\/p>\n<ul>\n<li>Vigilar les instal\u00b7lacions del centre.<\/li>\n<li>Controlar els accessos i rebre les persones que accedeixen al centre.<\/li>\n<li>Custodiar el material, el mobiliari i les instal\u00b7lacions del centre.<\/li>\n<li>Utilitzar i manipular m\u00e0quines reproductores, fotocopiadores i similars.<\/li>\n<li>Atendre els alumnes.<\/li>\n<li>Donar suport al funcionament i a l&#8217;estructura del centre i tamb\u00e9 a l&#8217;equip directiu<\/li>\n<li>Cura i control de les instal\u00b7lacions, equipaments, mobiliari i material del centre.<\/li>\n<li>Comunicaci\u00f3 a la secretaria de les anomalies que es puguin detectar en l\u2019estat, l&#8217;\u00fas i el funcionament del centre.<\/li>\n<li>Encesa i tancament (posada en funcionament) de les instal\u00b7lacions d&#8217;aigua, llum, gas, calefacci\u00f3 i aparells que calgui, i cura del seu funcionament correcte.<\/li>\n<li>Obertura i tancament dels accessos del centre, aules, despatxos, patis, instal\u00b7lacions esportives i altres espais.<\/li>\n<li>Cura i cust\u00f2dia de les claus de les depend\u00e8ncies del centre.<\/li>\n<li>Control d&#8217;entrada i sortida de persones al centre (alumnes, p\u00fablic, etc.).<\/li>\n<li>Recepci\u00f3 i atenci\u00f3 de les persones que accedeixen al centre.<\/li>\n<li>Cura i control del material (recepci\u00f3, lliurament, recompte, trasllat, etc.).<\/li>\n<li>Trasllat de mobiliari i d&#8217;aparells que, per volum i\/o pes, no requereixen la intervenci\u00f3 d&#8217;un equip especialitzat.<\/li>\n<li>Posada en funcionament dels aparells (fotocopiadores, material audiovisual, etc.).<\/li>\n<li>Fotoc\u00f2pia de documents i seguiment de les fotoc\u00f2pies que es fan en el centre.<\/li>\n<li>Utilitzaci\u00f3 del fax (enviament i recepci\u00f3 de documents).<\/li>\n<li>Enquadernacions senzilles, transpar\u00e8ncies, etc., sobre material de l&#8217;activitat del centre.<\/li>\n<li>Col\u00b7laboraci\u00f3 en el manteniment de l&#8217;ordre dels alumnes en les entrades i sortides.<\/li>\n<li>Intervenci\u00f3 en els petits accidents dels alumnes, segons el protocol d&#8217;actuaci\u00f3 del centre.<\/li>\n<li>Recollida i distribuci\u00f3 dels justificants d&#8217;abs\u00e8ncia dels alumnes i col\u00b7laboraci\u00f3 en el control de la puntualitat i l&#8217;assist\u00e8ncia dels alumnes.<\/li>\n<li>Participaci\u00f3 en els processos de preinscripci\u00f3 i matriculaci\u00f3 del centre: lliurament d&#8217;impresos, atenci\u00f3 de consultes presencials i derivaci\u00f3, si escau.<\/li>\n<li>Primera atenci\u00f3 telef\u00f2nica i derivaci\u00f3 de trucades.<\/li>\n<li>Recepci\u00f3, classificaci\u00f3 i distribuci\u00f3 del correu (cartes, paquets, etc.).<\/li>\n<li>Enc\u00e0rrecs, dins i fora del centre, relacionats amb les seves activitats i el seu funcionament (tr\u00e0mits al servei de correus, etc.).<\/li>\n<li>Tasques imprevistes per evitar la pertorbaci\u00f3 del funcionament normal del centre, en abs\u00e8ncia dels especialistes i\/o encarregats.<\/li>\n<\/ul>\n","protected":false},"excerpt":{"rendered":"<p><a href=\"http:\/\/agora.xtec.cat\/insmontserratcolomer\/wp-content\/uploads\/usu109\/2017\/10\/conserjeria01.jpg\"><\/a>Horari d&#8217;atenci\u00f3:<br \/>\nMatins de Dilluns a Divendres: de 08.00h a 14.30h<br \/>\nTardes de Dimecres: de 15.30h a 17.00h<br \/>\nFuncions:<\/p>\n<ul>\n<li>Vigilar les instal\u00b7lacions del centre.<\/li>\n<li>Controlar els accessos i rebre les persones que accedeixen al centre.<\/li>\n<li>Custodiar el material, el mobiliari i les instal\u00b7lacions del centre.<\/li>\n<li>Utilitzar i manipular m\u00e0quines reproductores, fotocopiadores&hellip;  <a href=\"https:\/\/agora.xtec.cat\/insmontserratcolomer\/secretaria\/consergeria\/\" title=\"Read Consergeria\">Llegeix m\u00e9s\u00bb<\/a><br \/>\n","protected":false},"author":386,"featured_media":0,"parent":81,"menu_order":0,"comment_status":"closed","ping_status":"closed","template":"page-templates\/side-menu.php","meta":{"_bbp_topic_count":0,"_bbp_reply_count":0,"_bbp_total_topic_count":0,"_bbp_total_reply_count":0,"_bbp_voice_count":0,"_bbp_anonymous_reply_count":0,"_bbp_topic_count_hidden":0,"_bbp_reply_count_hidden":0,"_bbp_forum_subforum_count":0,"footnotes":""},"class_list":["post-3628","page","type-page","status-publish","hentry"],"post_mailing_queue_ids":[],"_links":{"self":[{"href":"https:\/\/agora.xtec.cat\/insmontserratcolomer\/wp-json\/wp\/v2\/pages\/3628","targetHints":{"allow":["GET"]}}],"collection":[{"href":"https:\/\/agora.xtec.cat\/insmontserratcolomer\/wp-json\/wp\/v2\/pages"}],"about":[{"href":"https:\/\/agora.xtec.cat\/insmontserratcolomer\/wp-json\/wp\/v2\/types\/page"}],"author":[{"embeddable":true,"href":"https:\/\/agora.xtec.cat\/insmontserratcolomer\/wp-json\/wp\/v2\/users\/386"}],"replies":[{"embeddable":true,"href":"https:\/\/agora.xtec.cat\/insmontserratcolomer\/wp-json\/wp\/v2\/comments?post=3628"}],"version-history":[{"count":2,"href":"https:\/\/agora.xtec.cat\/insmontserratcolomer\/wp-json\/wp\/v2\/pages\/3628\/revisions"}],"predecessor-version":[{"id":6819,"href":"https:\/\/agora.xtec.cat\/insmontserratcolomer\/wp-json\/wp\/v2\/pages\/3628\/revisions\/6819"}],"up":[{"embeddable":true,"href":"https:\/\/agora.xtec.cat\/insmontserratcolomer\/wp-json\/wp\/v2\/pages\/81"}],"wp:attachment":[{"href":"https:\/\/agora.xtec.cat\/insmontserratcolomer\/wp-json\/wp\/v2\/media?parent=3628"}],"curies":[{"name":"wp","href":"https:\/\/api.w.org\/{rel}","templated":true}]}}