{"id":6949,"date":"2024-03-28T13:45:30","date_gmt":"2024-03-28T12:45:30","guid":{"rendered":"https:\/\/agora.xtec.cat\/insmontpedros\/?page_id=6949"},"modified":"2026-02-17T10:15:43","modified_gmt":"2026-02-17T09:15:43","slug":"documents-administratius-i-de-gestio","status":"publish","type":"page","link":"https:\/\/agora.xtec.cat\/insmontpedros\/documents-administratius-i-de-gestio\/","title":{"rendered":"Documents administratius i de gesti\u00f3"},"content":{"rendered":"<table style=\"border-collapse: collapse; width: 99.6506%; height: 1004px;\">\n<tbody>\n<tr style=\"height: 32px;\">\n<td style=\"width: 73.1668%; height: 32px;\"><strong>T\u00edtol<\/strong><\/td>\n<td style=\"width: 7.10309%; height: 32px;\"><strong>Autor<\/strong><\/td>\n<td style=\"width: 7.68325%; height: 32px;\"><strong>Creat\u00a0<\/strong><\/td>\n<td style=\"width: 12.7132%; height: 32px;\"><strong>Editat<\/strong><\/td>\n<\/tr>\n<tr style=\"height: 32px;\">\n<td style=\"width: 100.666%; height: 32px;\" colspan=\"4\"><strong>DOCUMENTACI\u00d3 MATR\u00cdCULA<\/strong><\/td>\n<\/tr>\n<tr style=\"height: 32px;\">\n<td style=\"width: 73.1668%; height: 32px;\"><a href=\"https:\/\/agora.xtec.cat\/insmontpedros\/wp-content\/uploads\/usu1784\/2024\/03\/Dades-Personals-ESO.pdf\">Dades Personals ESO<\/a><\/td>\n<td style=\"width: 7.10309%; height: 32px;\">admin<\/td>\n<td style=\"width: 7.68325%; height: 32px;\">27\/03\/2024<\/td>\n<td style=\"width: 12.7132%; height: 32px;\">\u00a0<\/td>\n<\/tr>\n<tr style=\"height: 32px;\">\n<td style=\"width: 73.1668%; height: 32px;\"><a href=\"https:\/\/agora.xtec.cat\/insmontpedros\/wp-content\/uploads\/usu1784\/2024\/03\/Autoritzacions-escolars-ESO.pdf\">Autoritzacions escolars ESO<\/a><\/td>\n<td style=\"width: 7.10309%; height: 32px;\">admin<\/td>\n<td style=\"width: 7.68325%; height: 32px;\">27\/03\/2024<\/td>\n<td style=\"width: 12.7132%; height: 32px;\">\u00a0<\/td>\n<\/tr>\n<tr style=\"height: 32px;\">\n<td style=\"width: 73.1668%; height: 32px;\"><a href=\"https:\/\/agora.xtec.cat\/insmontpedros\/wp-content\/uploads\/usu1784\/2024\/03\/Autoritzacio-per-entrar-o-sortir-fora-del-marc-horari-ESO.pdf\">Autoritzacio per entrar o sortir fora del marc horari ESO<\/a><\/td>\n<td style=\"width: 7.10309%; height: 32px;\">admin<\/td>\n<td style=\"width: 7.68325%; height: 32px;\">27\/03\/2024<\/td>\n<td style=\"width: 12.7132%; height: 32px;\">\u00a0<\/td>\n<\/tr>\n<tr style=\"height: 32px;\">\n<td style=\"width: 73.1668%; height: 32px;\"><a href=\"https:\/\/agora.xtec.cat\/insmontpedros\/wp-content\/uploads\/usu1784\/2024\/03\/Autoritzacio-Proteccio-de-dades-recursos-digitals.pdf\">Autoritzaci\u00f3 Protecci\u00f3 de dades recursos digitals<\/a><\/td>\n<td style=\"width: 7.10309%; height: 32px;\">admin<\/td>\n<td style=\"width: 7.68325%; height: 32px;\">27\/03\/2024<\/td>\n<td style=\"width: 12.7132%; height: 32px;\">\u00a0<\/td>\n<\/tr>\n<tr style=\"height: 32px;\">\n<td style=\"width: 73.1668%; height: 32px;\"><a href=\"https:\/\/agora.xtec.cat\/insmontpedros\/wp-content\/uploads\/usu1784\/2024\/03\/Autoritzacio-marxar-sol-major-dedat.pdf\">Autoritzaci\u00f3 marxar sol major d&#8217;edat<\/a><\/td>\n<td style=\"width: 7.10309%; height: 32px;\">admin<\/td>\n<td style=\"width: 7.68325%; height: 32px;\">27\/03\/2024<\/td>\n<td style=\"width: 12.7132%; height: 32px;\">\u00a0<\/td>\n<\/tr>\n<tr style=\"height: 32px;\">\n<td style=\"width: 73.1668%; height: 32px;\"><a href=\"https:\/\/agora.xtec.cat\/insmontpedros\/wp-content\/uploads\/usu1784\/2024\/03\/Autoritzacio-Paracetamol.pdf\">Autoritzaci\u00f3 Paracetamol<\/a><\/td>\n<td style=\"width: 7.10309%; height: 32px;\">admin<\/td>\n<td style=\"width: 7.68325%; height: 32px;\">27\/03\/2024<\/td>\n<td style=\"width: 12.7132%; height: 32px;\">\u00a0<\/td>\n<\/tr>\n<tr style=\"height: 32px;\">\n<td style=\"width: 73.1668%; height: 32px;\"><a href=\"https:\/\/agora.xtec.cat\/insmontpedros\/wp-content\/uploads\/usu1784\/2024\/03\/Autoritzacio-marxar-sol-major-dedat.pdf\">Autoritzaci\u00f3 marxar sol major d&#8217;edat<\/a><\/td>\n<td style=\"width: 7.10309%; height: 32px;\">admin<\/td>\n<td style=\"width: 7.68325%; height: 32px;\">27\/03\/2024<\/td>\n<td style=\"width: 12.7132%; height: 32px;\">\u00a0<\/td>\n<\/tr>\n<tr style=\"height: 32px;\">\n<td style=\"width: 73.1668%; height: 32px;\"><a href=\"https:\/\/agora.xtec.cat\/insmontpedros\/wp-content\/uploads\/usu1784\/2024\/03\/Carta-compromis.pdf\">Carta comprom\u00eds<\/a><\/td>\n<td style=\"width: 7.10309%; height: 32px;\">admin<\/td>\n<td style=\"width: 7.68325%; height: 32px;\">27\/03\/2024<\/td>\n<td style=\"width: 12.7132%; height: 32px;\">\u00a0<\/td>\n<\/tr>\n<tr style=\"height: 46px;\">\n<td style=\"width: 73.1668%; height: 46px;\"><a href=\"https:\/\/docs.google.com\/document\/d\/13uJCiS56XKfeC5e8FkCoj9odFFjE4h78\/edit?usp=sharing&amp;ouid=115434100667255475619&amp;rtpof=true&amp;sd=true\">ANNEX 1 Addenda a Carta comprom\u00eds \u00fas ordinadors<\/a><\/td>\n<td style=\"width: 7.10309%; height: 46px;\">admin<\/td>\n<td style=\"width: 7.68325%; height: 46px;\">27\/01\/2026<\/td>\n<td style=\"width: 12.7132%; height: 46px;\">\u00a0<\/td>\n<\/tr>\n<tr style=\"height: 32px;\">\n<td style=\"width: 73.1668%; height: 32px;\">Model tria optatives 1r ESO<\/td>\n<td style=\"width: 7.10309%; height: 32px;\">admin<\/td>\n<td style=\"width: 7.68325%; height: 32px;\">27\/03\/2024<\/td>\n<td style=\"width: 12.7132%; height: 32px;\">\u00a0<\/td>\n<\/tr>\n<tr style=\"height: 32px;\">\n<td style=\"width: 73.1668%; height: 32px;\">Model tria optatives 2n ESO<\/td>\n<td style=\"width: 7.10309%; height: 32px;\">admin<\/td>\n<td style=\"width: 7.68325%; height: 32px;\">27\/03\/2024<\/td>\n<td style=\"width: 12.7132%; height: 32px;\">\u00a0<\/td>\n<\/tr>\n<tr style=\"height: 32px;\">\n<td style=\"width: 73.1668%; height: 32px;\">Model tria optatives 3r ESO<\/td>\n<td style=\"width: 7.10309%; height: 32px;\">admin<\/td>\n<td style=\"width: 7.68325%; height: 32px;\">27\/03\/2024<\/td>\n<td style=\"width: 12.7132%; height: 32px;\">\u00a0<\/td>\n<\/tr>\n<tr style=\"height: 32px;\">\n<td style=\"width: 73.1668%; height: 32px;\">Model tria optatives 4t ESO<\/td>\n<td style=\"width: 7.10309%; height: 32px;\">admin<\/td>\n<td style=\"width: 7.68325%; height: 32px;\">27\/03\/2024<\/td>\n<td style=\"width: 12.7132%; height: 32px;\">\u00a0<\/td>\n<\/tr>\n<tr style=\"height: 32px;\">\n<td style=\"width: 73.1668%; height: 32px;\">Model tria modalitat 1r batxillerat<\/td>\n<td style=\"width: 7.10309%; height: 32px;\">admin<\/td>\n<td style=\"width: 7.68325%; height: 32px;\">27\/03\/2024<\/td>\n<td style=\"width: 12.7132%; height: 32px;\">\u00a0<\/td>\n<\/tr>\n<tr style=\"height: 32px;\">\n<td style=\"width: 73.1668%; height: 32px;\">Model tria modalitat 2n batxillerat<\/td>\n<td style=\"width: 7.10309%; height: 32px;\">admin<\/td>\n<td style=\"width: 7.68325%; height: 32px;\">27\/03\/2024<\/td>\n<td style=\"width: 12.7132%; height: 32px;\">\u00a0<\/td>\n<\/tr>\n<tr style=\"height: 32px;\">\n<td style=\"width: 100.666%; height: 32px;\" colspan=\"4\"><strong>DOCUMENTS FUNCIONAMENT DEL CURS<\/strong><\/td>\n<\/tr>\n<tr style=\"height: 32px;\">\n<td style=\"width: 73.1668%; height: 32px;\"><a href=\"https:\/\/agora.xtec.cat\/insmontpedros\/wp-content\/uploads\/usu1784\/2024\/03\/Instancia.pdf\">Instancia<\/a><\/td>\n<td style=\"width: 7.10309%; height: 32px;\">admin<\/td>\n<td style=\"width: 7.68325%; height: 32px;\">27\/03\/2024<\/td>\n<td style=\"width: 12.7132%; height: 32px;\">\u00a0<\/td>\n<\/tr>\n<tr style=\"height: 32px;\">\n<td style=\"width: 73.1668%; height: 32px;\"><a href=\"https:\/\/agora.xtec.cat\/insmontpedros\/wp-content\/uploads\/usu1784\/2024\/03\/Instancia-Batxillerat-Canvi-modalitat-materia.pdf\">Inst\u00e0ncia Batxillerat Canvi modalitat &#8211; mat\u00e8ria<\/a><\/td>\n<td style=\"width: 7.10309%; height: 32px;\">admin<\/td>\n<td style=\"width: 7.68325%; height: 32px;\">27\/03\/2024<\/td>\n<td style=\"width: 12.7132%; height: 32px;\">\u00a0<\/td>\n<\/tr>\n<tr style=\"height: 32px;\">\n<td style=\"width: 73.1668%; height: 32px;\"><a href=\"https:\/\/agora.xtec.cat\/insmontpedros\/wp-content\/uploads\/usu1784\/2024\/03\/Sol.licitud-Renuncia-Materies-Batxillerat.pdf\">Sol.licitud Ren\u00fancia Mat\u00e8ries Batxillerat<\/a><\/td>\n<td style=\"width: 7.10309%; height: 32px;\">admin<\/td>\n<td style=\"width: 7.68325%; height: 32px;\">27\/03\/2024<\/td>\n<td style=\"width: 12.7132%; height: 32px;\">\u00a0<\/td>\n<\/tr>\n<tr style=\"height: 32px;\">\n<td style=\"width: 73.1668%; height: 32px;\"><a href=\"https:\/\/agora.xtec.cat\/insmontpedros\/wp-content\/uploads\/usu1784\/2024\/03\/Sol.licitud-Baixa-de-Matricula.pdf\">Sol.licitud Baixa de Matr\u00edcula<\/a><\/td>\n<td style=\"width: 7.10309%; height: 32px;\">admin<\/td>\n<td style=\"width: 7.68325%; height: 32px;\">27\/03\/2024<\/td>\n<td style=\"width: 12.7132%; height: 32px;\">\u00a0<\/td>\n<\/tr>\n<tr style=\"height: 32px;\">\n<td style=\"width: 73.1668%; height: 32px;\"><a href=\"https:\/\/agora.xtec.cat\/insmontpedros\/wp-content\/uploads\/usu1784\/2024\/03\/Certificat-reunio-entrevista-tutor-a.pdf\">Certificat reuni\u00f3 entrevista tutor-a<\/a><\/td>\n<td style=\"width: 7.10309%; height: 32px;\">admin<\/td>\n<td style=\"width: 7.68325%; height: 32px;\">27\/03\/2024<\/td>\n<td style=\"width: 12.7132%; height: 32px;\">\u00a0<\/td>\n<\/tr>\n<tr style=\"height: 32px;\">\n<td style=\"width: 73.1668%; height: 32px;\"><a href=\"https:\/\/agora.xtec.cat\/insmontpedros\/wp-content\/uploads\/usu1784\/2024\/03\/Sol.licitud-pagament-fraccionat.pdf\">Sol.licitud pagament fraccionat<\/a><\/td>\n<td style=\"width: 7.10309%; height: 32px;\">admin<\/td>\n<td style=\"width: 7.68325%; height: 32px;\">27\/03\/2024<\/td>\n<td style=\"width: 12.7132%; height: 32px;\">\u00a0<\/td>\n<\/tr>\n<tr style=\"height: 32px;\">\n<td style=\"width: 73.1668%; height: 32px;\"><a href=\"https:\/\/agora.xtec.cat\/insmontpedros\/wp-content\/uploads\/usu1784\/2024\/03\/Justificant-recepcio-ordinador-i-carregador.pdf\">Justificant recepci\u00f3 ordinador i carregador<\/a><\/td>\n<td style=\"width: 7.10309%; height: 32px;\">admin<\/td>\n<td style=\"width: 7.68325%; height: 32px;\">27\/03\/2024<\/td>\n<td style=\"width: 12.7132%; height: 32px;\">\u00a0<\/td>\n<\/tr>\n<tr style=\"height: 32px;\">\n<td style=\"width: 73.1668%; height: 32px;\"><a href=\"https:\/\/agora.xtec.cat\/insmontpedros\/wp-content\/uploads\/usu1784\/2024\/03\/Sol.licitud-renuncia-placa-proces-de-preinscripcio.pdf\">Sol.licitud ren\u00fancia pla\u00e7a proc\u00e9s de preinscripci\u00f3<\/a><\/td>\n<td style=\"width: 7.10309%; height: 32px;\">admin<\/td>\n<td style=\"width: 7.68325%; height: 32px;\">27\/03\/2024<\/td>\n<td style=\"width: 12.7132%; height: 32px;\">\u00a0<\/td>\n<\/tr>\n<tr style=\"height: 32px;\">\n<td style=\"width: 73.1668%; height: 32px;\"><a href=\"https:\/\/agora.xtec.cat\/insmontpedros\/wp-content\/uploads\/usu1784\/2024\/03\/Resolucio-reconeixement-Educacio-Fisica.pdf\">Resoluci\u00f3 reconeixement Educaci\u00f3 F\u00edsica<\/a><\/td>\n<td style=\"width: 7.10309%; height: 32px;\">admin<\/td>\n<td style=\"width: 7.68325%; height: 32px;\">27\/03\/2024<\/td>\n<td style=\"width: 12.7132%; height: 32px;\">\u00a0<\/td>\n<\/tr>\n<tr style=\"height: 32px;\">\n<td style=\"width: 73.1668%; height: 32px;\"><a href=\"https:\/\/agora.xtec.cat\/insmontpedros\/wp-content\/uploads\/usu1784\/2024\/03\/Certificat-Secretaria.pdf\">Certificat Secretaria<\/a><\/td>\n<td style=\"width: 7.10309%; height: 32px;\">admin<\/td>\n<td style=\"width: 7.68325%; height: 32px;\">27\/03\/2024<\/td>\n<td style=\"width: 12.7132%; height: 32px;\">\u00a0<\/td>\n<\/tr>\n<tr style=\"height: 32px;\">\n<td style=\"width: 73.1668%; height: 32px;\" colspan=\"4\"><strong>DOCUMENTS DE GESTI\u00d3 ECON\u00d2MICA<\/strong><\/td>\n<\/tr>\n<tr style=\"height: 30px;\">\n<td style=\"width: 73.1668%; height: 30px;\"><a href=\"https:\/\/agora.xtec.cat\/insmontpedros\/wp-content\/uploads\/usu1784\/2026\/02\/Liquidacio-2025.pdf\">Liquidaci\u00f3 del pressupost 2025<\/a><\/td>\n<td style=\"width: 7.10309%; height: 30px;\">admin<\/td>\n<td style=\"width: 7.68325%; height: 30px;\">17\/02\/2026<\/td>\n<td style=\"width: 12.7132%; height: 30px;\">\u00a0<\/td>\n<\/tr>\n<tr style=\"height: 32px;\">\n<td style=\"width: 73.1668%; height: 32px;\"><a href=\"https:\/\/agora.xtec.cat\/insmontpedros\/wp-content\/uploads\/usu1784\/2026\/02\/Pressupost-2026.pdf\">Pressupost 2026<\/a><\/td>\n<td style=\"width: 7.10309%; height: 32px;\">admin<\/td>\n<td style=\"width: 7.68325%; height: 32px;\">17\/02\/2026<\/td>\n<td style=\"width: 12.7132%; height: 32px;\">\u00a0<\/td>\n<\/tr>\n<\/tbody>\n<\/table>\n\n\n<p><\/p>\n","protected":false},"excerpt":{"rendered":"<p>T\u00edtol Autor Creat\u00a0 Editat DOCUMENTACI\u00d3 MATR\u00cdCULA Dades Personals ESO admin 27\/03\/2024 \u00a0 Autoritzacions escolars ESO admin 27\/03\/2024 \u00a0 Autoritzacio per entrar o sortir fora del marc horari ESO admin 27\/03\/2024 \u00a0 Autoritzaci\u00f3 Protecci\u00f3 de dades recursos digitals admin 27\/03\/2024 \u00a0 Autoritzaci\u00f3 marxar sol major d&#8217;edat admin 27\/03\/2024 \u00a0 Autoritzaci\u00f3 Paracetamol admin 27\/03\/2024 \u00a0 Autoritzaci\u00f3 marxar [&hellip;]<\/p>\n","protected":false},"author":1,"featured_media":0,"parent":0,"menu_order":0,"comment_status":"closed","ping_status":"closed","template":"","meta":{"_bbp_topic_count":0,"_bbp_reply_count":0,"_bbp_total_topic_count":0,"_bbp_total_reply_count":0,"_bbp_voice_count":0,"_bbp_anonymous_reply_count":0,"_bbp_topic_count_hidden":0,"_bbp_reply_count_hidden":0,"_bbp_forum_subforum_count":0,"site-sidebar-layout":"default","site-content-layout":"","ast-site-content-layout":"default","site-content-style":"default","site-sidebar-style":"default","ast-global-header-display":"","ast-banner-title-visibility":"","ast-main-header-display":"","ast-hfb-above-header-display":"","ast-hfb-below-header-display":"","ast-hfb-mobile-header-display":"","site-post-title":"","ast-breadcrumbs-content":"","ast-featured-img":"","footer-sml-layout":"","theme-transparent-header-meta":"","adv-header-id-meta":"","stick-header-meta":"","header-above-stick-meta":"","header-main-stick-meta":"","header-below-stick-meta":"","astra-migrate-meta-layouts":"set","ast-page-background-enabled":"default","ast-page-background-meta":{"desktop":{"background-color":"var(--ast-global-color-4)","background-image":"","background-repeat":"repeat","background-position":"center center","background-size":"auto","background-attachment":"scroll","background-type":"","background-media":"","overlay-type":"","overlay-color":"","overlay-opacity":"","overlay-gradient":""},"tablet":{"background-color":"","background-image":"","background-repeat":"repeat","background-position":"center center","background-size":"auto","background-attachment":"scroll","background-type":"","background-media":"","overlay-type":"","overlay-color":"","overlay-opacity":"","overlay-gradient":""},"mobile":{"background-color":"","background-image":"","background-repeat":"repeat","background-position":"center center","background-size":"auto","background-attachment":"scroll","background-type":"","background-media":"","overlay-type":"","overlay-color":"","overlay-opacity":"","overlay-gradient":""}},"ast-content-background-meta":{"desktop":{"background-color":"var(--ast-global-color-5)","background-image":"","background-repeat":"repeat","background-position":"center center","background-size":"auto","background-attachment":"scroll","background-type":"","background-media":"","overlay-type":"","overlay-color":"","overlay-opacity":"","overlay-gradient":""},"tablet":{"background-color":"var(--ast-global-color-5)","background-image":"","background-repeat":"repeat","background-position":"center center","background-size":"auto","background-attachment":"scroll","background-type":"","background-media":"","overlay-type":"","overlay-color":"","overlay-opacity":"","overlay-gradient":""},"mobile":{"background-color":"var(--ast-global-color-5)","background-image":"","background-repeat":"repeat","background-position":"center center","background-size":"auto","background-attachment":"scroll","background-type":"","background-media":"","overlay-type":"","overlay-color":"","overlay-opacity":"","overlay-gradient":""}},"footnotes":""},"class_list":["post-6949","page","type-page","status-publish","hentry"],"post_mailing_queue_ids":[],"_links":{"self":[{"href":"https:\/\/agora.xtec.cat\/insmontpedros\/wp-json\/wp\/v2\/pages\/6949","targetHints":{"allow":["GET"]}}],"collection":[{"href":"https:\/\/agora.xtec.cat\/insmontpedros\/wp-json\/wp\/v2\/pages"}],"about":[{"href":"https:\/\/agora.xtec.cat\/insmontpedros\/wp-json\/wp\/v2\/types\/page"}],"author":[{"embeddable":true,"href":"https:\/\/agora.xtec.cat\/insmontpedros\/wp-json\/wp\/v2\/users\/1"}],"replies":[{"embeddable":true,"href":"https:\/\/agora.xtec.cat\/insmontpedros\/wp-json\/wp\/v2\/comments?post=6949"}],"version-history":[{"count":6,"href":"https:\/\/agora.xtec.cat\/insmontpedros\/wp-json\/wp\/v2\/pages\/6949\/revisions"}],"predecessor-version":[{"id":9332,"href":"https:\/\/agora.xtec.cat\/insmontpedros\/wp-json\/wp\/v2\/pages\/6949\/revisions\/9332"}],"wp:attachment":[{"href":"https:\/\/agora.xtec.cat\/insmontpedros\/wp-json\/wp\/v2\/media?parent=6949"}],"curies":[{"name":"wp","href":"https:\/\/api.w.org\/{rel}","templated":true}]}}