{"id":6704,"date":"2024-03-01T12:55:46","date_gmt":"2024-03-01T11:55:46","guid":{"rendered":"https:\/\/agora.xtec.cat\/insmontpedros\/?page_id=6704"},"modified":"2025-09-10T16:09:06","modified_gmt":"2025-09-10T14:09:06","slug":"historia-del-centre","status":"publish","type":"page","link":"https:\/\/agora.xtec.cat\/insmontpedros\/linstitut\/historia-del-centre\/","title":{"rendered":"Hist\u00f2ria del centre"},"content":{"rendered":"<p>El nostre Institut t\u00e9 ja un recorregut de tretze anys. Ha estat un proc\u00e9s llarg i progressiu fins a la ubicaci\u00f3 actual. La Secci\u00f3 d\u2019Institut Santa Coloma de Cervell\u00f3 va obrir les portes oficialment el setembre de 2011 amb 68 alumnes de 1r d\u2019ESO i una plantilla de 9 professors, compartint espais amb l\u2019Escola Pla de les Vinyes<\/p>\n<p>El segon curs ,2012- 2013, ja amb 170 alumnes de 1r i 2n vam ocupar de forma provisional l\u2019edifici municipal de Can Baruta. El curs seg\u00fcent, 2013-2014, amb 250 alumnes de 1r a 3r, ens vam instal\u00b7lar en tres m\u00f2duls al pati de l\u2019Escola Montpedr\u00f3s ( en aquell moment escola d\u2019Infantil i prim\u00e0ria). El curs seg\u00fcent, ja amb tota l\u2019ESO complerta, ten\u00edem una part de l\u2019alumnat escolaritzat als m\u00f2duls i una altra a les aules que s\u2019anaven buidant de l\u2019Escola. El curs 2016-2017 l\u2019Institut comen\u00e7a el curs a l\u2019edifici antic i s\u2019inicien les obres l\u2019ampliaci\u00f3 tot i que encara ocupem un dels tres m\u00f2duls inicials. Matriculem per primera vegada alumnes de Batxillerat, deixem de ser una Secci\u00f3 d\u2019Institut i passem a ser un IES (Institut d\u2019Educaci\u00f3 Secund\u00e0ria ). El curs actual, set\u00e8 curs a l\u2019edifici, s\u2019est\u00e0 duent a terme la reforma de la fa\u00e7ana interior, per unificar la construcci\u00f3 antiga amb la nova.<\/p>\n<p>A nivell d\u2019espais, comptem ja amb tot l\u2019edifici ampliat i ens van desmuntant els m\u00f2duls progressivament. La previsi\u00f3 segons el cens municipal, \u00e9s que el curs vinent tot l\u2019alumnat ja estigui a l\u2019edifici principal . Pel curs 2025-26 est\u00e0 previst el desmantellament dels m\u00f2duls i la construcci\u00f3 d\u2019una nova zona d\u2019esbarjo i camps d\u2019esports. Des de l\u2019equip directiu, treballem pel manteniment i la conservaci\u00f3 de l\u2019edifici i \u00e9s per aix\u00f2 que dediquem esfor\u00e7os i una part important del pressupost del centre en la detecci\u00f3 de necessitats i a la millora dels espais en benefici de la qualitat i el benestar de tota la comunitat educativa.<\/p>\n","protected":false},"excerpt":{"rendered":"<p>El nostre Institut t\u00e9 ja un recorregut de tretze anys. Ha estat un proc\u00e9s llarg i progressiu fins a la ubicaci\u00f3 actual. La Secci\u00f3 d\u2019Institut Santa Coloma de Cervell\u00f3 va obrir les portes oficialment el setembre de 2011 amb 68 alumnes de 1r d\u2019ESO i una plantilla de 9 professors, compartint espais amb l\u2019Escola Pla [&hellip;]<\/p>\n","protected":false},"author":1,"featured_media":0,"parent":19,"menu_order":0,"comment_status":"closed","ping_status":"closed","template":"","meta":{"_bbp_topic_count":0,"_bbp_reply_count":0,"_bbp_total_topic_count":0,"_bbp_total_reply_count":0,"_bbp_voice_count":0,"_bbp_anonymous_reply_count":0,"_bbp_topic_count_hidden":0,"_bbp_reply_count_hidden":0,"_bbp_forum_subforum_count":0,"site-sidebar-layout":"default","site-content-layout":"","ast-site-content-layout":"default","site-content-style":"default","site-sidebar-style":"default","ast-global-header-display":"","ast-banner-title-visibility":"","ast-main-header-display":"","ast-hfb-above-header-display":"","ast-hfb-below-header-display":"","ast-hfb-mobile-header-display":"","site-post-title":"","ast-breadcrumbs-content":"","ast-featured-img":"","footer-sml-layout":"","theme-transparent-header-meta":"","adv-header-id-meta":"","stick-header-meta":"","header-above-stick-meta":"","header-main-stick-meta":"","header-below-stick-meta":"","astra-migrate-meta-layouts":"set","ast-page-background-enabled":"default","ast-page-background-meta":{"desktop":{"background-color":"var(--ast-global-color-4)","background-image":"","background-repeat":"repeat","background-position":"center center","background-size":"auto","background-attachment":"scroll","background-type":"","background-media":"","overlay-type":"","overlay-color":"","overlay-opacity":"","overlay-gradient":""},"tablet":{"background-color":"","background-image":"","background-repeat":"repeat","background-position":"center center","background-size":"auto","background-attachment":"scroll","background-type":"","background-media":"","overlay-type":"","overlay-color":"","overlay-opacity":"","overlay-gradient":""},"mobile":{"background-color":"","background-image":"","background-repeat":"repeat","background-position":"center center","background-size":"auto","background-attachment":"scroll","background-type":"","background-media":"","overlay-type":"","overlay-color":"","overlay-opacity":"","overlay-gradient":""}},"ast-content-background-meta":{"desktop":{"background-color":"var(--ast-global-color-5)","background-image":"","background-repeat":"repeat","background-position":"center center","background-size":"auto","background-attachment":"scroll","background-type":"","background-media":"","overlay-type":"","overlay-color":"","overlay-opacity":"","overlay-gradient":""},"tablet":{"background-color":"var(--ast-global-color-5)","background-image":"","background-repeat":"repeat","background-position":"center center","background-size":"auto","background-attachment":"scroll","background-type":"","background-media":"","overlay-type":"","overlay-color":"","overlay-opacity":"","overlay-gradient":""},"mobile":{"background-color":"var(--ast-global-color-5)","background-image":"","background-repeat":"repeat","background-position":"center center","background-size":"auto","background-attachment":"scroll","background-type":"","background-media":"","overlay-type":"","overlay-color":"","overlay-opacity":"","overlay-gradient":""}},"footnotes":""},"class_list":["post-6704","page","type-page","status-publish","hentry"],"post_mailing_queue_ids":[],"_links":{"self":[{"href":"https:\/\/agora.xtec.cat\/insmontpedros\/wp-json\/wp\/v2\/pages\/6704","targetHints":{"allow":["GET"]}}],"collection":[{"href":"https:\/\/agora.xtec.cat\/insmontpedros\/wp-json\/wp\/v2\/pages"}],"about":[{"href":"https:\/\/agora.xtec.cat\/insmontpedros\/wp-json\/wp\/v2\/types\/page"}],"author":[{"embeddable":true,"href":"https:\/\/agora.xtec.cat\/insmontpedros\/wp-json\/wp\/v2\/users\/1"}],"replies":[{"embeddable":true,"href":"https:\/\/agora.xtec.cat\/insmontpedros\/wp-json\/wp\/v2\/comments?post=6704"}],"version-history":[{"count":3,"href":"https:\/\/agora.xtec.cat\/insmontpedros\/wp-json\/wp\/v2\/pages\/6704\/revisions"}],"predecessor-version":[{"id":8907,"href":"https:\/\/agora.xtec.cat\/insmontpedros\/wp-json\/wp\/v2\/pages\/6704\/revisions\/8907"}],"up":[{"embeddable":true,"href":"https:\/\/agora.xtec.cat\/insmontpedros\/wp-json\/wp\/v2\/pages\/19"}],"wp:attachment":[{"href":"https:\/\/agora.xtec.cat\/insmontpedros\/wp-json\/wp\/v2\/media?parent=6704"}],"curies":[{"name":"wp","href":"https:\/\/api.w.org\/{rel}","templated":true}]}}