{"id":4700,"date":"2025-03-17T10:00:05","date_gmt":"2025-03-17T09:00:05","guid":{"rendered":"http:\/\/agora.xtec.cat\/insmontpedros\/?page_id=4700"},"modified":"2026-04-29T11:45:43","modified_gmt":"2026-04-29T09:45:43","slug":"preinscripcio-eso","status":"publish","type":"page","link":"https:\/\/agora.xtec.cat\/insmontpedros\/secretaria\/preinscripcio-eso\/","title":{"rendered":"Preinscripci\u00f3 i Matr\u00edcula de l\u2019ESO 26-27"},"content":{"rendered":"\n<ul class=\"wp-block-list\">\n<li>Reunions informatives :&nbsp;<strong>dimecres 25 de febrer<\/strong><\/li>\n\n\n\n<li>Oferta inicial&nbsp;:&nbsp;<strong>3 de mar\u00e7 de 2026<\/strong><\/li>\n\n\n\n<li>Calendari de Preinscripci\u00f3&nbsp;<a href=\"https:\/\/preinscripcio.gencat.cat\/ca\/inici\/index.html\" target=\"_blank\" rel=\"noreferrer noopener\">https:\/\/preinscripcio.gencat.cat\/ca\/inici\/index.html<\/a><\/li>\n\n\n\n<li>Preinscripci\u00f3 telem\u00e0tica : <strong>6 al 18 de mar\u00e7 de 2026<\/strong><\/li>\n\n\n\n<li>Presentaci\u00f3 Jornada de Portes Obertes d\u2019ESO 26-27<\/li>\n\n\n\n<li><a href=\"https:\/\/agora.xtec.cat\/insmontpedros\/wp-content\/uploads\/usu1784\/2026\/04\/INFORME_BAREM_PROVISIONAL_BAREM.pdf\" data-type=\"link\" data-id=\"https:\/\/agora.xtec.cat\/insmontpedros\/wp-content\/uploads\/usu1784\/2026\/04\/INFORME_BAREM_PROVISIONAL_BAREM.pdf\" target=\"_blank\" rel=\"noreferrer noopener\">Barem provisional<\/a>: <strong>15 d\u2019abril<\/strong><\/li>\n\n\n\n<li>Reclamacions barem provisional : <strong>15 al 20 d\u2019abril de 2026<\/strong><\/li>\n\n\n\n<li><a href=\"https:\/\/agora.xtec.cat\/insmontpedros\/wp-content\/uploads\/usu1784\/2026\/04\/INFORME_BAREM_RESOLTES_BAREM.pdf\" data-type=\"link\" data-id=\"https:\/\/agora.xtec.cat\/insmontpedros\/wp-content\/uploads\/usu1784\/2026\/04\/INFORME_BAREM_RESOLTES_BAREM.pdf\" target=\"_blank\" rel=\"noreferrer noopener\">Barem amb puntuaci\u00f3&nbsp;resoltes les reclamacions<\/a>:&nbsp;<strong>23 d\u2019abril de 2026<\/strong><\/li>\n\n\n\n<li><a href=\"https:\/\/agora.xtec.cat\/insmontpedros\/wp-content\/uploads\/usu1784\/2026\/04\/INFORME_BAREM_DEFINITIU_BAREM.pdf\" data-type=\"link\" data-id=\"https:\/\/agora.xtec.cat\/insmontpedros\/wp-content\/uploads\/usu1784\/2026\/04\/INFORME_BAREM_DEFINITIU_BAREM.pdf\" target=\"_blank\" rel=\"noreferrer noopener\">Barem definitiu<\/a><\/li>\n\n\n\n<li><a href=\"https:\/\/agora.xtec.cat\/insmontpedros\/wp-content\/uploads\/usu1784\/2026\/04\/image-4.png\" data-type=\"link\" data-id=\"https:\/\/agora.xtec.cat\/insmontpedros\/wp-content\/uploads\/usu1784\/2026\/04\/image-4.png\" target=\"_blank\" rel=\"noreferrer noopener\">N\u00famero de sorteig<\/a><\/li>\n\n\n\n<li>Publicaci\u00f3 llistat d\u2019admesos:&nbsp;<strong>10 de juny de 2026<\/strong><\/li>\n\n\n\n<li><strong>Matr\u00edcula 26- 27:&nbsp;del 22 al 30 de juny<\/strong><\/li>\n<\/ul>\n\n\n\n<p><\/p>\n","protected":false},"excerpt":{"rendered":"","protected":false},"author":1,"featured_media":0,"parent":81,"menu_order":0,"comment_status":"closed","ping_status":"closed","template":"","meta":{"_bbp_topic_count":0,"_bbp_reply_count":0,"_bbp_total_topic_count":0,"_bbp_total_reply_count":0,"_bbp_voice_count":0,"_bbp_anonymous_reply_count":0,"_bbp_topic_count_hidden":0,"_bbp_reply_count_hidden":0,"_bbp_forum_subforum_count":0,"site-sidebar-layout":"default","site-content-layout":"","ast-site-content-layout":"default","site-content-style":"default","site-sidebar-style":"default","ast-global-header-display":"","ast-banner-title-visibility":"","ast-main-header-display":"","ast-hfb-above-header-display":"","ast-hfb-below-header-display":"","ast-hfb-mobile-header-display":"","site-post-title":"","ast-breadcrumbs-content":"","ast-featured-img":"","footer-sml-layout":"","theme-transparent-header-meta":"","adv-header-id-meta":"","stick-header-meta":"","header-above-stick-meta":"","header-main-stick-meta":"","header-below-stick-meta":"","astra-migrate-meta-layouts":"set","ast-page-background-enabled":"default","ast-page-background-meta":{"desktop":{"background-color":"var(--ast-global-color-4)","background-image":"","background-repeat":"repeat","background-position":"center center","background-size":"auto","background-attachment":"scroll","background-type":"","background-media":"","overlay-type":"","overlay-color":"","overlay-opacity":"","overlay-gradient":""},"tablet":{"background-color":"","background-image":"","background-repeat":"repeat","background-position":"center center","background-size":"auto","background-attachment":"scroll","background-type":"","background-media":"","overlay-type":"","overlay-color":"","overlay-opacity":"","overlay-gradient":""},"mobile":{"background-color":"","background-image":"","background-repeat":"repeat","background-position":"center center","background-size":"auto","background-attachment":"scroll","background-type":"","background-media":"","overlay-type":"","overlay-color":"","overlay-opacity":"","overlay-gradient":""}},"ast-content-background-meta":{"desktop":{"background-color":"var(--ast-global-color-5)","background-image":"","background-repeat":"repeat","background-position":"center center","background-size":"auto","background-attachment":"scroll","background-type":"","background-media":"","overlay-type":"","overlay-color":"","overlay-opacity":"","overlay-gradient":""},"tablet":{"background-color":"var(--ast-global-color-5)","background-image":"","background-repeat":"repeat","background-position":"center center","background-size":"auto","background-attachment":"scroll","background-type":"","background-media":"","overlay-type":"","overlay-color":"","overlay-opacity":"","overlay-gradient":""},"mobile":{"background-color":"var(--ast-global-color-5)","background-image":"","background-repeat":"repeat","background-position":"center center","background-size":"auto","background-attachment":"scroll","background-type":"","background-media":"","overlay-type":"","overlay-color":"","overlay-opacity":"","overlay-gradient":""}},"footnotes":""},"class_list":["post-4700","page","type-page","status-publish","hentry"],"post_mailing_queue_ids":[],"_links":{"self":[{"href":"https:\/\/agora.xtec.cat\/insmontpedros\/wp-json\/wp\/v2\/pages\/4700","targetHints":{"allow":["GET"]}}],"collection":[{"href":"https:\/\/agora.xtec.cat\/insmontpedros\/wp-json\/wp\/v2\/pages"}],"about":[{"href":"https:\/\/agora.xtec.cat\/insmontpedros\/wp-json\/wp\/v2\/types\/page"}],"author":[{"embeddable":true,"href":"https:\/\/agora.xtec.cat\/insmontpedros\/wp-json\/wp\/v2\/users\/1"}],"replies":[{"embeddable":true,"href":"https:\/\/agora.xtec.cat\/insmontpedros\/wp-json\/wp\/v2\/comments?post=4700"}],"version-history":[{"count":6,"href":"https:\/\/agora.xtec.cat\/insmontpedros\/wp-json\/wp\/v2\/pages\/4700\/revisions"}],"predecessor-version":[{"id":9475,"href":"https:\/\/agora.xtec.cat\/insmontpedros\/wp-json\/wp\/v2\/pages\/4700\/revisions\/9475"}],"up":[{"embeddable":true,"href":"https:\/\/agora.xtec.cat\/insmontpedros\/wp-json\/wp\/v2\/pages\/81"}],"wp:attachment":[{"href":"https:\/\/agora.xtec.cat\/insmontpedros\/wp-json\/wp\/v2\/media?parent=4700"}],"curies":[{"name":"wp","href":"https:\/\/api.w.org\/{rel}","templated":true}]}}