{"id":46,"date":"2018-09-10T16:00:45","date_gmt":"2018-09-10T14:00:45","guid":{"rendered":"http:\/\/agora.xtec.cat\/insmontpedros\/?page_id=46"},"modified":"2026-01-22T13:23:46","modified_gmt":"2026-01-22T12:23:46","slug":"organigrama","status":"publish","type":"page","link":"https:\/\/agora.xtec.cat\/insmontpedros\/linstitut\/organigrama\/","title":{"rendered":"L&#8217;Equip hum\u00e0 2025-2026"},"content":{"rendered":"\n<p class=\"has-medium-font-size\"><\/p>\n\n\n\n<p><strong>1. \u00d2rgans unipersonals de direcci\u00f3<\/strong><\/p>\n\n\n\n<figure class=\"wp-block-table is-style-stripes\"><table class=\"has-fixed-layout\"><tbody><tr><td>C\u00c0RREC<\/td><td>NOM<\/td><\/tr><tr><td><strong>Director<\/strong><\/td><td>Xavier Lastra Cano<\/td><\/tr><tr><td><strong>Cap d\u2019estudis<\/strong><\/td><td>Patr\u00edcia Pic\u00f3 Berenguer<\/td><\/tr><tr><td><strong>Coord Pedag\u00f2gica<\/strong><\/td><td>J\u00e9ssica Lozano Gallego<\/td><\/tr><tr><td><strong>Secret\u00e0ria<\/strong><\/td><td>Anna Sancho Bov\u00e9<\/td><\/tr><\/tbody><\/table><\/figure>\n\n\n\n<p><strong>2. \u00d2rgans col\u00b7legiats de participaci\u00f3.<\/strong><\/p>\n\n\n\n<p><strong>2.1. Consell Escolar<\/strong><\/p>\n\n\n\n<figure class=\"wp-block-table is-style-stripes\"><table class=\"has-fixed-layout\"><tbody><tr><td>C\u00c0RREC<\/td><td>NOM<\/td><\/tr><tr><td><strong>Director (President CE)<\/strong><\/td><td>Xavier Lastra<\/td><\/tr><tr><td><strong>Cap d\u2019estudis<\/strong><\/td><td>Patr\u00edcia Pic\u00f3<\/td><\/tr><tr><td><strong>Representant de l\u2019Ajuntament<\/strong><\/td><td>Adri\u00e0 Garcia<\/td><\/tr><tr><td><strong>Representants del professorat<\/strong><\/td><td>Nerea Alqu\u00e9zar<\/td><\/tr><tr><td><\/td><td>Jordi Colomer<\/td><\/tr><tr><td><\/td><td>Maria Orriols<\/td><\/tr><tr><td><\/td><td>Jessica Lozano<\/td><\/tr><tr><td><\/td><td>Andrea Vinyals<\/td><\/tr><tr><td><strong>Representants de l\u2019alumnat<\/strong><\/td><td><em>Mart\u00ed P\u00e9rez<\/em><\/td><\/tr><tr><td><\/td><td><em>Claudia Moya de la Vega<\/em><\/td><\/tr><tr><td><strong>Representants de pares i mares<\/strong><\/td><td>Ana M\u00aa Berral<\/td><\/tr><tr><td><\/td><td>V\u00edctor V\u00e1zquez<\/td><\/tr><tr><td><strong>Representant de l\u2019AFA<\/strong><\/td><td>Cristina Vinyals<\/td><\/tr><tr><td><strong>Representant del PAS<\/strong><\/td><td>Anna M\u00aa Mart\u00edn<\/td><\/tr><tr><td><strong>Secret\u00e0ria<\/strong><\/td><td>Anna Sancho<\/td><\/tr><\/tbody><\/table><\/figure>\n\n\n\n<p><strong>2.2. Consell de direcci\u00f3<\/strong><\/p>\n\n\n\n<figure class=\"wp-block-table is-style-stripes\"><table class=\"has-fixed-layout\"><tbody><tr><td>C\u00c0RREC<\/td><td>NOM<\/td><\/tr><tr><td><strong>Director<\/strong><\/td><td>Xavier Lastra<\/td><\/tr><tr><td><strong>Cap d\u2019estudis<\/strong><\/td><td>Patr\u00edcia Pic\u00f3<\/td><\/tr><tr><td><strong>Coordinadora pedag\u00f2gica<\/strong><\/td><td>J\u00e9ssica Lozano<\/td><\/tr><tr><td><strong>Secret\u00e0ria<\/strong><\/td><td>Anna Sancho<\/td><\/tr><tr><td><strong>Coordinadora de 1r d\u2019ESO<\/strong><\/td><td>Maria Fuset<\/td><\/tr><tr><td><strong>Coordinadora de 2n d\u2019ESO<\/strong><\/td><td>Paula Caballero<\/td><\/tr><tr><td><strong>Coordinadora de 3r d\u2019ESO<\/strong><\/td><td>M\u00aa Elena Guitart<\/td><\/tr><tr><td><strong>Coordinadora de 4t d\u2019ESO<\/strong><\/td><td>Jordina Silvestre<\/td><\/tr><tr><td><strong>Coordinadora batxillerat<\/strong><\/td><td>Anna Ricardo<\/td><\/tr><tr><td><strong>Coordinadora digital<\/strong><\/td><td>Isabel Rodr\u00edguez<\/td><\/tr><tr><td><strong>Cap de departament d\u2019Orientaci\u00f3 educativa<\/strong><\/td><td>Lorena Gallego<\/td><\/tr><tr><td><strong>Representants professorat<\/strong><\/td><td>Enric Carmona, Mar\u00eda Orriols<\/td><\/tr><\/tbody><\/table><\/figure>\n\n\n\n<p><strong>3. \u00d2rgans unipersonals de coordinaci\u00f3<\/strong><\/p>\n\n\n\n<figure class=\"wp-block-table is-style-stripes\"><table class=\"has-fixed-layout\"><tbody><tr><td>C\u00c0RREC<\/td><td>NOM<\/td><\/tr><tr><td><strong>Coordinadora de 1r d\u2019ESO<\/strong><\/td><td>Maria Fuset LLin<\/td><\/tr><tr><td><strong>Coordinadora de 2n d\u2019ESO<\/strong><\/td><td>Nerea Alqu\u00e9zar Mart\u00ednez<\/td><\/tr><tr><td><strong>Coordinadora de 3r d\u2019ESO<\/strong><\/td><td>M\u00aa Elena Guitart G\u00f3mez<\/td><\/tr><tr><td><strong>Coordinadora de 4t d\u2019ESO<\/strong><\/td><td>Jordina Silvestre Rodr\u00edguez<\/td><\/tr><tr><td><strong>Coordinadora batxillerat<\/strong><\/td><td>Anna M\u00aa Ricardo Hoyos<\/td><\/tr><tr><td><strong>Coordinadora GEP<\/strong><\/td><td>Catalina Rosa Pulpillo de la Torre<\/td><\/tr><tr><td><strong>Coordinadora d\u2019activitats i serveis<\/strong><\/td><td>Evelyn Li\u00f1\u00e1n L\u00f3pez<\/td><\/tr><tr><td><strong>Coordinadora de Medi ambient<\/strong><\/td><td>Evelyn Li\u00f1\u00e1n L\u00f3pez<\/td><\/tr><tr><td><strong>Dinamitzaci\u00f3 de patis<\/strong><\/td><td>Sandro Plaza Ayala<\/td><\/tr><tr><td><strong>Coordinadora de Projectes Internacionals<\/strong><\/td><td>Andrea Vinyals Carayol<\/td><\/tr><tr><td><strong>Coordinadora LIC, Biblioteca i Pla lector<\/strong><\/td><td>Marina Sol\u00eds Obiols<\/td><\/tr><tr><td><strong>Coordinadora de Prevenci\u00f3 de Riscos Laborals i Manteniment<\/strong><\/td><td>M\u00aa Bel\u00e9n Casas Hidalgo<\/td><\/tr><tr><td><strong>Coordinadora digital<\/strong><\/td><td>Isabel Rodr\u00edguez Calleja<\/td><\/tr><tr><td><strong>Coordinadora de projectes<\/strong><\/td><td>Mireia Soler Duarte<\/td><\/tr><tr><td><strong>Coordinadora de conviv\u00e8ncia i benestar de l\u2019alumnat (COCOBE)<\/strong><\/td><td>Margarita L\u00e1zaro Beltr\u00e1n<\/td><\/tr><tr><td><strong>Coordinadora de Mediaci\u00f3<\/strong><\/td><td>Lorena Gallego Trigueros<\/td><\/tr><tr><td><strong>Gesti\u00f3 de continguts digitals<\/strong><\/td><td>Esther Jimeno Bejarano<\/td><\/tr><tr><td><strong>Coordinador de Biblioteca<\/strong><\/td><td>Jes\u00fas Garc\u00eda Pertusa<\/td><\/tr><tr><td><strong>Manteniment de departament Tecnologia<\/strong><\/td><td>M\u00aa Elvira Ib\u00e1\u00f1ez Castell\u00f3<\/td><\/tr><tr><td><strong>Manteniment de departament Ci\u00e8ncies experimentals<\/strong><\/td><td>Enric Carmona Garcia<\/td><\/tr><\/tbody><\/table><\/figure>\n\n\n\n<p><strong>4. Tutories.<\/strong><\/p>\n\n\n\n<figure class=\"wp-block-table is-style-stripes\"><table class=\"has-fixed-layout\"><tbody><tr><td>GRUP<\/td><td>TUTOR\/A<\/td><\/tr><tr><td><strong>1r ESO A<\/strong><\/td><td>Maria Fuset Llin<\/td><\/tr><tr><td><strong>1r ESO B<\/strong><\/td><td>Marta Prats Aliaga<\/td><\/tr><tr><td><strong>1r ESO C<\/strong><\/td><td>Cl\u00e0udia de Val del Amo<\/td><\/tr><tr><td><strong>2n ESO A<\/strong><\/td><td>Paula Caballero Roca<\/td><\/tr><tr><td><strong>2n ESO B<\/strong><\/td><td>Laura Segarra Baset<\/td><\/tr><tr><td><strong>2n ESO C<\/strong><\/td><td>Jordi Colomer Ruiz<\/td><\/tr><tr><td><strong>2n ESO D<\/strong><\/td><td>Marta Barber\u00e1n Hombrados<\/td><\/tr><tr><td><strong>3r ESO A<\/strong><\/td><td>M\u00aa Elena Guitart G\u00f3mez<\/td><\/tr><tr><td><strong>3r ESO B<\/strong><\/td><td>Daniel Vinuesa Cotor\u00e9<\/td><\/tr><tr><td><strong>3r ESO C<\/strong><\/td><td>Ra\u00fal Vall\u00e9s Dom\u00e9nech<\/td><\/tr><tr><td><strong>4t ESO A<\/strong><\/td><td>Jordina Silvestre<\/td><\/tr><tr><td><strong>4t ESO B<\/strong><\/td><td>Oriol Salvat Oliveras<\/td><\/tr><tr><td><strong>4t ESO C<\/strong><\/td><td>Marc Brians\u00f3 Gonz\u00e1lez<\/td><\/tr><tr><td><strong>4t ESO D<\/strong><\/td><td>Jordina Silvestre Rodr\u00edguez<\/td><\/tr><tr><td><strong>1r BAT A<\/strong><\/td><td>Fernando Salvador Coscollano<\/td><\/tr><tr><td><strong>1r BAT B<\/strong><\/td><td>\u00c0ngel Pau Casal<\/td><\/tr><tr><td><strong>2n BAT A<\/strong><\/td><td>Anna M\u00aa Ricardo Hoyos<\/td><\/tr><tr><td><strong>2n BAT B<\/strong><\/td><td>Andrea Vinyals Carayol<\/td><\/tr><tr><td><strong>2n BAT C<\/strong><\/td><td>Eduardo P\u00e9rez Molina<\/td><\/tr><\/tbody><\/table><\/figure>\n\n\n\n<p><strong>5. Departaments did\u00e0ctics<\/strong><\/p>\n\n\n\n<figure class=\"wp-block-table is-style-stripes\"><table class=\"has-fixed-layout\"><tbody><tr><td>DEPARTAMENT<\/td><td>PROFESSOR\/A<\/td><td>C\u00c0RREC\/S<\/td><\/tr><tr><td><strong>\u00c0mbit ling\u00fc\u00edstic<\/strong><\/td><td>Nerea Alqu\u00e9zar Mart\u00ednez<\/td><td>Cap de departament<\/td><\/tr><tr><td><\/td><td>Catalina Rosa Pulpillo de la Torre<\/td><td>Coordinadora GEP<\/td><\/tr><tr><td><\/td><td>Marc Brians\u00f3 Gonz\u00e1lez<\/td><td>Tutor 4t ESO C<\/td><\/tr><tr><td><\/td><td>Marta Barber\u00e1n Hombrados<\/td><td>Tutora 2n ESO D<\/td><\/tr><tr><td><\/td><td>Daniel Vinuesa Cotor\u00e9<\/td><td>Tutor 3r ESO B<\/td><\/tr><tr><td><\/td><td>Andrea Vinyals Carayol<\/td><td>Tutora 2n BAT B<\/td><\/tr><tr><td><\/td><td><\/td><td>Coordinadora de Projectes internacionals<\/td><\/tr><tr><td><\/td><td>Isis Hern\u00e1ndez Capdevila<\/td><td><\/td><\/tr><tr><td><\/td><td>Maria Orriols Mart\u00ednez<\/td><td><\/td><\/tr><tr><td><\/td><td>Mar\u00eda Franco Garc\u00eda<\/td><td><\/td><\/tr><tr><td><\/td><td>Xavier Lastra Cano<\/td><td>Director<\/td><\/tr><tr><td><\/td><td>Nat\u00e0lia Sabat\u00e9 del Rio<\/td><td><\/td><\/tr><tr><td><\/td><td>Mar\u00eda Murillo Rodr\u00edguez<\/td><td><\/td><\/tr><tr><td><\/td><td>Luis P\u00e9rez S\u00e1nchez<\/td><td><\/td><\/tr><tr><td><\/td><td>Alba Bueno Acero<\/td><td><\/td><\/tr><tr><td><\/td><td>Llu\u00eds Polo Torres<\/td><td><\/td><\/tr><tr><td><\/td><td>Marina Sol\u00eds Obiols<\/td><td>Coordinadora LIC<\/td><\/tr><tr><td><\/td><td>Patr\u00edcia Pic\u00f3 Berenguer<\/td><td>Cap d\u2019estudis<\/td><\/tr><tr><td><\/td><td>Teresa Prats Aymerich<\/td><td><\/td><\/tr><tr><td><\/td><td>Marina Puiggr\u00f2s<\/td><td><\/td><\/tr><tr><td><strong>\u00c0mbit social<\/strong><\/td><td>Josep Ramon Ferrando Mart\u00ednez<\/td><td>Cap de departament<\/td><\/tr><tr><td><\/td><td><\/td><td><\/td><\/tr><tr><td><\/td><td>Anna Sancho Bov\u00e9<\/td><td><\/td><\/tr><tr><td><\/td><td>Secret\u00e0ria<\/td><td><\/td><\/tr><tr><td><\/td><td>M\u00aa Bel\u00e9n Casas Hidalgo<\/td><td><\/td><\/tr><tr><td><\/td><td>Oriol Salvat Oliveras<\/td><td>Tutor 4t ESO B<\/td><\/tr><tr><td><\/td><td>Josep Llu\u00eds L\u00f3pez Amigo<\/td><td><\/td><\/tr><tr><td><\/td><td>M\u00aa Bel\u00e9n Casas Hidalgo<\/td><td>Coordinadora de PRL<\/td><\/tr><tr><td><\/td><td>\u00c0ngel Pau Casal<\/td><td>Tutor 1r BAT B<\/td><\/tr><tr><td><\/td><td>Jes\u00fas Garc\u00eda Pertusa<\/td><td>Coordinador de biblioteca<\/td><\/tr><tr><td><strong>\u00c0mbit matem\u00e0tic i econ\u00f2mic<\/strong><\/td><td>Raquel L\u00f3pez Bl\u00e1zquez<\/td><td>Cap de departament<\/td><\/tr><tr><td><\/td><td>Jordi Colomer Ruiz<\/td><td>Tutor 2n ESO C<\/td><\/tr><tr><td><\/td><td>Jordina Silvestre Rodr\u00edguez<\/td><td>Tutora 4t ESO D<\/td><\/tr><tr><td><\/td><td><\/td><td>Coordinadora 4t ESO<\/td><\/tr><tr><td><\/td><td>Marta Prats Aliaga<\/td><td>Tutora 1r ESO B<\/td><\/tr><tr><td><\/td><td>Eduardo P\u00e9rez Molina<\/td><td>Tutor 2n BAT C<\/td><\/tr><tr><td><\/td><td>Ra\u00fal Vall\u00e9s Dom\u00e9nech<\/td><td>Tutor 3r ESO C<\/td><\/tr><tr><td><\/td><td>N\u00faria Vives Torrelles<\/td><td><\/td><\/tr><tr><td><\/td><td>Fernando Salvador Coscollano<\/td><td>Tutor 1r BAT A<\/td><\/tr><tr><td><strong>\u00c0mbit cientifictecnol\u00f2gic<\/strong><\/td><td>Roman Bonet Figueredo<\/td><td>Cap de departament<\/td><\/tr><tr><td><\/td><td>J\u00e9ssica Lozano Gallego<\/td><td>Coordinadora pedag\u00f2gica<\/td><\/tr><tr><td><\/td><td>Paula Caballero Roca<\/td><td>Tutora 2n ESO A<\/td><\/tr><tr><td><\/td><td><\/td><td>Coordinadora 2n ESO<\/td><\/tr><tr><td><\/td><td>Enric Carmona Garcia<\/td><td>Manteniment departament Ci\u00e8ncies experimentals<\/td><\/tr><tr><td><\/td><td>Evelyn Li\u00f1\u00e1n L\u00f3pez<\/td><td>Coordinadora d\u2019activitats<\/td><\/tr><tr><td><\/td><td><\/td><td>Coordinadora de Medi ambient<\/td><\/tr><tr><td><\/td><td>Cl\u00e0udia de Val del Amo<\/td><td>Tutora 1r ESO C<\/td><\/tr><tr><td><\/td><td>Anna Ricardo Hoyos<\/td><td>Tutora 2 BAT A<\/td><\/tr><tr><td><\/td><td><\/td><td>Coordinadora de batxillerat<\/td><\/tr><tr><td><\/td><td>Isabel Rodr\u00edguez Calleja<\/td><td>Coordinadora digital<\/td><\/tr><tr><td><\/td><td>Mireia Soler Duarte<\/td><td>Coordinadora de Projectes<\/td><\/tr><tr><td><\/td><td>Laura Segarra Baset<\/td><td>Tutora 2n ESO B<\/td><\/tr><tr><td><\/td><td>M\u00aa Elvira Ib\u00e1\u00f1ez Castell\u00f3<\/td><td>Manteniment departament Tecnologia<\/td><\/tr><tr><td><\/td><td>Esther Jimeno Bejarano<\/td><td>Gesti\u00f3 de continguts digitals<\/td><\/tr><tr><td><strong>\u00c0mbit art\u00edstic, esportiu i Orientaci\u00f3<\/strong><\/td><td>Lorena Gallego Trigueros<\/td><td>Cap de departament<\/td><\/tr><tr><td><\/td><td><\/td><td>Coordinadora de Mediaci\u00f3<\/td><\/tr><tr><td><\/td><td>Margarita L\u00e1zaro Beltr\u00e1n<\/td><td>COCOBE<\/td><\/tr><tr><td><\/td><td>Ana Isabel L\u00f3pez Saiz<\/td><td><\/td><\/tr><tr><td><\/td><td>Maria Fuset Llin<\/td><td>Tutora 1r ESO A<\/td><\/tr><tr><td><\/td><td><\/td><td>Coordinadora 1r ESO<\/td><\/tr><tr><td><\/td><td>Eva M\u00aa Gil Torrico<\/td><td><\/td><\/tr><tr><td><\/td><td>M\u00aa Elena Guitart G\u00f3mez<\/td><td>Tutora 3r ESO A<\/td><\/tr><tr><td><\/td><td><\/td><td>Coordinadora 3r ESO<\/td><\/tr><tr><td><\/td><td>Albert Trujillo Castillo<\/td><td>Tutor 4t ESO A<\/td><\/tr><tr><td><\/td><td>Sandro Plaza Ayala<\/td><td>Coordinador dinamitzaci\u00f3 patis<\/td><\/tr><\/tbody><\/table><\/figure>\n","protected":false},"excerpt":{"rendered":"<p>1. \u00d2rgans unipersonals de direcci\u00f3 C\u00c0RREC NOM Director Xavier Lastra Cano Cap d\u2019estudis Patr\u00edcia Pic\u00f3 Berenguer Coord Pedag\u00f2gica J\u00e9ssica Lozano Gallego Secret\u00e0ria Anna Sancho Bov\u00e9 2. \u00d2rgans col\u00b7legiats de participaci\u00f3. 2.1. Consell Escolar C\u00c0RREC NOM Director (President CE) Xavier Lastra Cap d\u2019estudis Patr\u00edcia Pic\u00f3 Representant de l\u2019Ajuntament Adri\u00e0 Garcia Representants del professorat Nerea Alqu\u00e9zar Jordi [&hellip;]<\/p>\n","protected":false},"author":4,"featured_media":0,"parent":19,"menu_order":40,"comment_status":"closed","ping_status":"closed","template":"","meta":{"_bbp_topic_count":0,"_bbp_reply_count":0,"_bbp_total_topic_count":0,"_bbp_total_reply_count":0,"_bbp_voice_count":0,"_bbp_anonymous_reply_count":0,"_bbp_topic_count_hidden":0,"_bbp_reply_count_hidden":0,"_bbp_forum_subforum_count":0,"site-sidebar-layout":"default","site-content-layout":"","ast-site-content-layout":"default","site-content-style":"default","site-sidebar-style":"default","ast-global-header-display":"","ast-banner-title-visibility":"","ast-main-header-display":"","ast-hfb-above-header-display":"","ast-hfb-below-header-display":"","ast-hfb-mobile-header-display":"","site-post-title":"","ast-breadcrumbs-content":"","ast-featured-img":"","footer-sml-layout":"","theme-transparent-header-meta":"","adv-header-id-meta":"","stick-header-meta":"","header-above-stick-meta":"","header-main-stick-meta":"","header-below-stick-meta":"","astra-migrate-meta-layouts":"set","ast-page-background-enabled":"default","ast-page-background-meta":{"desktop":{"background-color":"var(--ast-global-color-4)","background-image":"","background-repeat":"repeat","background-position":"center center","background-size":"auto","background-attachment":"scroll","background-type":"","background-media":"","overlay-type":"","overlay-color":"","overlay-opacity":"","overlay-gradient":""},"tablet":{"background-color":"","background-image":"","background-repeat":"repeat","background-position":"center center","background-size":"auto","background-attachment":"scroll","background-type":"","background-media":"","overlay-type":"","overlay-color":"","overlay-opacity":"","overlay-gradient":""},"mobile":{"background-color":"","background-image":"","background-repeat":"repeat","background-position":"center center","background-size":"auto","background-attachment":"scroll","background-type":"","background-media":"","overlay-type":"","overlay-color":"","overlay-opacity":"","overlay-gradient":""}},"ast-content-background-meta":{"desktop":{"background-color":"var(--ast-global-color-5)","background-image":"","background-repeat":"repeat","background-position":"center center","background-size":"auto","background-attachment":"scroll","background-type":"","background-media":"","overlay-type":"","overlay-color":"","overlay-opacity":"","overlay-gradient":""},"tablet":{"background-color":"var(--ast-global-color-5)","background-image":"","background-repeat":"repeat","background-position":"center center","background-size":"auto","background-attachment":"scroll","background-type":"","background-media":"","overlay-type":"","overlay-color":"","overlay-opacity":"","overlay-gradient":""},"mobile":{"background-color":"var(--ast-global-color-5)","background-image":"","background-repeat":"repeat","background-position":"center center","background-size":"auto","background-attachment":"scroll","background-type":"","background-media":"","overlay-type":"","overlay-color":"","overlay-opacity":"","overlay-gradient":""}},"footnotes":""},"class_list":["post-46","page","type-page","status-publish","hentry"],"post_mailing_queue_ids":[],"_links":{"self":[{"href":"https:\/\/agora.xtec.cat\/insmontpedros\/wp-json\/wp\/v2\/pages\/46","targetHints":{"allow":["GET"]}}],"collection":[{"href":"https:\/\/agora.xtec.cat\/insmontpedros\/wp-json\/wp\/v2\/pages"}],"about":[{"href":"https:\/\/agora.xtec.cat\/insmontpedros\/wp-json\/wp\/v2\/types\/page"}],"author":[{"embeddable":true,"href":"https:\/\/agora.xtec.cat\/insmontpedros\/wp-json\/wp\/v2\/users\/4"}],"replies":[{"embeddable":true,"href":"https:\/\/agora.xtec.cat\/insmontpedros\/wp-json\/wp\/v2\/comments?post=46"}],"version-history":[{"count":5,"href":"https:\/\/agora.xtec.cat\/insmontpedros\/wp-json\/wp\/v2\/pages\/46\/revisions"}],"predecessor-version":[{"id":9254,"href":"https:\/\/agora.xtec.cat\/insmontpedros\/wp-json\/wp\/v2\/pages\/46\/revisions\/9254"}],"up":[{"embeddable":true,"href":"https:\/\/agora.xtec.cat\/insmontpedros\/wp-json\/wp\/v2\/pages\/19"}],"wp:attachment":[{"href":"https:\/\/agora.xtec.cat\/insmontpedros\/wp-json\/wp\/v2\/media?parent=46"}],"curies":[{"name":"wp","href":"https:\/\/api.w.org\/{rel}","templated":true}]}}