{"id":39,"date":"2014-09-17T16:36:44","date_gmt":"2014-09-17T16:36:44","guid":{"rendered":"http:\/\/agora.xtec.cat\/insmontpedros\/?page_id=39"},"modified":"2024-03-01T19:04:10","modified_gmt":"2024-03-01T18:04:10","slug":"instal%c2%b7lacions","status":"publish","type":"page","link":"https:\/\/agora.xtec.cat\/insmontpedros\/linstitut\/instal%c2%b7lacions\/","title":{"rendered":"Instal\u00b7lacions"},"content":{"rendered":"\r\n\t<div class=\"slideshow_container slideshow_container_style-light\" style=\"height: 300px; \" data-slideshow-id=\"31\" data-style-name=\"style-light\" data-style-version=\"2.3.1\" >\r\n\r\n\t\t\t\t\t<div class=\"slideshow_loading_icon\"><\/div>\r\n\t\t\r\n\t\t<div class=\"slideshow_content\" style=\"display: none;\">\r\n\r\n\t\t\t<div class=\"slideshow_view\">\r\n\t\t\t\t<div class=\"slideshow_slide slideshow_slide_image\">\r\n\t\t\t\t\t\t\t\t\t\t\t<img src=\"https:\/\/agora.xtec.cat\/insmontpedros\/wp-content\/uploads\/usu1784\/2018\/03\/ICT.jpg\" alt=\"Aula d&#039;inform\u00e0tica\" width=\"4160\" height=\"1425\" \/>\r\n\t\t\t\t\t\t\t\t\t\t<div class=\"slideshow_description_box slideshow_transparent\">\r\n\t\t\t\t\t\t<div class=\"slideshow_title\">Aula d&#039;inform\u00e0tica<\/div>\t\t\t\t\t\t\t\t\t\t\t<\/div>\r\n\t\t\t\t<\/div>\r\n\r\n\t\t\t\t\t\t<div style=\"clear: both;\"><\/div><\/div><div class=\"slideshow_view\">\r\n\t\t\t\t<div class=\"slideshow_slide slideshow_slide_image\">\r\n\t\t\t\t\t\t\t\t\t\t\t<img src=\"https:\/\/agora.xtec.cat\/insmontpedros\/wp-content\/uploads\/usu1784\/2014\/09\/IMG_20180223_123827254.jpg\" alt=\"Biblioteca\" width=\"3475\" height=\"1924\" \/>\r\n\t\t\t\t\t\t\t\t\t\t<div class=\"slideshow_description_box slideshow_transparent\">\r\n\t\t\t\t\t\t<div class=\"slideshow_title\">Biblioteca<\/div>\t\t\t\t\t\t\t\t\t\t\t<\/div>\r\n\t\t\t\t<\/div>\r\n\r\n\t\t\t\t\t\t<div style=\"clear: both;\"><\/div><\/div><div class=\"slideshow_view\">\r\n\t\t\t\t<div class=\"slideshow_slide slideshow_slide_image\">\r\n\t\t\t\t\t\t\t\t\t\t\t<img src=\"https:\/\/agora.xtec.cat\/insmontpedros\/wp-content\/uploads\/usu1784\/2018\/02\/IMG_20180115_121136.jpg\" alt=\"planta baixa\" width=\"2976\" height=\"3968\" \/>\r\n\t\t\t\t\t\t\t\t\t\t<div class=\"slideshow_description_box slideshow_transparent\">\r\n\t\t\t\t\t\t<div class=\"slideshow_title\">planta baixa<\/div>\t\t\t\t\t\t\t\t\t\t\t<\/div>\r\n\t\t\t\t<\/div>\r\n\r\n\t\t\t\t\t\t<div style=\"clear: both;\"><\/div><\/div><div class=\"slideshow_view\">\r\n\t\t\t\t<div class=\"slideshow_slide slideshow_slide_image\">\r\n\t\t\t\t\t\t\t\t\t\t\t<img src=\"https:\/\/agora.xtec.cat\/insmontpedros\/wp-content\/uploads\/usu1784\/2018\/06\/IMG_20180503_092055659.jpg\" alt=\"Taller de tecnologia\" width=\"1040\" height=\"585\" \/>\r\n\t\t\t\t\t\t\t\t\t\t<div class=\"slideshow_description_box slideshow_transparent\">\r\n\t\t\t\t\t\t<div class=\"slideshow_title\">Taller de tecnologia<\/div>\t\t\t\t\t\t\t\t\t\t\t<\/div>\r\n\t\t\t\t<\/div>\r\n\r\n\t\t\t\t\t\t<div style=\"clear: both;\"><\/div><\/div><div class=\"slideshow_view\">\r\n\t\t\t\t<div class=\"slideshow_slide slideshow_slide_image\">\r\n\t\t\t\t\t\t\t\t\t\t\t<img src=\"https:\/\/agora.xtec.cat\/insmontpedros\/wp-content\/uploads\/usu1784\/2014\/09\/IMG_20180130_113605958.jpg\" alt=\"aula\" width=\"920\" height=\"517\" \/>\r\n\t\t\t\t\t\t\t\t\t\t<div class=\"slideshow_description_box slideshow_transparent\">\r\n\t\t\t\t\t\t<div class=\"slideshow_title\">aula<\/div>\t\t\t\t\t\t\t\t\t\t\t<\/div>\r\n\t\t\t\t<\/div>\r\n\r\n\t\t\t\t\t\t<div style=\"clear: both;\"><\/div><\/div>\r\n\t\t<\/div>\r\n\r\n\t\t<div class=\"slideshow_controlPanel slideshow_transparent\" style=\"display: none;\"><ul><li class=\"slideshow_togglePlay\" data-play-text=\"Visualitza\" data-pause-text=\"Pausa\"><\/li><\/ul><\/div>\r\n\r\n\t\t<div class=\"slideshow_button slideshow_previous slideshow_transparent\" role=\"button\" data-previous-text=\"Anterior\" style=\"display: none;\"><\/div>\r\n\t\t<div class=\"slideshow_button slideshow_next slideshow_transparent\" role=\"button\" data-next-text=\"Seg\u00fcent\" style=\"display: none;\"><\/div>\r\n\r\n\t\t<div class=\"slideshow_pagination\" style=\"display: none;\" data-go-to-text=\"V\u00e9s a la diapositiva\"><div class=\"slideshow_pagination_center\"><\/div><\/div>\r\n\r\n\t\t<!-- WordPress Slideshow Version 2.3.1 -->\r\n\r\n\t\t\t<\/div>\r\n\r\n\n<p><span style=\"font-weight: 400;\">Des del 2018, l&#8217;institut esdev\u00e9 un centre unificat, on l\u2019espai original de l\u2019escola Montpedr\u00f3s conviu amb la zona ampliada, creant un ambient agradable i tradicional, per\u00f2, a la vegada, funcional i modern.<\/span><\/p>\n<p><strong>Descripci\u00f3 dels equipaments:<\/strong><\/p>\n<ul>\n<li>Aulari per al tot l&#8217;alumnat d&#8217;ESO i batxillerat, amb aules per a grans grups i tamb\u00e9 per a desdoblaments o grups redu\u00efts. Totes les aules de l&#8217;edifici compten amb pissarra tradicional, per\u00f2 tamb\u00e9 amb pissarra digital i\/o blanques, amb can\u00f3 i equipament inform\u00e0tic. A m\u00e9s, els aprenents disposen d&#8217;ordinadors port\u00e0tils socialitzats.<\/li>\n<li>Camp de futbol i pista poliesportiva exterior.<\/li>\n<li>Gimn\u00e0s amb vestidors.<\/li>\n<li>Aula d&#8217;inform\u00e0tica.<\/li>\n<li>Laboratori de Biologia i Geologia.<\/li>\n<li>Laboratori de F\u00edsica i Qu\u00edmica.<\/li>\n<li>Dos tallers de Tecnologia.<\/li>\n<li>Aula de M\u00fasica.<\/li>\n<li>Aula d&#8217;Educaci\u00f3 Visual i Pl\u00e0stica.<\/li>\n<li>Biblioteca.<\/li>\n<li>Sala de professors i Departaments connectats en xarxa.<\/li>\n<\/ul>\n<p>El centre disposa de connexi\u00f3 a Internet amb fibra \u00f2ptica i la WIFI \u00e9s accessible a totes les instal\u00b7lacions de l\u2019institut.<\/p>\n<div>\n<div>\n<div>\n<div style=\"width: 848px;\" class=\"wp-video\"><!--[if lt IE 9]><script>document.createElement('video');<\/script><![endif]-->\n<video class=\"wp-video-shortcode\" id=\"video-39-1\" width=\"848\" height=\"480\" preload=\"metadata\" controls=\"controls\"><source type=\"video\/mp4\" src=\"https:\/\/agora.xtec.cat\/insmontpedros\/wp-content\/uploads\/usu1784\/2019\/11\/546f55f7-a7dc-4a24-b56b-6a016d3b6793.mp4?_=1\" \/><a href=\"https:\/\/agora.xtec.cat\/insmontpedros\/wp-content\/uploads\/usu1784\/2019\/11\/546f55f7-a7dc-4a24-b56b-6a016d3b6793.mp4\">https:\/\/agora.xtec.cat\/insmontpedros\/wp-content\/uploads\/usu1784\/2019\/11\/546f55f7-a7dc-4a24-b56b-6a016d3b6793.mp4<\/a><\/video><\/div>\n<\/div>\n<div>\n<div style=\"width: 848px;\" class=\"wp-video\"><video class=\"wp-video-shortcode\" id=\"video-39-2\" width=\"848\" height=\"480\" preload=\"metadata\" controls=\"controls\"><source type=\"video\/mp4\" src=\"https:\/\/agora.xtec.cat\/insmontpedros\/wp-content\/uploads\/usu1784\/2019\/11\/98a02014-5bce-4d16-b393-fa3318b7f704-1.mp4?_=2\" \/><a href=\"https:\/\/agora.xtec.cat\/insmontpedros\/wp-content\/uploads\/usu1784\/2019\/11\/98a02014-5bce-4d16-b393-fa3318b7f704-1.mp4\">https:\/\/agora.xtec.cat\/insmontpedros\/wp-content\/uploads\/usu1784\/2019\/11\/98a02014-5bce-4d16-b393-fa3318b7f704-1.mp4<\/a><\/video><\/div>\n<\/div>\n<\/div>\n<\/div>\n","protected":false},"excerpt":{"rendered":"<p>Des del 2018, l&#8217;institut esdev\u00e9 un centre unificat, on l\u2019espai original de l\u2019escola Montpedr\u00f3s conviu amb la zona ampliada, creant un ambient agradable i tradicional, per\u00f2, a la vegada, funcional i modern. Descripci\u00f3 dels equipaments: Aulari per al tot l&#8217;alumnat d&#8217;ESO i batxillerat, amb aules per a grans grups i tamb\u00e9 per a desdoblaments o [&hellip;]<\/p>\n","protected":false},"author":1,"featured_media":0,"parent":19,"menu_order":30,"comment_status":"closed","ping_status":"closed","template":"","meta":{"_bbp_topic_count":0,"_bbp_reply_count":0,"_bbp_total_topic_count":0,"_bbp_total_reply_count":0,"_bbp_voice_count":0,"_bbp_anonymous_reply_count":0,"_bbp_topic_count_hidden":0,"_bbp_reply_count_hidden":0,"_bbp_forum_subforum_count":0,"site-sidebar-layout":"default","site-content-layout":"","ast-site-content-layout":"","site-content-style":"default","site-sidebar-style":"default","ast-global-header-display":"","ast-banner-title-visibility":"","ast-main-header-display":"","ast-hfb-above-header-display":"","ast-hfb-below-header-display":"","ast-hfb-mobile-header-display":"","site-post-title":"","ast-breadcrumbs-content":"","ast-featured-img":"","footer-sml-layout":"","theme-transparent-header-meta":"","adv-header-id-meta":"","stick-header-meta":"","header-above-stick-meta":"","header-main-stick-meta":"","header-below-stick-meta":"","astra-migrate-meta-layouts":"default","ast-page-background-enabled":"default","ast-page-background-meta":{"desktop":{"background-color":"var(--ast-global-color-4)","background-image":"","background-repeat":"repeat","background-position":"center center","background-size":"auto","background-attachment":"scroll","background-type":"","background-media":"","overlay-type":"","overlay-color":"","overlay-opacity":"","overlay-gradient":""},"tablet":{"background-color":"","background-image":"","background-repeat":"repeat","background-position":"center center","background-size":"auto","background-attachment":"scroll","background-type":"","background-media":"","overlay-type":"","overlay-color":"","overlay-opacity":"","overlay-gradient":""},"mobile":{"background-color":"","background-image":"","background-repeat":"repeat","background-position":"center center","background-size":"auto","background-attachment":"scroll","background-type":"","background-media":"","overlay-type":"","overlay-color":"","overlay-opacity":"","overlay-gradient":""}},"ast-content-background-meta":{"desktop":{"background-color":"var(--ast-global-color-5)","background-image":"","background-repeat":"repeat","background-position":"center center","background-size":"auto","background-attachment":"scroll","background-type":"","background-media":"","overlay-type":"","overlay-color":"","overlay-opacity":"","overlay-gradient":""},"tablet":{"background-color":"var(--ast-global-color-5)","background-image":"","background-repeat":"repeat","background-position":"center center","background-size":"auto","background-attachment":"scroll","background-type":"","background-media":"","overlay-type":"","overlay-color":"","overlay-opacity":"","overlay-gradient":""},"mobile":{"background-color":"var(--ast-global-color-5)","background-image":"","background-repeat":"repeat","background-position":"center center","background-size":"auto","background-attachment":"scroll","background-type":"","background-media":"","overlay-type":"","overlay-color":"","overlay-opacity":"","overlay-gradient":""}},"footnotes":""},"class_list":["post-39","page","type-page","status-publish","hentry"],"post_mailing_queue_ids":[],"_links":{"self":[{"href":"https:\/\/agora.xtec.cat\/insmontpedros\/wp-json\/wp\/v2\/pages\/39","targetHints":{"allow":["GET"]}}],"collection":[{"href":"https:\/\/agora.xtec.cat\/insmontpedros\/wp-json\/wp\/v2\/pages"}],"about":[{"href":"https:\/\/agora.xtec.cat\/insmontpedros\/wp-json\/wp\/v2\/types\/page"}],"author":[{"embeddable":true,"href":"https:\/\/agora.xtec.cat\/insmontpedros\/wp-json\/wp\/v2\/users\/1"}],"replies":[{"embeddable":true,"href":"https:\/\/agora.xtec.cat\/insmontpedros\/wp-json\/wp\/v2\/comments?post=39"}],"version-history":[{"count":5,"href":"https:\/\/agora.xtec.cat\/insmontpedros\/wp-json\/wp\/v2\/pages\/39\/revisions"}],"predecessor-version":[{"id":6734,"href":"https:\/\/agora.xtec.cat\/insmontpedros\/wp-json\/wp\/v2\/pages\/39\/revisions\/6734"}],"up":[{"embeddable":true,"href":"https:\/\/agora.xtec.cat\/insmontpedros\/wp-json\/wp\/v2\/pages\/19"}],"wp:attachment":[{"href":"https:\/\/agora.xtec.cat\/insmontpedros\/wp-json\/wp\/v2\/media?parent=39"}],"curies":[{"name":"wp","href":"https:\/\/api.w.org\/{rel}","templated":true}]}}