{"id":27,"date":"2014-09-17T16:24:03","date_gmt":"2014-09-17T16:24:03","guid":{"rendered":"http:\/\/agora.xtec.cat\/insmontpedros\/?page_id=27"},"modified":"2024-03-01T14:14:01","modified_gmt":"2024-03-01T13:14:01","slug":"historia","status":"publish","type":"page","link":"https:\/\/agora.xtec.cat\/insmontpedros\/linstitut\/historia\/","title":{"rendered":"Trets d&#8217;identitat"},"content":{"rendered":"<h4>MISSI\u00d3, VISI\u00d3 I VALORS DE L&#8217;INSTITUT MONTPEDR\u00d3S.<\/h4>\n<p>&nbsp;<\/p>\n<p><a href=\"http:\/\/agora.xtec.cat\/insmontpedros\/wp-content\/uploads\/usu1784\/2014\/09\/customLogo.jpg\"><img loading=\"lazy\" decoding=\"async\" class=\"size-full wp-image-830 aligncenter\" src=\"http:\/\/agora.xtec.cat\/insmontpedros\/wp-content\/uploads\/usu1784\/2014\/09\/customLogo.jpg\" alt=\"\" width=\"339\" height=\"147\" srcset=\"https:\/\/agora.xtec.cat\/insmontpedros\/wp-content\/uploads\/usu1784\/2014\/09\/customLogo.jpg 339w, https:\/\/agora.xtec.cat\/insmontpedros\/wp-content\/uploads\/usu1784\/2014\/09\/customLogo-300x130.jpg 300w\" sizes=\"auto, (max-width: 339px) 100vw, 339px\" \/><\/a><\/p>\n<p>&nbsp;<\/p>\n<p>Basats en els principis rectors del sistema educatiu a Catalunya i fent-los propis;\u00a0la MISSI\u00d3, la VISI\u00d3 i els VALORS que emanen d\u2019aquests principis serien:<\/p>\n<h4><span lang=\"ES\">1.\u00a0\u00a0\u00a0\u00a0<\/span>VISI\u00d3<\/h4>\n<p>L\u2019INSTITUT MONTPEDR\u00d3S vol ser:<\/p>\n<ul>\n<li>Un institut orientat cap a l\u2019excel\u00b7l\u00e8ncia educativa en un context d\u2019equitat basat en una cultura de qualitat i innovaci\u00f3, amb capacitat d\u2019adaptaci\u00f3, obert i integrat al seu entorn sociocultural i econ\u00f2mic.<\/li>\n<li>Un Centre amb iniciativa i dinamisme, que educa i forma persones, sensible a les noves tecnologies, reconegut i percebut d\u2019aquesta manera per la societat.<\/li>\n<li>Un model de Centre orientat a les persones, tant les que l\u2019integren com les que reben el seu Servei, de manera que s\u2019hi identifiquen, hi participin i hi col\u00b7laborin activament, amb vocaci\u00f3 de treball en equip i esperit de millora cont\u00ednua.<\/li>\n<\/ul>\n<h4><span lang=\"ES\">2.\u00a0\u00a0\u00a0\u00a0<\/span>MISSI\u00d3<\/h4>\n<p>L\u2019INSTITUT MONTPEDR\u00d3S, com a institut p\u00fablic d\u2019Educaci\u00f3 Secund\u00e0ria\u00a0 amb projecte educatiu propi i en conseq\u00fc\u00e8ncia amb uns valors, facilita:<\/p>\n<ul>\n<li><strong>En relaci\u00f3 a l\u2019alumnat:<\/strong> El desenvolupament d\u2019aprenentatges que possibilitin la comprensi\u00f3 dels elements b\u00e0sics de les humanitats, l\u2019art, la ci\u00e8ncia, la tecnologia, la t\u00e8cnica i la cultura.<\/li>\n<li><strong>En relaci\u00f3 a la fam\u00edlia:<\/strong> L\u2019orientaci\u00f3 i l\u2019assessorament a la fam\u00edlia respecte l\u2019educaci\u00f3 que estan rebent els seus fills, i\u00a0 la seva participaci\u00f3 i implicaci\u00f3 en el proc\u00e9s educatiu.<\/li>\n<li><strong>En relaci\u00f3 a la societat:<\/strong>\u00a0L\u2019educaci\u00f3 per a la pau, la solidaritat i els valors democr\u00e0tics respectant els Drets Humans i dels Pobles.\u00a0La protecci\u00f3 de l\u2019entorn natural i urb\u00e0, promovent accions i actituds que afavoreixin la seva preservaci\u00f3.<\/li>\n<li><strong>En relaci\u00f3 a l\u2019equip hum\u00e0 de l\u2019Institut:<\/strong>\u00a0La coordinaci\u00f3 dels equips docents. Crear un entorn motivador que faciliti la participaci\u00f3 en el funcionament del centre i que afavoreixi la millora cont\u00ednua del Projecte Educatiu.<\/li>\n<\/ul>\n<h4><span lang=\"ES\">3.\u00a0\u00a0\u00a0\u00a0<\/span>VALORS<\/h4>\n<ul>\n<li><strong>La llengua:<\/strong>\u00a0El catal\u00e0, com a llengua pr\u00f2pia de Catalunya, ho \u00e9s tamb\u00e9 de l&#8217;Institut. S&#8217;utilitza\u00a0 com a llengua vehicular i d&#8217;aprenentatge del proc\u00e9s educatiu.<\/li>\n<li><strong>La confessionalitat:<\/strong>\u00a0L&#8217;Institut, des del seu posicionament laic, es manifesta respectu\u00f3s amb totes les religions, creences i ideologies.<\/li>\n<li><strong>L\u2019educaci\u00f3 com a proc\u00e9s integral:<\/strong>\u00a0L&#8217;Institut ent\u00e9n l&#8217;educaci\u00f3 com un proc\u00e9s\u00a0 integral de la persona. Educant per a la pau i la solidaritat. Ensenyant a valorar i respectar la pr\u00f2pia persona i la dels altres.<\/li>\n<li><strong>Pluralisme i valors democr\u00e0tics:<\/strong>\u00a0L&#8217;Institut fa seus els valors democr\u00e0tics essent respectu\u00f3s amb\u00a0 els Drets Humans i dels Pobles. Partint de la realitat pluralista de la nostra societat, estem conven\u00e7uts que les diversitats culturals, socials i \u00e8tniques s\u00f3n un fet enriquidor i no discriminatori, i per tant som contraris a la xenof\u00f2bia i al racisme.<\/li>\n<li><strong>La coeducaci\u00f3:<\/strong>\u00a0L&#8217;Institut fomenta la coeducaci\u00f3 i treballa per a la igualtat i per a l\u2019eliminaci\u00f3 de totes les\u00a0 discriminacions de g\u00e8nere.<\/li>\n<li><strong>La diversitat:\u00a0<\/strong>El Centre ent\u00e9n la diversitat com\u00a0 la natural difer\u00e8ncia entre les persones que aporta riquesa als grups humans i que cal assumir-la com una responsabilitat de tota la comunitat educativa.<\/li>\n<li><strong>Model de gesti\u00f3 participativa:<\/strong>\u00a0El Centre potencia una participaci\u00f3 real i efectiva en la gesti\u00f3 de tots els estaments de l\u2019institut (professors, alumnes, pares i PAS), per mitj\u00e0 dels seus representants. Atorga una gran import\u00e0ncia als procediments i vies de comunicaci\u00f3 interna i externa.<\/li>\n<li><strong>Educaci\u00f3 mediambiental:<\/strong>\u00a0L\u2019institut promou l\u2019educaci\u00f3 mediambiental, de manera integrada, com un conjunt de valors i accions que tenen pres\u00e8ncia en tots els \u00e0mbits del centre.<\/li>\n<li><strong>Arrelament:<\/strong>\u00a0La comunitat educativa mant\u00e9 i promou el\u00a0\u00a0sentiment d\u2019arrelament de\u00a0\u00a0l\u2019alumnat a la poblaci\u00f3 i al seu entorn.<\/li>\n<li><strong>La cultura de l\u2019esfor\u00e7:<\/strong> Com que l\u2019esfor\u00e7 \u00e9s all\u00f2 que ens permet estirar al m\u00e0xim el potencial hum\u00e0 que tots portem a dins, el centre es compromet a potenciar la cultura de l\u2019esfor\u00e7 com a mitj\u00e0 necessari per assolir els objectius del proc\u00e9s educatiu.<\/li>\n<li><strong>La innovaci\u00f3 com eina de progr\u00e9s:<\/strong>\u00a0Des del centre es fomenta la cultura de la innovaci\u00f3 com a eina de progr\u00e9s i de cohesi\u00f3 social.<\/li>\n<\/ul>\n","protected":false},"excerpt":{"rendered":"<p>MISSI\u00d3, VISI\u00d3 I VALORS DE L&#8217;INSTITUT MONTPEDR\u00d3S. &nbsp; &nbsp; Basats en els principis rectors del sistema educatiu a Catalunya i fent-los propis;\u00a0la MISSI\u00d3, la VISI\u00d3 i els VALORS que emanen d\u2019aquests principis serien: 1.\u00a0\u00a0\u00a0\u00a0VISI\u00d3 L\u2019INSTITUT MONTPEDR\u00d3S vol ser: Un institut orientat cap a l\u2019excel\u00b7l\u00e8ncia educativa en un context d\u2019equitat basat en una cultura de qualitat [&hellip;]<\/p>\n","protected":false},"author":1,"featured_media":0,"parent":19,"menu_order":20,"comment_status":"closed","ping_status":"closed","template":"page-templates\/side-menu.php","meta":{"_bbp_topic_count":0,"_bbp_reply_count":0,"_bbp_total_topic_count":0,"_bbp_total_reply_count":0,"_bbp_voice_count":0,"_bbp_anonymous_reply_count":0,"_bbp_topic_count_hidden":0,"_bbp_reply_count_hidden":0,"_bbp_forum_subforum_count":0,"site-sidebar-layout":"default","site-content-layout":"","ast-site-content-layout":"","site-content-style":"default","site-sidebar-style":"default","ast-global-header-display":"","ast-banner-title-visibility":"","ast-main-header-display":"","ast-hfb-above-header-display":"","ast-hfb-below-header-display":"","ast-hfb-mobile-header-display":"","site-post-title":"","ast-breadcrumbs-content":"","ast-featured-img":"","footer-sml-layout":"","theme-transparent-header-meta":"","adv-header-id-meta":"","stick-header-meta":"","header-above-stick-meta":"","header-main-stick-meta":"","header-below-stick-meta":"","astra-migrate-meta-layouts":"default","ast-page-background-enabled":"default","ast-page-background-meta":{"desktop":{"background-color":"var(--ast-global-color-4)","background-image":"","background-repeat":"repeat","background-position":"center center","background-size":"auto","background-attachment":"scroll","background-type":"","background-media":"","overlay-type":"","overlay-color":"","overlay-opacity":"","overlay-gradient":""},"tablet":{"background-color":"","background-image":"","background-repeat":"repeat","background-position":"center center","background-size":"auto","background-attachment":"scroll","background-type":"","background-media":"","overlay-type":"","overlay-color":"","overlay-opacity":"","overlay-gradient":""},"mobile":{"background-color":"","background-image":"","background-repeat":"repeat","background-position":"center center","background-size":"auto","background-attachment":"scroll","background-type":"","background-media":"","overlay-type":"","overlay-color":"","overlay-opacity":"","overlay-gradient":""}},"ast-content-background-meta":{"desktop":{"background-color":"var(--ast-global-color-5)","background-image":"","background-repeat":"repeat","background-position":"center center","background-size":"auto","background-attachment":"scroll","background-type":"","background-media":"","overlay-type":"","overlay-color":"","overlay-opacity":"","overlay-gradient":""},"tablet":{"background-color":"var(--ast-global-color-5)","background-image":"","background-repeat":"repeat","background-position":"center center","background-size":"auto","background-attachment":"scroll","background-type":"","background-media":"","overlay-type":"","overlay-color":"","overlay-opacity":"","overlay-gradient":""},"mobile":{"background-color":"var(--ast-global-color-5)","background-image":"","background-repeat":"repeat","background-position":"center center","background-size":"auto","background-attachment":"scroll","background-type":"","background-media":"","overlay-type":"","overlay-color":"","overlay-opacity":"","overlay-gradient":""}},"footnotes":""},"class_list":["post-27","page","type-page","status-publish","hentry"],"post_mailing_queue_ids":[],"_links":{"self":[{"href":"https:\/\/agora.xtec.cat\/insmontpedros\/wp-json\/wp\/v2\/pages\/27","targetHints":{"allow":["GET"]}}],"collection":[{"href":"https:\/\/agora.xtec.cat\/insmontpedros\/wp-json\/wp\/v2\/pages"}],"about":[{"href":"https:\/\/agora.xtec.cat\/insmontpedros\/wp-json\/wp\/v2\/types\/page"}],"author":[{"embeddable":true,"href":"https:\/\/agora.xtec.cat\/insmontpedros\/wp-json\/wp\/v2\/users\/1"}],"replies":[{"embeddable":true,"href":"https:\/\/agora.xtec.cat\/insmontpedros\/wp-json\/wp\/v2\/comments?post=27"}],"version-history":[{"count":3,"href":"https:\/\/agora.xtec.cat\/insmontpedros\/wp-json\/wp\/v2\/pages\/27\/revisions"}],"predecessor-version":[{"id":813,"href":"https:\/\/agora.xtec.cat\/insmontpedros\/wp-json\/wp\/v2\/pages\/27\/revisions\/813"}],"up":[{"embeddable":true,"href":"https:\/\/agora.xtec.cat\/insmontpedros\/wp-json\/wp\/v2\/pages\/19"}],"wp:attachment":[{"href":"https:\/\/agora.xtec.cat\/insmontpedros\/wp-json\/wp\/v2\/media?parent=27"}],"curies":[{"name":"wp","href":"https:\/\/api.w.org\/{rel}","templated":true}]}}