{"id":19,"date":"2014-09-17T14:56:56","date_gmt":"2014-09-17T14:56:56","guid":{"rendered":"http:\/\/agora.xtec.cat\/insmontpedros\/?page_id=19"},"modified":"2025-06-20T18:24:01","modified_gmt":"2025-06-20T16:24:01","slug":"linstitut","status":"publish","type":"page","link":"https:\/\/agora.xtec.cat\/insmontpedros\/linstitut\/","title":{"rendered":"L&#8217;Institut"},"content":{"rendered":"<p>En aquesta secci\u00f3 trobar\u00e0s la\u00a0 seg\u00fcent informaci\u00f3 relacionada amb l&#8217;<span style=\"color: #ff9900;\"><strong>Institut<\/strong><\/span>:<\/p>\n<ul>\n<li style=\"list-style-type: none;\">\n<ul id=\"menu-menu-principal\" class=\"menu-principal\">\n<li class=\"main-menu-item menu-item-even menu-item-depth-0 menu-item menu-item-type-post_type menu-item-object-page current-page-ancestor current-menu-ancestor current-menu-parent current-page-parent current_page_parent current_page_ancestor menu-item-has-children\"><a class=\"menu-link sub-menu-link\" href=\"https:\/\/agora.xtec.cat\/insmontpedros\/linstitut\/on-som\/\">On som<\/a><\/li>\n<li><a href=\"https:\/\/agora.xtec.cat\/insmontpedros\/linstitut\/historia-del-centre\/\">Hist\u00f2ria del centre<\/a><\/li>\n<li><a class=\"menu-link sub-menu-link\" href=\"https:\/\/agora.xtec.cat\/insmontpedros\/linstitut\/instal%c2%b7lacions\/\">Instal\u00b7lacions<\/a><\/li>\n<li><a href=\"https:\/\/agora.xtec.cat\/insmontpedros\/wp-content\/uploads\/usu1784\/2024\/03\/Organigrama-23-24.pdf\">Organigrama<\/a><\/li>\n<li><a class=\"menu-link sub-menu-link\" href=\"https:\/\/agora.xtec.cat\/insmontpedros\/linstitut\/horaris\/\">Horari marc i horaris de serveis<\/a><\/li>\n<li><a class=\"menu-link sub-menu-link\" href=\"https:\/\/agora.xtec.cat\/insmontpedros\/linstitut\/historia\/\">Trets d\u2019identitat<\/a><\/li>\n<li><a class=\"menu-link sub-menu-link\" href=\"https:\/\/agora.xtec.cat\/insmontpedros\/linstitut\/organigrama\/\">L\u2019Equip hum\u00e0 24-25<\/a><\/li>\n<li><a class=\"menu-link sub-menu-link\" href=\"https:\/\/agora.xtec.cat\/insmontpedros\/linstitut\/consell-escolar\/\">Consell escolar 2024-25<\/a><\/li>\n<li><a class=\"menu-link sub-menu-link\" href=\"https:\/\/agora.xtec.cat\/insmontpedros\/linstitut\/calendari-del-curs-2\/\">Calendari 2024-25<\/a><\/li>\n<li><a class=\"menu-link sub-menu-link\" href=\"https:\/\/agora.xtec.cat\/insmontpedros\/linstitut\/llibres-de-text\/\">Llibres de text 23-24<\/a><\/li>\n<\/ul>\n<\/li>\n<\/ul>\n\n","protected":false},"excerpt":{"rendered":"<p>En aquesta secci\u00f3 trobar\u00e0s la\u00a0 seg\u00fcent informaci\u00f3 relacionada amb l&#8217;Institut: On som Hist\u00f2ria del centre Instal\u00b7lacions Organigrama Horari marc i horaris de serveis Trets d\u2019identitat L\u2019Equip hum\u00e0 24-25 Consell escolar 2024-25 Calendari 2024-25 Llibres de text 23-24<\/p>\n","protected":false},"author":1,"featured_media":0,"parent":0,"menu_order":0,"comment_status":"closed","ping_status":"closed","template":"","meta":{"_bbp_topic_count":0,"_bbp_reply_count":0,"_bbp_total_topic_count":0,"_bbp_total_reply_count":0,"_bbp_voice_count":0,"_bbp_anonymous_reply_count":0,"_bbp_topic_count_hidden":0,"_bbp_reply_count_hidden":0,"_bbp_forum_subforum_count":0,"site-sidebar-layout":"default","site-content-layout":"","ast-site-content-layout":"default","site-content-style":"default","site-sidebar-style":"default","ast-global-header-display":"","ast-banner-title-visibility":"","ast-main-header-display":"","ast-hfb-above-header-display":"","ast-hfb-below-header-display":"","ast-hfb-mobile-header-display":"","site-post-title":"","ast-breadcrumbs-content":"","ast-featured-img":"","footer-sml-layout":"","theme-transparent-header-meta":"","adv-header-id-meta":"","stick-header-meta":"","header-above-stick-meta":"","header-main-stick-meta":"","header-below-stick-meta":"","astra-migrate-meta-layouts":"set","ast-page-background-enabled":"default","ast-page-background-meta":{"desktop":{"background-color":"var(--ast-global-color-4)","background-image":"","background-repeat":"repeat","background-position":"center center","background-size":"auto","background-attachment":"scroll","background-type":"","background-media":"","overlay-type":"","overlay-color":"","overlay-opacity":"","overlay-gradient":""},"tablet":{"background-color":"","background-image":"","background-repeat":"repeat","background-position":"center center","background-size":"auto","background-attachment":"scroll","background-type":"","background-media":"","overlay-type":"","overlay-color":"","overlay-opacity":"","overlay-gradient":""},"mobile":{"background-color":"","background-image":"","background-repeat":"repeat","background-position":"center center","background-size":"auto","background-attachment":"scroll","background-type":"","background-media":"","overlay-type":"","overlay-color":"","overlay-opacity":"","overlay-gradient":""}},"ast-content-background-meta":{"desktop":{"background-color":"var(--ast-global-color-5)","background-image":"","background-repeat":"repeat","background-position":"center center","background-size":"auto","background-attachment":"scroll","background-type":"","background-media":"","overlay-type":"","overlay-color":"","overlay-opacity":"","overlay-gradient":""},"tablet":{"background-color":"var(--ast-global-color-5)","background-image":"","background-repeat":"repeat","background-position":"center center","background-size":"auto","background-attachment":"scroll","background-type":"","background-media":"","overlay-type":"","overlay-color":"","overlay-opacity":"","overlay-gradient":""},"mobile":{"background-color":"var(--ast-global-color-5)","background-image":"","background-repeat":"repeat","background-position":"center center","background-size":"auto","background-attachment":"scroll","background-type":"","background-media":"","overlay-type":"","overlay-color":"","overlay-opacity":"","overlay-gradient":""}},"footnotes":""},"class_list":["post-19","page","type-page","status-publish","hentry"],"post_mailing_queue_ids":[],"_links":{"self":[{"href":"https:\/\/agora.xtec.cat\/insmontpedros\/wp-json\/wp\/v2\/pages\/19","targetHints":{"allow":["GET"]}}],"collection":[{"href":"https:\/\/agora.xtec.cat\/insmontpedros\/wp-json\/wp\/v2\/pages"}],"about":[{"href":"https:\/\/agora.xtec.cat\/insmontpedros\/wp-json\/wp\/v2\/types\/page"}],"author":[{"embeddable":true,"href":"https:\/\/agora.xtec.cat\/insmontpedros\/wp-json\/wp\/v2\/users\/1"}],"replies":[{"embeddable":true,"href":"https:\/\/agora.xtec.cat\/insmontpedros\/wp-json\/wp\/v2\/comments?post=19"}],"version-history":[{"count":6,"href":"https:\/\/agora.xtec.cat\/insmontpedros\/wp-json\/wp\/v2\/pages\/19\/revisions"}],"predecessor-version":[{"id":8771,"href":"https:\/\/agora.xtec.cat\/insmontpedros\/wp-json\/wp\/v2\/pages\/19\/revisions\/8771"}],"wp:attachment":[{"href":"https:\/\/agora.xtec.cat\/insmontpedros\/wp-json\/wp\/v2\/media?parent=19"}],"curies":[{"name":"wp","href":"https:\/\/api.w.org\/{rel}","templated":true}]}}