{"id":1156,"date":"2018-06-22T23:29:39","date_gmt":"2018-06-22T21:29:39","guid":{"rendered":"http:\/\/agora.xtec.cat\/insmontpedros\/?page_id=1156"},"modified":"2026-04-15T12:02:27","modified_gmt":"2026-04-15T10:02:27","slug":"benvinguts","status":"publish","type":"page","link":"https:\/\/agora.xtec.cat\/insmontpedros\/inici\/benvinguts\/","title":{"rendered":"Preinscripcions i Matr\u00edcules curs 26-27"},"content":{"rendered":"\n<hr class=\"wp-block-separator has-alpha-channel-opacity\"\/>\n\n\n\n<h2 class=\"wp-block-heading\">PREINSCRIPCI\u00d3 I MATR\u00cdCULA DE L\u2019ESO 26-27<\/h2>\n\n\n\n<ul class=\"wp-block-list\">\n<li>Reunions informatives :&nbsp;<strong>dimecres 25 de febrer<\/strong><\/li>\n\n\n\n<li><a href=\"https:\/\/agora.xtec.cat\/insmontpedros\/wp-content\/uploads\/usu1784\/2026\/03\/OFERTA-INICIAL-PREINSCRIPCIO.pdf\">Oferta inicial<\/a>&nbsp;:&nbsp;<strong>3 de mar\u00e7 de 2026<\/strong><\/li>\n\n\n\n<li>Calendari de Preinscripci\u00f3&nbsp;<a href=\"https:\/\/preinscripcio.gencat.cat\/ca\/inici\/index.html\">https:\/\/preinscripcio.gencat.cat\/ca\/inici\/index.html<\/a><\/li>\n\n\n\n<li>Preinscripci\u00f3 telem\u00e0tica : <strong>6 al 18 de mar\u00e7 de 2026<\/strong><\/li>\n\n\n\n<li><a href=\"https:\/\/agora.xtec.cat\/insmontpedros\/wp-content\/uploads\/usu1784\/2026\/03\/Jornada-Portes-obertes-ESO-26-27-1.pdf\">Presentaci\u00f3 Jornada de Portes Obertes d\u2019ESO 26-27<\/a><\/li>\n\n\n\n<li>Barem provisional: <strong>15 d\u2019abril<\/strong><\/li>\n\n\n\n<li>Reclamacions barem provisional : <strong>15 al 20 d\u2019abril de 2026<\/strong><\/li>\n\n\n\n<li>Barem amb puntuaci\u00f3&nbsp;resoltes les reclamacions:&nbsp;<strong>23 d\u2019abril de 2026<\/strong><\/li>\n\n\n\n<li>Publicaci\u00f3 llistat d\u2019admesos:&nbsp;<strong>10 de juny de 2026<\/strong><\/li>\n\n\n\n<li><strong>Matr\u00edcula 26- 27:&nbsp;del 22 al 30 de juny<\/strong><\/li>\n<\/ul>\n\n\n\n<hr class=\"wp-block-separator has-alpha-channel-opacity\"\/>\n\n\n\n<h2 class=\"wp-block-heading\">PREINSCRIPCI\u00d3 I MATR\u00cdCULA DE BATXILLERAT 26-27 (PENDENT)<\/h2>\n\n\n\n<ul class=\"wp-block-list\">\n<li><a href=\"https:\/\/agora.xtec.cat\/insmontpedros\/wp-content\/uploads\/usu1784\/2026\/04\/Publicacio-de-loferta-inicial-de-places.pdf\" data-type=\"link\" data-id=\"https:\/\/agora.xtec.cat\/insmontpedros\/wp-content\/uploads\/usu1784\/2026\/04\/Publicacio-de-loferta-inicial-de-places.pdf\" target=\"_blank\" rel=\"noreferrer noopener\">Oferta inicial<\/a><\/li>\n\n\n\n<li>Calendari de Preinscripci\u00f3<\/li>\n\n\n\n<li>Preinscripci\u00f3 Telem\u00e0tica<\/li>\n\n\n\n<li><a href=\"https:\/\/agora.xtec.cat\/insmontpedros\/wp-content\/uploads\/usu1784\/2026\/03\/Jornada-Portes-obertes-ESO-26-27-1.pdf\" target=\"_blank\" rel=\"noreferrer noopener\">Presentaci\u00f3 Jornada de Portes Obertes d\u2019ESO 26-27<\/a><\/li>\n\n\n\n<li><a href=\"https:\/\/agora.xtec.cat\/insmontpedros\/wp-content\/uploads\/usu1784\/2026\/04\/INFORME_BAREM_PROVISIONAL_BAREM.pdf\" data-type=\"link\" data-id=\"https:\/\/agora.xtec.cat\/insmontpedros\/wp-content\/uploads\/usu1784\/2026\/04\/INFORME_BAREM_PROVISIONAL_BAREM.pdf\" target=\"_blank\" rel=\"noreferrer noopener\">Barem amb puntuaci\u00f3 provisional<\/a><\/li>\n\n\n\n<li>Barem amb puntuaci\u00f3 resoltes les reclamacions<\/li>\n\n\n\n<li>Instruccions matr\u00edcula Batxillerat 26-27<\/li>\n\n\n\n<li>Documents matr\u00edcula Batxillerat 26-27<\/li>\n\n\n\n<li>Llistat alumnes admesos 1r Batxillerat,&nbsp;<\/li>\n\n\n\n<li>Llistat alumnes llista d\u2019espera 1r Batxillerat,&nbsp;<\/li>\n<\/ul>\n\n\n\n<hr class=\"wp-block-separator has-alpha-channel-opacity\"\/>\n\n\n\n<p><\/p>\n","protected":false},"excerpt":{"rendered":"<p>PREINSCRIPCI\u00d3 I MATR\u00cdCULA DE L\u2019ESO 26-27 PREINSCRIPCI\u00d3 I MATR\u00cdCULA DE BATXILLERAT 26-27 (PENDENT)<\/p>\n","protected":false},"author":1,"featured_media":0,"parent":8706,"menu_order":0,"comment_status":"closed","ping_status":"closed","template":"","meta":{"_bbp_topic_count":0,"_bbp_reply_count":0,"_bbp_total_topic_count":0,"_bbp_total_reply_count":0,"_bbp_voice_count":0,"_bbp_anonymous_reply_count":0,"_bbp_topic_count_hidden":0,"_bbp_reply_count_hidden":0,"_bbp_forum_subforum_count":0,"site-sidebar-layout":"default","site-content-layout":"","ast-site-content-layout":"default","site-content-style":"default","site-sidebar-style":"default","ast-global-header-display":"","ast-banner-title-visibility":"","ast-main-header-display":"","ast-hfb-above-header-display":"","ast-hfb-below-header-display":"","ast-hfb-mobile-header-display":"","site-post-title":"","ast-breadcrumbs-content":"","ast-featured-img":"","footer-sml-layout":"","theme-transparent-header-meta":"","adv-header-id-meta":"","stick-header-meta":"","header-above-stick-meta":"","header-main-stick-meta":"","header-below-stick-meta":"","astra-migrate-meta-layouts":"set","ast-page-background-enabled":"default","ast-page-background-meta":{"desktop":{"background-color":"var(--ast-global-color-4)","background-image":"","background-repeat":"repeat","background-position":"center center","background-size":"auto","background-attachment":"scroll","background-type":"","background-media":"","overlay-type":"","overlay-color":"","overlay-opacity":"","overlay-gradient":""},"tablet":{"background-color":"","background-image":"","background-repeat":"repeat","background-position":"center center","background-size":"auto","background-attachment":"scroll","background-type":"","background-media":"","overlay-type":"","overlay-color":"","overlay-opacity":"","overlay-gradient":""},"mobile":{"background-color":"","background-image":"","background-repeat":"repeat","background-position":"center center","background-size":"auto","background-attachment":"scroll","background-type":"","background-media":"","overlay-type":"","overlay-color":"","overlay-opacity":"","overlay-gradient":""}},"ast-content-background-meta":{"desktop":{"background-color":"var(--ast-global-color-5)","background-image":"","background-repeat":"repeat","background-position":"center center","background-size":"auto","background-attachment":"scroll","background-type":"","background-media":"","overlay-type":"","overlay-color":"","overlay-opacity":"","overlay-gradient":""},"tablet":{"background-color":"var(--ast-global-color-5)","background-image":"","background-repeat":"repeat","background-position":"center center","background-size":"auto","background-attachment":"scroll","background-type":"","background-media":"","overlay-type":"","overlay-color":"","overlay-opacity":"","overlay-gradient":""},"mobile":{"background-color":"var(--ast-global-color-5)","background-image":"","background-repeat":"repeat","background-position":"center center","background-size":"auto","background-attachment":"scroll","background-type":"","background-media":"","overlay-type":"","overlay-color":"","overlay-opacity":"","overlay-gradient":""}},"footnotes":""},"class_list":["post-1156","page","type-page","status-publish","hentry"],"post_mailing_queue_ids":[],"_links":{"self":[{"href":"https:\/\/agora.xtec.cat\/insmontpedros\/wp-json\/wp\/v2\/pages\/1156","targetHints":{"allow":["GET"]}}],"collection":[{"href":"https:\/\/agora.xtec.cat\/insmontpedros\/wp-json\/wp\/v2\/pages"}],"about":[{"href":"https:\/\/agora.xtec.cat\/insmontpedros\/wp-json\/wp\/v2\/types\/page"}],"author":[{"embeddable":true,"href":"https:\/\/agora.xtec.cat\/insmontpedros\/wp-json\/wp\/v2\/users\/1"}],"replies":[{"embeddable":true,"href":"https:\/\/agora.xtec.cat\/insmontpedros\/wp-json\/wp\/v2\/comments?post=1156"}],"version-history":[{"count":6,"href":"https:\/\/agora.xtec.cat\/insmontpedros\/wp-json\/wp\/v2\/pages\/1156\/revisions"}],"predecessor-version":[{"id":9458,"href":"https:\/\/agora.xtec.cat\/insmontpedros\/wp-json\/wp\/v2\/pages\/1156\/revisions\/9458"}],"up":[{"embeddable":true,"href":"https:\/\/agora.xtec.cat\/insmontpedros\/wp-json\/wp\/v2\/pages\/8706"}],"wp:attachment":[{"href":"https:\/\/agora.xtec.cat\/insmontpedros\/wp-json\/wp\/v2\/media?parent=1156"}],"curies":[{"name":"wp","href":"https:\/\/api.w.org\/{rel}","templated":true}]}}