{"id":77,"date":"2014-09-18T10:29:25","date_gmt":"2014-09-18T10:29:25","guid":{"rendered":"http:\/\/agora.xtec.cat\/insmediona\/?page_id=77"},"modified":"2019-03-08T08:05:26","modified_gmt":"2019-03-08T07:05:26","slug":"transport-escolar","status":"publish","type":"page","link":"https:\/\/agora.xtec.cat\/insmediona\/serveis\/transport-escolar\/","title":{"rendered":"Transport escolar"},"content":{"rendered":"<p>El nostre centre disposa de dues l\u00ednies de transport escolar, la n\u00famero 62 i la n\u00famero 62Bis, que trasllada l\u2019alumnat dels diferents nuclis poblacionals de les zones adscrites al nostre centre pertanyents al municipi de Mediona. Es tracta d\u2019unes l\u00ednies d\u2019\u00fas exclusiu del nostre centre, la qual cosa facilita un major ajustament horari per arribar al centre.<\/p>\n<p>A trav\u00e9s del seg\u00fcent enlla\u00e7, clicant sobre la imatge, podreu veure els horaris i les parades de les rutes del servei de transport escolar, que es van actualitzant durant el curs escolar, d\u2019acord amb les necessitats dels usuaris i les necessitats del servei.<\/p>\n<p><a href=\"https:\/\/agora.xtec.cat\/insmediona\/wp-content\/uploads\/usu462\/2018\/10\/Transport-Escolar-del-centre.pdf\" target=\"_blank\"><img loading=\"lazy\" decoding=\"async\" class=\"aligncenter wp-image-440 size-full\" src=\"http:\/\/agora.xtec.cat\/insmediona\/wp-content\/uploads\/usu462\/2014\/09\/baixa.jpg\" alt=\"baixa\" width=\"418\" height=\"120\" srcset=\"https:\/\/agora.xtec.cat\/insmediona\/wp-content\/uploads\/usu462\/2014\/09\/baixa.jpg 418w, https:\/\/agora.xtec.cat\/insmediona\/wp-content\/uploads\/usu462\/2014\/09\/baixa-300x86.jpg 300w\" sizes=\"auto, (max-width: 418px) 100vw, 418px\" \/><\/a><\/p>\n","protected":false},"excerpt":{"rendered":"<p>El nostre centre disposa de dues l\u00ednies de transport escolar, la n\u00famero 62 i la n\u00famero 62Bis, que trasllada l\u2019alumnat dels diferents nuclis poblacionals de les zones adscrites al nostre centre pertanyents al municipi de Mediona. Es tracta d\u2019unes l\u00ednies d\u2019\u00fas exclusiu del nostre centre,&hellip;  <a href=\"https:\/\/agora.xtec.cat\/insmediona\/serveis\/transport-escolar\/\" title=\"Read Transport escolar\">Llegeix m\u00e9s\u00bb<\/a><\/p>\n","protected":false},"author":2,"featured_media":0,"parent":63,"menu_order":20,"comment_status":"closed","ping_status":"closed","template":"page-templates\/side-menu.php","meta":{"_bbp_topic_count":0,"_bbp_reply_count":0,"_bbp_total_topic_count":0,"_bbp_total_reply_count":0,"_bbp_voice_count":0,"_bbp_anonymous_reply_count":0,"_bbp_topic_count_hidden":0,"_bbp_reply_count_hidden":0,"_bbp_forum_subforum_count":0,"footnotes":""},"class_list":["post-77","page","type-page","status-publish","hentry"],"post_mailing_queue_ids":[],"_links":{"self":[{"href":"https:\/\/agora.xtec.cat\/insmediona\/wp-json\/wp\/v2\/pages\/77","targetHints":{"allow":["GET"]}}],"collection":[{"href":"https:\/\/agora.xtec.cat\/insmediona\/wp-json\/wp\/v2\/pages"}],"about":[{"href":"https:\/\/agora.xtec.cat\/insmediona\/wp-json\/wp\/v2\/types\/page"}],"author":[{"embeddable":true,"href":"https:\/\/agora.xtec.cat\/insmediona\/wp-json\/wp\/v2\/users\/2"}],"replies":[{"embeddable":true,"href":"https:\/\/agora.xtec.cat\/insmediona\/wp-json\/wp\/v2\/comments?post=77"}],"version-history":[{"count":4,"href":"https:\/\/agora.xtec.cat\/insmediona\/wp-json\/wp\/v2\/pages\/77\/revisions"}],"predecessor-version":[{"id":1018,"href":"https:\/\/agora.xtec.cat\/insmediona\/wp-json\/wp\/v2\/pages\/77\/revisions\/1018"}],"up":[{"embeddable":true,"href":"https:\/\/agora.xtec.cat\/insmediona\/wp-json\/wp\/v2\/pages\/63"}],"wp:attachment":[{"href":"https:\/\/agora.xtec.cat\/insmediona\/wp-json\/wp\/v2\/media?parent=77"}],"curies":[{"name":"wp","href":"https:\/\/api.w.org\/{rel}","templated":true}]}}