{"id":65,"date":"2014-09-18T10:12:22","date_gmt":"2014-09-18T10:12:22","guid":{"rendered":"http:\/\/agora.xtec.cat\/insmediona\/?page_id=65"},"modified":"2019-01-15T08:17:19","modified_gmt":"2019-01-15T07:17:19","slug":"consergeria","status":"publish","type":"page","link":"https:\/\/agora.xtec.cat\/insmediona\/serveis\/consergeria\/","title":{"rendered":"Consergeria"},"content":{"rendered":"<p><a href=\"https:\/\/agora.xtec.cat\/insmediona\/wp-content\/uploads\/usu462\/2018\/10\/IMG_0854_web.jpg\"><img loading=\"lazy\" decoding=\"async\" class=\"aligncenter  wp-image-1042\" src=\"https:\/\/agora.xtec.cat\/insmediona\/wp-content\/uploads\/usu462\/2018\/10\/IMG_0854_web-1024x768.jpg\" alt=\"\" width=\"504\" height=\"378\" srcset=\"https:\/\/agora.xtec.cat\/insmediona\/wp-content\/uploads\/usu462\/2018\/10\/IMG_0854_web-1024x768.jpg 1024w, https:\/\/agora.xtec.cat\/insmediona\/wp-content\/uploads\/usu462\/2018\/10\/IMG_0854_web-300x225.jpg 300w, https:\/\/agora.xtec.cat\/insmediona\/wp-content\/uploads\/usu462\/2018\/10\/IMG_0854_web-768x576.jpg 768w, https:\/\/agora.xtec.cat\/insmediona\/wp-content\/uploads\/usu462\/2018\/10\/IMG_0854_web-200x150.jpg 200w, https:\/\/agora.xtec.cat\/insmediona\/wp-content\/uploads\/usu462\/2018\/10\/IMG_0854_web.jpg 1296w\" sizes=\"auto, (max-width: 504px) 100vw, 504px\" \/><\/a><\/p>\n<p style=\"text-align: justify;\">Situat al vets\u00edbul del centre \u00e9s el primer punt de contacte. All\u00e0 hi podreu trobar els formularis de centre, utilitzar el servei de reprografia i demanar a la nostra conserge all\u00f2 qu\u00e8 necessiteu.<br \/>\nHorari: de dilluns a divendres de 8 a 15h.<\/p>\n","protected":false},"excerpt":{"rendered":"<p><a href=\"https:\/\/agora.xtec.cat\/insmediona\/wp-content\/uploads\/usu462\/2018\/10\/IMG_0854_web.jpg\"><\/a><br \/>\nSituat al vets\u00edbul del centre \u00e9s el primer punt de contacte. All\u00e0 hi podreu trobar els formularis de centre, utilitzar el servei de reprografia i demanar a la nostra conserge all\u00f2 qu\u00e8 necessiteu.<br \/>\nHorari: de dilluns a divendres de 8 a 15h.<\/p>\n","protected":false},"author":1,"featured_media":0,"parent":63,"menu_order":10,"comment_status":"closed","ping_status":"closed","template":"page-templates\/side-menu.php","meta":{"_bbp_topic_count":0,"_bbp_reply_count":0,"_bbp_total_topic_count":0,"_bbp_total_reply_count":0,"_bbp_voice_count":0,"_bbp_anonymous_reply_count":0,"_bbp_topic_count_hidden":0,"_bbp_reply_count_hidden":0,"_bbp_forum_subforum_count":0,"footnotes":""},"class_list":["post-65","page","type-page","status-publish","hentry"],"post_mailing_queue_ids":[],"_links":{"self":[{"href":"https:\/\/agora.xtec.cat\/insmediona\/wp-json\/wp\/v2\/pages\/65","targetHints":{"allow":["GET"]}}],"collection":[{"href":"https:\/\/agora.xtec.cat\/insmediona\/wp-json\/wp\/v2\/pages"}],"about":[{"href":"https:\/\/agora.xtec.cat\/insmediona\/wp-json\/wp\/v2\/types\/page"}],"author":[{"embeddable":true,"href":"https:\/\/agora.xtec.cat\/insmediona\/wp-json\/wp\/v2\/users\/1"}],"replies":[{"embeddable":true,"href":"https:\/\/agora.xtec.cat\/insmediona\/wp-json\/wp\/v2\/comments?post=65"}],"version-history":[{"count":3,"href":"https:\/\/agora.xtec.cat\/insmediona\/wp-json\/wp\/v2\/pages\/65\/revisions"}],"predecessor-version":[{"id":1155,"href":"https:\/\/agora.xtec.cat\/insmediona\/wp-json\/wp\/v2\/pages\/65\/revisions\/1155"}],"up":[{"embeddable":true,"href":"https:\/\/agora.xtec.cat\/insmediona\/wp-json\/wp\/v2\/pages\/63"}],"wp:attachment":[{"href":"https:\/\/agora.xtec.cat\/insmediona\/wp-json\/wp\/v2\/media?parent=65"}],"curies":[{"name":"wp","href":"https:\/\/api.w.org\/{rel}","templated":true}]}}