{"id":4312,"date":"2020-07-29T14:01:26","date_gmt":"2020-07-29T12:01:26","guid":{"rendered":"http:\/\/agora.xtec.cat\/insmartipous\/?page_id=4312"},"modified":"2022-07-14T10:59:41","modified_gmt":"2022-07-14T08:59:41","slug":"ambits-i-itineraris-a-4t-deso","status":"publish","type":"page","link":"https:\/\/agora.xtec.cat\/insmartipous\/estudis\/eso\/ambits-i-itineraris-a-4t-deso\/","title":{"rendered":"Optativitat a 4t d&#8217;ESO"},"content":{"rendered":"<p>A 4t d&#8217;ESO oferim una franja de 9 hores amb diferents combinacions de mat\u00e8ries optatives de tots els \u00e0mbits que han de donar resposta a totes les sortides post-obligat\u00f2ries, tant les m\u00e9s professionalitzadores com les m\u00e9s acad\u00e8miques, respectant els interessos de l\u2019alumnat i assegurant una bona orientaci\u00f3.<\/p>\n<p>Tamb\u00e9 hi ha una part comuna amb el mateix esperit del treball per \u00e0mbits desenvolupat en cursos anteriors:<\/p>\n<ul>\n<li>F\u00d2RUM<\/li>\n<li>HUMANITATS<\/li>\n<li>EINES LING\u00dc\u00cdSTIQUES<\/li>\n<li>EDUCACI\u00d3 F\u00cdSICA<\/li>\n<li>MATEM\u00c0TIQUES<\/li>\n<li>ANGL\u00c8S<\/li>\n<\/ul>\n<p>&nbsp;<\/p>\n","protected":false},"excerpt":{"rendered":"<p>A 4t d&#8217;ESO oferim una franja de 9 hores amb diferents combinacions de mat\u00e8ries optatives de tots els \u00e0mbits que han de donar resposta a totes les sortides post-obligat\u00f2ries, tant les m\u00e9s professionalitzadores com les m\u00e9s acad\u00e8miques, respectant els interessos de l\u2019alumnat i assegurant una&hellip;  <a href=\"https:\/\/agora.xtec.cat\/insmartipous\/estudis\/eso\/ambits-i-itineraris-a-4t-deso\/\" title=\"Read Optativitat a 4t d&#8217;ESO\">Llegeix m\u00e9s\u00bb<\/a><\/p>\n","protected":false},"author":1,"featured_media":0,"parent":3471,"menu_order":20,"comment_status":"closed","ping_status":"closed","template":"page-templates\/side-menu.php","meta":{"_bbp_topic_count":0,"_bbp_reply_count":0,"_bbp_total_topic_count":0,"_bbp_total_reply_count":0,"_bbp_voice_count":0,"_bbp_anonymous_reply_count":0,"_bbp_topic_count_hidden":0,"_bbp_reply_count_hidden":0,"_bbp_forum_subforum_count":0,"footnotes":""},"class_list":["post-4312","page","type-page","status-publish","hentry"],"post_mailing_queue_ids":[],"_links":{"self":[{"href":"https:\/\/agora.xtec.cat\/insmartipous\/wp-json\/wp\/v2\/pages\/4312","targetHints":{"allow":["GET"]}}],"collection":[{"href":"https:\/\/agora.xtec.cat\/insmartipous\/wp-json\/wp\/v2\/pages"}],"about":[{"href":"https:\/\/agora.xtec.cat\/insmartipous\/wp-json\/wp\/v2\/types\/page"}],"author":[{"embeddable":true,"href":"https:\/\/agora.xtec.cat\/insmartipous\/wp-json\/wp\/v2\/users\/1"}],"replies":[{"embeddable":true,"href":"https:\/\/agora.xtec.cat\/insmartipous\/wp-json\/wp\/v2\/comments?post=4312"}],"version-history":[{"count":3,"href":"https:\/\/agora.xtec.cat\/insmartipous\/wp-json\/wp\/v2\/pages\/4312\/revisions"}],"predecessor-version":[{"id":5396,"href":"https:\/\/agora.xtec.cat\/insmartipous\/wp-json\/wp\/v2\/pages\/4312\/revisions\/5396"}],"up":[{"embeddable":true,"href":"https:\/\/agora.xtec.cat\/insmartipous\/wp-json\/wp\/v2\/pages\/3471"}],"wp:attachment":[{"href":"https:\/\/agora.xtec.cat\/insmartipous\/wp-json\/wp\/v2\/media?parent=4312"}],"curies":[{"name":"wp","href":"https:\/\/api.w.org\/{rel}","templated":true}]}}