{"id":4254,"date":"2020-06-21T22:04:11","date_gmt":"2020-06-21T20:04:11","guid":{"rendered":"http:\/\/agora.xtec.cat\/insmartipous\/?page_id=4254"},"modified":"2022-07-23T11:50:17","modified_gmt":"2022-07-23T09:50:17","slug":"batxillerat","status":"publish","type":"page","link":"https:\/\/agora.xtec.cat\/insmartipous\/estudis\/batxillerat\/","title":{"rendered":"Batxillerat"},"content":{"rendered":"<p>El nostre batxillerat t\u00e9 dues modalitats:<\/p>\n<ul style=\"list-style-type: square;\">\n<li><strong>Ci\u00e8ncies i tecnologia<\/strong><\/li>\n<li><strong>Humanitats i ci\u00e8ncies socials\u00a0\u00a0<\/strong><\/li>\n<\/ul>\n<p>L&#8217;<strong>acci\u00f3 tutorial<\/strong> \u00e9s fonamental; es du a terme a trav\u00e9s del F\u00f2rum i mitjan\u00e7ant l&#8217;acompanyament els tutors de seguiment personal.<\/p>\n<p><span style=\"font-weight: 400;\">El temps de treball s&#8217;organitza en tres tipus de mat\u00e8ries:<\/span><\/p>\n<ul>\n<li style=\"font-weight: 400;\" aria-level=\"1\"><b>Mat\u00e8ries comunes<\/b><span style=\"font-weight: 400;\">, que ha de cursar tot l\u2019alumnat.<\/span><\/li>\n<li style=\"font-weight: 400;\" aria-level=\"1\"><b>Mat\u00e8ries de modalitat i optatives<\/b><span style=\"font-weight: 400;\">, triades per cada alumne\/a.<\/span><\/li>\n<li style=\"font-weight: 400;\" aria-level=\"1\"><b>Itinerari de recerca (a 1r de batxillerat)<\/b><span style=\"font-weight: 400;\">, on l\u2019alumne\/a podr\u00e0 desenvolupar la seva autonomia i interessos personals, i se l&#8217;acompanyar\u00e0 en el desenvolupament del seu treball de recerca.<\/span><\/li>\n<\/ul>\n<p><span style=\"font-weight: 400;\">Dins d\u2019aquests espais, totes les mat\u00e8ries, des de la seva did\u00e0ctica espec\u00edfica, s\u2019abordaran a trav\u00e9s <strong>situacions d\u2019<\/strong><\/span><b>aprenentatge <\/b>contextualitzades i amb un enfocament competencial<span style=\"font-weight: 400;\">. Els aprenentatges han de ser significatius i connectats entre ells i amb el m\u00f3n real.<\/span><\/p>\n<p><span style=\"font-weight: 400;\">A partir de reptes es treballar\u00e0 mitjan\u00e7ant la <\/span><b>investigaci\u00f3<\/b><span style=\"font-weight: 400;\">, l<\/span><b>\u2019<\/b><b>experimentaci<\/b><b>\u00f3<\/b><span style=\"font-weight: 400;\">, la <\/span><b>creaci\u00f3<\/b><span style=\"font-weight: 400;\">, la <\/span><b>recerca<\/b><span style=\"font-weight: 400;\">, el <\/span><b>di\u00e0leg<\/b><span style=\"font-weight: 400;\"> i la <\/span><b>reflexi\u00f3<\/b><span style=\"font-weight: 400;\">, sense oblidar els processos de <\/span><b>formalitzaci\u00f3<\/b><span style=\"font-weight: 400;\">, <\/span><b>generalitzaci\u00f3<\/b><span style=\"font-weight: 400;\"> i <\/span><b>sistematitzaci\u00f3<\/b><span style=\"font-weight: 400;\"> dels aprenentatges.\u00a0<\/span><\/p>\n<p><span style=\"font-weight: 400;\">El <\/span><b>laboratori<\/b><span style=\"font-weight: 400;\">, el <\/span><b>taller<\/b><span style=\"font-weight: 400;\"> i els <\/span><b>espais de creaci\u00f3<\/b><span style=\"font-weight: 400;\"> (aules de dibuix, de creaci\u00f3 audiovisual, biblioteca\u2026) es fan servir de manera habitual.<\/span><\/p>\n<p><span style=\"font-weight: 400;\">A m\u00e9s, tant a les mat\u00e8ries comunes com de modalitat on sigui possible aix\u00ed com als espais de treball aut\u00f2nom i interdisciplinari es fomentar\u00e0 la <\/span><b>connexi\u00f3<\/b><span style=\"font-weight: 400;\"> amb professionals i institucions acad\u00e8miques, de recerca o culturals (de l&#8217;entorn de la Fabra i Coats i de fora d&#8217;aquest entorn).\u00a0<\/span><\/p>\n","protected":false},"excerpt":{"rendered":"<p>El nostre batxillerat t\u00e9 dues modalitats:<\/p>\n<ul style=\"list-style-type: square;\">\n<li>Ci\u00e8ncies i tecnologia<\/li>\n<li>Humanitats i ci\u00e8ncies socials\u00a0\u00a0<\/li>\n<\/ul>\n<p>L&#8217;acci\u00f3 tutorial \u00e9s fonamental; es du a terme a trav\u00e9s del F\u00f2rum i mitjan\u00e7ant l&#8217;acompanyament els tutors de seguiment personal.<br \/>\nEl temps de treball s&#8217;organitza en tres tipus de mat\u00e8ries:<\/p>\n<ul>\n<li style=\"font-weight: 400;\" aria-level=\"1\">Mat\u00e8ries comunes,&hellip;  <a href=\"https:\/\/agora.xtec.cat\/insmartipous\/estudis\/batxillerat\/\" title=\"Read Batxillerat\">Llegeix m\u00e9s\u00bb<\/a><br \/>\n","protected":false},"author":1,"featured_media":0,"parent":4330,"menu_order":70,"comment_status":"closed","ping_status":"closed","template":"page-templates\/side-menu.php","meta":{"_bbp_topic_count":0,"_bbp_reply_count":0,"_bbp_total_topic_count":0,"_bbp_total_reply_count":0,"_bbp_voice_count":0,"_bbp_anonymous_reply_count":0,"_bbp_topic_count_hidden":0,"_bbp_reply_count_hidden":0,"_bbp_forum_subforum_count":0,"footnotes":""},"class_list":["post-4254","page","type-page","status-publish","hentry"],"post_mailing_queue_ids":[],"_links":{"self":[{"href":"https:\/\/agora.xtec.cat\/insmartipous\/wp-json\/wp\/v2\/pages\/4254","targetHints":{"allow":["GET"]}}],"collection":[{"href":"https:\/\/agora.xtec.cat\/insmartipous\/wp-json\/wp\/v2\/pages"}],"about":[{"href":"https:\/\/agora.xtec.cat\/insmartipous\/wp-json\/wp\/v2\/types\/page"}],"author":[{"embeddable":true,"href":"https:\/\/agora.xtec.cat\/insmartipous\/wp-json\/wp\/v2\/users\/1"}],"replies":[{"embeddable":true,"href":"https:\/\/agora.xtec.cat\/insmartipous\/wp-json\/wp\/v2\/comments?post=4254"}],"version-history":[{"count":4,"href":"https:\/\/agora.xtec.cat\/insmartipous\/wp-json\/wp\/v2\/pages\/4254\/revisions"}],"predecessor-version":[{"id":5431,"href":"https:\/\/agora.xtec.cat\/insmartipous\/wp-json\/wp\/v2\/pages\/4254\/revisions\/5431"}],"up":[{"embeddable":true,"href":"https:\/\/agora.xtec.cat\/insmartipous\/wp-json\/wp\/v2\/pages\/4330"}],"wp:attachment":[{"href":"https:\/\/agora.xtec.cat\/insmartipous\/wp-json\/wp\/v2\/media?parent=4254"}],"curies":[{"name":"wp","href":"https:\/\/api.w.org\/{rel}","templated":true}]}}