{"id":3484,"date":"2019-07-20T02:07:47","date_gmt":"2019-07-20T00:07:47","guid":{"rendered":"http:\/\/agora.xtec.cat\/insmartipous\/?page_id=3484"},"modified":"2022-04-25T12:59:42","modified_gmt":"2022-04-25T10:59:42","slug":"projecte-linguistic","status":"publish","type":"page","link":"https:\/\/agora.xtec.cat\/insmartipous\/documents-de-centre\/projecte-linguistic\/","title":{"rendered":"Projecte ling\u00fc\u00edstic"},"content":{"rendered":"<h5>Projecte Ling\u00fc\u00edstic de l\u2019Institut Mart\u00ed Pous, en construcci\u00f3<\/h5>\n<p>Actualment el centre implementa els quatre nivells d\u2019ESO i el primer de batxillerat. El Projecte Ling\u00fc\u00edstic de Centre (PLC) es troba en fase d\u2019elaboraci\u00f3. Es preveu que el PLC estigui finalitzat i aprovat a final del present curs acad\u00e8mic (2021\/22).\u00a0La concreci\u00f3 de PLC comptar\u00e0 amb la participaci\u00f3 dels membres del claustre a partir de la reflexi\u00f3 conjunta i el debat entorn en tractament de les lleng\u00fces al centre.<\/p>\n<p>A continuaci\u00f3, s\u2019especifiquen les l\u00ednies b\u00e0siques que constitueixen el PLC provisional i sobre les quals se\u2019n redactar\u00e0 la versi\u00f3 definitiva.<\/p>\n<h6>Objectius generals del PLC<\/h6>\n<p>L\u2019Institut Mart\u00ed Pous adopta com a propis els objectius generals referents a la compet\u00e8ncia ling\u00fc\u00edstica que defineix la normativa vigent determinada per la Generalitat de Catalunya:<\/p>\n<ol>\n<li style=\"list-style-type: none;\">\n<ol>\n<li>Garantir, en acabar l\u2019educaci\u00f3 obligat\u00f2ria, el domini equivalent de les lleng\u00fces oficials (B2 al final de l\u2019ESO i C1 al final del batxillerat).<\/li>\n<li>Garantir un grau de compet\u00e8ncia suficient en una o dues lleng\u00fces estrangeres (B1 al final de l\u2019ESO i B2 al final del batxillerat de la primera llengua estrangera).<\/li>\n<li>Recon\u00e8ixer i fer presents a les aules i als centres les lleng\u00fces familiars dels alumnes d\u2019origen estranger i facilitar-ne l\u2019aprenentatge.<\/li>\n<li>Capacitar els alumnes per conviure en una societat multiling\u00fce i multicultural.<\/li>\n<li>Refor\u00e7ar el paper de la llengua catalana com a llengua vehicular del sistema educatiu i potenciar-ne l\u2019\u00fas per part de l\u2019alumnat.<\/li>\n<li>Garantir l\u2019acollida i l\u2019atenci\u00f3 ling\u00fc\u00edstica de l\u2019alumnat nouvingut, i la seva integraci\u00f3 a l\u2019aula ordin\u00e0ria.<\/li>\n<\/ol>\n<\/li>\n<\/ol>\n<h6>Els usos ling\u00fc\u00edstics a l\u2019Institut Mart\u00ed Pous<\/h6>\n<p>L\u2019Institut Mart\u00ed Pous parteix d\u2019una aproximaci\u00f3 hol\u00edstica a la llengua i al seu aprenentatge. Aix\u00f2 es concreta en una gesti\u00f3 integrada i transversal de les lleng\u00fces i els continguts que faciliti tant l\u2019aprenentatge de les lleng\u00fces com la construcci\u00f3 del coneixement a trav\u00e9s de les diferents lleng\u00fces.<\/p>\n<p>L\u2019Institut Mart\u00ed Pous aposta per aplicar un model pluriling\u00fce, en el qual les lleng\u00fces oficials i estrangeres que s\u2019imparteixen en el marc del desplegament del nostre projecte educatiu coexisteixen i es reforcen les unes a les altres. El pluriling\u00fcisme constituteix una poderosa eina per facilitar als alumnes l\u2019assoliment d\u2019una bona compet\u00e8ncia ling\u00fc\u00edstica.<\/p>\n<p>La llengua catalana \u00e9s la llengua d\u2019\u00fas habitual de comunicaci\u00f3 a l\u2019institut. Tota la comunitat educativa ha de vetllar per garantir-ne l\u2019\u00fas normalitzat tant en les interaccions orals com en les comunicacions escrites. El model d\u2019immersi\u00f3 ling\u00fc\u00edstica contribueix a garantir la igualtat d\u2019oportunitats entre els alumnes i, en definitiva, a la cohesi\u00f3 social.<\/p>\n<p>De la mateixa manera, es vetllar\u00e0 perqu\u00e8 l\u2019alumnat assoleixi la compet\u00e8ncia que requereix la normativa en la resta de les lleng\u00fces que tenen pres\u00e8ncia a l\u2019institut, afavorint la transfer\u00e8ncia entre elles per assolir la bona compet\u00e8ncia ling\u00fc\u00edstica de l\u2019alumnat en totes elles.<\/p>\n<p>La llengua castellana, en tant que llengua oficial, ser\u00e0 una de les lleng\u00fces present dins de l\u2019\u00e0mbit d\u2019humanitats, i s\u2019alternar\u00e0 amb el catal\u00e0 com llengua vehicular en el treball integrat de la llengua i el contingut d\u2019aquest \u00e0mbit, respectant les hores d\u2019assignaci\u00f3 que s\u2019estableixen per aquesta llengua.<\/p>\n<p>Primera llengua estrangera: angl\u00e8s.<br \/>\nSegona llengua estrangera: alemany (s\u2019ofereix com a optativa durant tota l&#8217;ESO).<\/p>\n<h6>Concreci\u00f3 metodol\u00f2gica<\/h6>\n<p>En el centre preveiem les seg\u00fcent estructures organitzatives per facilitar l\u2019enfocament transversal de les lleng\u00fces, i la integraci\u00f3 dels continguts tal i com planteja el nou model de sistema ling\u00fc\u00edstic proposat pel Departament d\u2019educaci\u00f3:<\/p>\n<ul style=\"list-style-type: square;\">\n<li><strong>\u00c0mbit d\u2019Humanitats<\/strong> (6 hores setmanals): Les compet\u00e8ncies que estableix el curr\u00edculum per a llengua catalana, la llengua castellana i les ci\u00e8ncies socials es treballen d\u2019una manera transversal i globalitzada. La llengua vehicular de les propostes did\u00e0ctiques s\u2019alterna entre la llengua catalana i la llengua castellana de manera que es compleixi amb el que estipula la normativa pel que fa a la dedicaci\u00f3 hor\u00e0ria destinada a cada llengua.<\/li>\n<li><strong>Eines ling\u00fc\u00edstiques catal\u00e0 i castell\u00e0<\/strong> (2 hores setmanals): Durant aquesta franja es treballaran aquells aspectes m\u00e9s sistem\u00e0tics d\u2019aquestes dues lleng\u00fces; la comprensi\u00f3 lectora, l\u2019expressi\u00f3 escrita i els continguts propis del bloc transversal de la llengua.<\/li>\n<li><strong>Llengua estrangera &#8211; Angl\u00e8s<\/strong> (4 hores): El treball de la llengua anglesa tindr\u00e0 una franja hor\u00e0ria pr\u00f2pia i tamb\u00e9 es treballar\u00e0 de manera integrada amb els altres \u00e0mbits. La franja hor\u00e0ria destinada a la llengua anglesa, a partir del curs 2019\/20 tindr\u00e0 un enfocament transversal, \u00e9s a dir, les propostes pedag\u00f2giques que s\u2019implementaran partiran de l\u2019aplicaci\u00f3 continguts que permetin assolir les compet\u00e8ncies comunicatives pr\u00f2pies de la llengua anglesa paral\u00b7lelament amb\u00a0 compet\u00e8ncies espec\u00edfiques d\u2019altres \u00e0mbits. S\u2019implementaran les propostes did\u00e0ctiques que es derivin de la formaci\u00f3 del nostre centre en el projecte GEP (Grup d\u2019experimentaci\u00f3 pluriling\u00fce). Des del curs 2017\/18 el centre va comen\u00e7ar a participar en aquest projecte i s\u2019han format dos docents per poder dur a terme amb continu\u00eftat la metodologia treballada. La participaci\u00f3 en aquest programa garanteix la continu\u00eftat de les metodologies AICLE de prim\u00e0ria i aprofundeix en un tractament de la llengua anglesa competencial i transversal.<\/li>\n<li><strong>Llengua estrangera &#8211; Alemany<\/strong> (2 hores optativa): L\u2019alemany com a segona llengua estrangera s\u2019ofereix com a optativa de continu\u00eftat des de 1r fins a 4t d\u2019ESO. Aix\u00f2 facilita que els l\u2019alumnat assoleixi una compet\u00e8ncia funcional en aquesta llengua amb l\u2019objectiu de formar l\u2019alumnat perqu\u00e8 assoleixi el nivell B1 d\u2019aquesta llengua en acabar 4t d\u2019ESO.<\/li>\n<\/ul>\n<h5>GUI\u00d3 DEL PROJECTE LING\u00dc\u00cdSTIC EN CONSTRUCCI\u00d3<\/h5>\n<ol>\n<li style=\"list-style-type: none;\">\n<ol>\n<li>An\u00e0lisi de context<\/li>\n<li>Oferta de lleng\u00fces estrangeres<\/li>\n<li>Objectius en relaci\u00f3 a l\u2019aprenentatge i l\u2019\u00fas de les lleng\u00fces estrangeres<\/li>\n<li>Criteris metodol\u00f2gics i organitzatius per a l\u2019aprenentatge de les lleng\u00fces<\/li>\n<li>Recursos i accions complement\u00e0ries<\/li>\n<li>Comunicaci\u00f3 interna i relaci\u00f3 amb l\u2019entorn<\/li>\n<li>La qualificaci\u00f3 professional dels docents<\/li>\n<li>Difusi\u00f3 del projecte ling\u00fc\u00edstic de centre<\/li>\n<\/ol>\n<\/li>\n<\/ol>\n","protected":false},"excerpt":{"rendered":"<p>Projecte Ling\u00fc\u00edstic de l\u2019Institut Mart\u00ed Pous, en construcci\u00f3<br \/>\nActualment el centre implementa els quatre nivells d\u2019ESO i el primer de batxillerat. El Projecte Ling\u00fc\u00edstic de Centre (PLC) es troba en fase d\u2019elaboraci\u00f3. Es preveu que el PLC estigui finalitzat i aprovat a final del present curs&hellip;  <a href=\"https:\/\/agora.xtec.cat\/insmartipous\/documents-de-centre\/projecte-linguistic\/\" title=\"Read Projecte ling\u00fc\u00edstic\">Llegeix m\u00e9s\u00bb<\/a><\/p>\n","protected":false},"author":1,"featured_media":0,"parent":5231,"menu_order":20,"comment_status":"closed","ping_status":"closed","template":"page-templates\/side-menu.php","meta":{"_bbp_topic_count":0,"_bbp_reply_count":0,"_bbp_total_topic_count":0,"_bbp_total_reply_count":0,"_bbp_voice_count":0,"_bbp_anonymous_reply_count":0,"_bbp_topic_count_hidden":0,"_bbp_reply_count_hidden":0,"_bbp_forum_subforum_count":0,"footnotes":""},"class_list":["post-3484","page","type-page","status-publish","hentry"],"post_mailing_queue_ids":[],"_links":{"self":[{"href":"https:\/\/agora.xtec.cat\/insmartipous\/wp-json\/wp\/v2\/pages\/3484","targetHints":{"allow":["GET"]}}],"collection":[{"href":"https:\/\/agora.xtec.cat\/insmartipous\/wp-json\/wp\/v2\/pages"}],"about":[{"href":"https:\/\/agora.xtec.cat\/insmartipous\/wp-json\/wp\/v2\/types\/page"}],"author":[{"embeddable":true,"href":"https:\/\/agora.xtec.cat\/insmartipous\/wp-json\/wp\/v2\/users\/1"}],"replies":[{"embeddable":true,"href":"https:\/\/agora.xtec.cat\/insmartipous\/wp-json\/wp\/v2\/comments?post=3484"}],"version-history":[{"count":4,"href":"https:\/\/agora.xtec.cat\/insmartipous\/wp-json\/wp\/v2\/pages\/3484\/revisions"}],"predecessor-version":[{"id":5081,"href":"https:\/\/agora.xtec.cat\/insmartipous\/wp-json\/wp\/v2\/pages\/3484\/revisions\/5081"}],"up":[{"embeddable":true,"href":"https:\/\/agora.xtec.cat\/insmartipous\/wp-json\/wp\/v2\/pages\/5231"}],"wp:attachment":[{"href":"https:\/\/agora.xtec.cat\/insmartipous\/wp-json\/wp\/v2\/media?parent=3484"}],"curies":[{"name":"wp","href":"https:\/\/api.w.org\/{rel}","templated":true}]}}