{"id":27,"date":"2014-09-17T16:24:03","date_gmt":"2014-09-17T14:24:03","guid":{"rendered":"http:\/\/agora.xtec.cat\/insmartipous\/?page_id=27"},"modified":"2022-10-04T10:18:51","modified_gmt":"2022-10-04T08:18:51","slug":"historia","status":"publish","type":"page","link":"https:\/\/agora.xtec.cat\/insmartipous\/linstitut\/historia\/","title":{"rendered":"Qui va ser Mart\u00ed Pous?"},"content":{"rendered":"<p>El nostre institut deu el seu nom a l&#8217;historiador andreuenc Mart\u00ed Pous i Serra (Barcelona, 1910-1997). Qu\u00edmic de formaci\u00f3, cap de secci\u00f3 de tintoreria a la Fabra i Coats de professi\u00f3 i participant molt actiu al moviment associatiu de Sant Andreu de Palomar, un cop jubilat va dedicar-se de ple a la seva tasca com a historiador. Va fundar l&#8217;Arxiu Hist\u00f2ric de Sant Andreu (1986)\u00a0 i el Centre d&#8217;Estudis Ignasi Igl\u00e9sias (1987). Va ser un gran difusor de la hist\u00f2ria de Sant Andreu de Palomar i del Pla de Barcelona en general, dedicant-se a organitzar esdeveniments, impartir cursos, preparar exposicions, publicar, investigar i fer xerrades a les escoles.<\/p>\n<p>&nbsp;<\/p>\n","protected":false},"excerpt":{"rendered":"<p>El nostre institut deu el seu nom a l&#8217;historiador andreuenc Mart\u00ed Pous i Serra (Barcelona, 1910-1997). Qu\u00edmic de formaci\u00f3, cap de secci\u00f3 de tintoreria a la Fabra i Coats de professi\u00f3 i participant molt actiu al moviment associatiu de Sant Andreu de Palomar, un cop&hellip;  <a href=\"https:\/\/agora.xtec.cat\/insmartipous\/linstitut\/historia\/\" title=\"Read Qui va ser Mart\u00ed Pous?\">Llegeix m\u00e9s\u00bb<\/a><\/p>\n","protected":false},"author":3,"featured_media":0,"parent":19,"menu_order":50,"comment_status":"closed","ping_status":"closed","template":"page-templates\/side-menu.php","meta":{"_bbp_topic_count":0,"_bbp_reply_count":0,"_bbp_total_topic_count":0,"_bbp_total_reply_count":0,"_bbp_voice_count":0,"_bbp_anonymous_reply_count":0,"_bbp_topic_count_hidden":0,"_bbp_reply_count_hidden":0,"_bbp_forum_subforum_count":0,"footnotes":""},"class_list":["post-27","page","type-page","status-publish","hentry"],"post_mailing_queue_ids":[],"_links":{"self":[{"href":"https:\/\/agora.xtec.cat\/insmartipous\/wp-json\/wp\/v2\/pages\/27","targetHints":{"allow":["GET"]}}],"collection":[{"href":"https:\/\/agora.xtec.cat\/insmartipous\/wp-json\/wp\/v2\/pages"}],"about":[{"href":"https:\/\/agora.xtec.cat\/insmartipous\/wp-json\/wp\/v2\/types\/page"}],"author":[{"embeddable":true,"href":"https:\/\/agora.xtec.cat\/insmartipous\/wp-json\/wp\/v2\/users\/3"}],"replies":[{"embeddable":true,"href":"https:\/\/agora.xtec.cat\/insmartipous\/wp-json\/wp\/v2\/comments?post=27"}],"version-history":[{"count":5,"href":"https:\/\/agora.xtec.cat\/insmartipous\/wp-json\/wp\/v2\/pages\/27\/revisions"}],"predecessor-version":[{"id":5510,"href":"https:\/\/agora.xtec.cat\/insmartipous\/wp-json\/wp\/v2\/pages\/27\/revisions\/5510"}],"up":[{"embeddable":true,"href":"https:\/\/agora.xtec.cat\/insmartipous\/wp-json\/wp\/v2\/pages\/19"}],"wp:attachment":[{"href":"https:\/\/agora.xtec.cat\/insmartipous\/wp-json\/wp\/v2\/media?parent=27"}],"curies":[{"name":"wp","href":"https:\/\/api.w.org\/{rel}","templated":true}]}}