{"id":19,"date":"2014-09-17T14:56:56","date_gmt":"2014-09-17T12:56:56","guid":{"rendered":"http:\/\/agora.xtec.cat\/insmartipous\/?page_id=19"},"modified":"2021-04-18T15:20:50","modified_gmt":"2021-04-18T13:20:50","slug":"linstitut","status":"publish","type":"page","link":"https:\/\/agora.xtec.cat\/insmartipous\/linstitut\/","title":{"rendered":"L&#8217;Institut"},"content":{"rendered":"<p>L\u2019Institut Mart\u00ed Pous \u00e9s un centre educatiu p\u00fablic d\u2019educaci\u00f3 secund\u00e0ria que neix el curs 2017-2018.<br \/>\n<span style=\"font-family: inherit; font-size: 1em;\">Est\u00e0 ubicat al recinte de la Fabra i Coats, a Sant Andreu de Palomar (Barcelona).<br \/>\n<\/span>El nostre edifici era una antiga nau industrial de filatures rehabilitat amb un doble objectiu: servir com a equipament educatiu i mantenir la mem\u00f2ria hist\u00f2ria i el nostre patrimoni industrial.<\/p>\n<p>Estudis que es poden cursar al Mart\u00ed Pous:<\/p>\n<ul style=\"list-style-type: square;\">\n<li>ESO<\/li>\n<li>Batxillerat Cient\u00edfic-Tecnol\u00f2gic<\/li>\n<li>Batxillerat Human\u00edstic-Social<\/li>\n<\/ul>\n<p>&nbsp;<\/p>\n","protected":false},"excerpt":{"rendered":"<p>L\u2019Institut Mart\u00ed Pous \u00e9s un centre educatiu p\u00fablic d\u2019educaci\u00f3 secund\u00e0ria que neix el curs 2017-2018.<br \/>\nEst\u00e0 ubicat al recinte de la Fabra i Coats, a Sant Andreu de Palomar (Barcelona).<br \/>\nEl nostre edifici era una antiga nau industrial de filatures rehabilitat amb un doble objectiu: servir com&hellip;  <a href=\"https:\/\/agora.xtec.cat\/insmartipous\/linstitut\/\" title=\"Read L&#8217;Institut\">Llegeix m\u00e9s\u00bb<\/a><\/p>\n","protected":false},"author":3,"featured_media":0,"parent":0,"menu_order":0,"comment_status":"closed","ping_status":"closed","template":"page-templates\/side-menu.php","meta":{"_bbp_topic_count":0,"_bbp_reply_count":0,"_bbp_total_topic_count":0,"_bbp_total_reply_count":0,"_bbp_voice_count":0,"_bbp_anonymous_reply_count":0,"_bbp_topic_count_hidden":0,"_bbp_reply_count_hidden":0,"_bbp_forum_subforum_count":0,"footnotes":""},"class_list":["post-19","page","type-page","status-publish","hentry"],"post_mailing_queue_ids":[],"_links":{"self":[{"href":"https:\/\/agora.xtec.cat\/insmartipous\/wp-json\/wp\/v2\/pages\/19","targetHints":{"allow":["GET"]}}],"collection":[{"href":"https:\/\/agora.xtec.cat\/insmartipous\/wp-json\/wp\/v2\/pages"}],"about":[{"href":"https:\/\/agora.xtec.cat\/insmartipous\/wp-json\/wp\/v2\/types\/page"}],"author":[{"embeddable":true,"href":"https:\/\/agora.xtec.cat\/insmartipous\/wp-json\/wp\/v2\/users\/3"}],"replies":[{"embeddable":true,"href":"https:\/\/agora.xtec.cat\/insmartipous\/wp-json\/wp\/v2\/comments?post=19"}],"version-history":[{"count":4,"href":"https:\/\/agora.xtec.cat\/insmartipous\/wp-json\/wp\/v2\/pages\/19\/revisions"}],"predecessor-version":[{"id":4742,"href":"https:\/\/agora.xtec.cat\/insmartipous\/wp-json\/wp\/v2\/pages\/19\/revisions\/4742"}],"wp:attachment":[{"href":"https:\/\/agora.xtec.cat\/insmartipous\/wp-json\/wp\/v2\/media?parent=19"}],"curies":[{"name":"wp","href":"https:\/\/api.w.org\/{rel}","templated":true}]}}