{"id":9064,"date":"2024-05-02T14:12:42","date_gmt":"2024-05-02T12:12:42","guid":{"rendered":"https:\/\/agora.xtec.cat\/insmartidot\/?page_id=9064"},"modified":"2026-03-27T09:34:03","modified_gmt":"2026-03-27T08:34:03","slug":"beques-i-ajuts","status":"publish","type":"page","link":"https:\/\/agora.xtec.cat\/insmartidot\/secretaria\/beques-i-ajuts\/","title":{"rendered":"Beques i ajuts"},"content":{"rendered":"<h3 class=\"titulo-capcalera\"><a href=\"https:\/\/educacio.gencat.cat\/ca\/serveis-tramits\/beques\/beques-postobligatoris\/\"><strong>Beques per a ensenyaments postobligatoris no universitaris<\/strong><\/a><\/h3>\n<p>Presentaci\u00f3 de sol\u00b7licituds:<strong> De les 8 h del 7 d&#8217;abril de 2026 a les 15 h del 18 de maig de 2026.<\/strong><\/p>\n<p>Per alumnat que cursa els seg\u00fcents\u00a0<strong>ensenyaments postobligatoris<\/strong>:<\/p>\n<ul>\n<li>Batxillerat<\/li>\n<li>Formaci\u00f3 professional de grau mitj\u00e0 i de grau superior<\/li>\n<li>Ensenyaments art\u00edstics professionals<\/li>\n<li>Ensenyaments esportius<\/li>\n<li>Ensenyaments art\u00edstics superiors<\/li>\n<li>Estudis religiosos superiors<\/li>\n<li>Estudis d&#8217;idiomes en escoles oficials (inclosa la modalitat de dist\u00e0ncia)<\/li>\n<li>Cursos d&#8217;acc\u00e9s i cursos de preparaci\u00f3 per a les proves d&#8217;acc\u00e9s a la formaci\u00f3 professional i cursos de formaci\u00f3 espec\u00edfics per a l&#8217;acc\u00e9s als cicles de grau mitj\u00e0 i de grau superior<\/li>\n<li>Cicles formatius de grau b\u00e0sic<\/li>\n<li style=\"list-style-type: none;\"><\/li>\n<\/ul>\n<p><em>M\u00e9s informaci\u00f3 i tr\u00e0mit\u00a0<a href=\"https:\/\/web.gencat.cat\/ca\/ciutadania\/serveis\/educacio-formacio\/beques-estudis-no-universitaris\">aqu\u00ed<\/a><\/em><\/p>\n<h3 class=\"titulo-capcalera\"><a href=\"https:\/\/educacio.gencat.cat\/ca\/serveis-tramits\/beques\/ajuts-nese\/\"><strong>Ajuts per alumnat amb necessitat espec\u00edfica de suport educatiu<\/strong><\/a><\/h3>\n<p>Presentaci\u00f3 de sol\u00b7licituds:<strong> Des de les 8 h del 30 d&#8217;abril de 2025 fins a les 24 h de l&#8217;11 de setembre de 2025.<\/strong><\/p>\n<p>Per alumnat escolaritzat en centres educatius espanyols que acreditin la <strong>necessitat espec\u00edfica de rebre suport educatiu<\/strong> i reuneixin els requisits establerts:<\/p>\n<ul>\n<li>Alumnes que no superen una determinada renda i\/o patrimoni familiar i que presenten necessitat espec\u00edfica de suport educatiu derivada de discapacitat o trastorns greus de conducta o trastorns greus de la comunicaci\u00f3 i del llenguatge associat a necessitats educatives especials i que estiguin cursant algun dels nivells educatius no universitaris en un centre espec\u00edfic, en una unitat d&#8217;educaci\u00f3 especial d&#8217;un centre ordinari o en un centre ordinari que escolaritzi alumnes que presenten necessitats educatives especials.<\/li>\n<li>Alumnes amb transtorn d&#8217;especte autista (TEA) i alumnes amb necessitat espec\u00edfica de suport educatiu associat a altes capacitats.<\/li>\n<\/ul>\n<p><em>M\u00e9s informaci\u00f3 i tr\u00e0mit\u00a0<a href=\"https:\/\/educacio.gencat.cat\/ca\/serveis-tramits\/beques\/ajuts-nese\/\">aqu\u00ed<\/a><\/em><\/p>\n","protected":false},"excerpt":{"rendered":"<p>Beques per a ensenyaments postobligatoris no universitaris Presentaci\u00f3 de sol\u00b7licituds: De les 8 h del 7 d&#8217;abril de 2026 a les 15 h del 18 de maig de 2026. Per alumnat que cursa els seg\u00fcents\u00a0ensenyaments postobligatoris: Batxillerat Formaci\u00f3 professional de grau mitj\u00e0 i de grau superior Ensenyaments art\u00edstics professionals Ensenyaments esportius Ensenyaments art\u00edstics superiors Estudis [&hellip;]<\/p>\n","protected":false},"author":1,"featured_media":0,"parent":81,"menu_order":0,"comment_status":"closed","ping_status":"closed","template":"","meta":{"_bbp_topic_count":0,"_bbp_reply_count":0,"_bbp_total_topic_count":0,"_bbp_total_reply_count":0,"_bbp_voice_count":0,"_bbp_anonymous_reply_count":0,"_bbp_topic_count_hidden":0,"_bbp_reply_count_hidden":0,"_bbp_forum_subforum_count":0,"site-sidebar-layout":"default","site-content-layout":"","ast-site-content-layout":"default","site-content-style":"default","site-sidebar-style":"default","ast-global-header-display":"","ast-banner-title-visibility":"","ast-main-header-display":"","ast-hfb-above-header-display":"","ast-hfb-below-header-display":"","ast-hfb-mobile-header-display":"","site-post-title":"","ast-breadcrumbs-content":"","ast-featured-img":"","footer-sml-layout":"","theme-transparent-header-meta":"default","adv-header-id-meta":"","stick-header-meta":"","header-above-stick-meta":"","header-main-stick-meta":"","header-below-stick-meta":"","astra-migrate-meta-layouts":"set","ast-page-background-enabled":"default","ast-page-background-meta":{"desktop":{"background-color":"var(--ast-global-color-4)","background-image":"","background-repeat":"repeat","background-position":"center center","background-size":"auto","background-attachment":"scroll","background-type":"","background-media":"","overlay-type":"","overlay-color":"","overlay-opacity":"","overlay-gradient":""},"tablet":{"background-color":"","background-image":"","background-repeat":"repeat","background-position":"center center","background-size":"auto","background-attachment":"scroll","background-type":"","background-media":"","overlay-type":"","overlay-color":"","overlay-opacity":"","overlay-gradient":""},"mobile":{"background-color":"","background-image":"","background-repeat":"repeat","background-position":"center center","background-size":"auto","background-attachment":"scroll","background-type":"","background-media":"","overlay-type":"","overlay-color":"","overlay-opacity":"","overlay-gradient":""}},"ast-content-background-meta":{"desktop":{"background-color":"var(--ast-global-color-5)","background-image":"","background-repeat":"repeat","background-position":"center center","background-size":"auto","background-attachment":"scroll","background-type":"","background-media":"","overlay-type":"","overlay-color":"","overlay-opacity":"","overlay-gradient":""},"tablet":{"background-color":"var(--ast-global-color-5)","background-image":"","background-repeat":"repeat","background-position":"center center","background-size":"auto","background-attachment":"scroll","background-type":"","background-media":"","overlay-type":"","overlay-color":"","overlay-opacity":"","overlay-gradient":""},"mobile":{"background-color":"var(--ast-global-color-5)","background-image":"","background-repeat":"repeat","background-position":"center center","background-size":"auto","background-attachment":"scroll","background-type":"","background-media":"","overlay-type":"","overlay-color":"","overlay-opacity":"","overlay-gradient":""}},"footnotes":""},"class_list":["post-9064","page","type-page","status-publish","hentry"],"post_mailing_queue_ids":[],"_links":{"self":[{"href":"https:\/\/agora.xtec.cat\/insmartidot\/wp-json\/wp\/v2\/pages\/9064","targetHints":{"allow":["GET"]}}],"collection":[{"href":"https:\/\/agora.xtec.cat\/insmartidot\/wp-json\/wp\/v2\/pages"}],"about":[{"href":"https:\/\/agora.xtec.cat\/insmartidot\/wp-json\/wp\/v2\/types\/page"}],"author":[{"embeddable":true,"href":"https:\/\/agora.xtec.cat\/insmartidot\/wp-json\/wp\/v2\/users\/1"}],"replies":[{"embeddable":true,"href":"https:\/\/agora.xtec.cat\/insmartidot\/wp-json\/wp\/v2\/comments?post=9064"}],"version-history":[{"count":5,"href":"https:\/\/agora.xtec.cat\/insmartidot\/wp-json\/wp\/v2\/pages\/9064\/revisions"}],"predecessor-version":[{"id":10091,"href":"https:\/\/agora.xtec.cat\/insmartidot\/wp-json\/wp\/v2\/pages\/9064\/revisions\/10091"}],"up":[{"embeddable":true,"href":"https:\/\/agora.xtec.cat\/insmartidot\/wp-json\/wp\/v2\/pages\/81"}],"wp:attachment":[{"href":"https:\/\/agora.xtec.cat\/insmartidot\/wp-json\/wp\/v2\/media?parent=9064"}],"curies":[{"name":"wp","href":"https:\/\/api.w.org\/{rel}","templated":true}]}}