{"id":9,"date":"2014-09-12T10:15:01","date_gmt":"2014-09-12T10:15:01","guid":{"rendered":"http:\/\/agora.xtec.cat\/insmartidot\/?page_id=9"},"modified":"2019-04-29T11:41:31","modified_gmt":"2019-04-29T09:41:31","slug":"marti-dot","status":"publish","type":"page","link":"https:\/\/agora.xtec.cat\/insmartidot\/pagines-dinici\/marti-dot\/","title":{"rendered":"Jornada de portes obertes"},"content":{"rendered":"<h1>Jornada de portes obertes adre\u00e7ada als cicles formatius.<\/h1>\n<h1>El 6 de maig 2019, a les 18:00 h, a la sala d&#8217;actes.<\/h1>\n<p><img loading=\"lazy\" decoding=\"async\" class=\"wp-image-2812 aligncenter\" src=\"http:\/\/agora.xtec.cat\/insmartidot\/wp-content\/uploads\/usu476\/2018\/01\/PortesObertes.jpg\" alt=\"\" width=\"601\" height=\"270\" srcset=\"https:\/\/agora.xtec.cat\/insmartidot\/wp-content\/uploads\/usu476\/2018\/01\/PortesObertes.jpg 1000w, https:\/\/agora.xtec.cat\/insmartidot\/wp-content\/uploads\/usu476\/2018\/01\/PortesObertes-300x135.jpg 300w, https:\/\/agora.xtec.cat\/insmartidot\/wp-content\/uploads\/usu476\/2018\/01\/PortesObertes-768x345.jpg 768w\" sizes=\"auto, (max-width: 601px) 100vw, 601px\" \/><\/p>\n<p>El <strong>dilluns 6 de maig<\/strong> a les <strong>18h<\/strong> tindr\u00e0 lloc la jornada de portes obertes d&#8217;FP adre\u00e7ada als interessats en cursar algun cicle formatiu de la fam\u00edlia d&#8217;hoteleria i turisme i de la fam\u00edlia d&#8217;ind\u00fastries aliment\u00e0ries. Podeu consultar l&#8217;oferta de cicles del centre <a href=\"http:\/\/agora.xtec.cat\/insmartidot\/categoria\/cicles-formatius\/\">aqu\u00ed<\/a>.<\/p>\n","protected":false},"excerpt":{"rendered":"<p>Jornada de portes obertes adre\u00e7ada als cicles formatius. El 6 de maig 2019, a les 18:00 h, a la sala d&#8217;actes. El dilluns 6 de maig a les 18h tindr\u00e0 lloc la jornada de portes obertes d&#8217;FP adre\u00e7ada als interessats en cursar algun cicle formatiu de la fam\u00edlia d&#8217;hoteleria i turisme i de la fam\u00edlia [&hellip;]<\/p>\n","protected":false},"author":1,"featured_media":0,"parent":7,"menu_order":0,"comment_status":"closed","ping_status":"closed","template":"page-templates\/front-page.php","meta":{"_bbp_topic_count":0,"_bbp_reply_count":0,"_bbp_total_topic_count":0,"_bbp_total_reply_count":0,"_bbp_voice_count":0,"_bbp_anonymous_reply_count":0,"_bbp_topic_count_hidden":0,"_bbp_reply_count_hidden":0,"_bbp_forum_subforum_count":0,"site-sidebar-layout":"default","site-content-layout":"","ast-site-content-layout":"","site-content-style":"default","site-sidebar-style":"default","ast-global-header-display":"","ast-banner-title-visibility":"","ast-main-header-display":"","ast-hfb-above-header-display":"","ast-hfb-below-header-display":"","ast-hfb-mobile-header-display":"","site-post-title":"","ast-breadcrumbs-content":"","ast-featured-img":"","footer-sml-layout":"","theme-transparent-header-meta":"","adv-header-id-meta":"","stick-header-meta":"","header-above-stick-meta":"","header-main-stick-meta":"","header-below-stick-meta":"","astra-migrate-meta-layouts":"default","ast-page-background-enabled":"default","ast-page-background-meta":{"desktop":{"background-color":"var(--ast-global-color-4)","background-image":"","background-repeat":"repeat","background-position":"center center","background-size":"auto","background-attachment":"scroll","background-type":"","background-media":"","overlay-type":"","overlay-color":"","overlay-opacity":"","overlay-gradient":""},"tablet":{"background-color":"","background-image":"","background-repeat":"repeat","background-position":"center center","background-size":"auto","background-attachment":"scroll","background-type":"","background-media":"","overlay-type":"","overlay-color":"","overlay-opacity":"","overlay-gradient":""},"mobile":{"background-color":"","background-image":"","background-repeat":"repeat","background-position":"center center","background-size":"auto","background-attachment":"scroll","background-type":"","background-media":"","overlay-type":"","overlay-color":"","overlay-opacity":"","overlay-gradient":""}},"ast-content-background-meta":{"desktop":{"background-color":"var(--ast-global-color-5)","background-image":"","background-repeat":"repeat","background-position":"center center","background-size":"auto","background-attachment":"scroll","background-type":"","background-media":"","overlay-type":"","overlay-color":"","overlay-opacity":"","overlay-gradient":""},"tablet":{"background-color":"var(--ast-global-color-5)","background-image":"","background-repeat":"repeat","background-position":"center center","background-size":"auto","background-attachment":"scroll","background-type":"","background-media":"","overlay-type":"","overlay-color":"","overlay-opacity":"","overlay-gradient":""},"mobile":{"background-color":"var(--ast-global-color-5)","background-image":"","background-repeat":"repeat","background-position":"center center","background-size":"auto","background-attachment":"scroll","background-type":"","background-media":"","overlay-type":"","overlay-color":"","overlay-opacity":"","overlay-gradient":""}},"footnotes":""},"class_list":["post-9","page","type-page","status-publish","hentry"],"post_mailing_queue_ids":[],"_links":{"self":[{"href":"https:\/\/agora.xtec.cat\/insmartidot\/wp-json\/wp\/v2\/pages\/9","targetHints":{"allow":["GET"]}}],"collection":[{"href":"https:\/\/agora.xtec.cat\/insmartidot\/wp-json\/wp\/v2\/pages"}],"about":[{"href":"https:\/\/agora.xtec.cat\/insmartidot\/wp-json\/wp\/v2\/types\/page"}],"author":[{"embeddable":true,"href":"https:\/\/agora.xtec.cat\/insmartidot\/wp-json\/wp\/v2\/users\/1"}],"replies":[{"embeddable":true,"href":"https:\/\/agora.xtec.cat\/insmartidot\/wp-json\/wp\/v2\/comments?post=9"}],"version-history":[{"count":4,"href":"https:\/\/agora.xtec.cat\/insmartidot\/wp-json\/wp\/v2\/pages\/9\/revisions"}],"predecessor-version":[{"id":4962,"href":"https:\/\/agora.xtec.cat\/insmartidot\/wp-json\/wp\/v2\/pages\/9\/revisions\/4962"}],"up":[{"embeddable":true,"href":"https:\/\/agora.xtec.cat\/insmartidot\/wp-json\/wp\/v2\/pages\/7"}],"wp:attachment":[{"href":"https:\/\/agora.xtec.cat\/insmartidot\/wp-json\/wp\/v2\/media?parent=9"}],"curies":[{"name":"wp","href":"https:\/\/api.w.org\/{rel}","templated":true}]}}