{"id":8905,"date":"2024-03-08T14:54:34","date_gmt":"2024-03-08T13:54:34","guid":{"rendered":"https:\/\/agora.xtec.cat\/insmartidot\/?page_id=8905"},"modified":"2026-03-24T14:20:40","modified_gmt":"2026-03-24T13:20:40","slug":"pfi","status":"publish","type":"page","link":"https:\/\/agora.xtec.cat\/insmartidot\/secretaria\/preinscripcio-i-matricula\/pfi\/","title":{"rendered":"PFI"},"content":{"rendered":"<header class=\"entry-header\">\n<h1 class=\"entry-title\">Programes de Formaci\u00f3 i Inserci\u00f3 (PFI)<\/h1>\n<\/header>\n<div class=\"entry-content\">\n<ul>\n<li>Llistat d\u2019alumnat preinscrit, alumnat adm\u00e8s i llista d\u2019espera<\/li>\n<li>Oferta final PFI-PTT<\/li>\n<li>Llista ordenada<\/li>\n<li>Sorteig n\u00famero desempat<\/li>\n<li>Llista amb puntuaci\u00f3 definitiva resoltes les reclamacions<\/li>\n<li>Llista amb puntuaci\u00f3 provisional<\/li>\n<li>Oferta inicial PFI-PTT<\/li>\n<\/ul>\n<h3><strong>Calendari 2026-2027<br \/><\/strong><\/h3>\n<ul>\n<li><strong>30 d&#8217;abril<\/strong> de 2026: oferta inicial de places<\/li>\n<\/ul>\n<h4><a href=\"https:\/\/preinscripcio.gencat.cat\/ca\/estudis\/pfi\/inici\/\"><strong>Preinscripci\u00f3<\/strong><\/a><\/h4>\n<ul>\n<li>Del <strong>4 al 13 de maig<\/strong> de 2026: presentaci\u00f3 de sol\u00b7licituds<\/li>\n<li>Del<strong> 4 al 14 de maig<\/strong> de 2026: presentaci\u00f3 de documentaci\u00f3<\/li>\n<li>Del <strong>4 al 26 de maig<\/strong> de 2026 a les 14 hores: <em><strong>entrevistes<\/strong> d&#8217;orientaci\u00f3 i valoraci\u00f3<\/em><\/li>\n<li><strong>28 de maig<\/strong> de 2026: llista de sol\u00b7licituds amb la puntuaci\u00f3 provisional<\/li>\n<li>Del <strong>28 de maig al 3 de juny<\/strong> de 2026: presentaci\u00f3 de reclamacions<\/li>\n<li><strong>8 de juny<\/strong> de 2026: llista de sol\u00b7licituds amb la puntuaci\u00f3 un cop resoltes les reclamacions<\/li>\n<li><strong>8 de juny<\/strong> de 2026: sorteig per resoldre les sol\u00b7licituds de preinscripci\u00f3 empatades en punts<\/li>\n<li><strong>11 de juny<\/strong> de 2026: llista ordenada<\/li>\n<li>Del <strong>25 al 29 de juny<\/strong> de 2026: ampliaci\u00f3 de peticions de preinscripci\u00f3 per a alumnes sense pla\u00e7a assignada a cap centre<\/li>\n<li><strong>3 de juliol<\/strong> de 2026: oferta final de places<\/li>\n<li><strong>3 de juliol<\/strong> de 2026: llista d&#8217;alumnes admesos i llista d&#8217;espera<\/li>\n<\/ul>\n<h4><strong>Matr\u00edcula<\/strong><\/h4>\n<ul>\n<li>Del <strong>6 al 10 de juliol<\/strong> de 2026: matriculaci\u00f3<\/li>\n<\/ul>\n<h3>\u00a0<\/h3>\n<h3><strong>Documentaci\u00f3 i criteris de prioritat<\/strong><\/h3>\n<p id=\"FW_bloc_9be7a269-55e8-11e4-aafa-000c29f68999_1\" class=\"FW_ancora\"><strong>Documentaci\u00f3 identificativa<\/strong><\/p>\n<div class=\"FW_sArticleFoto\">\n<div class=\"FW_sEditPro\">\n<p>Tots els sol\u00b7licitants<strong>\u00a0<\/strong>han de presentar:<\/p>\n<ul>\n<li>Original i c\u00f2pia del DNI, NIE o passaport\u00a0vigent. Si es tracta d\u2019estrangers comunitaris, document d\u2019identitat del pa\u00eds d\u2019origen.<\/li>\n<\/ul>\n<p>Si el sol\u00b7licitant\u00a0\u00e9s\u00a0<strong>menor d\u2019edat<\/strong>\u00a0tamb\u00e9 ha de presentar:<\/p>\n<ul>\n<li>La certificaci\u00f3 electr\u00f2nica de la inscripci\u00f3 de naixement o l\u2019original i fotoc\u00f2pia del\u00a0<strong>llibre de fam\u00edlia<\/strong>\u00a0o altres documents relatius a la filiaci\u00f3. Si est\u00e0 en situaci\u00f3 d\u2019acolliment en fam\u00edlia o instituci\u00f3, la resoluci\u00f3 d\u2019acolliment del Departament de Drets Socials.<\/li>\n<li>Original i c\u00f2pia del DNI de la persona sol\u00b7licitant (pare, mare, tutor o tutora o guardador o guardadora de fet) o, si \u00e9s\u00a0estrangera, la targeta de resid\u00e8ncia on consta el NIE, o del passaport. Si es tracta d\u2019estrangers comunitaris, document d\u2019identitat del pa\u00eds d\u2019origen.<\/li>\n<li>De manera extraordin\u00e0ria i \u00fanicament a efectes de preinscripci\u00f3, les dades d\u2019identificaci\u00f3 o de filiaci\u00f3 de les persones estrangeres es poden acreditar amb la documentaci\u00f3 alternativa que la persona pugui aportar. Tanmateix, la matr\u00edcula estar\u00e0 condicionada a la presentaci\u00f3 de la documentaci\u00f3 identificativa establerta en els par\u00e0grafs anteriors.<\/li>\n<\/ul>\n<p>En cas d\u2019al\u00b7legar la condici\u00f3 de discapacitat de l\u2019alumne\/a s\u2019ha de presentar la targeta acreditativa, de la discapacitat, vigent.<\/p>\n<\/div>\n<\/div>\n<p id=\"FW_bloc_9be7a269-55e8-11e4-aafa-000c29f68999_2\" class=\"FW_ancora\"><strong>Criteris de prioritat<\/strong><\/p>\n<div class=\"FW_sArticleFoto\">\n<div class=\"FW_sEditPro\">\n<ul>\n<li>Proximitat del domicili al lloc on es fa el programa,\u00a0segon les zones educatives establertes:\n<ul>\n<li>Si el domicili es troba dins la zona educativa 1 del centre se sumen 30 punts.<\/li>\n<li>Si el domicili es troba dins la zona educativa 2 del centre se sumen 15 punts.<\/li>\n<\/ul>\n<\/li>\n<li>Participaci\u00f3 per primera vegada en programes de formaci\u00f3 i inserci\u00f3 o altres d&#8217;equivalents.\u00a0Si no has cursat cap programa de formaci\u00f3 i inserci\u00f3 ni cap cicle de formaci\u00f3 professional, se sumen 20 punts.<\/li>\n<li>Anys d&#8217;escolaritzaci\u00f3 a l&#8217;ESO:\n<ol>\n<li>Si has cursat l&#8217;ESO en un centre ordinari<br \/>\n<ul>\n<li>Per cada any cursat a l&#8217;ESO, se sumen 5 punts.<\/li>\n<li>I, segons quin sigui l&#8217;\u00faltim curs fet a l&#8217;ESO:<br \/>\n<ul>\n<li>Si l&#8217;\u00faltim curs realitzat \u00e9s quart d&#8217;ESO, se sumen 20 punts.<\/li>\n<li>Si l&#8217;\u00faltim curs realitzat \u00e9s tercer d&#8217;ESO, se sumen 10 punts.<\/li>\n<li>Si l&#8217;\u00faltim curs realitzat \u00e9s segon d&#8217;ESO, se sumen 5 punts.<\/li>\n<\/ul>\n<\/li>\n<\/ul>\n<\/li>\n<li>Si has estat matriculat en un centre de formaci\u00f3 per a persones adultes<br \/>\n<ul>\n<li>Se sumen 10 punts si has estat escolaritzat tot el curs i 5 punts si ho has estat parcialment.<\/li>\n<li>Si s&#8217;acredita el nivell 1 del curr\u00edculum d&#8217;ESO, se sumen 5 punts.<\/li>\n<\/ul>\n<\/li>\n<\/ol>\n<\/li>\n<li>Entrevista per valorar l&#8217;adequaci\u00f3 del programa\u00a0a la situaci\u00f3, els interessos, la motivaci\u00f3 i les aptituds de l&#8217;alumne o alumna, aix\u00ed com la manca d&#8217;experi\u00e8ncia laboral. Segons els resultats de l&#8217;entrevista es poden aconseguir:\u00a00, 10, 20 o 30 punts.<\/li>\n<\/ul>\n<p>L\u2019<strong>alumnat nouvinguts<\/strong>\u00a0que no ha estat escolaritzat a l\u2019ESO, en especial els alumnes menors estrangers no acompanyats (MENA), no poden acreditar la seva escolaritzaci\u00f3, per aix\u00f2 i per tal de donar un tracte no discriminatori a aquestes sol\u00b7licituds, s\u2019adaptaran de la manera seg\u00fcent:<\/p>\n<ul>\n<li>\u00a0Anys d\u2019escolaritzaci\u00f3 a l\u2019ESO: cas que el jove hagi estat matriculat en un centre de formaci\u00f3 per a persones adultes i presenti el document acreditatiu, se li comptaran\u00a0<strong>10 punts<\/strong>\u00a0si ha estat escolaritzat tot el curs i\u00a0<strong>5 punts<\/strong>\u00a0si ho ha estat parcialment.<\/li>\n<li>\u00daltim curs fet a l\u2019ESO: cas que el jove hagi estat matriculat en un centre de formaci\u00f3 per a persones adultes i acrediti el nivell I del curr\u00edculum del GESO per a persones adultes, se li comptaran\u00a0<strong>5 punts<\/strong>.<\/li>\n<\/ul>\n<\/div>\n<\/div>\n<p><em>M\u00e9s informaci\u00f3 a la web del\u00a0<a href=\"https:\/\/preinscripcio.gencat.cat\/ca\/estudis\/pfi\/inici\/\" target=\"_blank\" rel=\"noopener noreferrer\">Departament d\u2019Educaci\u00f3 i Formaci\u00f3 Professional<\/a><br \/><\/em><\/p>\n<\/div>\n\n\n<p><\/p>\n","protected":false},"excerpt":{"rendered":"<p>Programes de Formaci\u00f3 i Inserci\u00f3 (PFI) Llistat d\u2019alumnat preinscrit, alumnat adm\u00e8s i llista d\u2019espera Oferta final PFI-PTT Llista ordenada Sorteig n\u00famero desempat Llista amb puntuaci\u00f3 definitiva resoltes les reclamacions Llista amb puntuaci\u00f3 provisional Oferta inicial PFI-PTT Calendari 2026-2027 30 d&#8217;abril de 2026: oferta inicial de places Preinscripci\u00f3 Del 4 al 13 de maig de 2026: [&hellip;]<\/p>\n","protected":false},"author":1,"featured_media":0,"parent":8883,"menu_order":0,"comment_status":"closed","ping_status":"closed","template":"","meta":{"_bbp_topic_count":0,"_bbp_reply_count":0,"_bbp_total_topic_count":0,"_bbp_total_reply_count":0,"_bbp_voice_count":0,"_bbp_anonymous_reply_count":0,"_bbp_topic_count_hidden":0,"_bbp_reply_count_hidden":0,"_bbp_forum_subforum_count":0,"site-sidebar-layout":"default","site-content-layout":"","ast-site-content-layout":"default","site-content-style":"default","site-sidebar-style":"default","ast-global-header-display":"","ast-banner-title-visibility":"","ast-main-header-display":"","ast-hfb-above-header-display":"","ast-hfb-below-header-display":"","ast-hfb-mobile-header-display":"","site-post-title":"","ast-breadcrumbs-content":"","ast-featured-img":"","footer-sml-layout":"","theme-transparent-header-meta":"default","adv-header-id-meta":"","stick-header-meta":"","header-above-stick-meta":"","header-main-stick-meta":"","header-below-stick-meta":"","astra-migrate-meta-layouts":"set","ast-page-background-enabled":"default","ast-page-background-meta":{"desktop":{"background-color":"var(--ast-global-color-4)","background-image":"","background-repeat":"repeat","background-position":"center center","background-size":"auto","background-attachment":"scroll","background-type":"","background-media":"","overlay-type":"","overlay-color":"","overlay-opacity":"","overlay-gradient":""},"tablet":{"background-color":"","background-image":"","background-repeat":"repeat","background-position":"center center","background-size":"auto","background-attachment":"scroll","background-type":"","background-media":"","overlay-type":"","overlay-color":"","overlay-opacity":"","overlay-gradient":""},"mobile":{"background-color":"","background-image":"","background-repeat":"repeat","background-position":"center center","background-size":"auto","background-attachment":"scroll","background-type":"","background-media":"","overlay-type":"","overlay-color":"","overlay-opacity":"","overlay-gradient":""}},"ast-content-background-meta":{"desktop":{"background-color":"var(--ast-global-color-5)","background-image":"","background-repeat":"repeat","background-position":"center center","background-size":"auto","background-attachment":"scroll","background-type":"","background-media":"","overlay-type":"","overlay-color":"","overlay-opacity":"","overlay-gradient":""},"tablet":{"background-color":"var(--ast-global-color-5)","background-image":"","background-repeat":"repeat","background-position":"center center","background-size":"auto","background-attachment":"scroll","background-type":"","background-media":"","overlay-type":"","overlay-color":"","overlay-opacity":"","overlay-gradient":""},"mobile":{"background-color":"var(--ast-global-color-5)","background-image":"","background-repeat":"repeat","background-position":"center center","background-size":"auto","background-attachment":"scroll","background-type":"","background-media":"","overlay-type":"","overlay-color":"","overlay-opacity":"","overlay-gradient":""}},"footnotes":""},"class_list":["post-8905","page","type-page","status-publish","hentry"],"post_mailing_queue_ids":[],"_links":{"self":[{"href":"https:\/\/agora.xtec.cat\/insmartidot\/wp-json\/wp\/v2\/pages\/8905","targetHints":{"allow":["GET"]}}],"collection":[{"href":"https:\/\/agora.xtec.cat\/insmartidot\/wp-json\/wp\/v2\/pages"}],"about":[{"href":"https:\/\/agora.xtec.cat\/insmartidot\/wp-json\/wp\/v2\/types\/page"}],"author":[{"embeddable":true,"href":"https:\/\/agora.xtec.cat\/insmartidot\/wp-json\/wp\/v2\/users\/1"}],"replies":[{"embeddable":true,"href":"https:\/\/agora.xtec.cat\/insmartidot\/wp-json\/wp\/v2\/comments?post=8905"}],"version-history":[{"count":6,"href":"https:\/\/agora.xtec.cat\/insmartidot\/wp-json\/wp\/v2\/pages\/8905\/revisions"}],"predecessor-version":[{"id":10084,"href":"https:\/\/agora.xtec.cat\/insmartidot\/wp-json\/wp\/v2\/pages\/8905\/revisions\/10084"}],"up":[{"embeddable":true,"href":"https:\/\/agora.xtec.cat\/insmartidot\/wp-json\/wp\/v2\/pages\/8883"}],"wp:attachment":[{"href":"https:\/\/agora.xtec.cat\/insmartidot\/wp-json\/wp\/v2\/media?parent=8905"}],"curies":[{"name":"wp","href":"https:\/\/api.w.org\/{rel}","templated":true}]}}