{"id":8897,"date":"2024-03-08T14:32:35","date_gmt":"2024-03-08T13:32:35","guid":{"rendered":"https:\/\/agora.xtec.cat\/insmartidot\/?page_id=8897"},"modified":"2026-03-24T14:12:48","modified_gmt":"2026-03-24T13:12:48","slug":"cfgm","status":"publish","type":"page","link":"https:\/\/agora.xtec.cat\/insmartidot\/secretaria\/preinscripcio-i-matricula\/cfgm\/","title":{"rendered":"CFGM"},"content":{"rendered":"<header class=\"entry-header\">\n<h1 class=\"entry-title\">Cicles Formatius de Grau Mitj\u00e0 (GFGM)<\/h1>\n<\/header>\n<div class=\"entry-content\">\n<ul>\n<li>Llistat d\u2019alumnat adm\u00e8s a la tercera\u00a0assignaci\u00f3<\/li>\n<li>Llistat d\u2019alumnat adm\u00e8s a la segona assignaci\u00f3<\/li>\n<li>Llistat d\u2019alumnat adm\u00e8s a la primera assignaci\u00f3<\/li>\n<li>Oferta definitiva CFPM<\/li>\n<li>Llistat amb puntuaci\u00f3 definitiva resoltes les reclamacions<\/li>\n<li>Llistat amb puntuaci\u00f3 provisional<\/li>\n<li>Oferta inicial CFPM<\/li>\n<\/ul>\n<h3><strong>Calendari 2026-2027<br \/><\/strong><\/h3>\n<ul>\n<li><strong>22 de maig<\/strong> de 2026: oferta inicial de places escolars<\/li>\n<\/ul>\n<h4><a href=\"https:\/\/preinscripcio.gencat.cat\/ca\/estudis\/fp-grau-mitja\/inici\/\"><strong>Preinscripci\u00f3<\/strong><\/a><\/h4>\n<ul>\n<li>Del <strong>26 de maig a l&#8217;1 de juny<\/strong> de 2026: presentaci\u00f3 de sol\u00b7licituds<\/li>\n<li>Del <strong>26 de maig al 2 de juny<\/strong> de 2026: presentaci\u00f3 de documentaci\u00f3<\/li>\n<li><strong>29 de juny<\/strong> de 2026: llista de sol\u00b7licituds amb la puntuaci\u00f3 provisional<\/li>\n<li>Del <strong>29 de juny al 2 de juliol<\/strong> de 2026: presentaci\u00f3 de reclamacions<\/li>\n<li><strong>6 de juliol<\/strong> de 2026: sorteig per resoldre les sol\u00b7licituds de preinscripci\u00f3 empatades en punts<\/li>\n<li><strong>7 de juliol<\/strong> de 2026: llista de sol\u00b7licituds amb la puntuaci\u00f3 un cop resoltes les reclamacions<\/li>\n<li><strong>10 de juliol<\/strong> de 2026: oferta final de places<\/li>\n<li><strong>10 de juliol<\/strong> de 2026: llista de places assignades de la primera tanda, amb indicaci\u00f3 de la petici\u00f3 atesa de l&#8217;alumne\/a<\/li>\n<li>Del <strong>10 al 14 de juliol<\/strong> de 2026: confirma la matr\u00edcula, millora l&#8217;assignaci\u00f3 o renuncia a la pla\u00e7a assignada<\/li>\n<li><strong>24 de juliol<\/strong> de 2026: llista de places assignades en la segona tanda d&#8217;assignaci\u00f3 i en la proposta d&#8217;assignaci\u00f3<\/li>\n<li>Del <strong>24 al 28 de juliol<\/strong> de 2026: confirma la matr\u00edcula o renuncia a la pla\u00e7a assignada<\/li>\n<\/ul>\n<h4><strong>Matr\u00edcula<\/strong><\/h4>\n<ul>\n<li>Del <strong>10 al 16 de juliol<\/strong> de 2026, fins a les 14 h: per\u00edode per completar la matr\u00edcula al centre (primera tanda).<\/li>\n<li>Del <strong>24 al 29 de juliol<\/strong> de 2026, ambd\u00f3s inclosos: per\u00edode per completar la matr\u00edcula al centre (2a tanda i proposta d&#8217;assignaci\u00f3). <em>Excepcionalment de l&#8217;1 al 3 de setembre de 2026.<\/em><\/li>\n<\/ul>\n<h5>La matr\u00edcula es formalitzar\u00e0 amb una confirmaci\u00f3 online en els per\u00edodes estipulats.<br \/>Tanmateix, s&#8217;ha de completar la matricula al centre en els per\u00edodes que s&#8217;estableixen per a cada proc\u00e9s d&#8217;assignaci\u00f3. Els alumnes que no compleixin amb ambd\u00f3s requisits, es considerar\u00e0 que renuncien a la pla\u00e7a adjudicada.<\/h5>\n<h4>Preu aportaci\u00f3 material<\/h4>\n<ul>\n<li><a href=\"https:\/\/agora.xtec.cat\/insmartidot\/wp-content\/uploads\/usu476\/2026\/03\/Preus-i-aportacions_curs-26-27.pdf\">Preus i aportacions<\/a><\/li>\n<\/ul>\n<h3>\u00a0<\/h3>\n<h3><strong>Documentaci\u00f3<\/strong><\/h3>\n<ul>\n<li>Documentaci\u00f3 preinscripci\u00f3 CFGM: La documentaci\u00f3 que calgui presentar s\u2019ha d\u2019adjuntar, escanejada o fotografiada, en la sol\u00b7licitud de preinscripci\u00f3, concretament en la 4a pantalla de documentaci\u00f3 i confirmaci\u00f3.<\/li>\n<\/ul>\n<h3><strong>Oferta Cicles formatius de Grau Mitj\u00e0<\/strong><\/h3>\n<\/div>\n<table style=\"border-collapse: collapse; width: 64.1589%;\">\n<tbody>\n<tr>\n<td style=\"width: 10.1343%; text-align: center;\"><strong>CODI<\/strong><\/td>\n<td style=\"width: 57.5625%; text-align: center;\"><strong>CICLE FORMATIU<\/strong><\/td>\n<\/tr>\n<tr>\n<td style=\"width: 10.1343%; text-align: center;\">HT10<\/td>\n<td style=\"width: 57.5625%;\">CFGM CUINA I GASTRONOMIA<\/td>\n<\/tr>\n<tr>\n<td style=\"width: 10.1343%; text-align: center;\">HT30<\/td>\n<td style=\"width: 57.5625%;\">CFGM SERVEIS EN RESTAURACI\u00d3<\/td>\n<\/tr>\n<tr>\n<td style=\"width: 10.1343%; text-align: center;\">IA60<\/td>\n<td style=\"width: 57.5625%;\">CFGM FORNERIA, PASTISSERIA I CONFITERIA<\/td>\n<\/tr>\n<tr>\n<td style=\"width: 10.1343%; text-align: center;\">IA10<\/td>\n<td style=\"width: 57.5625%;\">CFGM ELABORACI\u00d3 DE PRODUCTES ALIMENTARIS<\/td>\n<\/tr>\n<\/tbody>\n<\/table>\n<p><strong style=\"font-size: 1.375em;\">Com fer la preinscripci\u00f3?<\/strong><\/p>\n<div class=\"entry-content\">\n<ul>\n<li>La preinscripci\u00f3 s\u2019ha de fer per Internet a l\u2019adre\u00e7a:\u00a0<a href=\"https:\/\/preinscripcio.gencat.cat\/ca\/estudis\/fp-grau-mitja\/inici\/\" target=\"_blank\" rel=\"noopener noreferrer\"><strong><em>www.preinscripcio.gencat.cat<\/em><\/strong><\/a><\/li>\n<li>El\u00a0<strong>codi<\/strong>\u00a0del nostre Institut \u00e9s:\u00a0<strong>08041519<\/strong><\/li>\n<\/ul>\n<p><strong>Com es tramita la sol\u00b7licitud?<\/strong><\/p>\n<p>La sol\u00b7licitud de preinscripci\u00f3 es pot presentar de dues maneres:<\/p>\n<ul>\n<li>Sol\u00b7licitud electr\u00f2nica<\/li>\n<li>Sol\u00b7licitud amb suport inform\u00e0tic<\/li>\n<\/ul>\n<p><strong>Qui pot fer una sol\u00b7licitud electr\u00f2nica?<\/strong><\/p>\n<ul>\n<li>Alumnat amb identificaci\u00f3 electr\u00f2nica (<strong>l\u2019idCAT M\u00f2bil<\/strong>, DNI electr\u00f2nic o altres certificats digitals).<\/li>\n<\/ul>\n<p><strong>Qui pot fer una sol\u00b7licitud amb suport inform\u00e0tic?<\/strong><\/p>\n<ul>\n<li>Alumnat sense cap sistema d\u2019identificaci\u00f3 electr\u00f2nica.<\/li>\n<\/ul>\n<p><em>M\u00e9s informaci\u00f3 i inscripci\u00f3 a la web del\u00a0<a href=\"https:\/\/preinscripcio.gencat.cat\/ca\/estudis\/fp-grau-mitja\/inici\/\" target=\"_blank\" rel=\"noopener noreferrer\">Departament d\u2019Educaci\u00f3 i Formaci\u00f3 Professional<\/a><\/em><\/p>\n<\/div>\n\n\n<p><\/p>\n","protected":false},"excerpt":{"rendered":"<p>Cicles Formatius de Grau Mitj\u00e0 (GFGM) Llistat d\u2019alumnat adm\u00e8s a la tercera\u00a0assignaci\u00f3 Llistat d\u2019alumnat adm\u00e8s a la segona assignaci\u00f3 Llistat d\u2019alumnat adm\u00e8s a la primera assignaci\u00f3 Oferta definitiva CFPM Llistat amb puntuaci\u00f3 definitiva resoltes les reclamacions Llistat amb puntuaci\u00f3 provisional Oferta inicial CFPM Calendari 2026-2027 22 de maig de 2026: oferta inicial de places escolars [&hellip;]<\/p>\n","protected":false},"author":1,"featured_media":0,"parent":8883,"menu_order":0,"comment_status":"closed","ping_status":"closed","template":"","meta":{"_bbp_topic_count":0,"_bbp_reply_count":0,"_bbp_total_topic_count":0,"_bbp_total_reply_count":0,"_bbp_voice_count":0,"_bbp_anonymous_reply_count":0,"_bbp_topic_count_hidden":0,"_bbp_reply_count_hidden":0,"_bbp_forum_subforum_count":0,"site-sidebar-layout":"default","site-content-layout":"","ast-site-content-layout":"default","site-content-style":"default","site-sidebar-style":"default","ast-global-header-display":"","ast-banner-title-visibility":"","ast-main-header-display":"","ast-hfb-above-header-display":"","ast-hfb-below-header-display":"","ast-hfb-mobile-header-display":"","site-post-title":"","ast-breadcrumbs-content":"","ast-featured-img":"","footer-sml-layout":"","theme-transparent-header-meta":"default","adv-header-id-meta":"","stick-header-meta":"","header-above-stick-meta":"","header-main-stick-meta":"","header-below-stick-meta":"","astra-migrate-meta-layouts":"set","ast-page-background-enabled":"default","ast-page-background-meta":{"desktop":{"background-color":"var(--ast-global-color-4)","background-image":"","background-repeat":"repeat","background-position":"center center","background-size":"auto","background-attachment":"scroll","background-type":"","background-media":"","overlay-type":"","overlay-color":"","overlay-opacity":"","overlay-gradient":""},"tablet":{"background-color":"","background-image":"","background-repeat":"repeat","background-position":"center center","background-size":"auto","background-attachment":"scroll","background-type":"","background-media":"","overlay-type":"","overlay-color":"","overlay-opacity":"","overlay-gradient":""},"mobile":{"background-color":"","background-image":"","background-repeat":"repeat","background-position":"center center","background-size":"auto","background-attachment":"scroll","background-type":"","background-media":"","overlay-type":"","overlay-color":"","overlay-opacity":"","overlay-gradient":""}},"ast-content-background-meta":{"desktop":{"background-color":"var(--ast-global-color-5)","background-image":"","background-repeat":"repeat","background-position":"center center","background-size":"auto","background-attachment":"scroll","background-type":"","background-media":"","overlay-type":"","overlay-color":"","overlay-opacity":"","overlay-gradient":""},"tablet":{"background-color":"var(--ast-global-color-5)","background-image":"","background-repeat":"repeat","background-position":"center center","background-size":"auto","background-attachment":"scroll","background-type":"","background-media":"","overlay-type":"","overlay-color":"","overlay-opacity":"","overlay-gradient":""},"mobile":{"background-color":"var(--ast-global-color-5)","background-image":"","background-repeat":"repeat","background-position":"center center","background-size":"auto","background-attachment":"scroll","background-type":"","background-media":"","overlay-type":"","overlay-color":"","overlay-opacity":"","overlay-gradient":""}},"footnotes":""},"class_list":["post-8897","page","type-page","status-publish","hentry"],"post_mailing_queue_ids":[],"_links":{"self":[{"href":"https:\/\/agora.xtec.cat\/insmartidot\/wp-json\/wp\/v2\/pages\/8897","targetHints":{"allow":["GET"]}}],"collection":[{"href":"https:\/\/agora.xtec.cat\/insmartidot\/wp-json\/wp\/v2\/pages"}],"about":[{"href":"https:\/\/agora.xtec.cat\/insmartidot\/wp-json\/wp\/v2\/types\/page"}],"author":[{"embeddable":true,"href":"https:\/\/agora.xtec.cat\/insmartidot\/wp-json\/wp\/v2\/users\/1"}],"replies":[{"embeddable":true,"href":"https:\/\/agora.xtec.cat\/insmartidot\/wp-json\/wp\/v2\/comments?post=8897"}],"version-history":[{"count":6,"href":"https:\/\/agora.xtec.cat\/insmartidot\/wp-json\/wp\/v2\/pages\/8897\/revisions"}],"predecessor-version":[{"id":10074,"href":"https:\/\/agora.xtec.cat\/insmartidot\/wp-json\/wp\/v2\/pages\/8897\/revisions\/10074"}],"up":[{"embeddable":true,"href":"https:\/\/agora.xtec.cat\/insmartidot\/wp-json\/wp\/v2\/pages\/8883"}],"wp:attachment":[{"href":"https:\/\/agora.xtec.cat\/insmartidot\/wp-json\/wp\/v2\/media?parent=8897"}],"curies":[{"name":"wp","href":"https:\/\/api.w.org\/{rel}","templated":true}]}}