{"id":8893,"date":"2024-03-08T14:17:26","date_gmt":"2024-03-08T13:17:26","guid":{"rendered":"https:\/\/agora.xtec.cat\/insmartidot\/?page_id=8893"},"modified":"2026-04-08T09:42:45","modified_gmt":"2026-04-08T07:42:45","slug":"batxillerat","status":"publish","type":"page","link":"https:\/\/agora.xtec.cat\/insmartidot\/secretaria\/preinscripcio-i-matricula\/batxillerat\/","title":{"rendered":"BATXILLERAT"},"content":{"rendered":"\n<div class=\"entry-content\">\n<ul>\n<li><header class=\"entry-header\">\n<h1 class=\"entry-title\">Batxillerat<\/h1>\n<\/header>\n<div class=\"entry-content\">\n<ul>\n<li>Llista d\u2019espera<\/li>\n<li>Llistat d\u2019alumnat adm\u00e8s<\/li>\n<li>Oferta definitiva BATX<\/li>\n<li>Llistat ordenat amb barem definitiu<\/li>\n<li>Llistat amb barem resoltes les reclamacions<\/li>\n<li>Llistat amb barem provisional<\/li>\n<li><a href=\"https:\/\/agora.xtec.cat\/insmartidot\/wp-content\/uploads\/usu476\/2026\/04\/Oferta-inicial-batxilllerat-2627.pdf\">Oferta Inicial BATX<\/a><\/li>\n<\/ul>\n<h3><strong>Calendari 2026-2027<br \/><\/strong><\/h3>\n<h4><strong><a href=\"https:\/\/preinscripcio.gencat.cat\/ca\/estudis\/batxillerat\/inici\/\">Preinscripci\u00f3<\/a><br \/><\/strong><\/h4>\n<ul>\n<li><a href=\"https:\/\/agora.xtec.cat\/insmartidot\/wp-content\/uploads\/usu476\/2026\/04\/Oferta-inicial-batxilllerat-2627.pdf\">Difusi\u00f3 de l\u2019oferta inicial<\/a>:<strong>\u00a08 d\u2019abril de 2026<br \/><\/strong><\/li>\n<li><a href=\"https:\/\/tramits.gencat.cat\/ca\/tramits\/tramits-temes\/9388-batxillerat?moda=1\">Presentaci\u00f3 i\/o modificaci\u00f3 de sol\u00b7licituds<\/a>:\u00a0<strong>del 9 al 16 d\u2019abril de 2026<\/strong><\/li>\n<li>Presentaci\u00f3 de documentaci\u00f3 acreditativa:\u00a0<strong>fins al 17 d\u2019abril de 2026<br \/><\/strong><\/li>\n<li>Publicaci\u00f3 de les llistes amb barem provisional:\u00a0<strong>14 de maig de 2026<br \/><\/strong><\/li>\n<li>Presentaci\u00f3 de reclamacions:<strong>\u00a0del 14 al 20 de maig de 2026<br \/><\/strong><\/li>\n<li>Publicaci\u00f3 de les llistes amb barem definitiu un cop resoltes les reclamacions:\u00a0<strong>26 de maig de 2026<br \/><\/strong><\/li>\n<li>Sorteig del n\u00famero de desempat:\u00a0<strong>26 de maig de 2026<\/strong>, a les 11 hores<\/li>\n<li>Publicaci\u00f3 llista ordenada definitiva:\u00a0<strong>29 de maig de 2026<br \/><\/strong><\/li>\n<li>Difusi\u00f3 de l\u2019oferta final:\u00a0<strong>17 de juny de 2026<br \/><\/strong><\/li>\n<li>Publicaci\u00f3 llista d\u2019alumnat adm\u00e8s i llista d\u2019espera:\u00a0<strong>17 de juny de 2026<br \/><\/strong><\/li>\n<\/ul>\n<h4><strong>Matr\u00edcula<br \/><\/strong><\/h4>\n<ul>\n<li>Per\u00edode de matr\u00edcula:\u00a0<strong>del 18 de al 30 de juny de 2026<\/strong><\/li>\n<li><span style=\"color: #008000;\">65 euros.<\/span><\/li>\n<\/ul>\n<\/div>\n<\/li>\n<\/ul>\n<h3><strong>Oferta Batxillerat<\/strong><\/h3>\n<figure>\n<table style=\"border-color: #000000; border-style: solid; width: 57.9167%;\">\n<tbody>\n<tr>\n<td style=\"width: 26.9167%;\" width=\"127\">\n<p><strong>Codi<\/strong><\/p>\n<\/td>\n<td style=\"width: 30.3333%;\" width=\"349\">\n<p><strong>Modalitat<\/strong><\/p>\n<\/td>\n<\/tr>\n<tr>\n<td style=\"width: 26.9167%;\" width=\"127\">\n<p>BATXLOE 2000<\/p>\n<\/td>\n<td style=\"width: 30.3333%;\" width=\"349\">\n<p>Ci\u00e8ncies i tecnologia<\/p>\n<\/td>\n<\/tr>\n<tr>\n<td style=\"width: 26.9167%;\" width=\"127\">\n<p>BATXLOE 3000<\/p>\n<\/td>\n<td style=\"width: 30.3333%;\" width=\"349\">\n<p>Humanitats i ci\u00e8ncies socials<\/p>\n<\/td>\n<\/tr>\n<\/tbody>\n<\/table>\n<\/figure>\n<p>\u00a0<\/p>\n<h3><strong>Com fer la preinscripci\u00f3?<\/strong><\/h3>\n<ul>\n<li>La preinscripci\u00f3 s\u2019ha de fer per Internet a l\u2019adre\u00e7a:\u00a0<a href=\"https:\/\/preinscripcio.gencat.cat\/ca\/estudis\/batxillerat\/inici\/index.html\"><strong><em>www.gencat.cat\/preinscripcio<\/em><\/strong><\/a><\/li>\n<li>El\u00a0<strong>codi<\/strong>\u00a0del nostre Institut \u00e9s:\u00a0<strong>08041519<\/strong><\/li>\n<\/ul>\n<p><strong><span style=\"color: #ff0000;\">IMPORTANT:\u00a0 \u00a0 <\/span><\/strong><strong style=\"font-family: inherit; font-size: 1em;\"><span style=\"color: #ff0000;\">L&#8217;alumnat de 4t d&#8217;ESO de l&#8217;Institut Mart\u00ed Dot que vol continuar al centre per cursar Batxillerat, <span style=\"color: #0000ff;\">NO<\/span> ha de fer la preinscripci\u00f3 donat que t\u00e9 reserva de pla\u00e7a garantida.<\/span><\/strong><\/p>\n<p><strong>Com es tramita la sol\u00b7licitud?<\/strong><\/p>\n<p>La sol\u00b7licitud de preinscripci\u00f3 es pot presentar de dues maneres:<\/p>\n<ul>\n<li>Sol\u00b7licitud electr\u00f2nica<\/li>\n<li>Sol\u00b7licitud amb suport inform\u00e0tic<\/li>\n<\/ul>\n<p><strong>Qui pot fer una sol\u00b7licitud electr\u00f2nica?<\/strong><\/p>\n<ul>\n<li>Alumnat amb identificaci\u00f3 electr\u00f2nica (<strong>l\u2019idCAT M\u00f2bil<\/strong>, DNI electr\u00f2nic o altres certificats digitals).<\/li>\n<\/ul>\n<p><strong>Qui pot fer una sol\u00b7licitud amb suport inform\u00e0tic?<\/strong><\/p>\n<ul>\n<li>Alumnat sense cap sistema d\u2019identificaci\u00f3 electr\u00f2nica.<\/li>\n<\/ul>\n<p><em>M\u00e9s informaci\u00f3 a la web del\u00a0<a href=\"https:\/\/preinscripcio.gencat.cat\/ca\/inici\/\" target=\"_blank\" rel=\"noopener noreferrer\">Departament d\u2019Educaci\u00f3 i Formaci\u00f3 Professional<\/a><\/em><\/p>\n<\/div>\n","protected":false},"excerpt":{"rendered":"<p>Batxillerat Llista d\u2019espera Llistat d\u2019alumnat adm\u00e8s Oferta definitiva BATX Llistat ordenat amb barem definitiu Llistat amb barem resoltes les reclamacions Llistat amb barem provisional Oferta Inicial BATX Calendari 2026-2027 Preinscripci\u00f3 Difusi\u00f3 de l\u2019oferta inicial:\u00a08 d\u2019abril de 2026 Presentaci\u00f3 i\/o modificaci\u00f3 de sol\u00b7licituds:\u00a0del 9 al 16 d\u2019abril de 2026 Presentaci\u00f3 de documentaci\u00f3 acreditativa:\u00a0fins al 17 d\u2019abril [&hellip;]<\/p>\n","protected":false},"author":1,"featured_media":0,"parent":8883,"menu_order":0,"comment_status":"closed","ping_status":"closed","template":"","meta":{"_bbp_topic_count":0,"_bbp_reply_count":0,"_bbp_total_topic_count":0,"_bbp_total_reply_count":0,"_bbp_voice_count":0,"_bbp_anonymous_reply_count":0,"_bbp_topic_count_hidden":0,"_bbp_reply_count_hidden":0,"_bbp_forum_subforum_count":0,"site-sidebar-layout":"default","site-content-layout":"","ast-site-content-layout":"default","site-content-style":"default","site-sidebar-style":"default","ast-global-header-display":"","ast-banner-title-visibility":"","ast-main-header-display":"","ast-hfb-above-header-display":"","ast-hfb-below-header-display":"","ast-hfb-mobile-header-display":"","site-post-title":"","ast-breadcrumbs-content":"","ast-featured-img":"","footer-sml-layout":"","theme-transparent-header-meta":"default","adv-header-id-meta":"","stick-header-meta":"","header-above-stick-meta":"","header-main-stick-meta":"","header-below-stick-meta":"","astra-migrate-meta-layouts":"set","ast-page-background-enabled":"default","ast-page-background-meta":{"desktop":{"background-color":"var(--ast-global-color-4)","background-image":"","background-repeat":"repeat","background-position":"center center","background-size":"auto","background-attachment":"scroll","background-type":"","background-media":"","overlay-type":"","overlay-color":"","overlay-opacity":"","overlay-gradient":""},"tablet":{"background-color":"","background-image":"","background-repeat":"repeat","background-position":"center center","background-size":"auto","background-attachment":"scroll","background-type":"","background-media":"","overlay-type":"","overlay-color":"","overlay-opacity":"","overlay-gradient":""},"mobile":{"background-color":"","background-image":"","background-repeat":"repeat","background-position":"center center","background-size":"auto","background-attachment":"scroll","background-type":"","background-media":"","overlay-type":"","overlay-color":"","overlay-opacity":"","overlay-gradient":""}},"ast-content-background-meta":{"desktop":{"background-color":"var(--ast-global-color-5)","background-image":"","background-repeat":"repeat","background-position":"center center","background-size":"auto","background-attachment":"scroll","background-type":"","background-media":"","overlay-type":"","overlay-color":"","overlay-opacity":"","overlay-gradient":""},"tablet":{"background-color":"var(--ast-global-color-5)","background-image":"","background-repeat":"repeat","background-position":"center center","background-size":"auto","background-attachment":"scroll","background-type":"","background-media":"","overlay-type":"","overlay-color":"","overlay-opacity":"","overlay-gradient":""},"mobile":{"background-color":"var(--ast-global-color-5)","background-image":"","background-repeat":"repeat","background-position":"center center","background-size":"auto","background-attachment":"scroll","background-type":"","background-media":"","overlay-type":"","overlay-color":"","overlay-opacity":"","overlay-gradient":""}},"footnotes":""},"class_list":["post-8893","page","type-page","status-publish","hentry"],"post_mailing_queue_ids":[],"_links":{"self":[{"href":"https:\/\/agora.xtec.cat\/insmartidot\/wp-json\/wp\/v2\/pages\/8893","targetHints":{"allow":["GET"]}}],"collection":[{"href":"https:\/\/agora.xtec.cat\/insmartidot\/wp-json\/wp\/v2\/pages"}],"about":[{"href":"https:\/\/agora.xtec.cat\/insmartidot\/wp-json\/wp\/v2\/types\/page"}],"author":[{"embeddable":true,"href":"https:\/\/agora.xtec.cat\/insmartidot\/wp-json\/wp\/v2\/users\/1"}],"replies":[{"embeddable":true,"href":"https:\/\/agora.xtec.cat\/insmartidot\/wp-json\/wp\/v2\/comments?post=8893"}],"version-history":[{"count":6,"href":"https:\/\/agora.xtec.cat\/insmartidot\/wp-json\/wp\/v2\/pages\/8893\/revisions"}],"predecessor-version":[{"id":10102,"href":"https:\/\/agora.xtec.cat\/insmartidot\/wp-json\/wp\/v2\/pages\/8893\/revisions\/10102"}],"up":[{"embeddable":true,"href":"https:\/\/agora.xtec.cat\/insmartidot\/wp-json\/wp\/v2\/pages\/8883"}],"wp:attachment":[{"href":"https:\/\/agora.xtec.cat\/insmartidot\/wp-json\/wp\/v2\/media?parent=8893"}],"curies":[{"name":"wp","href":"https:\/\/api.w.org\/{rel}","templated":true}]}}