{"id":8883,"date":"2024-03-08T13:57:24","date_gmt":"2024-03-08T12:57:24","guid":{"rendered":"https:\/\/agora.xtec.cat\/insmartidot\/?page_id=8883"},"modified":"2026-03-13T16:16:06","modified_gmt":"2026-03-13T15:16:06","slug":"preinscripcio-i-matricula","status":"publish","type":"page","link":"https:\/\/agora.xtec.cat\/insmartidot\/secretaria\/preinscripcio-i-matricula\/","title":{"rendered":"Preinscripci\u00f3 i matr\u00edcula"},"content":{"rendered":"<p><a href=\"https:\/\/preinscripcio.gencat.cat\/ca\/inici\/index.html\">Enlla\u00e7os a <\/a><a title=\"Preinscripci\u00f3. Curs 2026-2027\" href=\"https:\/\/preinscripcio.gencat.cat\/ca\/\"><strong><span style=\"color: #008000;\">Preinscripci\u00f3<\/span><\/strong>. Curs 2026-2027.<\/a><\/p>\n<ul>\n<li><a href=\"https:\/\/preinscripcio.gencat.cat\/ca\/estudis\/eso\/inici\/\">Educaci\u00f3 Secund\u00e0ria Obligat\u00f2ria (ESO)<\/a><\/li>\n<li><a href=\"https:\/\/preinscripcio.gencat.cat\/ca\/estudis\/batxillerat\/inici\/\">Batxillerat (BAT)<\/a><\/li>\n<li><a href=\"https:\/\/preinscripcio.gencat.cat\/ca\/estudis\/fp-grau-mitja\/inici\/\">Cicles Formatius de Grau Mitj\u00e0 (CFGM)<\/a><\/li>\n<li><a href=\"https:\/\/preinscripcio.gencat.cat\/ca\/estudis\/fp-grau-superior\/inici\/\">Cicles Formatius de Grau Superior (CFGS)<\/a><\/li>\n<li><a href=\"https:\/\/preinscripcio.gencat.cat\/ca\/estudis\/pfi\/inici\/\">Programes de Formaci\u00f3 i Inserci\u00f3 (PFI)<\/a><\/li>\n<li><a href=\"https:\/\/preinscripcio.gencat.cat\/ca\/estudis\/ife\/inici\/\">Itinerari Formatiu Espec\u00edfic (IFE)<\/a><\/li>\n<\/ul>\n<p><em>M\u00e9s informaci\u00f3 a la web del\u00a0<a href=\"https:\/\/preinscripcio.gencat.cat\/ca\/inici\/index.html\" target=\"_blank\" rel=\"noopener noreferrer\">Departament d\u2019Educaci\u00f3 i Formaci\u00f3 Professional<\/a><\/em><\/p>\n","protected":false},"excerpt":{"rendered":"<p>Enlla\u00e7os a Preinscripci\u00f3. Curs 2026-2027. Educaci\u00f3 Secund\u00e0ria Obligat\u00f2ria (ESO) Batxillerat (BAT) Cicles Formatius de Grau Mitj\u00e0 (CFGM) Cicles Formatius de Grau Superior (CFGS) Programes de Formaci\u00f3 i Inserci\u00f3 (PFI) Itinerari Formatiu Espec\u00edfic (IFE) M\u00e9s informaci\u00f3 a la web del\u00a0Departament d\u2019Educaci\u00f3 i Formaci\u00f3 Professional<\/p>\n","protected":false},"author":1,"featured_media":0,"parent":81,"menu_order":1,"comment_status":"closed","ping_status":"closed","template":"","meta":{"_bbp_topic_count":0,"_bbp_reply_count":0,"_bbp_total_topic_count":0,"_bbp_total_reply_count":0,"_bbp_voice_count":0,"_bbp_anonymous_reply_count":0,"_bbp_topic_count_hidden":0,"_bbp_reply_count_hidden":0,"_bbp_forum_subforum_count":0,"site-sidebar-layout":"default","site-content-layout":"","ast-site-content-layout":"default","site-content-style":"default","site-sidebar-style":"default","ast-global-header-display":"","ast-banner-title-visibility":"","ast-main-header-display":"","ast-hfb-above-header-display":"","ast-hfb-below-header-display":"","ast-hfb-mobile-header-display":"","site-post-title":"","ast-breadcrumbs-content":"","ast-featured-img":"","footer-sml-layout":"","theme-transparent-header-meta":"default","adv-header-id-meta":"","stick-header-meta":"","header-above-stick-meta":"","header-main-stick-meta":"","header-below-stick-meta":"","astra-migrate-meta-layouts":"set","ast-page-background-enabled":"default","ast-page-background-meta":{"desktop":{"background-color":"var(--ast-global-color-4)","background-image":"","background-repeat":"repeat","background-position":"center center","background-size":"auto","background-attachment":"scroll","background-type":"","background-media":"","overlay-type":"","overlay-color":"","overlay-opacity":"","overlay-gradient":""},"tablet":{"background-color":"","background-image":"","background-repeat":"repeat","background-position":"center center","background-size":"auto","background-attachment":"scroll","background-type":"","background-media":"","overlay-type":"","overlay-color":"","overlay-opacity":"","overlay-gradient":""},"mobile":{"background-color":"","background-image":"","background-repeat":"repeat","background-position":"center center","background-size":"auto","background-attachment":"scroll","background-type":"","background-media":"","overlay-type":"","overlay-color":"","overlay-opacity":"","overlay-gradient":""}},"ast-content-background-meta":{"desktop":{"background-color":"var(--ast-global-color-5)","background-image":"","background-repeat":"repeat","background-position":"center center","background-size":"auto","background-attachment":"scroll","background-type":"","background-media":"","overlay-type":"","overlay-color":"","overlay-opacity":"","overlay-gradient":""},"tablet":{"background-color":"var(--ast-global-color-5)","background-image":"","background-repeat":"repeat","background-position":"center center","background-size":"auto","background-attachment":"scroll","background-type":"","background-media":"","overlay-type":"","overlay-color":"","overlay-opacity":"","overlay-gradient":""},"mobile":{"background-color":"var(--ast-global-color-5)","background-image":"","background-repeat":"repeat","background-position":"center center","background-size":"auto","background-attachment":"scroll","background-type":"","background-media":"","overlay-type":"","overlay-color":"","overlay-opacity":"","overlay-gradient":""}},"footnotes":""},"class_list":["post-8883","page","type-page","status-publish","hentry"],"post_mailing_queue_ids":[],"_links":{"self":[{"href":"https:\/\/agora.xtec.cat\/insmartidot\/wp-json\/wp\/v2\/pages\/8883","targetHints":{"allow":["GET"]}}],"collection":[{"href":"https:\/\/agora.xtec.cat\/insmartidot\/wp-json\/wp\/v2\/pages"}],"about":[{"href":"https:\/\/agora.xtec.cat\/insmartidot\/wp-json\/wp\/v2\/types\/page"}],"author":[{"embeddable":true,"href":"https:\/\/agora.xtec.cat\/insmartidot\/wp-json\/wp\/v2\/users\/1"}],"replies":[{"embeddable":true,"href":"https:\/\/agora.xtec.cat\/insmartidot\/wp-json\/wp\/v2\/comments?post=8883"}],"version-history":[{"count":7,"href":"https:\/\/agora.xtec.cat\/insmartidot\/wp-json\/wp\/v2\/pages\/8883\/revisions"}],"predecessor-version":[{"id":10012,"href":"https:\/\/agora.xtec.cat\/insmartidot\/wp-json\/wp\/v2\/pages\/8883\/revisions\/10012"}],"up":[{"embeddable":true,"href":"https:\/\/agora.xtec.cat\/insmartidot\/wp-json\/wp\/v2\/pages\/81"}],"wp:attachment":[{"href":"https:\/\/agora.xtec.cat\/insmartidot\/wp-json\/wp\/v2\/media?parent=8883"}],"curies":[{"name":"wp","href":"https:\/\/api.w.org\/{rel}","templated":true}]}}