{"id":7984,"date":"2023-03-29T16:36:10","date_gmt":"2023-03-29T14:36:10","guid":{"rendered":"https:\/\/agora.xtec.cat\/insmartidot\/?page_id=7984"},"modified":"2023-03-29T17:38:02","modified_gmt":"2023-03-29T15:38:02","slug":"portes-obertes-eso","status":"publish","type":"page","link":"https:\/\/agora.xtec.cat\/insmartidot\/portes-obertes-eso\/","title":{"rendered":"Portes obertes ESO"},"content":{"rendered":"<p><a href=\"https:\/\/agora.xtec.cat\/insmartidot\/wp-content\/uploads\/usu476\/2023\/03\/1_PROJECTE-EDUCATIU_PRINCIPIS-1.pdf\">1: Projecte educatiu: principis<\/a><\/p>\n<p><a href=\"https:\/\/agora.xtec.cat\/insmartidot\/wp-content\/uploads\/usu476\/2023\/03\/2_EQUP-HUMA-DEL-MARTI-DOT-1-1.pdf\">2: Equip hum\u00e0 del Mart\u00ed Dot<\/a><\/p>\n<p><a href=\"https:\/\/agora.xtec.cat\/insmartidot\/wp-content\/uploads\/usu476\/2023\/03\/3_INNOVACIO-EDUCATIVA-1-1.pdf\">3: Innovaci\u00f3 educativa<\/a><\/p>\n<p><a href=\"https:\/\/agora.xtec.cat\/insmartidot\/wp-content\/uploads\/usu476\/2023\/03\/4_OFERTA-I-CURRICULUMS-ESO-1.pdf\">4: Oferta i curr\u00edculums ESO<\/a><\/p>\n<p><a href=\"https:\/\/agora.xtec.cat\/insmartidot\/wp-content\/uploads\/usu476\/2023\/03\/5_SORTIDES-I-ACTIVITATS.pdf\">5: Sortides i activitats<\/a><\/p>\n<p><a href=\"https:\/\/agora.xtec.cat\/insmartidot\/wp-content\/uploads\/usu476\/2023\/03\/6_HORARI-ESCOLAR.pdf\">6: Horari escolar<\/a><\/p>\n<p><a href=\"https:\/\/agora.xtec.cat\/insmartidot\/wp-content\/uploads\/usu476\/2023\/03\/7_PATIS-I-ESBARJOS.pdf\">7: Patis i esbarjos<\/a><\/p>\n<p><a href=\"https:\/\/agora.xtec.cat\/insmartidot\/wp-content\/uploads\/usu476\/2023\/03\/8_CONVIVENCIA-I-SEGURETAT.pdf\">8: Conviv\u00e8ncia i seguretat<\/a><\/p>\n<p><a href=\"https:\/\/agora.xtec.cat\/insmartidot\/wp-content\/uploads\/usu476\/2023\/03\/9_RECURSOS-TECNOLOGICS-1.pdf\">9: Recursos tecnol\u00f2gics<\/a><\/p>\n<p><a href=\"https:\/\/agora.xtec.cat\/insmartidot\/wp-content\/uploads\/usu476\/2023\/03\/10_BIBLIOTECA-ESCOLAR-1.pdf\">10: Biblioteca escolar<\/a><\/p>\n<p><a href=\"https:\/\/agora.xtec.cat\/insmartidot\/wp-content\/uploads\/usu476\/2023\/03\/11_INSTAL%C2%B7LACIONS.pdf\">11: Instal\u00b7lacions<\/a><\/p>\n<p><a href=\"https:\/\/agora.xtec.cat\/insmartidot\/wp-content\/uploads\/usu476\/2023\/03\/12_APORTACIO-DE-LES-FAMILIES.pdf\">12: Aportaci\u00f3 de les fam\u00edlies<\/a><\/p>\n<p><a href=\"https:\/\/agora.xtec.cat\/insmartidot\/wp-content\/uploads\/usu476\/2023\/03\/13_AFA-Associacio-Families-Alumnes.pdf\">13: AFA (Associaci\u00f3 fam\u00edlies alumnes)<\/a><\/p>\n<p><a href=\"https:\/\/agora.xtec.cat\/insmartidot\/wp-content\/uploads\/usu476\/2023\/03\/14_PUNT_LILA.pdf\">14: Punt lila<\/a><\/p>\n","protected":false},"excerpt":{"rendered":"<p>1: Projecte educatiu: principis 2: Equip hum\u00e0 del Mart\u00ed Dot 3: Innovaci\u00f3 educativa 4: Oferta i curr\u00edculums ESO 5: Sortides i activitats 6: Horari escolar 7: Patis i esbarjos 8: Conviv\u00e8ncia i seguretat 9: Recursos tecnol\u00f2gics 10: Biblioteca escolar 11: Instal\u00b7lacions 12: Aportaci\u00f3 de les fam\u00edlies 13: AFA (Associaci\u00f3 fam\u00edlies alumnes) 14: Punt lila<\/p>\n","protected":false},"author":46,"featured_media":0,"parent":0,"menu_order":0,"comment_status":"closed","ping_status":"closed","template":"","meta":{"_bbp_topic_count":0,"_bbp_reply_count":0,"_bbp_total_topic_count":0,"_bbp_total_reply_count":0,"_bbp_voice_count":0,"_bbp_anonymous_reply_count":0,"_bbp_topic_count_hidden":0,"_bbp_reply_count_hidden":0,"_bbp_forum_subforum_count":0,"site-sidebar-layout":"default","site-content-layout":"","ast-site-content-layout":"","site-content-style":"default","site-sidebar-style":"default","ast-global-header-display":"","ast-banner-title-visibility":"","ast-main-header-display":"","ast-hfb-above-header-display":"","ast-hfb-below-header-display":"","ast-hfb-mobile-header-display":"","site-post-title":"","ast-breadcrumbs-content":"","ast-featured-img":"","footer-sml-layout":"","theme-transparent-header-meta":"","adv-header-id-meta":"","stick-header-meta":"","header-above-stick-meta":"","header-main-stick-meta":"","header-below-stick-meta":"","astra-migrate-meta-layouts":"default","ast-page-background-enabled":"default","ast-page-background-meta":{"desktop":{"background-color":"var(--ast-global-color-4)","background-image":"","background-repeat":"repeat","background-position":"center center","background-size":"auto","background-attachment":"scroll","background-type":"","background-media":"","overlay-type":"","overlay-color":"","overlay-opacity":"","overlay-gradient":""},"tablet":{"background-color":"","background-image":"","background-repeat":"repeat","background-position":"center center","background-size":"auto","background-attachment":"scroll","background-type":"","background-media":"","overlay-type":"","overlay-color":"","overlay-opacity":"","overlay-gradient":""},"mobile":{"background-color":"","background-image":"","background-repeat":"repeat","background-position":"center center","background-size":"auto","background-attachment":"scroll","background-type":"","background-media":"","overlay-type":"","overlay-color":"","overlay-opacity":"","overlay-gradient":""}},"ast-content-background-meta":{"desktop":{"background-color":"var(--ast-global-color-5)","background-image":"","background-repeat":"repeat","background-position":"center center","background-size":"auto","background-attachment":"scroll","background-type":"","background-media":"","overlay-type":"","overlay-color":"","overlay-opacity":"","overlay-gradient":""},"tablet":{"background-color":"var(--ast-global-color-5)","background-image":"","background-repeat":"repeat","background-position":"center center","background-size":"auto","background-attachment":"scroll","background-type":"","background-media":"","overlay-type":"","overlay-color":"","overlay-opacity":"","overlay-gradient":""},"mobile":{"background-color":"var(--ast-global-color-5)","background-image":"","background-repeat":"repeat","background-position":"center center","background-size":"auto","background-attachment":"scroll","background-type":"","background-media":"","overlay-type":"","overlay-color":"","overlay-opacity":"","overlay-gradient":""}},"footnotes":""},"class_list":["post-7984","page","type-page","status-publish","hentry"],"post_mailing_queue_ids":[],"_links":{"self":[{"href":"https:\/\/agora.xtec.cat\/insmartidot\/wp-json\/wp\/v2\/pages\/7984","targetHints":{"allow":["GET"]}}],"collection":[{"href":"https:\/\/agora.xtec.cat\/insmartidot\/wp-json\/wp\/v2\/pages"}],"about":[{"href":"https:\/\/agora.xtec.cat\/insmartidot\/wp-json\/wp\/v2\/types\/page"}],"author":[{"embeddable":true,"href":"https:\/\/agora.xtec.cat\/insmartidot\/wp-json\/wp\/v2\/users\/46"}],"replies":[{"embeddable":true,"href":"https:\/\/agora.xtec.cat\/insmartidot\/wp-json\/wp\/v2\/comments?post=7984"}],"version-history":[{"count":3,"href":"https:\/\/agora.xtec.cat\/insmartidot\/wp-json\/wp\/v2\/pages\/7984\/revisions"}],"predecessor-version":[{"id":7991,"href":"https:\/\/agora.xtec.cat\/insmartidot\/wp-json\/wp\/v2\/pages\/7984\/revisions\/7991"}],"wp:attachment":[{"href":"https:\/\/agora.xtec.cat\/insmartidot\/wp-json\/wp\/v2\/media?parent=7984"}],"curies":[{"name":"wp","href":"https:\/\/api.w.org\/{rel}","templated":true}]}}