{"id":7773,"date":"2023-01-17T10:46:59","date_gmt":"2023-01-17T09:46:59","guid":{"rendered":"https:\/\/agora.xtec.cat\/insmartidot\/?page_id=7773"},"modified":"2025-05-05T12:42:21","modified_gmt":"2025-05-05T10:42:21","slug":"tramits","status":"publish","type":"page","link":"https:\/\/agora.xtec.cat\/insmartidot\/secretaria\/tramits\/","title":{"rendered":"Tr\u00e0mits"},"content":{"rendered":"<p>Alguns dels tr\u00e0mits que es poden realitzar s\u00f3n:<\/p>\n<ul>\n<li>Sol\u00b7licitar certificats de nivell de catal\u00e0 (<a href=\"https:\/\/agora.xtec.cat\/insmartidot\/wp-content\/uploads\/usu476\/2024\/05\/2020-model-sol.licitud-nivell-equivalencia-catala_auto.pdf\">sol\u00b7licitud nivell catal\u00e0<\/a>)<\/li>\n<li>Sol\u00b7licitar\u00a0certificats de notes<\/li>\n<li>Sol\u00b7licitar t\u00edtols acad\u00e8mics o duplicats : segons noves indicacions del Departament d&#8217;Educaci\u00f3, a partir d&#8217;ara els t\u00edtols es sol\u00b7licitaran <strong>online<\/strong> a trav\u00e9s d&#8217;aquest <a href=\"https:\/\/web.gencat.cat\/ca\/tramits\/tramits-temes\/titols-academics-no-universitaris?category=742b7874-a82c-11e3-a972-000c29052e2c\"><strong>enlla\u00e7<\/strong>.<\/a> Podeu consultar<span style=\"color: #ff0000;\"> <strong><a style=\"color: #ff0000;\" href=\"https:\/\/agora.xtec.cat\/insmartidot\/wp-content\/uploads\/usu476\/2025\/05\/instruccions-aplicacio.pdf\">aqu\u00ed<\/a> <\/strong><\/span>les instruccions de l&#8217;aplicaci\u00f3.<\/li>\n<li>Sol\u00b7licitar certificats d&#8217;estudis<\/li>\n<\/ul>\n<h5><span style=\"color: #ff6600;\">IMPORTANT: El termini m\u00e0xim de lliurament d&#8217;aquests certificats \u00e9s de 10 dies, llevat dels per\u00edodes de preinscripci\u00f3 i matr\u00edcula, on el termini ser\u00e0 de <strong>15 dies<\/strong>.<\/span><\/h5>\n<p>Si no podeu venir personalment, heu d\u2019omplir una <a href=\"https:\/\/agora.xtec.cat\/insmartidot\/wp-content\/uploads\/usu476\/2024\/07\/autoritzacio-a-tercers.pdf\"><strong>autoritzaci\u00f3, <\/strong><\/a>signar-la i adjuntar fotoc\u00f2pia del vostre DNI\/NIE\/Passaport.\u00a0 La persona autoritzada ha de presentar el seu document d\u2019identitat.<\/p>\n<p>&nbsp;<\/p>\n<h3><strong>Sol\u00b7licitud del certificat de nivell C Catal\u00e0\u00a0 \u00a0<\/strong><\/h3>\n<p>En funci\u00f3 dels estudis cursats, els requisits per a l&#8217;obtenci\u00f3 del t\u00edtol estan recollits a la taula seg\u00fcent:<\/p>\n<table style=\"border-color: #000000; width: 676px;\">\n<tbody>\n<tr>\n<td style=\"background-color: #e0b93b; width: 191px; border-color: #000000;\">Estudis<\/td>\n<td style=\"background-color: #e0b93b; width: 479px; border-color: #000000;\">Requisits<\/td>\n<\/tr>\n<tr>\n<td style=\"background-color: #e0b93b; width: 191px; border-color: #000000;\" rowspan=\"2\">ESO<\/td>\n<td style=\"width: 479px; border-color: #000000;\">T\u00edtols d\u2019ESO: haver cursat a Catalunya almenys 3 de prim\u00e0ria + ESO i no haver estat exempt de la mat\u00e8ria de llengua catalana<\/td>\n<\/tr>\n<tr>\n<td style=\"width: 479px; border-color: #000000;\">T\u00edtols d\u2019ESO obtinguts a partir del curs 2007\/2008 s\u2019ha d\u2019haver cursat i aprovat la mat\u00e8ria de llengua catalana en tots els cursos<\/td>\n<\/tr>\n<tr>\n<td style=\"background-color: #e0b93b; width: 191px; border-color: #000000;\">Batxillerat LOGSE (1990\/2006)<\/td>\n<td style=\"width: 479px; border-color: #000000;\">3 cursos de prim\u00e0ria + 5 entre ESO i Batxillerat i no haver estat exempt de la mat\u00e8ria de llengua catalana en cap d\u2019aquests cursos<\/td>\n<\/tr>\n<tr>\n<td style=\"background-color: #e0b93b; width: 191px; border-color: #000000;\">BUP<\/td>\n<td style=\"width: 479px; border-color: #000000;\">La totalitat de l\u2019EGB + BUP a partir del curs 1978-79* i no haver estat exempt de la mat\u00e8ria de llengua catalana<\/td>\n<\/tr>\n<tr>\n<td style=\"background-color: #e0b93b; width: 191px; border-color: #000000;\">FPII<\/td>\n<td style=\"width: 479px; border-color: #000000;\">La totalitat de l\u2019EGB + FPI + FPII a partir del curs 1978\/1979* i no haver estat exempt de la mat\u00e8ria de llengua catalana<\/td>\n<\/tr>\n<\/tbody>\n<\/table>\n<p>* Persones que van cursar aquests estudis a partir del curs 1978-79, per tant, nascuts el 1972 o posterior<\/p>\n<p>&nbsp;<\/p>\n<h6><strong>Documentaci\u00f3 que se sol\u00b7licita:<\/strong><\/h6>\n<p>En tots els casos cal aportar una fotocopia del DNI i presentar l&#8217;original.<\/p>\n<p>&nbsp;<\/p>\n<p><strong>ESO<\/strong><\/p>\n<ol>\n<li>Original i fotoc\u00f2pia del t\u00edtol.<\/li>\n<li>Original i fotoc\u00f2pia de tots els fulls escrits del llibre d\u2019escolaritat . En el cas que no es tingui i no s\u2019hagi fet l\u2019ESO al nostre centre, s\u2019ha de demanar un certificat al centre on es va estudiar en qu\u00e8 consti els anys cursats, els cursos realitzats, que no ha estat exempt de la mat\u00e8ria de llengua catalana i que s\u2019ha aprovat en tots els cursos.<\/li>\n<li>S\u2019ha d\u2019acreditar els cursos d\u2019educaci\u00f3 prim\u00e0ria realitzats a Catalunya amb el corresponent certificat.<\/li>\n<\/ol>\n<p>&nbsp;<\/p>\n<p><strong>Batxillerat LOGSE<\/strong><\/p>\n<ol>\n<li><strong>\u00a0<\/strong>Original i fotoc\u00f2pia del t\u00edtol.<\/li>\n<li>Original i fotoc\u00f2pia de tots els fulls escrits del llibre d\u2019escolaritat . En el cas que no es tingui i no s\u2019hagi fet el Batxillerat al nostre centre, s\u2019ha de demanar un certificat al centre on es va estudiar en qu\u00e8 consti els anys cursats, els cursos realitzats, que no ha estat exempt de la mat\u00e8ria de llengua catalana i que s\u2019ha aprovat en tots els cursos.<\/li>\n<li>S\u2019ha d\u2019acreditar els cursos d\u2019educaci\u00f3 prim\u00e0ria realitzats a Catalunya amb el corresponent certificat.<\/li>\n<\/ol>\n<p>&nbsp;<\/p>\n<p><strong>FP II<\/strong><strong>\u00a0<\/strong><\/p>\n<ol>\n<li>Original i fotoc\u00f2pia del t\u00edtol.<\/li>\n<li>Si no s\u2019ha cursat en el nostre centre, s\u2019ha de demanar un certificat al centre on es va estudiar l\u2019FPI i FPII on consti els anys cursats, els cursos realitzats i que no ha estat exempt de la mat\u00e8ria de llengua catalana.<\/li>\n<li>Original i fotoc\u00f2pia del llibre d\u2019EGB<\/li>\n<\/ol>\n<p>&nbsp;<\/p>\n<p><u><\/u><strong>BUP<\/strong><\/p>\n<ol>\n<li>Original i fotoc\u00f2pia del t\u00edtol.<\/li>\n<li>Original i fotoc\u00f2pia de tots els fulls escrits del llibre d\u2019escolaritat. En el cas que no disposi s\u2019ha de sol\u00b7licitar certificat on consti els anys cursats, els cursos realitzats i que no ha estat exempt de la mat\u00e8ria de llengua catalana<\/li>\n<li>Original i fotoc\u00f2pia del llibre d\u2019EGB<\/li>\n<\/ol>\n<p><strong>\u00a0<\/strong><\/p>\n<h3><strong>Sol\u00b7licitud del certificat de nivell B Catal\u00e0<\/strong><\/h3>\n<p>En funci\u00f3 dels estudis cursats, els requisits per a l&#8217;obtenci\u00f3 del t\u00edtol estan recollits a la taula seg\u00fcent:<strong>\u00a0<\/strong><\/p>\n<table style=\"width: 618px;\">\n<tbody>\n<tr>\n<td style=\"background-color: #e0b93b; width: 142px; border-color: #000000;\">Estudis<\/td>\n<td style=\"background-color: #e0b93b; width: 470px; border-color: #000000;\">Requisit<\/td>\n<\/tr>\n<tr>\n<td style=\"background-color: #e0b93b; width: 142px; border-color: #000000;\">EGB<\/td>\n<td style=\"width: 470px; border-color: #000000;\">Haver cursat a Catalunya la totalitat d&#8217;aquests estudis a partir de l\u2019any 1978\/1979*<\/td>\n<\/tr>\n<tr>\n<td style=\"background-color: #e0b93b; width: 142px; border-color: #000000;\">FPI<\/td>\n<td style=\"width: 470px; border-color: #000000;\">Haver cursat a Catalunya la totalitat d&#8217;aquests estudis a partir de l\u2019any 1978\/1979*<\/td>\n<\/tr>\n<\/tbody>\n<\/table>\n<p>* Persones que van cursar aquests estudis a partir del curs 1978\/1979, per tant, nascuts el 1972 o posterior<\/p>\n<p><strong>\u00a0<\/strong><\/p>\n<p><strong>Documentaci\u00f3 que se sol\u00b7licita:<\/strong><\/p>\n<p><strong>EGB<\/strong><\/p>\n<ol>\n<li>Original i fotoc\u00f2pia del t\u00edtol.<\/li>\n<li>Original i fotoc\u00f2pia del llibre d\u2019escolaritat. En el cas que no es disposi del llibre, un certificat del centre on va estudiar en qu\u00e8 consti els anys cursats, els cursos realitzats i que no ha estat exempt de la mat\u00e8ria de llengua catalana.<\/li>\n<\/ol>\n<p>&nbsp;<\/p>\n<p><strong>FPI<\/strong><\/p>\n<ol>\n<li>Original i fotoc\u00f2pia del t\u00edtol.<\/li>\n<li>Si no s\u2019ha cursat en el nostre centre, s\u2019ha de demanar un certificat al centre on es va estudiar l\u2019FPI on consti els anys cursats, els cursos realitzats i que no ha estat exempt de la mat\u00e8ria de llengua catalana.<\/li>\n<li>Original i fotoc\u00f2pia del llibre d\u2019EGB<\/li>\n<\/ol>\n<p><strong>\u00a0<\/strong><\/p>\n","protected":false},"excerpt":{"rendered":"<p>Alguns dels tr\u00e0mits que es poden realitzar s\u00f3n: Sol\u00b7licitar certificats de nivell de catal\u00e0 (sol\u00b7licitud nivell catal\u00e0) Sol\u00b7licitar\u00a0certificats de notes Sol\u00b7licitar t\u00edtols acad\u00e8mics o duplicats : segons noves indicacions del Departament d&#8217;Educaci\u00f3, a partir d&#8217;ara els t\u00edtols es sol\u00b7licitaran online a trav\u00e9s d&#8217;aquest enlla\u00e7. Podeu consultar aqu\u00ed les instruccions de l&#8217;aplicaci\u00f3. Sol\u00b7licitar certificats d&#8217;estudis IMPORTANT: [&hellip;]<\/p>\n","protected":false},"author":1,"featured_media":0,"parent":81,"menu_order":0,"comment_status":"closed","ping_status":"closed","template":"","meta":{"_bbp_topic_count":0,"_bbp_reply_count":0,"_bbp_total_topic_count":0,"_bbp_total_reply_count":0,"_bbp_voice_count":0,"_bbp_anonymous_reply_count":0,"_bbp_topic_count_hidden":0,"_bbp_reply_count_hidden":0,"_bbp_forum_subforum_count":0,"site-sidebar-layout":"default","site-content-layout":"","ast-site-content-layout":"","site-content-style":"default","site-sidebar-style":"default","ast-global-header-display":"","ast-banner-title-visibility":"","ast-main-header-display":"","ast-hfb-above-header-display":"","ast-hfb-below-header-display":"","ast-hfb-mobile-header-display":"","site-post-title":"","ast-breadcrumbs-content":"","ast-featured-img":"","footer-sml-layout":"","theme-transparent-header-meta":"","adv-header-id-meta":"","stick-header-meta":"","header-above-stick-meta":"","header-main-stick-meta":"","header-below-stick-meta":"","astra-migrate-meta-layouts":"default","ast-page-background-enabled":"default","ast-page-background-meta":{"desktop":{"background-color":"var(--ast-global-color-4)","background-image":"","background-repeat":"repeat","background-position":"center center","background-size":"auto","background-attachment":"scroll","background-type":"","background-media":"","overlay-type":"","overlay-color":"","overlay-opacity":"","overlay-gradient":""},"tablet":{"background-color":"","background-image":"","background-repeat":"repeat","background-position":"center center","background-size":"auto","background-attachment":"scroll","background-type":"","background-media":"","overlay-type":"","overlay-color":"","overlay-opacity":"","overlay-gradient":""},"mobile":{"background-color":"","background-image":"","background-repeat":"repeat","background-position":"center center","background-size":"auto","background-attachment":"scroll","background-type":"","background-media":"","overlay-type":"","overlay-color":"","overlay-opacity":"","overlay-gradient":""}},"ast-content-background-meta":{"desktop":{"background-color":"var(--ast-global-color-5)","background-image":"","background-repeat":"repeat","background-position":"center center","background-size":"auto","background-attachment":"scroll","background-type":"","background-media":"","overlay-type":"","overlay-color":"","overlay-opacity":"","overlay-gradient":""},"tablet":{"background-color":"var(--ast-global-color-5)","background-image":"","background-repeat":"repeat","background-position":"center center","background-size":"auto","background-attachment":"scroll","background-type":"","background-media":"","overlay-type":"","overlay-color":"","overlay-opacity":"","overlay-gradient":""},"mobile":{"background-color":"var(--ast-global-color-5)","background-image":"","background-repeat":"repeat","background-position":"center center","background-size":"auto","background-attachment":"scroll","background-type":"","background-media":"","overlay-type":"","overlay-color":"","overlay-opacity":"","overlay-gradient":""}},"footnotes":""},"class_list":["post-7773","page","type-page","status-publish","hentry"],"post_mailing_queue_ids":[],"_links":{"self":[{"href":"https:\/\/agora.xtec.cat\/insmartidot\/wp-json\/wp\/v2\/pages\/7773","targetHints":{"allow":["GET"]}}],"collection":[{"href":"https:\/\/agora.xtec.cat\/insmartidot\/wp-json\/wp\/v2\/pages"}],"about":[{"href":"https:\/\/agora.xtec.cat\/insmartidot\/wp-json\/wp\/v2\/types\/page"}],"author":[{"embeddable":true,"href":"https:\/\/agora.xtec.cat\/insmartidot\/wp-json\/wp\/v2\/users\/1"}],"replies":[{"embeddable":true,"href":"https:\/\/agora.xtec.cat\/insmartidot\/wp-json\/wp\/v2\/comments?post=7773"}],"version-history":[{"count":6,"href":"https:\/\/agora.xtec.cat\/insmartidot\/wp-json\/wp\/v2\/pages\/7773\/revisions"}],"predecessor-version":[{"id":9596,"href":"https:\/\/agora.xtec.cat\/insmartidot\/wp-json\/wp\/v2\/pages\/7773\/revisions\/9596"}],"up":[{"embeddable":true,"href":"https:\/\/agora.xtec.cat\/insmartidot\/wp-json\/wp\/v2\/pages\/81"}],"wp:attachment":[{"href":"https:\/\/agora.xtec.cat\/insmartidot\/wp-json\/wp\/v2\/media?parent=7773"}],"curies":[{"name":"wp","href":"https:\/\/api.w.org\/{rel}","templated":true}]}}