{"id":7751,"date":"2023-01-13T08:48:44","date_gmt":"2023-01-13T07:48:44","guid":{"rendered":"https:\/\/agora.xtec.cat\/insmartidot\/?page_id=7751"},"modified":"2023-07-21T11:51:26","modified_gmt":"2023-07-21T09:51:26","slug":"ieduca","status":"publish","type":"page","link":"https:\/\/agora.xtec.cat\/insmartidot\/secretaria\/ieduca\/","title":{"rendered":"iEduca TokApp"},"content":{"rendered":"<p><a href=\"https:\/\/agora.xtec.cat\/insmartidot\/wp-content\/uploads\/usu476\/2023\/01\/Logo-iEduca-Tokapp.png\"><img loading=\"lazy\" decoding=\"async\" class=\"alignnone wp-image-7762\" src=\"https:\/\/agora.xtec.cat\/insmartidot\/wp-content\/uploads\/usu476\/2023\/01\/Logo-iEduca-Tokapp.png\" alt=\"\" width=\"485\" height=\"82\" srcset=\"https:\/\/agora.xtec.cat\/insmartidot\/wp-content\/uploads\/usu476\/2023\/01\/Logo-iEduca-Tokapp.png 574w, https:\/\/agora.xtec.cat\/insmartidot\/wp-content\/uploads\/usu476\/2023\/01\/Logo-iEduca-Tokapp-300x51.png 300w\" sizes=\"auto, (max-width: 485px) 100vw, 485px\" \/><\/a><\/p>\n<p>L&#8217;aplicaci\u00f3 iEduca \u00e9s la plataforma de comunicaci\u00f3 escola-fam\u00edlies per enviar notificacions, avisos, control d&#8217;assist\u00e8ncia de l&#8217;alumnat, comunicaci\u00f3 amb el\/la tutor\/a i el professorat, etc.<\/p>\n<p>Aqu\u00ed trobareu tota la informaci\u00f3 relacionada amb: instal\u00b7laci\u00f3 i funcionament.<\/p>\n<p><a href=\"https:\/\/agora.xtec.cat\/insmartidot\/wp-content\/uploads\/usu476\/2023\/01\/Cartell-iEduca-TokApp-3.pdf\">Cartell iEduca TokApp<\/a><\/p>\n<p><a href=\"https:\/\/agora.xtec.cat\/insmartidot\/wp-content\/uploads\/usu476\/2023\/01\/Guia-aplicacio-iEduca-Tokapp.pdf\">Guia aplicaci\u00f3 iEduca Tokapp<\/a><\/p>\n<p>&nbsp;<\/p>\n<p><a href=\"https:\/\/agora.xtec.cat\/insmartidot\/wp-content\/uploads\/usu476\/2023\/01\/Logo-Tokapp.png\"><img loading=\"lazy\" decoding=\"async\" class=\"alignnone size-full wp-image-7760\" src=\"https:\/\/agora.xtec.cat\/insmartidot\/wp-content\/uploads\/usu476\/2023\/01\/Logo-Tokapp.png\" alt=\"\" width=\"181\" height=\"93\" \/><\/a><\/p>\n<p>L&#8217;aplicaci\u00f3 Tokkapp School \u00e9s la plataforma de comunicaci\u00f3 i pagaments escola-fam\u00edlia que fem servir per realitzar el pagament de sortides, excursions i viatges, aix\u00ed com signar\/autoritzar qualsevol tipus d&#8217;activitat que facin els i les alumnes.<\/p>\n<p>Aqu\u00ed trobareu tota la informaci\u00f3 relacionada amb l&#8217;aplicaci\u00f3: Informaci\u00f3 general, instal\u00b7laci\u00f3 i pagaments.<\/p>\n<p>&nbsp;<\/p>\n<p><strong>MANUAL D\u2019\u00daS APLICACI\u00d3 TOKAPP<\/strong><\/p>\n<p>Com instal\u00b7lar TokApp fam\u00edlies<br \/>\n<a href=\"https:\/\/youtu.be\/J1A1eLSb450\">https:\/\/youtu.be\/J1A1eLSb450<\/a><\/p>\n<p>Com recupero la contrasenya a TokApp o TokApp School?<br \/>\n<a href=\"https:\/\/youtu.be\/SEBsbsJluk4\">https:\/\/youtu.be\/SEBsbsJluk4<\/a><\/p>\n<p><strong>PAGAMENTS<\/strong><br \/>\n<a href=\"https:\/\/agora.xtec.cat\/insmartidot\/wp-content\/uploads\/usu476\/2023\/01\/manual-Pagos_Usuarios.pdf\">manual Pagos_Usuarios<\/a><\/p>\n<p>&nbsp;<\/p>\n<p>Si teniu qualsevol altre dubte, contacteu amb <a href=\"mailto:secretaria@insmartidot.cat\">secretaria@insmartidot.cat<\/a> .<\/p>\n","protected":false},"excerpt":{"rendered":"<p>L&#8217;aplicaci\u00f3 iEduca \u00e9s la plataforma de comunicaci\u00f3 escola-fam\u00edlies per enviar notificacions, avisos, control d&#8217;assist\u00e8ncia de l&#8217;alumnat, comunicaci\u00f3 amb el\/la tutor\/a i el professorat, etc. Aqu\u00ed trobareu tota la informaci\u00f3 relacionada amb: instal\u00b7laci\u00f3 i funcionament. Cartell iEduca TokApp Guia aplicaci\u00f3 iEduca Tokapp &nbsp; L&#8217;aplicaci\u00f3 Tokkapp School \u00e9s la plataforma de comunicaci\u00f3 i pagaments escola-fam\u00edlia que fem [&hellip;]<\/p>\n","protected":false},"author":1,"featured_media":0,"parent":81,"menu_order":0,"comment_status":"closed","ping_status":"closed","template":"","meta":{"_bbp_topic_count":0,"_bbp_reply_count":0,"_bbp_total_topic_count":0,"_bbp_total_reply_count":0,"_bbp_voice_count":0,"_bbp_anonymous_reply_count":0,"_bbp_topic_count_hidden":0,"_bbp_reply_count_hidden":0,"_bbp_forum_subforum_count":0,"site-sidebar-layout":"default","site-content-layout":"","ast-site-content-layout":"","site-content-style":"default","site-sidebar-style":"default","ast-global-header-display":"","ast-banner-title-visibility":"","ast-main-header-display":"","ast-hfb-above-header-display":"","ast-hfb-below-header-display":"","ast-hfb-mobile-header-display":"","site-post-title":"","ast-breadcrumbs-content":"","ast-featured-img":"","footer-sml-layout":"","theme-transparent-header-meta":"","adv-header-id-meta":"","stick-header-meta":"","header-above-stick-meta":"","header-main-stick-meta":"","header-below-stick-meta":"","astra-migrate-meta-layouts":"default","ast-page-background-enabled":"default","ast-page-background-meta":{"desktop":{"background-color":"var(--ast-global-color-4)","background-image":"","background-repeat":"repeat","background-position":"center center","background-size":"auto","background-attachment":"scroll","background-type":"","background-media":"","overlay-type":"","overlay-color":"","overlay-opacity":"","overlay-gradient":""},"tablet":{"background-color":"","background-image":"","background-repeat":"repeat","background-position":"center center","background-size":"auto","background-attachment":"scroll","background-type":"","background-media":"","overlay-type":"","overlay-color":"","overlay-opacity":"","overlay-gradient":""},"mobile":{"background-color":"","background-image":"","background-repeat":"repeat","background-position":"center center","background-size":"auto","background-attachment":"scroll","background-type":"","background-media":"","overlay-type":"","overlay-color":"","overlay-opacity":"","overlay-gradient":""}},"ast-content-background-meta":{"desktop":{"background-color":"var(--ast-global-color-5)","background-image":"","background-repeat":"repeat","background-position":"center center","background-size":"auto","background-attachment":"scroll","background-type":"","background-media":"","overlay-type":"","overlay-color":"","overlay-opacity":"","overlay-gradient":""},"tablet":{"background-color":"var(--ast-global-color-5)","background-image":"","background-repeat":"repeat","background-position":"center center","background-size":"auto","background-attachment":"scroll","background-type":"","background-media":"","overlay-type":"","overlay-color":"","overlay-opacity":"","overlay-gradient":""},"mobile":{"background-color":"var(--ast-global-color-5)","background-image":"","background-repeat":"repeat","background-position":"center center","background-size":"auto","background-attachment":"scroll","background-type":"","background-media":"","overlay-type":"","overlay-color":"","overlay-opacity":"","overlay-gradient":""}},"footnotes":""},"class_list":["post-7751","page","type-page","status-publish","hentry"],"post_mailing_queue_ids":[],"_links":{"self":[{"href":"https:\/\/agora.xtec.cat\/insmartidot\/wp-json\/wp\/v2\/pages\/7751","targetHints":{"allow":["GET"]}}],"collection":[{"href":"https:\/\/agora.xtec.cat\/insmartidot\/wp-json\/wp\/v2\/pages"}],"about":[{"href":"https:\/\/agora.xtec.cat\/insmartidot\/wp-json\/wp\/v2\/types\/page"}],"author":[{"embeddable":true,"href":"https:\/\/agora.xtec.cat\/insmartidot\/wp-json\/wp\/v2\/users\/1"}],"replies":[{"embeddable":true,"href":"https:\/\/agora.xtec.cat\/insmartidot\/wp-json\/wp\/v2\/comments?post=7751"}],"version-history":[{"count":4,"href":"https:\/\/agora.xtec.cat\/insmartidot\/wp-json\/wp\/v2\/pages\/7751\/revisions"}],"predecessor-version":[{"id":8644,"href":"https:\/\/agora.xtec.cat\/insmartidot\/wp-json\/wp\/v2\/pages\/7751\/revisions\/8644"}],"up":[{"embeddable":true,"href":"https:\/\/agora.xtec.cat\/insmartidot\/wp-json\/wp\/v2\/pages\/81"}],"wp:attachment":[{"href":"https:\/\/agora.xtec.cat\/insmartidot\/wp-json\/wp\/v2\/media?parent=7751"}],"curies":[{"name":"wp","href":"https:\/\/api.w.org\/{rel}","templated":true}]}}