{"id":7681,"date":"2023-01-12T13:04:21","date_gmt":"2023-01-12T12:04:21","guid":{"rendered":"https:\/\/agora.xtec.cat\/insmartidot\/?page_id=7681"},"modified":"2026-03-16T18:28:46","modified_gmt":"2026-03-16T17:28:46","slug":"departaments","status":"publish","type":"page","link":"https:\/\/agora.xtec.cat\/insmartidot\/departaments\/","title":{"rendered":"Departaments did\u00e0ctics"},"content":{"rendered":"\n<p>Els departaments did\u00e0ctics s\u00f3n els \u00f2rgans b\u00e0sics encarregats d\u2019organitzar i desplegar els ensenyaments propis de les \u00e0rees, mat\u00e8ries i les activitats que els siguen pr\u00f2pies, dins l\u2019\u00e0mbit de les seues compet\u00e8ncies. Els departaments did\u00e0ctics estan compostos per tot el professorat que imparteix l\u2019ensenyament propi de les \u00e0rees o mat\u00e8ries assignades al departament.<\/p>\n\n\n\n<p>Els caps de departament com a representants del departament a la Comissi\u00f3 Pedag\u00f2gica participen en les tasques seg\u00fcents:<\/p>\n\n\n\n<ul class=\"wp-block-list\">\n<li>L\u2019elaboraci\u00f3 del Projecte de Centre i en el seu seguiment.<\/li>\n\n\n\n<li>Coordina i redacta la programaci\u00f3 did\u00e0ctica del departament i la mem\u00f2ria final de curs.<\/li>\n\n\n\n<li>Dirigeix i coordina les activitats acad\u00e8miques del departament.<\/li>\n\n\n\n<li>Convoca i presideix les reunions ordin\u00e0ries del departament.<\/li>\n\n\n\n<li>Coordina l\u2019elaboraci\u00f3 de convocat\u00f2ries d\u2019ex\u00e0mens extraordinaris o proves inicials de nivell, presideix la realitzaci\u00f3 i avaluaci\u00f3 de l\u2019examen en col\u00b7laboraci\u00f3 amb la resta dels membres del departament.<\/li>\n\n\n\n<li>T\u00e9 cura del compliment de la programaci\u00f3 did\u00e0ctica del departament i l\u2019aplicaci\u00f3 correcta dels criteris d\u2019avaluaci\u00f3.<\/li>\n\n\n\n<li>Resol les reclamacions dels alumnes, a final de curs, d\u2019acord amb les deliberacions dels membres del departament, i n\u2019elabora els informes.<\/li>\n\n\n\n<li>Cordina l\u2019organitzaci\u00f3 dels espais, compra de material i equipament espec\u00edfic, i en t\u00e9 cura del manteniment.<\/li>\n\n\n\n<li>Promou l\u2019avaluaci\u00f3 de la pr\u00e0ctica docent dels membres del departament.<\/li>\n\n\n\n<li>Promou l\u2019avaluaci\u00f3 dels diferents projectes i activitats del departament.<\/li>\n\n\n\n<li>T\u00e9 cura i gestiona els llibres d\u2019actes, inventari, biblioteca, etc. del departament.<\/li>\n\n\n\n<li>Gestiona els recursos i el pressupost assignat al departament.<\/li>\n\n\n\n<li>Revisa les programacions evitant llacunes, establint-ne els m\u00ednims en funci\u00f3 de les necessitats dels alumnes i la seva diversitat.<\/li>\n\n\n\n<li>Promou l\u2019an\u00e0lisi del rendiment dels alumnes i la recerca d\u2019estrat\u00e8gies per a millorar-lo.<\/li>\n\n\n\n<li>Recolza els companys nous en el seu proc\u00e9s d\u2019integraci\u00f3 al centre i la seva implicaci\u00f3 en les tasques del departament.<\/li>\n\n\n\n<li>Promou l\u2019organitzaci\u00f3 interna del departament.Facilita el treball en equip i la presa de decisions per consens.<\/li>\n\n\n\n<li>Promou la innovaci\u00f3 i l\u2019experimentaci\u00f3 metodol\u00f2gica i did\u00e0ctica en relaci\u00f3 a la seva mat\u00e8ria o \u00e0rea.<\/li>\n\n\n\n<li>Busca la soluci\u00f3 als problemes que sorgeixen en el funcionament intern del departament.<\/li>\n<\/ul>\n","protected":false},"excerpt":{"rendered":"<p>Els departaments did\u00e0ctics s\u00f3n els \u00f2rgans b\u00e0sics encarregats d\u2019organitzar i desplegar els ensenyaments propis de les \u00e0rees, mat\u00e8ries i les activitats que els siguen pr\u00f2pies, dins l\u2019\u00e0mbit de les seues compet\u00e8ncies. Els departaments did\u00e0ctics estan compostos per tot el professorat que imparteix l\u2019ensenyament propi de les \u00e0rees o mat\u00e8ries assignades al departament. Els caps de [&hellip;]<\/p>\n","protected":false},"author":1,"featured_media":0,"parent":0,"menu_order":0,"comment_status":"closed","ping_status":"closed","template":"","meta":{"_bbp_topic_count":0,"_bbp_reply_count":0,"_bbp_total_topic_count":0,"_bbp_total_reply_count":0,"_bbp_voice_count":0,"_bbp_anonymous_reply_count":0,"_bbp_topic_count_hidden":0,"_bbp_reply_count_hidden":0,"_bbp_forum_subforum_count":0,"site-sidebar-layout":"default","site-content-layout":"","ast-site-content-layout":"default","site-content-style":"default","site-sidebar-style":"default","ast-global-header-display":"","ast-banner-title-visibility":"","ast-main-header-display":"","ast-hfb-above-header-display":"","ast-hfb-below-header-display":"","ast-hfb-mobile-header-display":"","site-post-title":"","ast-breadcrumbs-content":"","ast-featured-img":"","footer-sml-layout":"","theme-transparent-header-meta":"","adv-header-id-meta":"","stick-header-meta":"","header-above-stick-meta":"","header-main-stick-meta":"","header-below-stick-meta":"","astra-migrate-meta-layouts":"set","ast-page-background-enabled":"default","ast-page-background-meta":{"desktop":{"background-color":"var(--ast-global-color-4)","background-image":"","background-repeat":"repeat","background-position":"center center","background-size":"auto","background-attachment":"scroll","background-type":"","background-media":"","overlay-type":"","overlay-color":"","overlay-opacity":"","overlay-gradient":""},"tablet":{"background-color":"","background-image":"","background-repeat":"repeat","background-position":"center center","background-size":"auto","background-attachment":"scroll","background-type":"","background-media":"","overlay-type":"","overlay-color":"","overlay-opacity":"","overlay-gradient":""},"mobile":{"background-color":"","background-image":"","background-repeat":"repeat","background-position":"center center","background-size":"auto","background-attachment":"scroll","background-type":"","background-media":"","overlay-type":"","overlay-color":"","overlay-opacity":"","overlay-gradient":""}},"ast-content-background-meta":{"desktop":{"background-color":"var(--ast-global-color-5)","background-image":"","background-repeat":"repeat","background-position":"center center","background-size":"auto","background-attachment":"scroll","background-type":"","background-media":"","overlay-type":"","overlay-color":"","overlay-opacity":"","overlay-gradient":""},"tablet":{"background-color":"var(--ast-global-color-5)","background-image":"","background-repeat":"repeat","background-position":"center center","background-size":"auto","background-attachment":"scroll","background-type":"","background-media":"","overlay-type":"","overlay-color":"","overlay-opacity":"","overlay-gradient":""},"mobile":{"background-color":"var(--ast-global-color-5)","background-image":"","background-repeat":"repeat","background-position":"center center","background-size":"auto","background-attachment":"scroll","background-type":"","background-media":"","overlay-type":"","overlay-color":"","overlay-opacity":"","overlay-gradient":""}},"footnotes":""},"class_list":["post-7681","page","type-page","status-publish","hentry"],"post_mailing_queue_ids":[],"_links":{"self":[{"href":"https:\/\/agora.xtec.cat\/insmartidot\/wp-json\/wp\/v2\/pages\/7681","targetHints":{"allow":["GET"]}}],"collection":[{"href":"https:\/\/agora.xtec.cat\/insmartidot\/wp-json\/wp\/v2\/pages"}],"about":[{"href":"https:\/\/agora.xtec.cat\/insmartidot\/wp-json\/wp\/v2\/types\/page"}],"author":[{"embeddable":true,"href":"https:\/\/agora.xtec.cat\/insmartidot\/wp-json\/wp\/v2\/users\/1"}],"replies":[{"embeddable":true,"href":"https:\/\/agora.xtec.cat\/insmartidot\/wp-json\/wp\/v2\/comments?post=7681"}],"version-history":[{"count":3,"href":"https:\/\/agora.xtec.cat\/insmartidot\/wp-json\/wp\/v2\/pages\/7681\/revisions"}],"predecessor-version":[{"id":10050,"href":"https:\/\/agora.xtec.cat\/insmartidot\/wp-json\/wp\/v2\/pages\/7681\/revisions\/10050"}],"wp:attachment":[{"href":"https:\/\/agora.xtec.cat\/insmartidot\/wp-json\/wp\/v2\/media?parent=7681"}],"curies":[{"name":"wp","href":"https:\/\/api.w.org\/{rel}","templated":true}]}}