{"id":5417,"date":"2019-10-29T13:21:08","date_gmt":"2019-10-29T12:21:08","guid":{"rendered":"http:\/\/agora.xtec.cat\/insmartidot\/?page_id=5417"},"modified":"2024-04-09T18:23:25","modified_gmt":"2024-04-09T16:23:25","slug":"benestar-i-salut","status":"publish","type":"page","link":"https:\/\/agora.xtec.cat\/insmartidot\/benestar-i-salut\/","title":{"rendered":"Benestar i salut"},"content":{"rendered":"<p dir=\"ltr\">En aquesta p\u00e0gina hi trobareu un recull d\u2019enlla\u00e7os i informacions que la coordinaci\u00f3 de Salut i benestar de l\u2019Institut Mart\u00ed Dot considera que pot ser del vostre inter\u00e8s. Mireu-vos-ho!<\/p>\n<ul>\n<li dir=\"ltr\">\n<p dir=\"ltr\">d\u2019inter\u00e8s per a les fam\u00edlies:<\/p>\n<\/li>\n<\/ul>\n<p><a href=\"http:\/\/consum.gencat.cat\/ca\/lagencia\/codi-de-consum-de-catalunya\/sintesi-dels-drets-de-les-persones-consumidores-i-usuaries\/els-drets-basics-de-les-persones-consumidores\/taula-de-dialeg-per-a-la-prevencio-dels-trastorns-de-la-conducta-alimentaria\/\" target=\"_blank\" rel=\"noopener noreferrer\">Taula de Di\u00e0leg per a la prevenci\u00f3 dels Trastorns de la Conducta Aliment\u00e0ria <\/a><\/p>\n<p><a href=\"http:\/\/salutweb.gencat.cat\/ca\/ambits_actuacio\/per_perfils\/centres_educatius\/menus_escolars\/lalimentacio-saludabe-a-letapa-escolar\" target=\"_blank\" rel=\"noopener noreferrer\">L&#8217;alimentaci\u00f3 saludabe a l&#8217;etapa escolar<\/a><\/p>\n<p><a href=\"https:\/\/www.diba.cat\/web\/benestar\/spott\/spott#Atenci%C3%B3\" target=\"_blank\" rel=\"noopener noreferrer\">Drogodepend\u00e8ncies i pantalles &#8211; Centre SPOTT<\/a><\/p>\n<ul>\n<li dir=\"ltr\">\n<p dir=\"ltr\">d\u2019inter\u00e8s per als alumnes: Taula de salut Jove<\/p>\n<\/li>\n<\/ul>\n<p><a href=\"https:\/\/agora.xtec.cat\/insmartidot\/wp-content\/uploads\/usu476\/2019\/11\/colors_sabors_marxa_2013.pdf\" target=\"_blank\" rel=\"noopener noreferrer\">Colors, sabors i molta marxa!<\/a><\/p>\n<p><a href=\"https:\/\/agora.xtec.cat\/insmartidot\/wp-content\/uploads\/usu476\/2019\/11\/Fullet-IMPLICAT.pdf\" target=\"_blank\" rel=\"noopener noreferrer\">Implicat: ingredients per a un creixement saludable i feli\u00e7<\/a><\/p>\n<p><a href=\"https:\/\/agora.xtec.cat\/insmartidot\/wp-content\/uploads\/usu476\/2019\/11\/guialimentacio.pdf\" target=\"_blank\" rel=\"noopener noreferrer\">L&#8217;alimentaci\u00f3 saludable en l&#8217;etapa escolar<\/a><a href=\"https:\/\/agora.xtec.cat\/insmartidot\/wp-content\/uploads\/usu476\/2019\/10\/mobils.jpg\"><img loading=\"lazy\" decoding=\"async\" class=\"wp-image-5418 size-medium alignright\" src=\"https:\/\/agora.xtec.cat\/insmartidot\/wp-content\/uploads\/usu476\/2019\/10\/mobils-222x300.jpg\" alt=\"\" width=\"222\" height=\"300\" srcset=\"https:\/\/agora.xtec.cat\/insmartidot\/wp-content\/uploads\/usu476\/2019\/10\/mobils-222x300.jpg 222w, https:\/\/agora.xtec.cat\/insmartidot\/wp-content\/uploads\/usu476\/2019\/10\/mobils.jpg 662w\" sizes=\"auto, (max-width: 222px) 100vw, 222px\" \/><\/a><\/p>\n<p><a href=\"https:\/\/agora.xtec.cat\/insmartidot\/wp-content\/uploads\/usu476\/2019\/11\/3519-27573-2019-Dec\u00e0leg-bones-pr\u00e0ctiques-pantalles-baixa.pdf\" target=\"_blank\" rel=\"noopener noreferrer\">Dec\u00e0leg de bones pr\u00e0ctiques en l&#8217;\u00fas de pantalles<\/a><\/p>\n<p>&nbsp;<\/p>\n<p>&nbsp;<\/p>\n<p>&nbsp;<\/p>\n<p>&nbsp;<\/p>\n<p>&nbsp;<\/p>\n<p>&nbsp;<\/p>\n<p>&nbsp;<\/p>\n<p>&nbsp;<\/p>\n","protected":false},"excerpt":{"rendered":"<p>En aquesta p\u00e0gina hi trobareu un recull d\u2019enlla\u00e7os i informacions que la coordinaci\u00f3 de Salut i benestar de l\u2019Institut Mart\u00ed Dot considera que pot ser del vostre inter\u00e8s. Mireu-vos-ho! d\u2019inter\u00e8s per a les fam\u00edlies: Taula de Di\u00e0leg per a la prevenci\u00f3 dels Trastorns de la Conducta Aliment\u00e0ria L&#8217;alimentaci\u00f3 saludabe a l&#8217;etapa escolar Drogodepend\u00e8ncies i pantalles [&hellip;]<\/p>\n","protected":false},"author":1,"featured_media":0,"parent":0,"menu_order":110,"comment_status":"closed","ping_status":"closed","template":"page-templates\/side-menu.php","meta":{"_bbp_topic_count":0,"_bbp_reply_count":0,"_bbp_total_topic_count":0,"_bbp_total_reply_count":0,"_bbp_voice_count":0,"_bbp_anonymous_reply_count":0,"_bbp_topic_count_hidden":0,"_bbp_reply_count_hidden":0,"_bbp_forum_subforum_count":0,"site-sidebar-layout":"default","site-content-layout":"","ast-site-content-layout":"","site-content-style":"default","site-sidebar-style":"default","ast-global-header-display":"","ast-banner-title-visibility":"","ast-main-header-display":"","ast-hfb-above-header-display":"","ast-hfb-below-header-display":"","ast-hfb-mobile-header-display":"","site-post-title":"","ast-breadcrumbs-content":"","ast-featured-img":"","footer-sml-layout":"","theme-transparent-header-meta":"","adv-header-id-meta":"","stick-header-meta":"","header-above-stick-meta":"","header-main-stick-meta":"","header-below-stick-meta":"","astra-migrate-meta-layouts":"default","ast-page-background-enabled":"default","ast-page-background-meta":{"desktop":{"background-color":"var(--ast-global-color-4)","background-image":"","background-repeat":"repeat","background-position":"center center","background-size":"auto","background-attachment":"scroll","background-type":"","background-media":"","overlay-type":"","overlay-color":"","overlay-opacity":"","overlay-gradient":""},"tablet":{"background-color":"","background-image":"","background-repeat":"repeat","background-position":"center center","background-size":"auto","background-attachment":"scroll","background-type":"","background-media":"","overlay-type":"","overlay-color":"","overlay-opacity":"","overlay-gradient":""},"mobile":{"background-color":"","background-image":"","background-repeat":"repeat","background-position":"center center","background-size":"auto","background-attachment":"scroll","background-type":"","background-media":"","overlay-type":"","overlay-color":"","overlay-opacity":"","overlay-gradient":""}},"ast-content-background-meta":{"desktop":{"background-color":"var(--ast-global-color-5)","background-image":"","background-repeat":"repeat","background-position":"center center","background-size":"auto","background-attachment":"scroll","background-type":"","background-media":"","overlay-type":"","overlay-color":"","overlay-opacity":"","overlay-gradient":""},"tablet":{"background-color":"var(--ast-global-color-5)","background-image":"","background-repeat":"repeat","background-position":"center center","background-size":"auto","background-attachment":"scroll","background-type":"","background-media":"","overlay-type":"","overlay-color":"","overlay-opacity":"","overlay-gradient":""},"mobile":{"background-color":"var(--ast-global-color-5)","background-image":"","background-repeat":"repeat","background-position":"center center","background-size":"auto","background-attachment":"scroll","background-type":"","background-media":"","overlay-type":"","overlay-color":"","overlay-opacity":"","overlay-gradient":""}},"footnotes":""},"class_list":["post-5417","page","type-page","status-publish","hentry"],"post_mailing_queue_ids":[],"_links":{"self":[{"href":"https:\/\/agora.xtec.cat\/insmartidot\/wp-json\/wp\/v2\/pages\/5417","targetHints":{"allow":["GET"]}}],"collection":[{"href":"https:\/\/agora.xtec.cat\/insmartidot\/wp-json\/wp\/v2\/pages"}],"about":[{"href":"https:\/\/agora.xtec.cat\/insmartidot\/wp-json\/wp\/v2\/types\/page"}],"author":[{"embeddable":true,"href":"https:\/\/agora.xtec.cat\/insmartidot\/wp-json\/wp\/v2\/users\/1"}],"replies":[{"embeddable":true,"href":"https:\/\/agora.xtec.cat\/insmartidot\/wp-json\/wp\/v2\/comments?post=5417"}],"version-history":[{"count":5,"href":"https:\/\/agora.xtec.cat\/insmartidot\/wp-json\/wp\/v2\/pages\/5417\/revisions"}],"predecessor-version":[{"id":8992,"href":"https:\/\/agora.xtec.cat\/insmartidot\/wp-json\/wp\/v2\/pages\/5417\/revisions\/8992"}],"wp:attachment":[{"href":"https:\/\/agora.xtec.cat\/insmartidot\/wp-json\/wp\/v2\/media?parent=5417"}],"curies":[{"name":"wp","href":"https:\/\/api.w.org\/{rel}","templated":true}]}}