{"id":354,"date":"2015-11-16T14:19:42","date_gmt":"2015-11-16T13:19:42","guid":{"rendered":"http:\/\/agora.xtec.cat\/insmartidot\/?page_id=354"},"modified":"2024-04-09T19:17:27","modified_gmt":"2024-04-09T17:17:27","slug":"expressio","status":"publish","type":"page","link":"https:\/\/agora.xtec.cat\/insmartidot\/departaments\/departaments-eso-batxillerat\/expressio\/","title":{"rendered":"Expressi\u00f3"},"content":{"rendered":"<p><span style=\"color: #339966;\">Fitxes de presentaci\u00f3 de les mat\u00e8ries<\/span><\/p>\n<table style=\"border-collapse: collapse; width: 100%;\" border=\"1\">\n<tbody>\n<tr>\n<td style=\"width: 50%;\"><span style=\"color: #339966;\">Curs<\/span><\/td>\n<td style=\"width: 50%;\"><span style=\"color: #339966;\">Document<\/span><\/td>\n<\/tr>\n<tr>\n<td style=\"width: 50%;\">ViP\u00a0 1r ESO<\/td>\n<td style=\"width: 50%;\">PRESENTACIO\u0301 VISUAL I PLA\u0300STICA 1r D&#8217; ESO<\/td>\n<\/tr>\n<tr>\n<td style=\"width: 50%;\">ViP. Optativa C\u00f2mic 2n ESO<\/td>\n<td style=\"width: 50%;\">PRESENTACIO\u0301 OPTATIVA 2n D&#8217;ESO CO\u0300MIC<\/td>\n<\/tr>\n<tr>\n<td style=\"width: 50%;\">VIP. Optativa T\u00e8cniques d&#8217;expressi\u00f3 gr\u00e0fico-pl\u00e0stiques 2n ESO<\/td>\n<td style=\"width: 50%;\">PRESENTACIO\u0301 OPTATIVA 2n d&#8217;ESOTE\u0300CNIQUES D&#8217;EXPRESSIO\u0301 GRAFICO PLA\u0300STIQUES<\/td>\n<\/tr>\n<tr>\n<td style=\"width: 50%;\">VIP. Optativa Dibuix T\u00e8cnic 4t ESO<\/td>\n<td style=\"width: 50%;\">PRESENTACIO\u0301 OPTATIVA 4t D&#8217;ESO DIBUIX TE\u0300CNIC<\/td>\n<\/tr>\n<tr>\n<td style=\"width: 50%;\">VIP. Optativa Processos Creatius 4t ESO<\/td>\n<td style=\"width: 50%;\">PRESENTACIO\u0301 OPTATIVA 4t D&#8217;ESO TALLER DE PROCESSOS CREATIUS<\/td>\n<\/tr>\n<tr>\n<td style=\"width: 50%;\">VIP. Dibuix T\u00e8cnic 1r Batxillerat<\/td>\n<td style=\"width: 50%;\">PRESENTACIO\u0301 DIBUIX TE\u0300CNIC 1r BTX<\/td>\n<\/tr>\n<tr>\n<td style=\"width: 50%;\">ViP. Dibuix T\u00e8cnic 2n Batxillerat<\/td>\n<td style=\"width: 50%;\">PRESENTACIO\u0301 DIBUIX TE\u0300CNIC 2n BTXcoorgida<\/td>\n<\/tr>\n<tr>\n<td style=\"width: 50%;\">M\u00fasica. Optativa 1r ESO<\/td>\n<td style=\"width: 50%;\">PRESENTACIO\u0301 OPTATIVA MU\u0301SICA 1r D&#8217;ESO<\/td>\n<\/tr>\n<tr>\n<td style=\"width: 50%;\">M\u00fasica 1r ESO<\/td>\n<td style=\"width: 50%;\">PRESENTACIO\u0301 MU\u0301SICA 1r ESO Comuna<\/td>\n<\/tr>\n<tr>\n<td style=\"width: 50%;\">M\u00fasica. 2n i 3r ESO<\/td>\n<td style=\"width: 50%;\">PRESENTACIO\u0301 MU\u0301SICA 2n i 3r ESO Comuna<\/td>\n<\/tr>\n<tr>\n<td style=\"width: 50%;\">M\u00fasica. Optativa 4t ESO<\/td>\n<td style=\"width: 50%;\">PRESENTACIO\u0301 OPTATIVA MU\u0301SICA 4T D&#8217;ESO<\/td>\n<\/tr>\n<\/tbody>\n<\/table>\n","protected":false},"excerpt":{"rendered":"<p>Fitxes de presentaci\u00f3 de les mat\u00e8ries Curs Document ViP\u00a0 1r ESO PRESENTACIO\u0301 VISUAL I PLA\u0300STICA 1r D&#8217; ESO ViP. Optativa C\u00f2mic 2n ESO PRESENTACIO\u0301 OPTATIVA 2n D&#8217;ESO CO\u0300MIC VIP. Optativa T\u00e8cniques d&#8217;expressi\u00f3 gr\u00e0fico-pl\u00e0stiques 2n ESO PRESENTACIO\u0301 OPTATIVA 2n d&#8217;ESOTE\u0300CNIQUES D&#8217;EXPRESSIO\u0301 GRAFICO PLA\u0300STIQUES VIP. Optativa Dibuix T\u00e8cnic 4t ESO PRESENTACIO\u0301 OPTATIVA 4t D&#8217;ESO DIBUIX TE\u0300CNIC VIP. [&hellip;]<\/p>\n","protected":false},"author":1,"featured_media":0,"parent":7685,"menu_order":40,"comment_status":"closed","ping_status":"closed","template":"page-templates\/side-menu.php","meta":{"_bbp_topic_count":0,"_bbp_reply_count":0,"_bbp_total_topic_count":0,"_bbp_total_reply_count":0,"_bbp_voice_count":0,"_bbp_anonymous_reply_count":0,"_bbp_topic_count_hidden":0,"_bbp_reply_count_hidden":0,"_bbp_forum_subforum_count":0,"site-sidebar-layout":"default","site-content-layout":"","ast-site-content-layout":"","site-content-style":"default","site-sidebar-style":"default","ast-global-header-display":"","ast-banner-title-visibility":"","ast-main-header-display":"","ast-hfb-above-header-display":"","ast-hfb-below-header-display":"","ast-hfb-mobile-header-display":"","site-post-title":"","ast-breadcrumbs-content":"","ast-featured-img":"","footer-sml-layout":"","theme-transparent-header-meta":"","adv-header-id-meta":"","stick-header-meta":"","header-above-stick-meta":"","header-main-stick-meta":"","header-below-stick-meta":"","astra-migrate-meta-layouts":"default","ast-page-background-enabled":"default","ast-page-background-meta":{"desktop":{"background-color":"var(--ast-global-color-4)","background-image":"","background-repeat":"repeat","background-position":"center center","background-size":"auto","background-attachment":"scroll","background-type":"","background-media":"","overlay-type":"","overlay-color":"","overlay-opacity":"","overlay-gradient":""},"tablet":{"background-color":"","background-image":"","background-repeat":"repeat","background-position":"center center","background-size":"auto","background-attachment":"scroll","background-type":"","background-media":"","overlay-type":"","overlay-color":"","overlay-opacity":"","overlay-gradient":""},"mobile":{"background-color":"","background-image":"","background-repeat":"repeat","background-position":"center center","background-size":"auto","background-attachment":"scroll","background-type":"","background-media":"","overlay-type":"","overlay-color":"","overlay-opacity":"","overlay-gradient":""}},"ast-content-background-meta":{"desktop":{"background-color":"var(--ast-global-color-5)","background-image":"","background-repeat":"repeat","background-position":"center center","background-size":"auto","background-attachment":"scroll","background-type":"","background-media":"","overlay-type":"","overlay-color":"","overlay-opacity":"","overlay-gradient":""},"tablet":{"background-color":"var(--ast-global-color-5)","background-image":"","background-repeat":"repeat","background-position":"center center","background-size":"auto","background-attachment":"scroll","background-type":"","background-media":"","overlay-type":"","overlay-color":"","overlay-opacity":"","overlay-gradient":""},"mobile":{"background-color":"var(--ast-global-color-5)","background-image":"","background-repeat":"repeat","background-position":"center center","background-size":"auto","background-attachment":"scroll","background-type":"","background-media":"","overlay-type":"","overlay-color":"","overlay-opacity":"","overlay-gradient":""}},"footnotes":""},"class_list":["post-354","page","type-page","status-publish","hentry"],"post_mailing_queue_ids":[],"_links":{"self":[{"href":"https:\/\/agora.xtec.cat\/insmartidot\/wp-json\/wp\/v2\/pages\/354","targetHints":{"allow":["GET"]}}],"collection":[{"href":"https:\/\/agora.xtec.cat\/insmartidot\/wp-json\/wp\/v2\/pages"}],"about":[{"href":"https:\/\/agora.xtec.cat\/insmartidot\/wp-json\/wp\/v2\/types\/page"}],"author":[{"embeddable":true,"href":"https:\/\/agora.xtec.cat\/insmartidot\/wp-json\/wp\/v2\/users\/1"}],"replies":[{"embeddable":true,"href":"https:\/\/agora.xtec.cat\/insmartidot\/wp-json\/wp\/v2\/comments?post=354"}],"version-history":[{"count":4,"href":"https:\/\/agora.xtec.cat\/insmartidot\/wp-json\/wp\/v2\/pages\/354\/revisions"}],"predecessor-version":[{"id":9005,"href":"https:\/\/agora.xtec.cat\/insmartidot\/wp-json\/wp\/v2\/pages\/354\/revisions\/9005"}],"up":[{"embeddable":true,"href":"https:\/\/agora.xtec.cat\/insmartidot\/wp-json\/wp\/v2\/pages\/7685"}],"wp:attachment":[{"href":"https:\/\/agora.xtec.cat\/insmartidot\/wp-json\/wp\/v2\/media?parent=354"}],"curies":[{"name":"wp","href":"https:\/\/api.w.org\/{rel}","templated":true}]}}