{"id":350,"date":"2015-11-16T14:19:06","date_gmt":"2015-11-16T13:19:06","guid":{"rendered":"http:\/\/agora.xtec.cat\/insmartidot\/?page_id=350"},"modified":"2024-04-09T20:06:16","modified_gmt":"2024-04-09T18:06:16","slug":"llengua-i-literatura-castellana","status":"publish","type":"page","link":"https:\/\/agora.xtec.cat\/insmartidot\/departaments\/departaments-eso-batxillerat\/llengua-i-literatura-castellana\/","title":{"rendered":"Llengua i Literatura Castellana"},"content":{"rendered":"<p><span style=\"color: #339966;\">Fitxes de presentaci\u00f3 de les mat\u00e8ries\u00a0<\/span><\/p>\n<table style=\"border-collapse: collapse; width: 100%;\" border=\"1\">\n<tbody>\n<tr style=\"height: 30px;\">\n<td style=\"width: 50%; height: 30px;\">Curs<\/td>\n<td style=\"width: 50%; height: 30px;\">Document<\/td>\n<\/tr>\n<tr style=\"height: 30px;\">\n<td style=\"width: 50%; height: 30px;\">Llengua castellana 1r ESO<\/td>\n<td style=\"width: 50%; height: 30px;\">Presentaci\u00f3 castell\u00e0 1r ESO<\/td>\n<\/tr>\n<tr style=\"height: 94px;\">\n<td style=\"width: 50%; height: 94px;\">Llengua castellana 2n ESO<\/td>\n<td style=\"width: 50%; height: 94px;\">Presentaci\u00f3 castell\u00e0 2n ESO<\/p>\n<p>Presentaci\u00f3 castell\u00e0 2n ESO<\/td>\n<\/tr>\n<tr style=\"height: 30px;\">\n<td style=\"width: 50%; height: 30px;\">Llengua castellana 3r ESO<\/td>\n<td style=\"width: 50%; height: 30px;\">Presentaci\u00f3 castell\u00e0 3r ESO<\/td>\n<\/tr>\n<tr style=\"height: 94px;\">\n<td style=\"width: 50%; height: 94px;\">Llengua castellana 4t ESO<\/p>\n<p>&nbsp;<\/td>\n<td style=\"width: 50%; height: 94px;\">Presentaci\u00f3 castell\u00e0 4t ESO<\/p>\n<p>Presentaci\u00f3 castell\u00e0 4t ESO<\/td>\n<\/tr>\n<tr style=\"height: 30px;\">\n<td style=\"width: 50%; height: 30px;\">Llengua castellana 1r Batxillerat<\/td>\n<td style=\"width: 50%; height: 30px;\">Presentaci\u00f3 castell\u00e0 1r Batxillerat<\/td>\n<\/tr>\n<tr>\n<td style=\"width: 50%;\">Literatura castellana 1r Batxillerat<\/td>\n<td style=\"width: 50%;\">Presentaci\u00f3 literatura castellana 1r Batxillerat<\/td>\n<\/tr>\n<tr>\n<td style=\"width: 50%;\">Llengua castellana 2n Batxillerat<\/td>\n<td style=\"width: 50%;\">Presentaci\u00f3 castell\u00e0 2n Batxillerat<\/td>\n<\/tr>\n<\/tbody>\n<\/table>\n<p>El Departamento de lengua castellana os propone los siguientes recursos que pueden ser de gran utilidad:<\/p>\n<p>Lecturas obligatorias de lengua castellana<\/p>\n<p>Figuras ret\u00f3ricas<\/p>\n<p>Narraci\u00f3n<\/p>\n<p>T\u00f3picos literarios<\/p>\n<p>&nbsp;<\/p>\n<p>&nbsp;<\/p>\n<div class=\"page\" title=\"Page 1\">\n<div class=\"layoutArea\">\n<div class=\"column\"><\/div>\n<\/div>\n<\/div>\n<div class=\"page\" title=\"Page 2\">\n<div class=\"layoutArea\">\n<div class=\"column\">\n<p>&nbsp;<\/p>\n<\/div>\n<\/div>\n<\/div>\n","protected":false},"excerpt":{"rendered":"<p>Fitxes de presentaci\u00f3 de les mat\u00e8ries\u00a0 Curs Document Llengua castellana 1r ESO Presentaci\u00f3 castell\u00e0 1r ESO Llengua castellana 2n ESO Presentaci\u00f3 castell\u00e0 2n ESO Presentaci\u00f3 castell\u00e0 2n ESO Llengua castellana 3r ESO Presentaci\u00f3 castell\u00e0 3r ESO Llengua castellana 4t ESO &nbsp; Presentaci\u00f3 castell\u00e0 4t ESO Presentaci\u00f3 castell\u00e0 4t ESO Llengua castellana 1r Batxillerat Presentaci\u00f3 castell\u00e0 [&hellip;]<\/p>\n","protected":false},"author":1,"featured_media":0,"parent":7685,"menu_order":50,"comment_status":"closed","ping_status":"closed","template":"page-templates\/side-menu.php","meta":{"_bbp_topic_count":0,"_bbp_reply_count":0,"_bbp_total_topic_count":0,"_bbp_total_reply_count":0,"_bbp_voice_count":0,"_bbp_anonymous_reply_count":0,"_bbp_topic_count_hidden":0,"_bbp_reply_count_hidden":0,"_bbp_forum_subforum_count":0,"site-sidebar-layout":"default","site-content-layout":"","ast-site-content-layout":"","site-content-style":"default","site-sidebar-style":"default","ast-global-header-display":"","ast-banner-title-visibility":"","ast-main-header-display":"","ast-hfb-above-header-display":"","ast-hfb-below-header-display":"","ast-hfb-mobile-header-display":"","site-post-title":"","ast-breadcrumbs-content":"","ast-featured-img":"","footer-sml-layout":"","theme-transparent-header-meta":"","adv-header-id-meta":"","stick-header-meta":"","header-above-stick-meta":"","header-main-stick-meta":"","header-below-stick-meta":"","astra-migrate-meta-layouts":"default","ast-page-background-enabled":"default","ast-page-background-meta":{"desktop":{"background-color":"var(--ast-global-color-4)","background-image":"","background-repeat":"repeat","background-position":"center center","background-size":"auto","background-attachment":"scroll","background-type":"","background-media":"","overlay-type":"","overlay-color":"","overlay-opacity":"","overlay-gradient":""},"tablet":{"background-color":"","background-image":"","background-repeat":"repeat","background-position":"center center","background-size":"auto","background-attachment":"scroll","background-type":"","background-media":"","overlay-type":"","overlay-color":"","overlay-opacity":"","overlay-gradient":""},"mobile":{"background-color":"","background-image":"","background-repeat":"repeat","background-position":"center center","background-size":"auto","background-attachment":"scroll","background-type":"","background-media":"","overlay-type":"","overlay-color":"","overlay-opacity":"","overlay-gradient":""}},"ast-content-background-meta":{"desktop":{"background-color":"var(--ast-global-color-5)","background-image":"","background-repeat":"repeat","background-position":"center center","background-size":"auto","background-attachment":"scroll","background-type":"","background-media":"","overlay-type":"","overlay-color":"","overlay-opacity":"","overlay-gradient":""},"tablet":{"background-color":"var(--ast-global-color-5)","background-image":"","background-repeat":"repeat","background-position":"center center","background-size":"auto","background-attachment":"scroll","background-type":"","background-media":"","overlay-type":"","overlay-color":"","overlay-opacity":"","overlay-gradient":""},"mobile":{"background-color":"var(--ast-global-color-5)","background-image":"","background-repeat":"repeat","background-position":"center center","background-size":"auto","background-attachment":"scroll","background-type":"","background-media":"","overlay-type":"","overlay-color":"","overlay-opacity":"","overlay-gradient":""}},"footnotes":""},"class_list":["post-350","page","type-page","status-publish","hentry"],"post_mailing_queue_ids":[],"_links":{"self":[{"href":"https:\/\/agora.xtec.cat\/insmartidot\/wp-json\/wp\/v2\/pages\/350","targetHints":{"allow":["GET"]}}],"collection":[{"href":"https:\/\/agora.xtec.cat\/insmartidot\/wp-json\/wp\/v2\/pages"}],"about":[{"href":"https:\/\/agora.xtec.cat\/insmartidot\/wp-json\/wp\/v2\/types\/page"}],"author":[{"embeddable":true,"href":"https:\/\/agora.xtec.cat\/insmartidot\/wp-json\/wp\/v2\/users\/1"}],"replies":[{"embeddable":true,"href":"https:\/\/agora.xtec.cat\/insmartidot\/wp-json\/wp\/v2\/comments?post=350"}],"version-history":[{"count":4,"href":"https:\/\/agora.xtec.cat\/insmartidot\/wp-json\/wp\/v2\/pages\/350\/revisions"}],"predecessor-version":[{"id":9008,"href":"https:\/\/agora.xtec.cat\/insmartidot\/wp-json\/wp\/v2\/pages\/350\/revisions\/9008"}],"up":[{"embeddable":true,"href":"https:\/\/agora.xtec.cat\/insmartidot\/wp-json\/wp\/v2\/pages\/7685"}],"wp:attachment":[{"href":"https:\/\/agora.xtec.cat\/insmartidot\/wp-json\/wp\/v2\/media?parent=350"}],"curies":[{"name":"wp","href":"https:\/\/api.w.org\/{rel}","templated":true}]}}