{"id":333,"date":"2015-11-15T00:36:39","date_gmt":"2015-11-14T23:36:39","guid":{"rendered":"http:\/\/agora.xtec.cat\/insmartidot\/?page_id=333"},"modified":"2024-04-09T18:57:37","modified_gmt":"2024-04-09T16:57:37","slug":"ciencies-socials","status":"publish","type":"page","link":"https:\/\/agora.xtec.cat\/insmartidot\/departaments\/departaments-eso-batxillerat\/ciencies-socials\/","title":{"rendered":"Ci\u00e8ncies Socials"},"content":{"rendered":"<p><span style=\"color: #339966;\">Fitxes de presentaci\u00f3 de les mat\u00e8ries\u00a0<\/span><\/p>\n<table style=\"width: 70%; border-collapse: collapse; height: 360px;\" border=\"1\">\n<tbody>\n<tr style=\"height: 30px;\">\n<td style=\"width: 50%; height: 30px; text-align: right;\">Curs<\/td>\n<td style=\"width: 50%; height: 30px;\">Document<\/td>\n<\/tr>\n<tr style=\"height: 30px;\">\n<td style=\"width: 50%; height: 30px; text-align: right;\">Ci\u00e8ncies Socials 1r ESO<\/td>\n<td style=\"width: 50%; height: 30px;\">Presentaci\u00f3 socials 1r ESO<\/td>\n<\/tr>\n<tr style=\"height: 30px;\">\n<td style=\"width: 50%; height: 30px; text-align: right;\">Ci\u00e8ncies Socials 2n ESO<\/td>\n<td style=\"width: 50%; height: 30px;\">Presentaci\u00f3 Socials 2n ESO<\/td>\n<\/tr>\n<tr style=\"height: 30px;\">\n<td style=\"width: 50%; height: 30px; text-align: right;\">Ci\u00e8ncies Socials 3r ESO<\/td>\n<td style=\"width: 50%; height: 30px;\">Presentaci\u00f3 Ci\u00e8ncies Socials 3r ESO<\/td>\n<\/tr>\n<tr style=\"height: 30px;\">\n<td style=\"width: 50%; height: 30px; text-align: right;\">Emprenedoria 3r ESO<\/td>\n<td style=\"width: 50%; height: 30px;\">Presentaci\u00f3 emprenedoria 3r ESO<\/td>\n<\/tr>\n<tr style=\"height: 30px;\">\n<td style=\"width: 50%; height: 30px; text-align: right;\">Ci\u00e8ncies Socials 4t ESO<\/td>\n<td style=\"width: 50%; height: 30px;\">Presentaci\u00f3 Ci\u00e8ncies Socials 4t ESO<\/td>\n<\/tr>\n<tr style=\"height: 30px;\">\n<td style=\"width: 50%; height: 30px; text-align: right;\">Optativa Art 4t ESO<\/td>\n<td style=\"width: 50%; height: 30px;\">Presentaci\u00f3 optativa Art 4t ESO<\/td>\n<\/tr>\n<tr style=\"height: 30px;\">\n<td style=\"width: 50%; height: 30px; text-align: right;\">Economia 1r Batxillerat<\/td>\n<td style=\"width: 50%; height: 30px;\">Presentaci\u00f3 economia 1r Batxillerat<\/td>\n<\/tr>\n<tr style=\"height: 30px;\">\n<td style=\"width: 50%; height: 30px; text-align: right;\">Gesti\u00f3 d&#8217;Empresa 1r Batxillerat<\/td>\n<td style=\"width: 50%; height: 30px;\">Presentaci\u00f3 gesti\u00f3 empresa 1r Batxillerat<\/td>\n<\/tr>\n<tr style=\"height: 30px;\">\n<td style=\"width: 50%; height: 30px; text-align: right;\">Geografia 2n Batxillerat<\/td>\n<td style=\"width: 50%; height: 30px;\">Presentaci\u00f3 geografia 2n Batxillerat<\/td>\n<\/tr>\n<tr style=\"height: 30px;\">\n<td style=\"width: 50%; height: 30px; text-align: right;\">Economia de l&#8217;empresa 2n Batxillerat<\/td>\n<td style=\"width: 50%; height: 30px;\">Presentaci\u00f3 Economia de l&#8217;empresa 2n Batxillerat<\/td>\n<\/tr>\n<tr style=\"height: 30px;\">\n<td style=\"width: 50%; height: 30px; text-align: right;\">Hist\u00f2ria de l&#8217;art 2n Batxillerat<\/td>\n<td style=\"width: 50%; height: 30px;\">Presentaci\u00f3 Hist\u00f2ria Art 2n BAtxillerat<\/td>\n<\/tr>\n<\/tbody>\n<\/table>\n","protected":false},"excerpt":{"rendered":"<p>Fitxes de presentaci\u00f3 de les mat\u00e8ries\u00a0 Curs Document Ci\u00e8ncies Socials 1r ESO Presentaci\u00f3 socials 1r ESO Ci\u00e8ncies Socials 2n ESO Presentaci\u00f3 Socials 2n ESO Ci\u00e8ncies Socials 3r ESO Presentaci\u00f3 Ci\u00e8ncies Socials 3r ESO Emprenedoria 3r ESO Presentaci\u00f3 emprenedoria 3r ESO Ci\u00e8ncies Socials 4t ESO Presentaci\u00f3 Ci\u00e8ncies Socials 4t ESO Optativa Art 4t ESO Presentaci\u00f3 optativa [&hellip;]<\/p>\n","protected":false},"author":1,"featured_media":0,"parent":7685,"menu_order":20,"comment_status":"closed","ping_status":"closed","template":"page-templates\/side-menu.php","meta":{"_bbp_topic_count":0,"_bbp_reply_count":0,"_bbp_total_topic_count":0,"_bbp_total_reply_count":0,"_bbp_voice_count":0,"_bbp_anonymous_reply_count":0,"_bbp_topic_count_hidden":0,"_bbp_reply_count_hidden":0,"_bbp_forum_subforum_count":0,"site-sidebar-layout":"default","site-content-layout":"","ast-site-content-layout":"","site-content-style":"default","site-sidebar-style":"default","ast-global-header-display":"","ast-banner-title-visibility":"","ast-main-header-display":"","ast-hfb-above-header-display":"","ast-hfb-below-header-display":"","ast-hfb-mobile-header-display":"","site-post-title":"","ast-breadcrumbs-content":"","ast-featured-img":"","footer-sml-layout":"","theme-transparent-header-meta":"","adv-header-id-meta":"","stick-header-meta":"","header-above-stick-meta":"","header-main-stick-meta":"","header-below-stick-meta":"","astra-migrate-meta-layouts":"default","ast-page-background-enabled":"default","ast-page-background-meta":{"desktop":{"background-color":"var(--ast-global-color-4)","background-image":"","background-repeat":"repeat","background-position":"center center","background-size":"auto","background-attachment":"scroll","background-type":"","background-media":"","overlay-type":"","overlay-color":"","overlay-opacity":"","overlay-gradient":""},"tablet":{"background-color":"","background-image":"","background-repeat":"repeat","background-position":"center center","background-size":"auto","background-attachment":"scroll","background-type":"","background-media":"","overlay-type":"","overlay-color":"","overlay-opacity":"","overlay-gradient":""},"mobile":{"background-color":"","background-image":"","background-repeat":"repeat","background-position":"center center","background-size":"auto","background-attachment":"scroll","background-type":"","background-media":"","overlay-type":"","overlay-color":"","overlay-opacity":"","overlay-gradient":""}},"ast-content-background-meta":{"desktop":{"background-color":"var(--ast-global-color-5)","background-image":"","background-repeat":"repeat","background-position":"center center","background-size":"auto","background-attachment":"scroll","background-type":"","background-media":"","overlay-type":"","overlay-color":"","overlay-opacity":"","overlay-gradient":""},"tablet":{"background-color":"var(--ast-global-color-5)","background-image":"","background-repeat":"repeat","background-position":"center center","background-size":"auto","background-attachment":"scroll","background-type":"","background-media":"","overlay-type":"","overlay-color":"","overlay-opacity":"","overlay-gradient":""},"mobile":{"background-color":"var(--ast-global-color-5)","background-image":"","background-repeat":"repeat","background-position":"center center","background-size":"auto","background-attachment":"scroll","background-type":"","background-media":"","overlay-type":"","overlay-color":"","overlay-opacity":"","overlay-gradient":""}},"footnotes":""},"class_list":["post-333","page","type-page","status-publish","hentry"],"post_mailing_queue_ids":[],"_links":{"self":[{"href":"https:\/\/agora.xtec.cat\/insmartidot\/wp-json\/wp\/v2\/pages\/333","targetHints":{"allow":["GET"]}}],"collection":[{"href":"https:\/\/agora.xtec.cat\/insmartidot\/wp-json\/wp\/v2\/pages"}],"about":[{"href":"https:\/\/agora.xtec.cat\/insmartidot\/wp-json\/wp\/v2\/types\/page"}],"author":[{"embeddable":true,"href":"https:\/\/agora.xtec.cat\/insmartidot\/wp-json\/wp\/v2\/users\/1"}],"replies":[{"embeddable":true,"href":"https:\/\/agora.xtec.cat\/insmartidot\/wp-json\/wp\/v2\/comments?post=333"}],"version-history":[{"count":5,"href":"https:\/\/agora.xtec.cat\/insmartidot\/wp-json\/wp\/v2\/pages\/333\/revisions"}],"predecessor-version":[{"id":9003,"href":"https:\/\/agora.xtec.cat\/insmartidot\/wp-json\/wp\/v2\/pages\/333\/revisions\/9003"}],"up":[{"embeddable":true,"href":"https:\/\/agora.xtec.cat\/insmartidot\/wp-json\/wp\/v2\/pages\/7685"}],"wp:attachment":[{"href":"https:\/\/agora.xtec.cat\/insmartidot\/wp-json\/wp\/v2\/media?parent=333"}],"curies":[{"name":"wp","href":"https:\/\/api.w.org\/{rel}","templated":true}]}}